{"id":669,"date":"2018-01-04T10:40:07","date_gmt":"2018-01-04T13:40:07","guid":{"rendered":"http:\/\/www.encontramanausam.com.br\/sobre\/?page_id=669"},"modified":"2019-04-03T22:56:53","modified_gmt":"2019-04-04T01:56:53","slug":"cetam-manaus","status":"publish","type":"page","link":"https:\/\/www.encontramanausam.com.br\/sobre\/cetam-manaus\/","title":{"rendered":"Cetam Manaus"},"content":{"rendered":"<div class=\"882fdd0d88065009358e99f1a9406c55\" data-index=\"1\" style=\"float: none; margin:0px;\">\n<script async src=\"https:\/\/pagead2.googlesyndication.com\/pagead\/js\/adsbygoogle.js?client=ca-pub-8585364105181520\"\r\n     crossorigin=\"anonymous\"><\/script>\r\n<!-- Anuncio display - global -->\r\n<ins class=\"adsbygoogle\"\r\n     style=\"display:block\"\r\n     data-ad-client=\"ca-pub-8585364105181520\"\r\n     data-ad-slot=\"8789329856\"\r\n     data-ad-format=\"auto\"\r\n     data-full-width-responsive=\"true\"><\/ins>\r\n<script>\r\n     (adsbygoogle = window.adsbygoogle || []).push({});\r\n<\/script>\n<\/div>\n<p>O <strong>Cetam Manaus<\/strong> \u00e9 uma institui\u00e7\u00e3o de ensino respons\u00e1vel pela oferta da educa\u00e7\u00e3o profissional p\u00fablica no Amazonas, que integra a estrutura do Poder Executivo do Governo do Estado.<\/p>\n<p>O Cetam possui uma estrutura administrativa constitu\u00edda por \u00f3rg\u00e3os internos de Administra\u00e7\u00e3o Superior, de Assist\u00eancia e Assessoramento, de Atividade-Meio e de Atividades-Fim.<\/p>\n<p><img loading=\"lazy\" decoding=\"async\" class=\"aligncenter wp-image-670 size-full\" title=\"Cetam Manaus\" src=\"http:\/\/www.encontramanausam.com.br\/sobre\/wp-content\/uploads\/2018\/01\/cetam-manaus.jpg\" alt=\"Cetam Manaus\" width=\"680\" height=\"189\" srcset=\"https:\/\/www.encontramanausam.com.br\/sobre\/wp-content\/uploads\/2018\/01\/cetam-manaus.jpg 680w, https:\/\/www.encontramanausam.com.br\/sobre\/wp-content\/uploads\/2018\/01\/cetam-manaus-300x83.jpg 300w\" sizes=\"auto, (max-width: 680px) 100vw, 680px\" \/><\/p>\n<p>O Centro de Educa\u00e7\u00e3o Tecnol\u00f3gica do Amazonas (Cetam) \u00e9 uma autarquia vinculada \u00e0 Secretaria de Estado de Educa\u00e7\u00e3o e Qualidade do Ensino (Seduc) que desenvolve a\u00e7\u00f5es relacionadas \u00e0 oferta de educa\u00e7\u00e3o profissional em todo estado do Amazonas, com foco na capacita\u00e7\u00e3o de pessoas para a amplia\u00e7\u00e3o das oportunidades de empregabilidade e de gera\u00e7\u00e3o de renda por meio do trabalho aut\u00f4nomo.<\/p>\n<p>O Cetam atua em Manaus e nos 61 munic\u00edpios do Amazonas, ofertando cursos em unidades pr\u00f3prias de ensino ou por meio de parcerias com institui\u00e7\u00f5es de natureza p\u00fablica federal, estadual e municipal, com o setor empresarial, com organiza\u00e7\u00f5es n\u00e3o governamentais e com outras entidades.<\/p>\n<p>A oferta de educa\u00e7\u00e3o profissional realizada pelo Cetam est\u00e1 distribu\u00edda em tr\u00eas segmentos distintos: forma\u00e7\u00e3o t\u00e9cnica, qualifica\u00e7\u00e3o profissional e inclus\u00e3o digital.<\/p>\n<p>No segmento de forma\u00e7\u00e3o t\u00e9cnica s\u00e3o ofertados cursos T\u00e9cnicos de N\u00edvel M\u00e9dio, com carga hor\u00e1ria m\u00ednima de 800h, que duram de 18 a 24 meses. Esses cursos s\u00e3o destinados para pessoas que est\u00e3o cursando ou que j\u00e1 conclu\u00edram o ensino m\u00e9dio, e que sejam aprovados em uma prova de sele\u00e7\u00e3o pr\u00e9via, conforme disposto em editais espec\u00edficos. Ainda nesse segmento, s\u00e3o ofertados cursos de Especializa\u00e7\u00e3o T\u00e9cnica (P\u00f3s T\u00e9cnico), com carga hor\u00e1ria m\u00ednima de 200h, que duram de 3 a 6 meses. Esses cursos s\u00e3o voltados a profissionais que j\u00e1 conclu\u00edram um curso T\u00e9cnico na \u00e1rea correlata, e que sejam aprovados em uma prova de sele\u00e7\u00e3o pr\u00e9via, conforme disposto em editais espec\u00edficos.<br \/>\nNo segmento de qualifica\u00e7\u00e3o profissional s\u00e3o ofertados cursos de curta dura\u00e7\u00e3o, com carga hor\u00e1ria de 20h a 240h, que duram de 1 a 16 semanas. Esses cursos s\u00e3o destinados para todas as pessoas, independente da escolaridade, cujas inscri\u00e7\u00f5es s\u00e3o feitas de forma eletr\u00f4nica ou de forma presencial, em per\u00edodos estabelecidos de acordo com cada projeto e divulgadas antecipadamente.<\/p>\n<p>No segmento de inclus\u00e3o digital, o Cetam oferta cursos de inform\u00e1tica b\u00e1sica e avan\u00e7ada, com carga hor\u00e1ria m\u00ednima de 80h. Esses cursos s\u00e3o para pessoas com idade igual ou superior a 14 anos e que est\u00e3o cursando, no m\u00ednimo, o 8\u00ba ano do Ensino Fundamental, cujas inscri\u00e7\u00f5es s\u00e3o feitas de forma eletr\u00f4nica ou de forma presencial, em per\u00edodos estabelecidos de acordo com cada projeto e divulgadas antecipadamente.<br \/>\nAs empresas e demais institui\u00e7\u00f5es interessadas em estabelecer parceria com o Cetam devem enviar documento oficial \u00e0 sede administrativa desta autarquia, situada na Av. Pedro Teixeira n\u00ba 2354 \u2013 Dom Pedro \u2013 CEP: 69040-000 \u2013 Manaus \u2013 AM.<\/p>\n<p>As institui\u00e7\u00f5es localizadas no interior do estado devem entrar em contato diretamente com o representante do Cetam no pr\u00f3prio munic\u00edpio.<\/p>\n<h2>Cursos Cetam Manaus<\/h2>\n<p><em>Cursos<\/em> oferecidos nas \u00e1reas: T\u00e9cnico de N\u00edvel M\u00e9dio, Qualifica\u00e7\u00e3o Profissional, Inclus\u00e3o Digital e Educa\u00e7\u00e3o a Dist\u00e2ncia.<\/p>\n<h3>Cetam Manaus Trabalhe Conosco<\/h3>\n<p>Para aqueles que almejam <em>trabalhar<\/em> em uma empresa que preza por realizar servi\u00e7os da mais alta qualidade, e que zela por seus colaboradores e profissionalismo sempre, estes profissionais devem <em>trabalhar<\/em> na Cetam Manaus, acesse o site para enviar seu <span style=\"text-decoration: underline;\">curr\u00edculo<\/span>.<\/p>\n<h3>Cetam Manaus Cursos Gratuitos<\/h3>\n<p>Todos os <em>cursos<\/em> ofertados pelo Cetam s\u00e3o <em>gratuitos<\/em> e alcan\u00e7am diversos segmentos do mercado de trabalho.<\/p>\n<p>Dentre os <em>cursos dispon\u00edveis<\/em> est\u00e3o: Agente de informa\u00e7\u00e3o tur\u00edsticas, Artesanato, Almoxarife, Atendente de Farm\u00e1cia, Assistente administrativo, Barbeiro, Colorimetria de cabelos, Cerimonialista, Confeitaria de doces e salgados, Confeitaria de tortas doces e salgadas, Culin\u00e1ria tem\u00e1tica, Decora\u00e7\u00e3o com Bal\u00f5es, Inicia\u00e7\u00e3o a corte e costura, Inform\u00e1tica B\u00e1sica e avan\u00e7ada, Fotografia, Leitura e interpreta\u00e7\u00e3o de componentes eletr\u00f4nicos, Manicure e pedicure, Maquiagem, Modelagem de Vestu\u00e1rio, Tran\u00e7as e penteados entre outros.<\/p>\n<h3>Cetam Manaus Facebook<\/h3>\n<p>Visite\u00a0a p\u00e1gina do Cetam Manaus no <a href=\"http:\/\/www.facebook.com\/cetam.amazonas\" target=\"_blank\" rel=\"noopener noreferrer\">facebook<\/a>.<\/p>\n<h3>Hor\u00e1rio de Funcionamento Cetam Manaus<\/h3>\n<ul>\n<li>Segunda a sexta das 8h \u00e0s 18h<\/li>\n<\/ul>\n<h3>Onde Fica, Endere\u00e7o e Telefone Cetam Manaus<\/h3>\n<ul>\n<li>Av. Pedro Teixeira, 2354 &#8211; Dom Pedro &#8211; Manaus &#8211; AM<\/li>\n<li>Telefone: (92) 2126-7472<\/li>\n<\/ul>\n<h4>Outras informa\u00e7\u00f5es e site<\/h4>\n<ul>\n<li>Mais informa\u00e7\u00f5es:\u00a0<a href=\"http:\/\/www.cetam.am.gov.br\/\" target=\"_blank\" rel=\"noopener noreferrer\">www.cetam.am.gov.br\/<\/a><\/li>\n<\/ul>\n<h4>Mapa de localiza\u00e7\u00e3o<\/h4>\n<a class=\"wp-colorbox-iframe\" href=\"https:\/\/www.google.com\/maps\/embed?pb=!1m14!1m8!1m3!1d15936.130216401545!2d-60.0324521!3d-3.0859864!3m2!1i1024!2i768!4f13.1!3m3!1m2!1s0x00x4ed0caba5871a31e!2sCETAM+-+Centro+de+Educao+Tecnolgica+do+Amazonas!5e0!3m2!1spt-BR!2sbr!4v1515025810274\"><img decoding=\"async\" src=\"http:\/\/www.encontrabelohorizonte.com.br\/imgs\/maps-post.png\"><\/a>\n\n<div style=\"font-size: 0px; height: 0px; line-height: 0px; margin: 0; padding: 0; clear: both;\"><\/div>","protected":false},"excerpt":{"rendered":"<p>O Cetam Manaus \u00e9 uma institui\u00e7\u00e3o de ensino respons\u00e1vel pela oferta da educa\u00e7\u00e3o profissional p\u00fablica no Amazonas, que integra a estrutura do Poder Executivo do Governo do Estado. O Cetam possui uma estrutura administrativa constitu\u00edda por \u00f3rg\u00e3os internos de Administra\u00e7\u00e3o Superior, de Assist\u00eancia e Assessoramento, de Atividade-Meio e de Atividades-Fim. O Centro de Educa\u00e7\u00e3o Tecnol\u00f3gica do Amazonas (Cetam) \u00e9 uma autarquia vinculada \u00e0 Secretaria de Estado de Educa\u00e7\u00e3o e Qualidade do Ensino (Seduc) que desenvolve a\u00e7\u00f5es relacionadas \u00e0 oferta de educa\u00e7\u00e3o profissional em todo estado do Amazonas, com foco na capacita\u00e7\u00e3o de pessoas para a amplia\u00e7\u00e3o das oportunidades de empregabilidade <\/p>\n","protected":false},"author":1,"featured_media":0,"parent":0,"menu_order":0,"comment_status":"closed","ping_status":"closed","template":"","meta":{"footnotes":""},"class_list":["post-669","page","type-page","status-publish","hentry"],"aioseo_notices":[],"_links":{"self":[{"href":"https:\/\/www.encontramanausam.com.br\/sobre\/wp-json\/wp\/v2\/pages\/669","targetHints":{"allow":["GET"]}}],"collection":[{"href":"https:\/\/www.encontramanausam.com.br\/sobre\/wp-json\/wp\/v2\/pages"}],"about":[{"href":"https:\/\/www.encontramanausam.com.br\/sobre\/wp-json\/wp\/v2\/types\/page"}],"author":[{"embeddable":true,"href":"https:\/\/www.encontramanausam.com.br\/sobre\/wp-json\/wp\/v2\/users\/1"}],"replies":[{"embeddable":true,"href":"https:\/\/www.encontramanausam.com.br\/sobre\/wp-json\/wp\/v2\/comments?post=669"}],"version-history":[{"count":8,"href":"https:\/\/www.encontramanausam.com.br\/sobre\/wp-json\/wp\/v2\/pages\/669\/revisions"}],"predecessor-version":[{"id":3587,"href":"https:\/\/www.encontramanausam.com.br\/sobre\/wp-json\/wp\/v2\/pages\/669\/revisions\/3587"}],"wp:attachment":[{"href":"https:\/\/www.encontramanausam.com.br\/sobre\/wp-json\/wp\/v2\/media?parent=669"}],"curies":[{"name":"wp","href":"https:\/\/api.w.org\/{rel}","templated":true}]}}