{"id":4150,"date":"2019-04-16T15:14:00","date_gmt":"2019-04-16T18:14:00","guid":{"rendered":"https:\/\/www.encontramanausam.com.br\/sobre\/?page_id=4150"},"modified":"2019-04-29T20:01:24","modified_gmt":"2019-04-29T23:01:24","slug":"rocam-manaus","status":"publish","type":"page","link":"https:\/\/www.encontramanausam.com.br\/sobre\/rocam-manaus\/","title":{"rendered":"Rocam Manaus"},"content":{"rendered":"<div class=\"882fdd0d88065009358e99f1a9406c55\" data-index=\"1\" style=\"float: none; margin:0px;\">\n<script async src=\"https:\/\/pagead2.googlesyndication.com\/pagead\/js\/adsbygoogle.js?client=ca-pub-8585364105181520\"\r\n     crossorigin=\"anonymous\"><\/script>\r\n<!-- Anuncio display - global -->\r\n<ins class=\"adsbygoogle\"\r\n     style=\"display:block\"\r\n     data-ad-client=\"ca-pub-8585364105181520\"\r\n     data-ad-slot=\"8789329856\"\r\n     data-ad-format=\"auto\"\r\n     data-full-width-responsive=\"true\"><\/ins>\r\n<script>\r\n     (adsbygoogle = window.adsbygoogle || []).push({});\r\n<\/script>\n<\/div>\n<p><strong>Rondas Ostensivas C\u00e2ndido Mariano (Rocam) ,<\/strong> por sua vez, \u00e9 a denomina\u00e7\u00e3o que recebe a fra\u00e7\u00e3o de for\u00e7a de patrulha refor\u00e7ada, treinada para a\u00e7\u00f5es t\u00e1ticas de pol\u00edcia ostensiva e de preserva\u00e7\u00e3o da ordem p\u00fablica.<\/p>\n<p>A preven\u00e7\u00e3o setorizada, com intensifica\u00e7\u00e3o ou satura\u00e7\u00e3o localizada de policiamento, repress\u00e3o ao crime organizado ou em locais com alto \u00edndice de crimes violentos, ocorr\u00eancias de vulto, eventos de import\u00e2ncia, controle de tumultos e a\u00e7\u00f5es para restaura\u00e7\u00e3o da ordem p\u00fablica de maior magnitude.<\/p>\n<p><img loading=\"lazy\" decoding=\"async\" class=\"aligncenter wp-image-4153 size-full\" title=\"Rocam Manaus\" src=\"https:\/\/www.encontramanausam.com.br\/sobre\/wp-content\/uploads\/2019\/04\/rocam-manaus.jpg\" alt=\"Rocam Manaus\" width=\"680\" height=\"189\" srcset=\"https:\/\/www.encontramanausam.com.br\/sobre\/wp-content\/uploads\/2019\/04\/rocam-manaus.jpg 680w, https:\/\/www.encontramanausam.com.br\/sobre\/wp-content\/uploads\/2019\/04\/rocam-manaus-300x83.jpg 300w\" sizes=\"auto, (max-width: 680px) 100vw, 680px\" \/><\/p>\n<p>Realiza o patrulhamento t\u00e1tico motorizado, executado com viatura de maior porte e com refor\u00e7o de armamento e equipamento, empregado segundo as normas em vigor, isoladamente ou em conjunto, e coordenado com os demais programas do policiamento ostensivo.<\/p>\n<p>A ROCAM foi criada devido o crescimento da criminalidade violenta e da falta de dispositivo de rea\u00e7\u00e3o no recobrimento do Policiamento Ostensivo, teve sua origem no ano de 1993, com guarni\u00e7\u00f5es compostas pelo efetivo do Grupamento de A\u00e7\u00f5es T\u00e1ticas Especiais (GATE).<\/p>\n<p>Passando a ter composi\u00e7\u00e3o da Companhia de Pol\u00edcia de Choque, quando da cria\u00e7\u00e3o do Batalh\u00e3o de Policiamento Especial (BPE).<\/p>\n<p>No ano de 2001, a ROCAM passa a ser uma Companhia do BPE, desvinculando-se da Companhia de Choque e no ano de 2002, atrav\u00e9s do decreto n\u00ba 22.774, de 22 de julho do mesmo ano, a ROCAM passa a condi\u00e7\u00e3o de Batalh\u00e3o, com autonomia pr\u00f3pria, surgindo o 2\u00ba Batalh\u00e3o de Policiamento de Choque, o \u201cBatalh\u00e3o C\u00e2ndido Mariano\u201d \u2013 ROCAM!<\/p>\n<p><strong>Miss\u00e3o<\/strong><\/p>\n<p>Executar o Policiamento Ostensivo Especializado com Opera\u00e7\u00f5es em todo o Estado do Amazonas, visando combater e reprimir a criminalidade violenta (roubos diversos, latroc\u00ednios, extors\u00f5es mediante sequestro, ocorr\u00eancias com ref\u00e9ns e galeras) e ao crime organizado (tr\u00e1fico de drogas e outras formas), bem como atuar em graves perturba\u00e7\u00f5es da ordem p\u00fablica (rebeli\u00f5es em estabelecimentos penais, invas\u00f5es de terras e em fatos de como\u00e7\u00e3o e clamor p\u00fablico).<\/p>\n<h2>Rocam Manaus Concurso<\/h2>\n<p>De tempos em tempos a Rocam Manaus abre editais para <em>concurso p\u00fablicos<\/em>, para saber quais editas est\u00e3o em aberto acesse o site.<\/p>\n<h3>Whatsapp Rocam Manaus<\/h3>\n<p>A linha direta da Rocam funciona no telefone: (92) 99280-7574, que \u00e9 tamb\u00e9m o <span style=\"text-decoration: underline;\">Whatsapp<\/span> da Rocam<\/p>\n<h3>Rocam Manaus Den\u00fancia<\/h3>\n<p>O InforME WEB funciona abertamente e facilita as den\u00fancias contra os crimes hediondos ou organizado. As <em>den\u00fancias<\/em> recebidas pelo servi\u00e7o ser\u00e3o repassadas automaticamente para a base de dados da intelig\u00eancia da Pol\u00edcia Militar do Amazonas que ser\u00e3o apuradas pelo setor respons\u00e1vel, voc\u00ea precisa realizar o cadastro no site para dar inicio a sua den\u00fancia. Suas informa\u00e7\u00f5es ser\u00e3o protegidas no mais absoluto sigilo o cadastro \u00e9 apenas uma forma de manter a veracidade das <em>den\u00fancias.<\/em><\/p>\n<h3>Hor\u00e1rio de Funcionamento Rocam Manaus<\/h3>\n<ul>\n<li>Atendimento 24 horas<\/li>\n<\/ul>\n<h3>Onde Fica, Endere\u00e7o e Telefone Rocam Manaus<\/h3>\n<ul>\n<li>Rua Benjamim Constant, 2150 &#8211; Petr\u00f3polis &#8211; Manaus &#8211; AM<\/li>\n<li>Telefone: (92) 3214-9248<\/li>\n<\/ul>\n<h4>Outras informa\u00e7\u00f5es e site<\/h4>\n<ul>\n<li>Mais informa\u00e7\u00f5es: <a href=\"https:\/\/pm.am.gov.br\/portal\/pagina\/rocam\" target=\"_blank\" rel=\"noopener noreferrer\">www.pm.am.gov.br<\/a><\/li>\n<\/ul>\n<h4>Mapa de localiza\u00e7\u00e3o<\/h4>\n<a class=\"wp-colorbox-iframe\" href=\"https:\/\/www.google.com\/maps\/embed?pb=!1m18!1m12!1m3!1d3983.9416535767505!2d-59.9960073858883!3d-3.1101398912104132!2m3!1f0!2f0!3f0!3m2!1i1024!2i768!4f13.1!3m3!1m2!1s0x926c053a2f04d93f0xcfba5c6dfe53711a!2sComando+Geral+da+Polcia+Militar+Do+Amazonas!5e0!3m2!1spt-BR!2sbr!4v1555420672483!5m2!1spt-BR!2sbr\"><img decoding=\"async\" src=\"http:\/\/www.encontramanausam.com.br\/imgs\/maps-post.png\"><\/a>\n\n<div style=\"font-size: 0px; height: 0px; line-height: 0px; margin: 0; padding: 0; clear: both;\"><\/div>","protected":false},"excerpt":{"rendered":"<p>Rondas Ostensivas C\u00e2ndido Mariano (Rocam) , por sua vez, \u00e9 a denomina\u00e7\u00e3o que recebe a fra\u00e7\u00e3o de for\u00e7a de patrulha refor\u00e7ada, treinada para a\u00e7\u00f5es t\u00e1ticas de pol\u00edcia ostensiva e de preserva\u00e7\u00e3o da ordem p\u00fablica. A preven\u00e7\u00e3o setorizada, com intensifica\u00e7\u00e3o ou satura\u00e7\u00e3o localizada de policiamento, repress\u00e3o ao crime organizado ou em locais com alto \u00edndice de crimes violentos, ocorr\u00eancias de vulto, eventos de import\u00e2ncia, controle de tumultos e a\u00e7\u00f5es para restaura\u00e7\u00e3o da ordem p\u00fablica de maior magnitude. Realiza o patrulhamento t\u00e1tico motorizado, executado com viatura de maior porte e com refor\u00e7o de armamento e equipamento, empregado segundo as normas em vigor, <\/p>\n","protected":false},"author":1,"featured_media":0,"parent":0,"menu_order":0,"comment_status":"closed","ping_status":"closed","template":"","meta":{"footnotes":""},"class_list":["post-4150","page","type-page","status-publish","hentry"],"aioseo_notices":[],"_links":{"self":[{"href":"https:\/\/www.encontramanausam.com.br\/sobre\/wp-json\/wp\/v2\/pages\/4150","targetHints":{"allow":["GET"]}}],"collection":[{"href":"https:\/\/www.encontramanausam.com.br\/sobre\/wp-json\/wp\/v2\/pages"}],"about":[{"href":"https:\/\/www.encontramanausam.com.br\/sobre\/wp-json\/wp\/v2\/types\/page"}],"author":[{"embeddable":true,"href":"https:\/\/www.encontramanausam.com.br\/sobre\/wp-json\/wp\/v2\/users\/1"}],"replies":[{"embeddable":true,"href":"https:\/\/www.encontramanausam.com.br\/sobre\/wp-json\/wp\/v2\/comments?post=4150"}],"version-history":[{"count":2,"href":"https:\/\/www.encontramanausam.com.br\/sobre\/wp-json\/wp\/v2\/pages\/4150\/revisions"}],"predecessor-version":[{"id":4454,"href":"https:\/\/www.encontramanausam.com.br\/sobre\/wp-json\/wp\/v2\/pages\/4150\/revisions\/4454"}],"wp:attachment":[{"href":"https:\/\/www.encontramanausam.com.br\/sobre\/wp-json\/wp\/v2\/media?parent=4150"}],"curies":[{"name":"wp","href":"https:\/\/api.w.org\/{rel}","templated":true}]}}