{"id":3162,"date":"2019-01-08T15:41:33","date_gmt":"2019-01-08T18:41:33","guid":{"rendered":"https:\/\/www.encontramanausam.com.br\/sobre\/?page_id=3162"},"modified":"2019-01-08T15:41:33","modified_gmt":"2019-01-08T18:41:33","slug":"igreja-presbiteriana-de-manaus","status":"publish","type":"page","link":"https:\/\/www.encontramanausam.com.br\/sobre\/igreja-presbiteriana-de-manaus\/","title":{"rendered":"Igreja Presbiteriana de Manaus"},"content":{"rendered":"<div class=\"882fdd0d88065009358e99f1a9406c55\" data-index=\"1\" style=\"float: none; margin:0px;\">\n<script async src=\"https:\/\/pagead2.googlesyndication.com\/pagead\/js\/adsbygoogle.js?client=ca-pub-8585364105181520\"\r\n     crossorigin=\"anonymous\"><\/script>\r\n<!-- Anuncio display - global -->\r\n<ins class=\"adsbygoogle\"\r\n     style=\"display:block\"\r\n     data-ad-client=\"ca-pub-8585364105181520\"\r\n     data-ad-slot=\"8789329856\"\r\n     data-ad-format=\"auto\"\r\n     data-full-width-responsive=\"true\"><\/ins>\r\n<script>\r\n     (adsbygoogle = window.adsbygoogle || []).push({});\r\n<\/script>\n<\/div>\n<p>A hist\u00f3ria da <strong>Igreja Presbiteriana de Manaus<\/strong> teve in\u00edcio com o mission\u00e1rio Thompson, juntamente com o Pr. Louren\u00e7o de Barros, que organizaram a IPManaus em 18 de Novembro de 1904. Louren\u00e7o j\u00e1 residia na capital amazonense e pastoreava a igreja desde 1902, quando foi enviado pelo Presbit\u00e9rio do Norte.<\/p>\n<p>Este presbit\u00e9rio ocupava mais da metade do territ\u00f3rio brasileiro, incluindo os estados do Cear\u00e1, Rio Grande do Norte, Para\u00edba, Pernambuco, Alagoas e a bacia amaz\u00f4nica.<\/p>\n<p><img loading=\"lazy\" decoding=\"async\" class=\"aligncenter wp-image-3164 size-full\" title=\"Igreja Presbiteriana de Manaus\" src=\"https:\/\/www.encontramanausam.com.br\/sobre\/wp-content\/uploads\/2019\/01\/igreja-presbiteriana-de-man.jpg\" alt=\"Igreja Presbiteriana de Manaus\" width=\"680\" height=\"189\" srcset=\"https:\/\/www.encontramanausam.com.br\/sobre\/wp-content\/uploads\/2019\/01\/igreja-presbiteriana-de-man.jpg 680w, https:\/\/www.encontramanausam.com.br\/sobre\/wp-content\/uploads\/2019\/01\/igreja-presbiteriana-de-man-300x83.jpg 300w\" sizes=\"auto, (max-width: 680px) 100vw, 680px\" \/><\/p>\n<p>Ap\u00f3s a organiza\u00e7\u00e3o da igreja, o Pr. Louren\u00e7o de Barros foi acometido de berib\u00e9ri, doen\u00e7a que degenera os nervos, sendo abatido de forma fulminante, vindo a falecer prematuramente em 5 de Abril de 1905. Durante muito tempo, o trabalho persistiu debaixo de grandes dificuldades, sendo assistido por pastores que permaneciam em Manaus por pouco tempo. O trabalho manteve-se com a ajuda de presb\u00edteros que perseveraram, sem deixar o trabalho morrer.<\/p>\n<p>Nos anos de 1942 a 1945, assumiu o pastorado da Igreja Presbiteriana de Manaus o pastor Josaf\u00e1 Siqueira, por designa\u00e7\u00e3o do Presbit\u00e9rio Cear\u00e1-Amaz\u00f4nia. No seu pastorado, houve uma preocupa\u00e7\u00e3o em evangelizar a vizinhan\u00e7a da igreja e, como consequ\u00eancia, muitas pessoas humildes das redondezas frequentavam os cultos e a Escola B\u00edblica Dominical. Segundo a nossa irm\u00e3 Jacobede Oliveira, o pastor Josaf\u00e1 era \u201camigo dos pobres e das pessoas humildes\u201d.<br \/>\nCinquenta e sete anos ap\u00f3s a igreja ser organizada e contando apenas com uma congrega\u00e7\u00e3o situada no bairro de Educandos, em 1961 a Igreja Presbiteriana de Manaus recebeu seus primeiros impulsos para uma evangeliza\u00e7\u00e3o mais efetiva. A partir da d\u00e9cada de 60 teve in\u00edcio um intenso trabalho de evangeliza\u00e7\u00e3o, que culminou na funda\u00e7\u00e3o dos trabalhos de S\u00e3o Jorge, Crespo e Petr\u00f3polis.<\/p>\n<p>\u00c9 neste tempo que surge a Camam \u2013 Campanha Mission\u00e1ria da Amaz\u00f4nia, com o objetivo de levar o Evangelho \u00e0s regi\u00f5es do interior do Amazonas. Exatamente 54 anos depois do Sr. Jos\u00e9 Joaquim Dias sonhar com \u201cvapores\u201d singrando os rios da Amaz\u00f4nia, levando o evangelho de Jesus, \u00e9 que surge o Barco Betel, o \u201cPequeno Pres\u00e9pio\u201d (apelido carinhoso dado pelo criativo Jo\u00e3o Chrys\u00f3stomo).<br \/>\nNa d\u00e9cada de 70, sob a lideran\u00e7a do pastor Caio F\u00e1bio D\u2019Ara\u00fajo, \u00e9 que acontece um crescimento vertiginoso e relevante da igreja. Foi o minist\u00e9rio do pr. Caio D\u2019Ara\u00fajo que transmitiu a vis\u00e3o de alcan\u00e7ar os ribeirinhos para a atual equipe pastoral da igreja. Atualmente esta equipe \u00e9 liderada pelo pastor titular, pr Jos\u00e9 Jo\u00e3o Mesquita, e \u00e9 formada por dez pastores auxiliares na sede e 17 nas congrega\u00e7\u00f5es.<\/p>\n<p>\u00c9 uma igreja organizada em 18 de novembro de 1904. Calvinistas, se identifica com a reforma protestante do s\u00e9culo XVI. \u00c9 conservadora na doutrina, contempor\u00e2neos na liturgia. Cre que todos os dons espirituais s\u00e3o para hoje. Enfatiza os grupos familiares e os minist\u00e9rios, como forma de evangeliza\u00e7\u00e3o, discipulado, comunh\u00e3o e servi\u00e7o no reino de Deus.<\/p>\n<p>Ser uma igreja fiel \u00e0 Palavra de Deus, mission\u00e1ria e relevante na sociedade, que se desenvolva nas \u00e1reas de Adora\u00e7\u00e3o, Evangeliza\u00e7\u00e3o, Ora\u00e7\u00e3o, Ensino e Diaconia, em que cada membro seja discipulado, treinado e desenvolva o seu minist\u00e9rio com vistas a cooperar com o corpo de Cristo para alcan\u00e7ar Manaus, o Amazonas e o Mundo para Cristo.<\/p>\n<p>Valores:<\/p>\n<ul>\n<li>Fam\u00edlia;<\/li>\n<li>Santidade;<\/li>\n<li>Car\u00e1ter;<\/li>\n<li>A comunh\u00e3o dos santos;<\/li>\n<li>O ensino da palavra de Deus;<\/li>\n<li>Evangeliza\u00e7\u00e3o e miss\u00f5es;<\/li>\n<li>Adora\u00e7\u00e3o;<\/li>\n<li>A\u00e7\u00e3o social;<\/li>\n<li>Trabalho em equipe;<\/li>\n<li>Discri\u00e7\u00e3o e transpar\u00eancia nas finan\u00e7as;<\/li>\n<li>Os dons do Esp\u00edrito Santo;<\/li>\n<li>Minist\u00e9rio espec\u00edfico;<\/li>\n<li>Neutralidade da pol\u00edtica partid\u00e1ria;<\/li>\n<li>Toler\u00e2ncia;<\/li>\n<li>Treinamento cont\u00ednuo;<\/li>\n<li>A autoridade de homem;<\/li>\n<li>Minist\u00e9rio da mulher;<\/li>\n<li>Ora\u00e7\u00e3o pessoal e comunit\u00e1ria;<\/li>\n<li>Amor pelos pobres;<\/li>\n<li>Estilo de vida simples.<\/li>\n<\/ul>\n<h2>Boletim\u00a0Igreja Presbiteriana de Manaus<\/h2>\n<p>Acesse o <a href=\"https:\/\/issuu.com\" target=\"_blank\" rel=\"noopener noreferrer\">link <\/a>e veja <em>vers\u00e3o online do boletim da IPManaus.<\/em><\/p>\n<h3>Hor\u00e1rio de Funcionamento Igreja Presbiteriana de Manaus<\/h3>\n<ul>\n<li><strong>Espa\u00e7o Pedras Vivas<\/strong>: Domingo as 9h \u00e0s 10h30 e 18h15 \u00e0s 20h<\/li>\n<li><strong>Central<\/strong>: Domingo\u00a0 das 9h \u00e0s 10h30 \/\u00a0Segunda das 19h15 \u00e0s 20h45 \/\u00a0Sexta das 19h \u00e0s 20h30<\/li>\n<\/ul>\n<h3>Onde Fica, Endere\u00e7o e Telefone Igreja Presbiteriana de Manaus<\/h3>\n<ul>\n<li><strong>Espa\u00e7o Pedras Vivas<\/strong>: Av. Pedro Teixeira, 2650 &#8211; Chapada &#8211; Telefone: (92) 3194-1700<\/li>\n<li><strong>Central:<\/strong> Rua Silva Ramos,493 &#8211; Centro &#8211; Telefone: (92) 3233 &#8211; 4366<\/li>\n<\/ul>\n<h4>Outras informa\u00e7\u00f5es e site<\/h4>\n<ul>\n<li>Mais informa\u00e7\u00f5es: <a href=\"http:\/\/www.ipmanaus.org.br\" target=\"_blank\" rel=\"noopener noreferrer\">www.ipmanaus.org.br<\/a><\/li>\n<li>CNPJ: 04.462.511\/0001-86<\/li>\n<\/ul>\n<h4>Mapa de localiza\u00e7\u00e3o Espa\u00e7o Pedras Vivas<\/h4>\n<a class=\"wp-colorbox-iframe\" href=\"https:\/\/www.google.com\/maps\/embed?pb=!1m18!1m12!1m3!1d15914091.747324314!2d-64.39572194524033!3d-13.14496338995909!2m3!1f0!2f0!3f0!3m2!1i1024!2i768!4f13.1!3m3!1m2!1s0x926c1a9ff402ee3d0xab89c827851ebd0!2sIgreja+Presbiteriana+de+Manaus!5e0!3m2!1spt-BR!2sbr!4v1546968743706\"><img decoding=\"async\" src=\"http:\/\/www.encontramanausam.com.br\/imgs\/maps-post.png\"><\/a>\n\n<div style=\"font-size: 0px; height: 0px; line-height: 0px; margin: 0; padding: 0; clear: both;\"><\/div>","protected":false},"excerpt":{"rendered":"<p>A hist\u00f3ria da Igreja Presbiteriana de Manaus teve in\u00edcio com o mission\u00e1rio Thompson, juntamente com o Pr. Louren\u00e7o de Barros, que organizaram a IPManaus em 18 de Novembro de 1904. Louren\u00e7o j\u00e1 residia na capital amazonense e pastoreava a igreja desde 1902, quando foi enviado pelo Presbit\u00e9rio do Norte. Este presbit\u00e9rio ocupava mais da metade do territ\u00f3rio brasileiro, incluindo os estados do Cear\u00e1, Rio Grande do Norte, Para\u00edba, Pernambuco, Alagoas e a bacia amaz\u00f4nica. Ap\u00f3s a organiza\u00e7\u00e3o da igreja, o Pr. Louren\u00e7o de Barros foi acometido de berib\u00e9ri, doen\u00e7a que degenera os nervos, sendo abatido de forma fulminante, vindo a <\/p>\n","protected":false},"author":1,"featured_media":0,"parent":0,"menu_order":0,"comment_status":"closed","ping_status":"closed","template":"","meta":{"footnotes":""},"class_list":["post-3162","page","type-page","status-publish","hentry"],"aioseo_notices":[],"_links":{"self":[{"href":"https:\/\/www.encontramanausam.com.br\/sobre\/wp-json\/wp\/v2\/pages\/3162","targetHints":{"allow":["GET"]}}],"collection":[{"href":"https:\/\/www.encontramanausam.com.br\/sobre\/wp-json\/wp\/v2\/pages"}],"about":[{"href":"https:\/\/www.encontramanausam.com.br\/sobre\/wp-json\/wp\/v2\/types\/page"}],"author":[{"embeddable":true,"href":"https:\/\/www.encontramanausam.com.br\/sobre\/wp-json\/wp\/v2\/users\/1"}],"replies":[{"embeddable":true,"href":"https:\/\/www.encontramanausam.com.br\/sobre\/wp-json\/wp\/v2\/comments?post=3162"}],"version-history":[{"count":1,"href":"https:\/\/www.encontramanausam.com.br\/sobre\/wp-json\/wp\/v2\/pages\/3162\/revisions"}],"predecessor-version":[{"id":3165,"href":"https:\/\/www.encontramanausam.com.br\/sobre\/wp-json\/wp\/v2\/pages\/3162\/revisions\/3165"}],"wp:attachment":[{"href":"https:\/\/www.encontramanausam.com.br\/sobre\/wp-json\/wp\/v2\/media?parent=3162"}],"curies":[{"name":"wp","href":"https:\/\/api.w.org\/{rel}","templated":true}]}}