{"id":307,"date":"2017-12-15T11:50:43","date_gmt":"2017-12-15T14:50:43","guid":{"rendered":"http:\/\/www.encontramanausam.com.br\/sobre\/?page_id=307"},"modified":"2019-04-02T22:32:14","modified_gmt":"2019-04-03T01:32:14","slug":"senac-manaus","status":"publish","type":"page","link":"https:\/\/www.encontramanausam.com.br\/sobre\/senac-manaus\/","title":{"rendered":"Senac Manaus"},"content":{"rendered":"<div class=\"882fdd0d88065009358e99f1a9406c55\" data-index=\"1\" style=\"float: none; margin:0px;\">\n<script async src=\"https:\/\/pagead2.googlesyndication.com\/pagead\/js\/adsbygoogle.js?client=ca-pub-8585364105181520\"\r\n     crossorigin=\"anonymous\"><\/script>\r\n<!-- Anuncio display - global -->\r\n<ins class=\"adsbygoogle\"\r\n     style=\"display:block\"\r\n     data-ad-client=\"ca-pub-8585364105181520\"\r\n     data-ad-slot=\"8789329856\"\r\n     data-ad-format=\"auto\"\r\n     data-full-width-responsive=\"true\"><\/ins>\r\n<script>\r\n     (adsbygoogle = window.adsbygoogle || []).push({});\r\n<\/script>\n<\/div>\n<p>Em 2016, o Senac completou 70 anos de atividades. Com tantas d\u00e9cadas de hist\u00f3ria, a organiza\u00e7\u00e3o permanece contempor\u00e2nea e reafirma sua capacidade de inova\u00e7\u00e3o e renova\u00e7\u00e3o, atributo que a evidencia.<\/p>\n<p>Hoje, o Senac est\u00e1 fisicamente presente em mais de 40 munic\u00edpios, com 60 unidades. Uma dessas unidades \u00e9 o <strong>Senac Manaus<\/strong>, al\u00e9m de dois hot\u00e9is-escola e da Editora Senac S\u00e3o Paulo.<\/p>\n<p><img loading=\"lazy\" decoding=\"async\" class=\"aligncenter wp-image-308 size-full\" title=\"Senac Manaus\" src=\"http:\/\/www.encontramanausam.com.br\/sobre\/wp-content\/uploads\/2017\/12\/senac-manaus.jpg\" alt=\"Senac Manaus\" width=\"680\" height=\"189\" srcset=\"https:\/\/www.encontramanausam.com.br\/sobre\/wp-content\/uploads\/2017\/12\/senac-manaus.jpg 680w, https:\/\/www.encontramanausam.com.br\/sobre\/wp-content\/uploads\/2017\/12\/senac-manaus-300x83.jpg 300w\" sizes=\"auto, (max-width: 680px) 100vw, 680px\" \/><\/p>\n<h2>Cursos Senac Manaus<\/h2>\n<p>O Senac preparou mais de 40 milh\u00f5es de pessoas para o setor de Com\u00e9rcio e Servi\u00e7os, contribuindo para a valoriza\u00e7\u00e3o do trabalhador, por meio de sua capacita\u00e7\u00e3o profissional com uma vasta op\u00e7\u00e3o de <em>cursos<\/em> v\u00e1rias \u00e1reas de forma\u00e7\u00e3o, incluindo <em>cursos<\/em> de idiomas.<\/p>\n<p>No Senac h\u00e1 tamb\u00e9m <em>cursos<\/em> para \u201cjovens aprendizes\u201d, entre idade de 14 e 24 anos (e sem limite de idade para portadores de defici\u00eancias), com a capacita\u00e7\u00e3o e desenvolvimento da qualifica\u00e7\u00e3o profissional dos jovens na entrada do mercado de trabalho.<\/p>\n<p>A institui\u00e7\u00e3o atua tamb\u00e9m no ensino superior desde 1989. Em S\u00e3o Paulo, o Senac mant\u00e9m o Centro Universit\u00e1rio Senac, que oferece cursos de gradua\u00e7\u00e3o (bacharelados e de tecnologia) e de p\u00f3s-gradua\u00e7\u00e3o (aperfei\u00e7oamento, especializa\u00e7\u00e3o e mestrado profissional e acad\u00eamico).<\/p>\n<p>O Senac Manaus oferece <em>cursos<\/em> de Artes, Beleza, Com\u00e9rcio, Comunica\u00e7\u00e3o, Conserva\u00e7\u00e3o e Zeladoria, Design, Educacional, Gastronomia, Gest\u00e3o, Idiomas, Inform\u00e1tica, Moda, Sa\u00fade, Turismo e Hotelaria.<\/p>\n<p>Voc\u00ea pode consultar todos os <em>cursos<\/em> com matriculas abertas no site do Senac Manaus.<\/p>\n<h3>Senac Manaus Cidade Nova<\/h3>\n<p>O Centro de Educa\u00e7\u00e3o Profissional Jos\u00e9 Tadros, foi ampliado em 2009, aumentando sua capacidade de atendimento para 5 mil alunos por ano. \u00c9 considerada a maior unidade de educa\u00e7\u00e3o profissional do bairro <span style=\"text-decoration: underline;\">Cidade Nova<\/span> que possui uma popula\u00e7\u00e3o aproximada de cem mil habitantes<\/p>\n<p>Sua oferta de cursos ao longo dos anos foi crescendo progressivamente e atualmente atende nos maiores segmentos do Senac tendo um grande reconhecimento da comunidade.<\/p>\n<h3>Senac Manaus Inform\u00e1tica<\/h3>\n<p>O Centro de <em>Inform\u00e1tica<\/em> Manoel Catharino dos Santos Gomes, possui localiza\u00e7\u00e3o privilegiada na Av. Darcy Vargas com sa\u00edda para as principais vias de acesso da capital, em uma \u00e1rea de grande fluxo de atividades e servi\u00e7os como Centros Comerciais, Shopping Center e a Arena da Amaz\u00f4nia. Dotado de laborat\u00f3rios com equipamentos de \u00faltima gera\u00e7\u00e3o, professores altamente qualificados e integrados por rede l\u00f3gica estruturada a unidade proporciona um itiner\u00e1rio profissional em dois grandes segmentos que revolucionaram o mundo das organiza\u00e7\u00f5es: <em>Inform\u00e1tica<\/em> e Comunica\u00e7\u00e3o.<\/p>\n<p>Com uma programa\u00e7\u00e3o de cursos que abrange um portf\u00f3lio variado nos segmentos de <em>Inform\u00e1tica<\/em> e Comunica\u00e7\u00e3o, em n\u00edveis b\u00e1sicos, t\u00e9cnicos e avan\u00e7ados, proporciona ao mercado de trabalho, profissionais para atuar em Web Design, Cria\u00e7\u00e3o, Desenvolvimento, Rede, Suporte e Manuten\u00e7\u00e3o. Al\u00e9m da estrutura que permite o ensino tradicional, esta unidade tamb\u00e9m oferta cursos na Escola Aberta de inform\u00e1tica, um grande diferencial organizacional que possibilita autonomia do aprendizado, flexibilidade de hor\u00e1rio e atendimento individualizado, op\u00e7\u00e3o vantajosa para quem tem escassez de tempo.<\/p>\n<h3>Senac Manaus Gastronomia<\/h3>\n<p>O Tecn\u00f3logo em <span style=\"text-decoration: underline;\">Gastronomia<\/span> \u00e9 capaz de planejar, coordenar, supervisionar, executar e avaliar projetos que envolvam servi\u00e7os e produtos na \u00e1rea de alimentos e bebidas podendo gerenciar neg\u00f3cio pr\u00f3prio ou prestar assessoria e consultoria para as diversas empresas desta \u00e1rea.<\/p>\n<h3>Hor\u00e1rio de Funcionamento Senac Manaus<\/h3>\n<ul>\n<li>Segunda a sexta das 8h \u00e0s 21h \/ S\u00e1bado das 8h \u00e0s 12h<\/li>\n<\/ul>\n<h3>Onde Fica, Endere\u00e7o e Telefone Senac Manaus<\/h3>\n<ul>\n<li><strong>Centro de Inform\u00e1tica<\/strong> &#8211; Av. Darcy Vargas, 288 &#8211; Chapada &#8211; Tel.: (92) 3216-5779<\/li>\n<li><strong>Cidade Nova I<\/strong> &#8211; Rua Visconde de Itanhaem, 863 &#8211; Cidade Nova I &#8211; Tel.: (92) 3216-6190<\/li>\n<li><strong>Faculdade de Tecnologia Senac Amazonas<\/strong> &#8211; Rua 10 de Julho, 11 &#8211; Tel.: (92) 3216-5751<\/li>\n<li><strong>Centro<\/strong> &#8211; R. Saldanha Marinho &#8211; Centro &#8211; Tel.: (92) 3649-3750<\/li>\n<\/ul>\n<h4>Outras informa\u00e7\u00f5es: Site e CNPJ<\/h4>\n<ul>\n<li>Mais informa\u00e7\u00f5es:\u00a0<a href=\"http:\/\/www.am.senac.br\" target=\"_blank\" rel=\"noopener noreferrer\"> www.am.senac.br<\/a><\/li>\n<li>CNPJ: 03.965.450\/0001-07<\/li>\n<\/ul>\n<h4>Mapa de localiza\u00e7\u00e3o Centro<\/h4>\n<a class=\"wp-colorbox-iframe\" href=\"https:\/\/www.google.com\/maps\/embed?pb=!1m18!1m12!1m3!1d3983.855087249169!2d-60.02633138524273!3d-3.132968797718716!2m3!1f0!2f0!3f0!3m2!1i1024!2i768!4f13.1!3m3!1m2!1s0x926c057dc087f33b0x1496a955eac8fa13!2sR.+Saldanha+Marinho+-+Centro+Manaus+-+AM!5e0!3m2!1spt-BR!2sbr!4v1513304661292\"><img decoding=\"async\" src=\"http:\/\/www.encontrabelohorizonte.com.br\/imgs\/maps-post.png\"><\/a>\n\n<div style=\"font-size: 0px; height: 0px; line-height: 0px; margin: 0; padding: 0; clear: both;\"><\/div>","protected":false},"excerpt":{"rendered":"<p>Em 2016, o Senac completou 70 anos de atividades. Com tantas d\u00e9cadas de hist\u00f3ria, a organiza\u00e7\u00e3o permanece contempor\u00e2nea e reafirma sua capacidade de inova\u00e7\u00e3o e renova\u00e7\u00e3o, atributo que a evidencia. Hoje, o Senac est\u00e1 fisicamente presente em mais de 40 munic\u00edpios, com 60 unidades. Uma dessas unidades \u00e9 o Senac Manaus, al\u00e9m de dois hot\u00e9is-escola e da Editora Senac S\u00e3o Paulo. Cursos Senac Manaus O Senac preparou mais de 40 milh\u00f5es de pessoas para o setor de Com\u00e9rcio e Servi\u00e7os, contribuindo para a valoriza\u00e7\u00e3o do trabalhador, por meio de sua capacita\u00e7\u00e3o profissional com uma vasta op\u00e7\u00e3o de cursos v\u00e1rias \u00e1reas <\/p>\n","protected":false},"author":1,"featured_media":0,"parent":0,"menu_order":0,"comment_status":"closed","ping_status":"closed","template":"","meta":{"footnotes":""},"class_list":["post-307","page","type-page","status-publish","hentry"],"aioseo_notices":[],"_links":{"self":[{"href":"https:\/\/www.encontramanausam.com.br\/sobre\/wp-json\/wp\/v2\/pages\/307","targetHints":{"allow":["GET"]}}],"collection":[{"href":"https:\/\/www.encontramanausam.com.br\/sobre\/wp-json\/wp\/v2\/pages"}],"about":[{"href":"https:\/\/www.encontramanausam.com.br\/sobre\/wp-json\/wp\/v2\/types\/page"}],"author":[{"embeddable":true,"href":"https:\/\/www.encontramanausam.com.br\/sobre\/wp-json\/wp\/v2\/users\/1"}],"replies":[{"embeddable":true,"href":"https:\/\/www.encontramanausam.com.br\/sobre\/wp-json\/wp\/v2\/comments?post=307"}],"version-history":[{"count":4,"href":"https:\/\/www.encontramanausam.com.br\/sobre\/wp-json\/wp\/v2\/pages\/307\/revisions"}],"predecessor-version":[{"id":3462,"href":"https:\/\/www.encontramanausam.com.br\/sobre\/wp-json\/wp\/v2\/pages\/307\/revisions\/3462"}],"wp:attachment":[{"href":"https:\/\/www.encontramanausam.com.br\/sobre\/wp-json\/wp\/v2\/media?parent=307"}],"curies":[{"name":"wp","href":"https:\/\/api.w.org\/{rel}","templated":true}]}}