{"id":2855,"date":"2018-12-13T14:43:52","date_gmt":"2018-12-13T17:43:52","guid":{"rendered":"http:\/\/www.encontramanausam.com.br\/sobre\/?p=2855"},"modified":"2018-12-13T14:44:29","modified_gmt":"2018-12-13T17:44:29","slug":"ddd-manaus","status":"publish","type":"page","link":"https:\/\/www.encontramanausam.com.br\/sobre\/ddd-manaus\/","title":{"rendered":"DDD Manaus"},"content":{"rendered":"<div class=\"882fdd0d88065009358e99f1a9406c55\" data-index=\"1\" style=\"float: none; margin:0px;\">\n<script async src=\"https:\/\/pagead2.googlesyndication.com\/pagead\/js\/adsbygoogle.js?client=ca-pub-8585364105181520\"\r\n     crossorigin=\"anonymous\"><\/script>\r\n<!-- Anuncio display - global -->\r\n<ins class=\"adsbygoogle\"\r\n     style=\"display:block\"\r\n     data-ad-client=\"ca-pub-8585364105181520\"\r\n     data-ad-slot=\"8789329856\"\r\n     data-ad-format=\"auto\"\r\n     data-full-width-responsive=\"true\"><\/ins>\r\n<script>\r\n     (adsbygoogle = window.adsbygoogle || []).push({});\r\n<\/script>\n<\/div>\n<p><strong>DDD<\/strong> significa <strong>Discagem Direta \u00e0 Dist\u00e2ncia<\/strong>. \u00c9 um sistema de liga\u00e7\u00e3o telef\u00f4nica autom\u00e1tica entre diferentes \u00e1reas urbanas nacionais.<\/p>\n<p>O DDD \u00e9 um c\u00f3digo constitu\u00eddo por 2 d\u00edgitos que identificam as principais cidades do pa\u00eds e devem ser adicionados ao n\u00famero de telefone, juntamente com o c\u00f3digo da operadora.<\/p>\n<p><img loading=\"lazy\" decoding=\"async\" class=\"aligncenter wp-image-2857 size-full\" title=\"DDD Manaus\" src=\"http:\/\/www.encontramanausam.com.br\/sobre\/wp-content\/uploads\/2018\/12\/ddd-manaus.jpg\" alt=\"DDD Manaus\" width=\"800\" height=\"321\" srcset=\"https:\/\/www.encontramanausam.com.br\/sobre\/wp-content\/uploads\/2018\/12\/ddd-manaus.jpg 800w, https:\/\/www.encontramanausam.com.br\/sobre\/wp-content\/uploads\/2018\/12\/ddd-manaus-300x120.jpg 300w, https:\/\/www.encontramanausam.com.br\/sobre\/wp-content\/uploads\/2018\/12\/ddd-manaus-768x308.jpg 768w\" sizes=\"auto, (max-width: 800px) 100vw, 800px\" \/><\/p>\n<h2>DDD Manaus Como Fazer a Liga\u00e7\u00e3o<\/h2>\n<p>Para ligar para Manaus utilize os exemplos para liga\u00e7\u00f5es interurbanas conforme o modelo.<\/p>\n<p>Coloque um 0 na frente, o c\u00f3digo de sua operadora, o c\u00f3digo DDD e o n\u00famero para o qual deseja ligar.<\/p>\n<h3>Liga\u00e7\u00e3o para um n\u00famero de Manaus a partir de qualquer cidade do Brasil:<\/h3>\n<p>0 + C\u00f3digo da operadora + 92 + N\u00famero de telefone<\/p>\n<p>Ligar para Manaus utilizando seu telefone VIVO: 015 92 + telefone<br \/>\nLigar para Manaus utilizando seu telefone TIM: 041 92 + telefone<br \/>\nLigar para Manaus utilizando seu telefone CLARO: 021 92 + telefone<br \/>\nLigar para Manaus utilizando seu telefone GVT: 025 92 + telefone<br \/>\nLigar para Manaus utilizando seu telefone OI: 031 92 + telefone<br \/>\nLigar para Manaus utilizando seu telefone CTBC: 012 92 + telefone<\/p>\n<h3>Liga\u00e7\u00e3o a cobrar para um n\u00famero de Manaus a partir de qualquer cidade do Brasil:<\/h3>\n<p>90 + C\u00f3digo da operadora + 92 + N\u00famero de telefone<\/p>\n\n<div style=\"font-size: 0px; height: 0px; line-height: 0px; margin: 0; padding: 0; clear: both;\"><\/div>","protected":false},"excerpt":{"rendered":"<p>DDD significa Discagem Direta \u00e0 Dist\u00e2ncia. \u00c9 um sistema de liga\u00e7\u00e3o telef\u00f4nica autom\u00e1tica entre diferentes \u00e1reas urbanas nacionais. O DDD \u00e9 um c\u00f3digo constitu\u00eddo por 2 d\u00edgitos que identificam as principais cidades do pa\u00eds e devem ser adicionados ao n\u00famero de telefone, juntamente com o c\u00f3digo da operadora. DDD Manaus Como Fazer a Liga\u00e7\u00e3o Para ligar para Manaus utilize os exemplos para liga\u00e7\u00f5es interurbanas conforme o modelo. Coloque um 0 na frente, o c\u00f3digo de sua operadora, o c\u00f3digo DDD e o n\u00famero para o qual deseja ligar. Liga\u00e7\u00e3o para um n\u00famero de Manaus a partir de qualquer cidade do <\/p>\n","protected":false},"author":1,"featured_media":2857,"parent":0,"menu_order":0,"comment_status":"open","ping_status":"open","template":"","meta":{"footnotes":""},"class_list":["post-2855","page","type-page","status-publish","has-post-thumbnail","hentry","has_thumb"],"aioseo_notices":[],"_links":{"self":[{"href":"https:\/\/www.encontramanausam.com.br\/sobre\/wp-json\/wp\/v2\/pages\/2855","targetHints":{"allow":["GET"]}}],"collection":[{"href":"https:\/\/www.encontramanausam.com.br\/sobre\/wp-json\/wp\/v2\/pages"}],"about":[{"href":"https:\/\/www.encontramanausam.com.br\/sobre\/wp-json\/wp\/v2\/types\/page"}],"author":[{"embeddable":true,"href":"https:\/\/www.encontramanausam.com.br\/sobre\/wp-json\/wp\/v2\/users\/1"}],"replies":[{"embeddable":true,"href":"https:\/\/www.encontramanausam.com.br\/sobre\/wp-json\/wp\/v2\/comments?post=2855"}],"version-history":[{"count":2,"href":"https:\/\/www.encontramanausam.com.br\/sobre\/wp-json\/wp\/v2\/pages\/2855\/revisions"}],"predecessor-version":[{"id":2859,"href":"https:\/\/www.encontramanausam.com.br\/sobre\/wp-json\/wp\/v2\/pages\/2855\/revisions\/2859"}],"wp:featuredmedia":[{"embeddable":true,"href":"https:\/\/www.encontramanausam.com.br\/sobre\/wp-json\/wp\/v2\/media\/2857"}],"wp:attachment":[{"href":"https:\/\/www.encontramanausam.com.br\/sobre\/wp-json\/wp\/v2\/media?parent=2855"}],"curies":[{"name":"wp","href":"https:\/\/api.w.org\/{rel}","templated":true}]}}