{"id":2842,"date":"2018-12-11T16:46:26","date_gmt":"2018-12-11T19:46:26","guid":{"rendered":"http:\/\/www.encontramanausam.com.br\/sobre\/?page_id=2842"},"modified":"2018-12-11T17:05:22","modified_gmt":"2018-12-11T20:05:22","slug":"icad-manaus","status":"publish","type":"page","link":"https:\/\/www.encontramanausam.com.br\/sobre\/icad-manaus\/","title":{"rendered":"ICAD Manaus"},"content":{"rendered":"<div class=\"882fdd0d88065009358e99f1a9406c55\" data-index=\"1\" style=\"float: none; margin:0px;\">\n<script async src=\"https:\/\/pagead2.googlesyndication.com\/pagead\/js\/adsbygoogle.js?client=ca-pub-8585364105181520\"\r\n     crossorigin=\"anonymous\"><\/script>\r\n<!-- Anuncio display - global -->\r\n<ins class=\"adsbygoogle\"\r\n     style=\"display:block\"\r\n     data-ad-client=\"ca-pub-8585364105181520\"\r\n     data-ad-slot=\"8789329856\"\r\n     data-ad-format=\"auto\"\r\n     data-full-width-responsive=\"true\"><\/ins>\r\n<script>\r\n     (adsbygoogle = window.adsbygoogle || []).push({});\r\n<\/script>\n<\/div>\n<p>ICAD Manaus oferece abertura, altera\u00e7\u00e3o e encerramento facilitado de empresa via web.<\/p>\n<p>O icadonline leva at\u00e9 a popula\u00e7\u00e3o o acesso eletr\u00f4nico que torna poss\u00edvel criar uma empresa de forma mais r\u00e1pida e livre da burocracia.<\/p>\n<p><img loading=\"lazy\" decoding=\"async\" class=\"aligncenter wp-image-2844 size-full\" title=\"ICAD Manaus\" src=\"http:\/\/www.encontramanausam.com.br\/sobre\/wp-content\/uploads\/2018\/12\/icad-manaus.jpg\" alt=\"ICAD Manaus\" width=\"680\" height=\"189\" srcset=\"https:\/\/www.encontramanausam.com.br\/sobre\/wp-content\/uploads\/2018\/12\/icad-manaus.jpg 680w, https:\/\/www.encontramanausam.com.br\/sobre\/wp-content\/uploads\/2018\/12\/icad-manaus-300x83.jpg 300w\" sizes=\"auto, (max-width: 680px) 100vw, 680px\" \/><br \/>\nAliado na estrutura\u00e7\u00e3o do plano diretor.<\/p>\n<p>A gest\u00e3o p\u00fablica conta com informa\u00e7\u00f5es s\u00f3lidas sobre as defici\u00eancias e oportunidades, tornando o processo de desenvolvimento econ\u00f4mico mais r\u00e1pido e transparente.<\/p>\n<p>A aprova\u00e7\u00e3o da consulta pr\u00e9via de atividade, do nome empresarial e dos demais dados cadastrais, \u00e9 feita de forma eletr\u00f4nica com total acompanhamento de quem solicitou.<\/p>\n<p>Verifica se a atividade pretendida pode ser exercida no endere\u00e7o escolhido, com base no Plano Diretor de Zoneamento Urbano e demais \u00f3rg\u00e3os envolvidos. O processo de pesquisa trabalha de forma totalmente eletr\u00f4nica, gerando a resposta em tempo real de maneira 100% autom\u00e1tica.<\/p>\n<h2>Portal ICAD Manaus<\/h2>\n<p>Com o <em>iCadOnline<\/em> \u00e9 poss\u00edvel abrir uma empresa a partir de 48 horas, de acordo com o munic\u00edpio. Elimina a necessidade da abertura de processos em papel, confer\u00eancia de documentos e armazenamento, e o empres\u00e1rio fica totalmente regularizado com o munic\u00edpio.<\/p>\n<h3>ICAD Manaus Como Abrir meu Neg\u00f3cio<\/h3>\n<p>Veja o Passo a Passo para <span style=\"text-decoration: underline;\">abrir seu neg\u00f3cio.<\/span><\/p>\n<ul>\n<li>CONSULTA PR\u00c9VIA<br \/>\nPaulo \u00e9 arquiteto e deseja abrir um escrit\u00f3rio. Sua cidade tem iCadOnline, assim, ele est\u00e1 consultando via web a possibilidade de abrir seu neg\u00f3cio nos principais endere\u00e7os desejados.<\/li>\n<\/ul>\n<ul>\n<li>INSCRI\u00c7\u00c3O FISCAL<br \/>\nA an\u00e1lise de viabilidade para abrir seu neg\u00f3cio no endere\u00e7o desejado foi deferida automaticamente, assim Simone tratou logo de preencher os dados essenciais de cadastro de sua nova empresa, dando in\u00edcio \u00e0 legaliza\u00e7\u00e3o.<\/li>\n<\/ul>\n<ul>\n<li>REGISTRO<br \/>\nO processo facilitado do iCadOnline checou que sua atividade est\u00e1 de acordo com o Plano Diretor e n\u00e3o configurou atividade de risco, assim ela recebeu o alvar\u00e1 provis\u00f3rio em apenas 2 dias.<\/li>\n<\/ul>\n<ul>\n<li>LICEN\u00c7AS<br \/>\niCadOnline disponibiliza sistemas aos \u00f3rg\u00e3os emissores de licen\u00e7as, auxiliando no controle de requisitos e integra\u00e7\u00e3o autom\u00e1tica de cadastros com: Vigil\u00e2ncia Sanit\u00e1ria, Meio Ambiente, Tr\u00e2nsito e Bombeiros.<\/li>\n<\/ul>\n<ul>\n<li>ALVAR\u00c1 DEFINITIVO<br \/>\nCom todas as instala\u00e7\u00f5es adequadas para sua atividade, Marcos \u00e9 mais um empreendedor que apostou em um neg\u00f3cio, e agora, recebeu com toda facilidade e em tempo recorde o alvar\u00e1 definitivo.<\/li>\n<\/ul>\n<h3>ICAD Manaus Benef\u00edcios<\/h3>\n<p>Menos burocracia s\u00e3o mais neg\u00f3cios<\/p>\n<p>Com o iCadOnline \u00e9 poss\u00edvel abrir uma empresa a partir de 48 horas, de acordo com o munic\u00edpio. Elimina a necessidade da abertura de processos em papel, confer\u00eancia de documentos e armazenamento, e o empres\u00e1rio fica totalmente regularizado com o munic\u00edpio.<\/p>\n<h4>Outras informa\u00e7\u00f5es e site<\/h4>\n<ul>\n<li>Mais informa\u00e7\u00f5es: <a href=\"http:\/\/www.icadonline.com.br\/#0\" target=\"_blank\" rel=\"noopener noreferrer\">www.icadonline.com.br<\/a><\/li>\n<\/ul>\n\n<div style=\"font-size: 0px; height: 0px; line-height: 0px; margin: 0; padding: 0; clear: both;\"><\/div>","protected":false},"excerpt":{"rendered":"<p>ICAD Manaus oferece abertura, altera\u00e7\u00e3o e encerramento facilitado de empresa via web. O icadonline leva at\u00e9 a popula\u00e7\u00e3o o acesso eletr\u00f4nico que torna poss\u00edvel criar uma empresa de forma mais r\u00e1pida e livre da burocracia. Aliado na estrutura\u00e7\u00e3o do plano diretor. A gest\u00e3o p\u00fablica conta com informa\u00e7\u00f5es s\u00f3lidas sobre as defici\u00eancias e oportunidades, tornando o processo de desenvolvimento econ\u00f4mico mais r\u00e1pido e transparente. A aprova\u00e7\u00e3o da consulta pr\u00e9via de atividade, do nome empresarial e dos demais dados cadastrais, \u00e9 feita de forma eletr\u00f4nica com total acompanhamento de quem solicitou. Verifica se a atividade pretendida pode ser exercida no endere\u00e7o escolhido, <\/p>\n","protected":false},"author":1,"featured_media":0,"parent":0,"menu_order":0,"comment_status":"closed","ping_status":"closed","template":"","meta":{"footnotes":""},"class_list":["post-2842","page","type-page","status-publish","hentry"],"aioseo_notices":[],"_links":{"self":[{"href":"https:\/\/www.encontramanausam.com.br\/sobre\/wp-json\/wp\/v2\/pages\/2842","targetHints":{"allow":["GET"]}}],"collection":[{"href":"https:\/\/www.encontramanausam.com.br\/sobre\/wp-json\/wp\/v2\/pages"}],"about":[{"href":"https:\/\/www.encontramanausam.com.br\/sobre\/wp-json\/wp\/v2\/types\/page"}],"author":[{"embeddable":true,"href":"https:\/\/www.encontramanausam.com.br\/sobre\/wp-json\/wp\/v2\/users\/1"}],"replies":[{"embeddable":true,"href":"https:\/\/www.encontramanausam.com.br\/sobre\/wp-json\/wp\/v2\/comments?post=2842"}],"version-history":[{"count":3,"href":"https:\/\/www.encontramanausam.com.br\/sobre\/wp-json\/wp\/v2\/pages\/2842\/revisions"}],"predecessor-version":[{"id":2852,"href":"https:\/\/www.encontramanausam.com.br\/sobre\/wp-json\/wp\/v2\/pages\/2842\/revisions\/2852"}],"wp:attachment":[{"href":"https:\/\/www.encontramanausam.com.br\/sobre\/wp-json\/wp\/v2\/media?parent=2842"}],"curies":[{"name":"wp","href":"https:\/\/api.w.org\/{rel}","templated":true}]}}