{"id":2838,"date":"2018-12-11T16:43:17","date_gmt":"2018-12-11T19:43:17","guid":{"rendered":"http:\/\/www.encontramanausam.com.br\/sobre\/?page_id=2838"},"modified":"2018-12-11T17:05:52","modified_gmt":"2018-12-11T20:05:52","slug":"fab-manaus","status":"publish","type":"page","link":"https:\/\/www.encontramanausam.com.br\/sobre\/fab-manaus\/","title":{"rendered":"FAB Manaus"},"content":{"rendered":"<div class=\"882fdd0d88065009358e99f1a9406c55\" data-index=\"1\" style=\"float: none; margin:0px;\">\n<script async src=\"https:\/\/pagead2.googlesyndication.com\/pagead\/js\/adsbygoogle.js?client=ca-pub-8585364105181520\"\r\n     crossorigin=\"anonymous\"><\/script>\r\n<!-- Anuncio display - global -->\r\n<ins class=\"adsbygoogle\"\r\n     style=\"display:block\"\r\n     data-ad-client=\"ca-pub-8585364105181520\"\r\n     data-ad-slot=\"8789329856\"\r\n     data-ad-format=\"auto\"\r\n     data-full-width-responsive=\"true\"><\/ins>\r\n<script>\r\n     (adsbygoogle = window.adsbygoogle || []).push({});\r\n<\/script>\n<\/div>\n<p>For\u00e7a A\u00e9rea Brasileira (<strong>FAB Manaus<\/strong>) \u00e9 o ramo a\u00e9reo das For\u00e7as Armadas do Brasil e um dos tr\u00eas servi\u00e7os uniformizados nacionais.<\/p>\n<p>A FAB foi formada quando os ramos a\u00e9reos do Ex\u00e9rcito e da Marinha foram fundidos em uma for\u00e7a militar \u00fanica. Ambos os ramos de ar transferiram seus equipamentos, instala\u00e7\u00f5es e pessoal para a nova for\u00e7a armada.<\/p>\n<p><img loading=\"lazy\" decoding=\"async\" class=\"aligncenter wp-image-2840 size-full\" title=\"FAB Manaus\" src=\"http:\/\/www.encontramanausam.com.br\/sobre\/wp-content\/uploads\/2018\/12\/fab-manaus.jpg\" alt=\"FAB Manaus\" width=\"680\" height=\"189\" srcset=\"https:\/\/www.encontramanausam.com.br\/sobre\/wp-content\/uploads\/2018\/12\/fab-manaus.jpg 680w, https:\/\/www.encontramanausam.com.br\/sobre\/wp-content\/uploads\/2018\/12\/fab-manaus-300x83.jpg 300w\" sizes=\"auto, (max-width: 680px) 100vw, 680px\" \/><\/p>\n<p>Formalmente, o Minist\u00e9rio da Aeron\u00e1utica foi fundado em 20 de janeiro de 1941 e o seu ramo militar foi chamado &#8220;For\u00e7as A\u00e9reas Nacionais&#8221;, alterado para &#8220;For\u00e7a A\u00e9rea Brasileira&#8221; (FAB) em 22 de maio daquele ano.<\/p>\n<p>Os ramos a\u00e9reos do Ex\u00e9rcito (&#8220;Avia\u00e7\u00e3o Militar&#8221;) e da Marinha (&#8220;Avia\u00e7\u00e3o Naval&#8221;) foram extintos e todo o pessoal, aeronaves, instala\u00e7\u00f5es e outros equipamentos relacionados foram transferidos para a FAB.<\/p>\n<p>A For\u00e7a A\u00e9rea Brasileira obteve seu batismo de fogo durante a Segunda Guerra Mundial participando da guerra antissubmarino no Atl\u00e2ntico Sul e, na Europa, como integrante da For\u00e7a Expedicion\u00e1ria Brasileira que lutou ao lado dos Aliados na frente italiana.<\/p>\n<p>De acordo com o Flight International e do Instituto Internacional de Estudos Estrat\u00e9gicos, a FAB tem uma for\u00e7a ativa de 77.454 militares e opera em torno de 627 aeronaves, sendo a maior for\u00e7a a\u00e9rea do hemisf\u00e9rio sul e a segunda na Am\u00e9rica, ap\u00f3s a For\u00e7a A\u00e9rea dos Estados Unidos.<\/p>\n<h2>FAB Manaus Processo Seletivo<\/h2>\n<p>Fique atento ao site para saber sobre os <em>processos seletivos<\/em> da FAB Manaus.<\/p>\n<h3>Piloto FAB Manaus<\/h3>\n<p>O chamado Dia da Escolha \u00e9 um dos momentos mais esperados pelos estagi\u00e1rios do Programa de Especializa\u00e7\u00e3o Operacional (PESOP). Isso porque \u00e9 quando se define o destino do novo<span style=\"text-decoration: underline;\"> piloto<\/span> de combate.<\/p>\n<p>\u201cEsse \u00e9 o t\u00e9rmino de uma ansiedade muito grande, que come\u00e7a l\u00e1 na Academia da For\u00e7a A\u00e9rea, quando o Cadete passa a pensar qual avia\u00e7\u00e3o seguir, e muitas escolhas s\u00e3o feitas at\u00e9 aqui.<\/p>\n<p>Mas o primeiro esquadr\u00e3o \u00e9, definitivamente, o esquadr\u00e3o da vida deles, \u00e9 onde eles se apaixonam pela atividade, onde eles v\u00e3o atingir sua primeira operacionalidade. Ent\u00e3o esse \u00e9 um momento muito importante para o piloto militar\u201d, explica o Comandante da Ala 10, Brigadeiro do Ar Pedro Lu\u00eds Farcic.<\/p>\n<h3>Hospital FAB Manaus<\/h3>\n<p>O <em>Hospital da FAB<\/em> fica localizado na Av. Rodrigo Ot\u00e1vio, 3004 &#8211; Crespo &#8211; Manaus &#8211; AM e o telefone \u00e9: (92) 3623-4202.<\/p>\n<h3>Concurso FAB Manaus<\/h3>\n<p>De tempos em tempos a FAB promove <span style=\"text-decoration: underline;\">concursos p\u00fablicos<\/span>, acesse o site para mais informa\u00e7\u00f5es.<\/p>\n<h3>Hor\u00e1rio de Funcionamento FAB Manaus<\/h3>\n<ul>\n<li>Segunda a sexta das 9h \u00e0s 17h<\/li>\n<\/ul>\n<h3>Onde Fica, Endere\u00e7o e Telefone FAB Manaus<\/h3>\n<ul>\n<li>Av. Rodrigo Ot\u00e1vio, 770 &#8211; Crespo &#8211; Manaus &#8211; AM<\/li>\n<li>Telefone: (92) 3629-1212<\/li>\n<\/ul>\n<h4>Outras informa\u00e7\u00f5es e site<\/h4>\n<ul>\n<li>Mais informa\u00e7\u00f5es: <a href=\"http:\/\/www.fab.mil.br\/index.php\" target=\"_blank\" rel=\"noopener noreferrer\">www.fab.mil.br<\/a><\/li>\n<\/ul>\n<h4>Mapa de localiza\u00e7\u00e3o<\/h4>\n<a class=\"wp-colorbox-iframe\" href=\"https:\/\/www.google.com\/maps\/embed?pb=!1m18!1m12!1m3!1d7967.614629446183!2d-59.99694177846414!3d-3.1454962908384347!2m3!1f0!2f0!3f0!3m2!1i1024!2i768!4f13.1!3m3!1m2!1s0x926c059f2cd518230xd89bcfacc1c2a5c1!2sAeroporto+Da+Base+Area+De+Manaus!5e0!3m2!1spt-BR!2sbr!4v1544540195284\"><img decoding=\"async\" src=\"http:\/\/www.encontramanausam.com.br\/imgs\/maps-post.png\"><\/a>\n\n<div style=\"font-size: 0px; height: 0px; line-height: 0px; margin: 0; padding: 0; clear: both;\"><\/div>","protected":false},"excerpt":{"rendered":"<p>For\u00e7a A\u00e9rea Brasileira (FAB Manaus) \u00e9 o ramo a\u00e9reo das For\u00e7as Armadas do Brasil e um dos tr\u00eas servi\u00e7os uniformizados nacionais. A FAB foi formada quando os ramos a\u00e9reos do Ex\u00e9rcito e da Marinha foram fundidos em uma for\u00e7a militar \u00fanica. Ambos os ramos de ar transferiram seus equipamentos, instala\u00e7\u00f5es e pessoal para a nova for\u00e7a armada. Formalmente, o Minist\u00e9rio da Aeron\u00e1utica foi fundado em 20 de janeiro de 1941 e o seu ramo militar foi chamado &#8220;For\u00e7as A\u00e9reas Nacionais&#8221;, alterado para &#8220;For\u00e7a A\u00e9rea Brasileira&#8221; (FAB) em 22 de maio daquele ano. Os ramos a\u00e9reos do Ex\u00e9rcito (&#8220;Avia\u00e7\u00e3o Militar&#8221;) e <\/p>\n","protected":false},"author":1,"featured_media":0,"parent":0,"menu_order":0,"comment_status":"closed","ping_status":"closed","template":"","meta":{"footnotes":""},"class_list":["post-2838","page","type-page","status-publish","hentry"],"aioseo_notices":[],"_links":{"self":[{"href":"https:\/\/www.encontramanausam.com.br\/sobre\/wp-json\/wp\/v2\/pages\/2838","targetHints":{"allow":["GET"]}}],"collection":[{"href":"https:\/\/www.encontramanausam.com.br\/sobre\/wp-json\/wp\/v2\/pages"}],"about":[{"href":"https:\/\/www.encontramanausam.com.br\/sobre\/wp-json\/wp\/v2\/types\/page"}],"author":[{"embeddable":true,"href":"https:\/\/www.encontramanausam.com.br\/sobre\/wp-json\/wp\/v2\/users\/1"}],"replies":[{"embeddable":true,"href":"https:\/\/www.encontramanausam.com.br\/sobre\/wp-json\/wp\/v2\/comments?post=2838"}],"version-history":[{"count":1,"href":"https:\/\/www.encontramanausam.com.br\/sobre\/wp-json\/wp\/v2\/pages\/2838\/revisions"}],"predecessor-version":[{"id":2841,"href":"https:\/\/www.encontramanausam.com.br\/sobre\/wp-json\/wp\/v2\/pages\/2838\/revisions\/2841"}],"wp:attachment":[{"href":"https:\/\/www.encontramanausam.com.br\/sobre\/wp-json\/wp\/v2\/media?parent=2838"}],"curies":[{"name":"wp","href":"https:\/\/api.w.org\/{rel}","templated":true}]}}