{"id":2800,"date":"2018-12-07T10:07:22","date_gmt":"2018-12-07T13:07:22","guid":{"rendered":"http:\/\/www.encontramanausam.com.br\/sobre\/?page_id=2800"},"modified":"2018-12-07T10:07:22","modified_gmt":"2018-12-07T13:07:22","slug":"manaus-pontos-turisticos","status":"publish","type":"page","link":"https:\/\/www.encontramanausam.com.br\/sobre\/manaus-pontos-turisticos\/","title":{"rendered":"Manaus Pontos Tur\u00edsticos"},"content":{"rendered":"<div class=\"882fdd0d88065009358e99f1a9406c55\" data-index=\"1\" style=\"float: none; margin:0px;\">\n<script async src=\"https:\/\/pagead2.googlesyndication.com\/pagead\/js\/adsbygoogle.js?client=ca-pub-8585364105181520\"\r\n     crossorigin=\"anonymous\"><\/script>\r\n<!-- Anuncio display - global -->\r\n<ins class=\"adsbygoogle\"\r\n     style=\"display:block\"\r\n     data-ad-client=\"ca-pub-8585364105181520\"\r\n     data-ad-slot=\"8789329856\"\r\n     data-ad-format=\"auto\"\r\n     data-full-width-responsive=\"true\"><\/ins>\r\n<script>\r\n     (adsbygoogle = window.adsbygoogle || []).push({});\r\n<\/script>\n<\/div>\n<p>A variedade de atra\u00e7\u00f5es encontradas em Manaus fazem dela um dos principais destinos tur\u00edsticos do Brasil, sobretudo para turistas estrangeiros que est\u00e3o em busca de um maior contato com a natureza.<\/p>\n<p>De barco \u00e9 poss\u00edvel navegar pelos seus rios, igarap\u00e9s repletos de arvores e plantas t\u00edpicas dessa regi\u00e3o.<\/p>\n<p><img loading=\"lazy\" decoding=\"async\" class=\"aligncenter wp-image-2803 size-full\" title=\"Manaus Pontos Tur\u00edsticos\" src=\"http:\/\/www.encontramanausam.com.br\/sobre\/wp-content\/uploads\/2018\/12\/pontos-turisticos-manaus.jpg\" alt=\"Manaus Pontos Tur\u00edsticos\" width=\"750\" height=\"460\" srcset=\"https:\/\/www.encontramanausam.com.br\/sobre\/wp-content\/uploads\/2018\/12\/pontos-turisticos-manaus.jpg 750w, https:\/\/www.encontramanausam.com.br\/sobre\/wp-content\/uploads\/2018\/12\/pontos-turisticos-manaus-300x184.jpg 300w, https:\/\/www.encontramanausam.com.br\/sobre\/wp-content\/uploads\/2018\/12\/pontos-turisticos-manaus-223x137.jpg 223w\" sizes=\"auto, (max-width: 750px) 100vw, 750px\" \/><\/p>\n<p>Em solo firme as principais atra\u00e7\u00f5es s\u00e3o da \u00e9poca da borracha, \u00e9poca em que Manaus era uma das cidades mais importantes do pa\u00eds, sendo inclusive a primeira cidade do Brasil a ter energia el\u00e9trica.<\/p>\n<h2>Manaus Pontos Tur\u00edsticos Teatro Amazonas<\/h2>\n<p>O <em>Teatro Amazonas<\/em> \u00e9 o s\u00edmbolo m\u00e1ximo do per\u00edodo da borracha, o teatro \u00e9 revestido de muita riqueza e foi inaugurado em 1886, para apresenta\u00e7\u00e3o de pe\u00e7as e \u00f3peras europeias que vinham para deliciar os bar\u00f5es da borracha. A constru\u00e7\u00e3o \u00e9 simplesmente encatadora seja por fora, seja por dentro, a fachada \u00e9 neocl\u00e1ssica e pintada de um tom de rosa, j\u00e1 a c\u00fapula \u00e9 feita por 36 mil escamas de cer\u00e2mica nas cores da bandeira brasileira.<\/p>\n<p>No interior, j\u00e1 no hall de entrada, podemos ver uma grande quantidade de m\u00e1rmore portugu\u00eas, italiano e ferro ingl\u00eas. A sala de espet\u00e1culos, possui capacidade para 700 pessoas e \u00e9 decorada com lustres vindos de Veneza.<\/p>\n<p>No m\u00eas de maio, \u00e9 cen\u00e1rio do Festival Amazonas de \u00d3pera, caso n\u00e3o tenha espet\u00e1culos durante a sua visita, vale demais uma visita guiada, \u00e9 um mergulho na hist\u00f3ria do teatro.<\/p>\n<h3>Manaus Pontos Tur\u00edsticos Encontro das \u00c1guas<\/h3>\n<p>O <span style=\"text-decoration: underline;\">Encontro das \u00c1guas<\/span> \u00e9 um fen\u00f4meno provocado pela conflu\u00eancia das \u00e1guas barrentas do rio Solim\u00f5es, com a s \u00e1guas negras do Rio Negro. Quando se juntam formando o Rio Amazonas (maior rio do planeta).<\/p>\n<p>Os dois rios correm lado a lado em um trecho de aproximadamente 6 km, sem misturar suas \u00e1guas, em um contraste de cores. Isso acontece, devido \u00e0s diferentes temperaturas, densidades e velocidades.<br \/>\nPara maior beleza e contraste, o ideal \u00e9 visitar o \u201cEncontro das \u00c1guas\u201d em um dia esteja ensolarado, quando o espet\u00e1culo fica bem mais vis\u00edvel.<\/p>\n<h3>Manaus Pontos Tur\u00edsticos Nado com os botos<\/h3>\n<p><em>Nadar com os botos<\/em> \u00e9 simplesmente incr\u00edvel. \u00c9 bem semelhante ao nado com os golfinhos, poss\u00edvel em Margarita, Orlando e muitas outras cidades. A grande diferen\u00e7a \u00e9 que o nado com os botos n\u00e3o \u00e9 feito em um cativeiro, a exemplo dos golfinhos, ela \u00e9 feita em seu habitat natural, no meio do rio negro, esse realmente \u00e9 um diferencial.<\/p>\n<p>O nado n\u00e3o \u00e9 feito exatamente em Manaus, mas em uma cidade pr\u00f3xima chamada Novo Air\u00e3o, muito pr\u00f3xima de Manaus. Se voc\u00ea gosta de contato direto com a natureza, vale muito a pena.<\/p>\n<p>De um lado um rio negro, de outro um claro, barrento. Eles correm 6 quilometros lado a lado e simplesmente n\u00e3o se misturam. O espet\u00e1culo da natureza, pode ser observado todo os dias, seja de barco, canoa, rabeta ou mesmo em um bom StandUP Paddle. Se voc\u00ea tiver um pouco de sorte ainda pode ser presenteado com o nado dos botos em meio ao encontro das \u00e1guas.<\/p>\n<p>Para ir no encontro das \u00e1guas voc\u00ea pode contratar uma ag\u00eancia de turismo, em Manaus mesmo, a visita dura praticamente o dia todo, j\u00e1 que al\u00e9m de visitar o encontro das \u00e1guas voc\u00ea ir\u00e1 visitar aldeias ind\u00edgenas , caminhar pela floresta, almo\u00e7ar e muito mais.<\/p>\n<h3>Manaus Pontos Tur\u00edsticos Arquip\u00e9lago de Anavilhanas<\/h3>\n<p>O <span style=\"text-decoration: underline;\">Arquipelago de Anavilhanas<\/span> \u00e9 um dos maiores arquip\u00e9lagos fluviais do mundo, \u00e9 formado por cerca de 400 ilhotas que fazem o destino ser incr\u00edvel. O acesso \u00e9 atrav\u00e9s de barco, em viagem que dura n\u00e3o mais que tr\u00eas horas. Diversas empresas oferecem pacotes que incluem pacotes, almo\u00e7o e ainda um passeio pelo rio negro e banho de cachoeiras.<\/p>\n<h3>Manaus Pontos Tur\u00edsticos Bosque da Ci\u00eancia<\/h3>\n<p>O <em>Bosque da ci\u00eancia<\/em> \u00e9 uma \u00f3tima pedida para quem quer conhecer mais sobre a fauna e flora da Amaz\u00f4nia. Isso porque diversas esp\u00e9cies que s\u00e3o amea\u00e7as de extin\u00e7\u00e3o s\u00e3o mantidas no bosque para evitar que o pior aconte\u00e7a. O passeio custa apenas 5 reais e \u00e9 fant\u00e1stico. \u00c9 poss\u00edvel ver on\u00e7as pintadas, peixe-bois e muito mais.<\/p>\n<p>Como fica localizado no meio da cidade de Manaus, para chegar em bem simples, seja de t\u00e1xi ou mesmo de transporte coletivo.<\/p>\n<h3>Manaus Pontos Tur\u00edsticos Zool\u00f3gico do Cigs<\/h3>\n<p>Semelhantemente ao Bosque da Ci\u00eancia, o <span style=\"text-decoration: underline;\">zool\u00f3gico do Cigs<\/span>, \u00e9 uma \u00f3tima pedida para quem pretende entrar mais em contato com a fauna e flora da Amaz\u00f4nia. No zool\u00f3gico existe um ambiente mais controlado, mais com cara de zool\u00f3gico mesmo, n\u00e3o t\u00e3o rustico como o bosque da ci\u00eancia.<\/p>\n<p>Tamb\u00e9m \u00e9 localizado no meio da cidade, o que facilita e muito o acesso.<\/p>\n<p>\u00c9 a praia mais conhecida de Manaus. Com uma boa faixa de areia \u00e9 a preferida dos manauaras. N\u00e3o \u00e9 t\u00e3o aconselh\u00e1vel tomar banho na praia, por n\u00e3o ser uma \u00e1gua t\u00e3o limpa. \u00c9 poss\u00edvel tamb\u00e9m praticar diversos esportes, sobretudo nas quartas e domingos com a faixa liberada.<\/p>\n<p>Localizada h\u00e1 13 quil\u00f4metros do centro da cidade, a chegada \u00e9 muito facilitada. Seja de t\u00e1xi ou mesmo de transporte coletivo.<\/p>\n<h3>Manaus Pontos Tur\u00edsticos Presidente Figueiredo<\/h3>\n<p>Cidade que possui umas das mais belas cachoeiras do Brasil. Mesmo n\u00e3o sendo em Manaus, especificamente, n\u00e3o pude deixar de acrescentar por ser bem pr\u00f3ximo a Manaus e belo visual deslumbrante.<\/p>\n<p>Para chegar em <em>Presidente Figueiredo<\/em> \u00e9 poss\u00edvel pegar um t\u00e1xi ou mesmo de \u00f4nibus, que \u00e9 mais aconselh\u00e1vel pelo pre\u00e7o.A<\/p>\n<p>Em presidente figueiredo \u00e9 poss\u00edvel encontrar dezenas de cachoeiras, grutas, trilhas e tudo o mais que um bom viajante gosta.<\/p>\n<h3>Manaus Pontos Tur\u00edsticos Museu do Seringal<\/h3>\n<p>O <span style=\"text-decoration: underline;\">Museu do Seringal<\/span> foi inicialmente constru\u00eddo para ser usado nas grava\u00e7\u00f5es do filme A Selva, tempos depois o Governo do Amazonas, acabou por decidir transformar a vila para\u00edso em um museu com visita\u00e7\u00e3o aberta.<\/p>\n<p>\u00c9 uma verdadeira imers\u00e3o no auge da era da borracha.<\/p>\n<p>\u00c9 poss\u00edvel visitar o museu entre ter\u00e7a e domingo de 08:00hrs \u00e0s 16:00hrs. Para chegar \u00e9 necess\u00e1rio pegar uma lancha no Porto da Marina Davi e pagar uma taxa de 12 reais.<\/p>\n<h3>Manaus Pontos Tur\u00edsticos Saborear comidas t\u00edpicas<\/h3>\n<p>N\u00e3o tem como ir no Amazonas e n\u00e3o se deliciar com as <em>comidas t\u00edpicas<\/em> da regi\u00e3o. Um dos principais atrativos s\u00e3o os variados tipos de peixes. Tambaqui, jaraqui e pirarucu s\u00e3o as melhores pedidas, seja cozidos, fritos ou assados.<\/p>\n<p>A\u00e7ai e Tacac\u00e1, apesar de serem pratost\u00edpicos do Par\u00e1, tamb\u00e9m s\u00e3o amplamente consumidos na capital amazonense, sobretudo o A\u00e7ai.<\/p>\n\n<div style=\"font-size: 0px; height: 0px; line-height: 0px; margin: 0; padding: 0; clear: both;\"><\/div>","protected":false},"excerpt":{"rendered":"<p>A variedade de atra\u00e7\u00f5es encontradas em Manaus fazem dela um dos principais destinos tur\u00edsticos do Brasil, sobretudo para turistas estrangeiros que est\u00e3o em busca de um maior contato com a natureza. De barco \u00e9 poss\u00edvel navegar pelos seus rios, igarap\u00e9s repletos de arvores e plantas t\u00edpicas dessa regi\u00e3o. Em solo firme as principais atra\u00e7\u00f5es s\u00e3o da \u00e9poca da borracha, \u00e9poca em que Manaus era uma das cidades mais importantes do pa\u00eds, sendo inclusive a primeira cidade do Brasil a ter energia el\u00e9trica. Manaus Pontos Tur\u00edsticos Teatro Amazonas O Teatro Amazonas \u00e9 o s\u00edmbolo m\u00e1ximo do per\u00edodo da borracha, o teatro <\/p>\n","protected":false},"author":1,"featured_media":0,"parent":0,"menu_order":0,"comment_status":"closed","ping_status":"closed","template":"","meta":{"footnotes":""},"class_list":["post-2800","page","type-page","status-publish","hentry"],"aioseo_notices":[],"_links":{"self":[{"href":"https:\/\/www.encontramanausam.com.br\/sobre\/wp-json\/wp\/v2\/pages\/2800","targetHints":{"allow":["GET"]}}],"collection":[{"href":"https:\/\/www.encontramanausam.com.br\/sobre\/wp-json\/wp\/v2\/pages"}],"about":[{"href":"https:\/\/www.encontramanausam.com.br\/sobre\/wp-json\/wp\/v2\/types\/page"}],"author":[{"embeddable":true,"href":"https:\/\/www.encontramanausam.com.br\/sobre\/wp-json\/wp\/v2\/users\/1"}],"replies":[{"embeddable":true,"href":"https:\/\/www.encontramanausam.com.br\/sobre\/wp-json\/wp\/v2\/comments?post=2800"}],"version-history":[{"count":1,"href":"https:\/\/www.encontramanausam.com.br\/sobre\/wp-json\/wp\/v2\/pages\/2800\/revisions"}],"predecessor-version":[{"id":2808,"href":"https:\/\/www.encontramanausam.com.br\/sobre\/wp-json\/wp\/v2\/pages\/2800\/revisions\/2808"}],"wp:attachment":[{"href":"https:\/\/www.encontramanausam.com.br\/sobre\/wp-json\/wp\/v2\/media?parent=2800"}],"curies":[{"name":"wp","href":"https:\/\/api.w.org\/{rel}","templated":true}]}}