{"id":2795,"date":"2018-12-07T10:01:33","date_gmt":"2018-12-07T13:01:33","guid":{"rendered":"http:\/\/www.encontramanausam.com.br\/sobre\/?page_id=2795"},"modified":"2018-12-07T10:05:32","modified_gmt":"2018-12-07T13:05:32","slug":"paco-municipal-manaus","status":"publish","type":"page","link":"https:\/\/www.encontramanausam.com.br\/sobre\/paco-municipal-manaus\/","title":{"rendered":"Pa\u00e7o Municipal Manaus"},"content":{"rendered":"<div class=\"882fdd0d88065009358e99f1a9406c55\" data-index=\"1\" style=\"float: none; margin:0px;\">\n<script async src=\"https:\/\/pagead2.googlesyndication.com\/pagead\/js\/adsbygoogle.js?client=ca-pub-8585364105181520\"\r\n     crossorigin=\"anonymous\"><\/script>\r\n<!-- Anuncio display - global -->\r\n<ins class=\"adsbygoogle\"\r\n     style=\"display:block\"\r\n     data-ad-client=\"ca-pub-8585364105181520\"\r\n     data-ad-slot=\"8789329856\"\r\n     data-ad-format=\"auto\"\r\n     data-full-width-responsive=\"true\"><\/ins>\r\n<script>\r\n     (adsbygoogle = window.adsbygoogle || []).push({});\r\n<\/script>\n<\/div>\n<p>O Pa\u00e7o da Liberdade, tamb\u00e9m conhecido como <strong>Pa\u00e7o Municipal Manaus<\/strong>, \u00e9 um dos espa\u00e7os mais antigos de Manaus.<\/p>\n<p>O pr\u00e9dio, que durante d\u00e9cadas foi sede da Prefeitura Municipal, une beleza arquitet\u00f4nica com as origens da cidade. Visit\u00e1-lo \u00e9 conhecer as artes modernas e, ao mesmo tempo, ter um raro momento de observar vest\u00edgios arqueol\u00f3gicos locais.<\/p>\n<p><img loading=\"lazy\" decoding=\"async\" class=\"aligncenter wp-image-2798 size-full\" title=\"Pa\u00e7o Municipal Manaus\" src=\"http:\/\/www.encontramanausam.com.br\/sobre\/wp-content\/uploads\/2018\/12\/paco-municipal-manaus.jpg\" alt=\"Pa\u00e7o Municipal Manaus\" width=\"680\" height=\"189\" srcset=\"https:\/\/www.encontramanausam.com.br\/sobre\/wp-content\/uploads\/2018\/12\/paco-municipal-manaus.jpg 680w, https:\/\/www.encontramanausam.com.br\/sobre\/wp-content\/uploads\/2018\/12\/paco-municipal-manaus-300x83.jpg 300w\" sizes=\"auto, (max-width: 680px) 100vw, 680px\" \/><\/p>\n<p>O pr\u00e9dio, localizado na Pra\u00e7a D. Pedro II, s\/n, Centro, depois que o Poder Executivo mudou de endere\u00e7o, ficou ocioso, aguardando reforma e revitaliza\u00e7\u00e3o, que s\u00f3 foi finalizada em 2012.<\/p>\n<h2>Pa\u00e7o Municipal Manaus Hist\u00f3ria<\/h2>\n<p>Mas a <span style=\"text-decoration: underline;\">hist\u00f3ria<\/span> vai muito al\u00e9m disso. O pa\u00e7o data de 1871, quando foi lan\u00e7ada a pedra fundamental. Cinco anos depois, abrigou a sede do governo da Prov\u00edncia do Amazonas. Em seguida, a sede do governo do Estado, ap\u00f3s a Proclama\u00e7\u00e3o da Rep\u00fablica no Brasil. Foi, al\u00e9m disso, resid\u00eancia do presidente da Prov\u00edncia (1874-1889) e de governadores do Estado (1889-1917). Em 1917, tornou-se sede da Prefeitura de Manaus.<\/p>\n<p>O Pa\u00e7o Municipal tem apenas um andar, mas suas amplas salas s\u00e3o divididas em diferentes se\u00e7\u00f5es, que abrigam exposi\u00e7\u00f5es permanentes e tempor\u00e1rias. A fachada do pr\u00e9dio apresenta tend\u00eancia neocl\u00e1ssica, com um front\u00e3o e janelas caracter\u00edsticas.<\/p>\n<p>No hall s\u00e3o realizadas exposi\u00e7\u00f5es tempor\u00e1rias. Numa das salas do pr\u00e9dio foi instalado um memorial em homenagem ao poeta amazonense Thiago de Mello. O mural conta com um retrato esculpido em bronze do autor e textos de personalidades manauaras, como o escritor Zemaria Pinto, o artista pl\u00e1stico \u00d3scar Ramos, o diretor-presidente da Funda\u00e7\u00e3o Municipal de Cultura, Turismo e Eventos (Manauscult), Bernardo Monteiro de Paula, e o prefeito Arthur Virg\u00edlio Neto.<\/p>\n<p>Com 2 metros de altura e cerca de 3 metros de largura, o painel tamb\u00e9m traz trechos de obras do poeta, como o famoso \u201cOs Estatutos do Homem\u201d, lido na promulga\u00e7\u00e3o da Constitui\u00e7\u00e3o de 1988. O mural integra a Cole\u00e7\u00e3o Thiago de Mello, composta por 30 quadros doados pelo poeta, entre os quais obras do espanhol Juan Mir\u00f3 e do chileno Roger Bru, em exposi\u00e7\u00e3o no Pa\u00e7o da Liberdade.<\/p>\n<p>Nas outras salas, est\u00e3o exposi\u00e7\u00f5es de artes pl\u00e1sticas, entre pinturas, esculturas e instala\u00e7\u00f5es art\u00edsticas. Uma dessas instala\u00e7\u00f5es \u00e9 de cria\u00e7\u00e3o do artista pl\u00e1stico Roberto Evangelista, um dos mais renomados do Estado. Outro trabalho de Evangelista, que integra o acervo, \u00e9 uma sala de videoarte da s\u00e9rie \u201cMater Dolorosa\u201d.<\/p>\n<p><span style=\"text-decoration: underline;\">A Sala de Arqueologia<\/span><\/p>\n<p>Um outro espa\u00e7o relevante \u00e9 a Sala de Arqueologia, onde se pode observar de cima de um piso de vidro resistente, com ilumina\u00e7\u00e3o especial, fragmentos arqueol\u00f3gicos e uma urna funer\u00e1ria encontrada durante as obras realizadas no local.<\/p>\n<p>A urna, estimada com datas entre 2 e 7 mil anos, \u00e9 um exemplar de como os povos nativos pr\u00e9-colombianos enterravam seus mortos e prova concreta do passado ind\u00edgena de Manaus.<\/p>\n<p><span style=\"text-decoration: underline;\">Sal\u00e3o Nobre<\/span><\/p>\n<p>H\u00e1 ainda, ao lado da Sala de Arqueologia, ambientes com mobili\u00e1rio de estilo manuelino, muito usado nos anos 1910 em Manaus, que compunham o gabinete do prefeito. No Sal\u00e3o Nobre, o principal do pr\u00e9dio, bel\u00edssimas molduras em relevo circundam os retratos dos prefeitos que estiveram \u00e0 frente do Poder Executivo. No teto, um trabalho impressionante de relevo do escudo que simboliza a Prefeitura de Manaus e da vit\u00f3ria-r\u00e9gia, s\u00edmbolo da flora amaz\u00f4nica.<\/p>\n<p><span style=\"text-decoration: underline;\">Arredores<\/span><\/p>\n<p>Ao redor do Pa\u00e7o Municipal h\u00e1 outro importante pr\u00e9dio hist\u00f3rico, o Pal\u00e1cio Rio Branco, antiga sede da Assembleia Legislativa do Amazonas. Atualmente, o pr\u00e9dio, ainda imponente, abriga administra\u00e7\u00f5es de alguns \u00f3rg\u00e3os p\u00fablicos municipais e um gabinete onde o prefeito Arthur Virg\u00edlio d\u00e1 expediente ocasional. Em frente ao Pa\u00e7o est\u00e1 uma das mais importantes pra\u00e7as da cidade, a Pra\u00e7a Dom Pedro II, que tamb\u00e9m passou por reforma, sobretudo em seu coreto e em seu chafariz.<\/p>\n<p>Ao lado do Pa\u00e7o Municipal est\u00e1 uma das mais antigas vias da cidade, a Bernardo Ramos, que apresenta rua de paralelep\u00edpedos e um conjunto pitoresco de casas coloridas.<\/p>\n<p>O Pa\u00e7o Municipal e seus arredores, em resumo, oferece rara vis\u00e3o da Manaus buc\u00f3lica e bem tratada da Belle \u00c9poque. No mesmo espa\u00e7o, por\u00e9m, ainda resiste \u00e0 reforma o pr\u00e9dio do Cabar\u00e9 Chinelo, hoje em ru\u00ednas, onde foi comemorado o R\u00e9veillon de 1900, um dos principais marcos do Per\u00edodo \u00c1ureo da Borracha, quando o Amazonas era o principal exportador brasileiro e os bar\u00f5es acendiam charutos com notas de US$ 100.<\/p>\n<h3>Pa\u00e7o Municipal Manaus Programa\u00e7\u00e3o<\/h3>\n<p>Iniciado em 2015, o Passo a Pa\u00e7o, projeto de ocupa\u00e7\u00e3o cultural do Centro Hist\u00f3rico de Manaus, vem expandindo fronteiras a cada edi\u00e7\u00e3o, consolidando-se como o Festival de Artes Integradas da Amaz\u00f4nia, por meio da promo\u00e7\u00e3o do encontro de variadas express\u00f5es e linguagens art\u00edstico-culturais, nacionais e locais, no ber\u00e7o hist\u00f3rico da capital amazonense.<\/p>\n<p>A<em> programa\u00e7\u00e3o<\/em>, realizada pela Prefeitura de Manaus, conecta gastronomia contempor\u00e2nea regional a m\u00fasica, teatro, dan\u00e7a, instala\u00e7\u00f5es culturais e exposi\u00e7\u00f5es de artes pl\u00e1sticas, proporcionando novas viv\u00eancias e experi\u00eancias ao p\u00fablico em meio ao s\u00edtio hist\u00f3rico manauara.<\/p>\n<p>O evento acontece anualmente, no segundo semestre, no entorno do Pa\u00e7o da Liberdade, um dos \u00faltimos exemplares da arquitetura neocl\u00e1ssica do Brasil e que hoje abriga o Museu da Cidade de Manaus.<\/p>\n<h3>Hor\u00e1rio de Funcionamento Pa\u00e7o Municipal Manaus<\/h3>\n<ul>\n<li>Segunda a sexta das 8h \u00e0s 17h<\/li>\n<\/ul>\n<h3>Onde Fica, Endere\u00e7o e Telefone Pa\u00e7o Municipal Manaus<\/h3>\n<ul>\n<li>Pra\u00e7a D. Pedro II, s\/n, Centro &#8211; Manaus &#8211; AM<\/li>\n<li>Telefone: (92) 3622-4991<\/li>\n<\/ul>\n<h4>Mapa de localiza\u00e7\u00e3o<\/h4>\n<a class=\"wp-colorbox-iframe\" href=\"https:\/\/www.google.com\/maps\/embed?pb=!1m18!1m12!1m3!1d3983.849864365159!2d-60.03079155123641!3d-3.1343408413028127!2m3!1f0!2f0!3f0!3m2!1i1024!2i768!4f13.1!3m3!1m2!1s0x926c0f80d6afa8750x469f6ef5e544cd31!2sMuseu+da+Cidade+de+Manaus!5e0!3m2!1spt-BR!2sbr!4v1544103426517\"><img decoding=\"async\" src=\"http:\/\/www.encontramanausam.com.br\/imgs\/maps-post.png\"><\/a>\n\n<div style=\"font-size: 0px; height: 0px; line-height: 0px; margin: 0; padding: 0; clear: both;\"><\/div>","protected":false},"excerpt":{"rendered":"<p>O Pa\u00e7o da Liberdade, tamb\u00e9m conhecido como Pa\u00e7o Municipal Manaus, \u00e9 um dos espa\u00e7os mais antigos de Manaus. O pr\u00e9dio, que durante d\u00e9cadas foi sede da Prefeitura Municipal, une beleza arquitet\u00f4nica com as origens da cidade. Visit\u00e1-lo \u00e9 conhecer as artes modernas e, ao mesmo tempo, ter um raro momento de observar vest\u00edgios arqueol\u00f3gicos locais. O pr\u00e9dio, localizado na Pra\u00e7a D. Pedro II, s\/n, Centro, depois que o Poder Executivo mudou de endere\u00e7o, ficou ocioso, aguardando reforma e revitaliza\u00e7\u00e3o, que s\u00f3 foi finalizada em 2012. Pa\u00e7o Municipal Manaus Hist\u00f3ria Mas a hist\u00f3ria vai muito al\u00e9m disso. O pa\u00e7o data de <\/p>\n","protected":false},"author":1,"featured_media":0,"parent":0,"menu_order":0,"comment_status":"closed","ping_status":"closed","template":"","meta":{"footnotes":""},"class_list":["post-2795","page","type-page","status-publish","hentry"],"aioseo_notices":[],"_links":{"self":[{"href":"https:\/\/www.encontramanausam.com.br\/sobre\/wp-json\/wp\/v2\/pages\/2795","targetHints":{"allow":["GET"]}}],"collection":[{"href":"https:\/\/www.encontramanausam.com.br\/sobre\/wp-json\/wp\/v2\/pages"}],"about":[{"href":"https:\/\/www.encontramanausam.com.br\/sobre\/wp-json\/wp\/v2\/types\/page"}],"author":[{"embeddable":true,"href":"https:\/\/www.encontramanausam.com.br\/sobre\/wp-json\/wp\/v2\/users\/1"}],"replies":[{"embeddable":true,"href":"https:\/\/www.encontramanausam.com.br\/sobre\/wp-json\/wp\/v2\/comments?post=2795"}],"version-history":[{"count":2,"href":"https:\/\/www.encontramanausam.com.br\/sobre\/wp-json\/wp\/v2\/pages\/2795\/revisions"}],"predecessor-version":[{"id":2804,"href":"https:\/\/www.encontramanausam.com.br\/sobre\/wp-json\/wp\/v2\/pages\/2795\/revisions\/2804"}],"wp:attachment":[{"href":"https:\/\/www.encontramanausam.com.br\/sobre\/wp-json\/wp\/v2\/media?parent=2795"}],"curies":[{"name":"wp","href":"https:\/\/api.w.org\/{rel}","templated":true}]}}