{"id":2788,"date":"2018-12-07T09:56:52","date_gmt":"2018-12-07T12:56:52","guid":{"rendered":"http:\/\/www.encontramanausam.com.br\/sobre\/?page_id=2788"},"modified":"2018-12-07T09:56:52","modified_gmt":"2018-12-07T12:56:52","slug":"justica-itinerante-manaus","status":"publish","type":"page","link":"https:\/\/www.encontramanausam.com.br\/sobre\/justica-itinerante-manaus\/","title":{"rendered":"Justi\u00e7a Itinerante Manaus"},"content":{"rendered":"<div class=\"882fdd0d88065009358e99f1a9406c55\" data-index=\"1\" style=\"float: none; margin:0px;\">\n<script async src=\"https:\/\/pagead2.googlesyndication.com\/pagead\/js\/adsbygoogle.js?client=ca-pub-8585364105181520\"\r\n     crossorigin=\"anonymous\"><\/script>\r\n<!-- Anuncio display - global -->\r\n<ins class=\"adsbygoogle\"\r\n     style=\"display:block\"\r\n     data-ad-client=\"ca-pub-8585364105181520\"\r\n     data-ad-slot=\"8789329856\"\r\n     data-ad-format=\"auto\"\r\n     data-full-width-responsive=\"true\"><\/ins>\r\n<script>\r\n     (adsbygoogle = window.adsbygoogle || []).push({});\r\n<\/script>\n<\/div>\n<p>De uma forma gratuita, eficiente e desburocratizada, o Projeto <strong>Justi\u00e7a Itinerante Manaus<\/strong>, instiu\u00eddo pela Resolu\u00e7\u00e3o n\u00ba 009, de 18 de setembro de 2003, visa aproximar a popula\u00e7\u00e3o ao Poder Judici\u00e1rio, facilitando o exerc\u00edcio de sua cidadania.<\/p>\n<p>Tal atividade jurisdicional \u00e9 propiciada por meio de uma unidade m\u00f3vel adaptada e interligada \u00e0 rede do Tribunal de Justi\u00e7a, com estrutura pr\u00f3pria, integra o Poder Judici\u00e1rio \u00e0s comunidades.<\/p>\n<p><img loading=\"lazy\" decoding=\"async\" class=\"aligncenter wp-image-2791 size-full\" title=\"Justi\u00e7a Itinerante Manaus\" src=\"http:\/\/www.encontramanausam.com.br\/sobre\/wp-content\/uploads\/2018\/12\/justica-itinerante-manaus.jpg\" alt=\"Justi\u00e7a Itinerante Manaus\" width=\"680\" height=\"189\" srcset=\"https:\/\/www.encontramanausam.com.br\/sobre\/wp-content\/uploads\/2018\/12\/justica-itinerante-manaus.jpg 680w, https:\/\/www.encontramanausam.com.br\/sobre\/wp-content\/uploads\/2018\/12\/justica-itinerante-manaus-300x83.jpg 300w\" sizes=\"auto, (max-width: 680px) 100vw, 680px\" \/><\/p>\n<p>Voltada \u00e0 resolu\u00e7\u00e3o dos conflitos sociais na \u00e1rea do direito civil e de fam\u00edlia, de forma consensual e com foco no di\u00e1logo, orienta a popula\u00e7\u00e3o sobre seus direitos e deveres, utiliza-se, para isso, mediadores e conciliadores preparados tecnicamente para este fim.<\/p>\n<p>Dentre as in\u00fameras causas de compet\u00eancia do referido projeto, podemos citar:<\/p>\n<ul>\n<li>Causas que n\u00e3o excedam 20 (vinte) sal\u00e1rios m\u00ednimos<\/li>\n<li>Nota Promiss\u00f3ria vencida<\/li>\n<li>Cheques sem fundo<\/li>\n<li>Cobran\u00e7as (aluguel, t\u00edtulos, d\u00edvidas em geral)<\/li>\n<li>N\u00e3o cumprimento de acordos<\/li>\n<li>Apresenta\u00e7\u00e3o de mercadorias com defeito<\/li>\n<li>Div\u00f3rcio &#8211; Pens\u00e3o Aliment\u00edcia<\/li>\n<li>Guarda de filhos, Direito de visita<\/li>\n<li>Reconhecimento volunt\u00e1rio de paternidade (mediante acordo)<\/li>\n<li>Negativa\u00e7\u00e3o indevida do nome nos cadastros de prote\u00e7\u00e3o ao cr\u00e9dito (SPC\/SERASA)<\/li>\n<li>Entre outros da mesma esp\u00e9cie.<\/li>\n<\/ul>\n<h2>Justi\u00e7a Itinerante Manaus \u00d4nibus<\/h2>\n<p>\u00c9 a justi\u00e7a disponibilizada por meio de unidades m\u00f3veis, geralmente, por meio de <em>\u00f4nibus<\/em> adaptados, para levar a atividade jurisdicional do Estado aos lugares mais long\u00ednquos e necessitados. Composta por um juiz, conciliadores e defensores p\u00fablicos.<\/p>\n<h3>Justi\u00e7a Itinerante Calend\u00e1rio Manaus<\/h3>\n<p>Fique atento ao site, l\u00e1 mostra onde o \u00f4nibus da Justi\u00e7a Itinerante vai estar.<\/p>\n<h4>Outras informa\u00e7\u00f5es e site<\/h4>\n<ul>\n<li>Mais informa\u00e7\u00f5es: <a href=\"http:\/\/www.tjam.jus.br\/index.php?option=com_content&amp;view=article&amp;id=2888&amp;Itemid=141\" target=\"_blank\" rel=\"noopener noreferrer\">www.tjam.jus.br<\/a><\/li>\n<\/ul>\n\n<div style=\"font-size: 0px; height: 0px; line-height: 0px; margin: 0; padding: 0; clear: both;\"><\/div>","protected":false},"excerpt":{"rendered":"<p>De uma forma gratuita, eficiente e desburocratizada, o Projeto Justi\u00e7a Itinerante Manaus, instiu\u00eddo pela Resolu\u00e7\u00e3o n\u00ba 009, de 18 de setembro de 2003, visa aproximar a popula\u00e7\u00e3o ao Poder Judici\u00e1rio, facilitando o exerc\u00edcio de sua cidadania. Tal atividade jurisdicional \u00e9 propiciada por meio de uma unidade m\u00f3vel adaptada e interligada \u00e0 rede do Tribunal de Justi\u00e7a, com estrutura pr\u00f3pria, integra o Poder Judici\u00e1rio \u00e0s comunidades. Voltada \u00e0 resolu\u00e7\u00e3o dos conflitos sociais na \u00e1rea do direito civil e de fam\u00edlia, de forma consensual e com foco no di\u00e1logo, orienta a popula\u00e7\u00e3o sobre seus direitos e deveres, utiliza-se, para isso, mediadores e <\/p>\n","protected":false},"author":1,"featured_media":0,"parent":0,"menu_order":0,"comment_status":"closed","ping_status":"closed","template":"","meta":{"footnotes":""},"class_list":["post-2788","page","type-page","status-publish","hentry"],"aioseo_notices":[],"_links":{"self":[{"href":"https:\/\/www.encontramanausam.com.br\/sobre\/wp-json\/wp\/v2\/pages\/2788","targetHints":{"allow":["GET"]}}],"collection":[{"href":"https:\/\/www.encontramanausam.com.br\/sobre\/wp-json\/wp\/v2\/pages"}],"about":[{"href":"https:\/\/www.encontramanausam.com.br\/sobre\/wp-json\/wp\/v2\/types\/page"}],"author":[{"embeddable":true,"href":"https:\/\/www.encontramanausam.com.br\/sobre\/wp-json\/wp\/v2\/users\/1"}],"replies":[{"embeddable":true,"href":"https:\/\/www.encontramanausam.com.br\/sobre\/wp-json\/wp\/v2\/comments?post=2788"}],"version-history":[{"count":1,"href":"https:\/\/www.encontramanausam.com.br\/sobre\/wp-json\/wp\/v2\/pages\/2788\/revisions"}],"predecessor-version":[{"id":2793,"href":"https:\/\/www.encontramanausam.com.br\/sobre\/wp-json\/wp\/v2\/pages\/2788\/revisions\/2793"}],"wp:attachment":[{"href":"https:\/\/www.encontramanausam.com.br\/sobre\/wp-json\/wp\/v2\/media?parent=2788"}],"curies":[{"name":"wp","href":"https:\/\/api.w.org\/{rel}","templated":true}]}}