{"id":2683,"date":"2018-11-29T16:12:21","date_gmt":"2018-11-29T19:12:21","guid":{"rendered":"http:\/\/www.encontramanausam.com.br\/sobre\/?page_id=2683"},"modified":"2019-01-30T08:30:32","modified_gmt":"2019-01-30T11:30:32","slug":"inss-manaus","status":"publish","type":"page","link":"https:\/\/www.encontramanausam.com.br\/sobre\/inss-manaus\/","title":{"rendered":"INSS Manaus"},"content":{"rendered":"<div class=\"882fdd0d88065009358e99f1a9406c55\" data-index=\"1\" style=\"float: none; margin:0px;\">\n<script async src=\"https:\/\/pagead2.googlesyndication.com\/pagead\/js\/adsbygoogle.js?client=ca-pub-8585364105181520\"\r\n     crossorigin=\"anonymous\"><\/script>\r\n<!-- Anuncio display - global -->\r\n<ins class=\"adsbygoogle\"\r\n     style=\"display:block\"\r\n     data-ad-client=\"ca-pub-8585364105181520\"\r\n     data-ad-slot=\"8789329856\"\r\n     data-ad-format=\"auto\"\r\n     data-full-width-responsive=\"true\"><\/ins>\r\n<script>\r\n     (adsbygoogle = window.adsbygoogle || []).push({});\r\n<\/script>\n<\/div>\n<p>Instituto Nacional do Seguro Social (<strong>INSS Manaus<\/strong>) \u00e9 uma autarquia do Governo do Brasil vinculada ao Minist\u00e9rio do Desenvolvimento Social que recebe as contribui\u00e7\u00f5es para a manuten\u00e7\u00e3o do Regime Geral da previd\u00eancia social.<\/p>\n<p>Respons\u00e1vel pelo pagamento da aposentadoria, pens\u00e3o por morte, aux\u00edlio-doen\u00e7a, aux\u00edlio-acidente e outros benef\u00edcios para aqueles que adquirirem o direito a estes benef\u00edcios segundo o previsto pela lei.<\/p>\n<p><img loading=\"lazy\" decoding=\"async\" class=\"aligncenter wp-image-2686 size-full\" title=\"INSS Manaus\" src=\"http:\/\/www.encontramanausam.com.br\/sobre\/wp-content\/uploads\/2018\/11\/inss-manaus.jpg\" alt=\"INSS Manaus\" width=\"680\" height=\"189\" srcset=\"https:\/\/www.encontramanausam.com.br\/sobre\/wp-content\/uploads\/2018\/11\/inss-manaus.jpg 680w, https:\/\/www.encontramanausam.com.br\/sobre\/wp-content\/uploads\/2018\/11\/inss-manaus-300x83.jpg 300w\" sizes=\"auto, (max-width: 680px) 100vw, 680px\" \/><\/p>\n<p>O INSS trabalha junto \u00e0 Dataprev, empresa de tecnologia que faz o processamento de todos os dados da Previd\u00eancia.<\/p>\n<p>Al\u00e9m do regime geral, os estados e munic\u00edpios podem instituir os seus regimes pr\u00f3prios financiados por contribui\u00e7\u00f5es espec\u00edficas.<\/p>\n<h2>INSS Manaus Sal\u00e1rio Maternidade<\/h2>\n<p><em>Pago no caso de nascimento de filho ou de ado\u00e7\u00e3o de crian\u00e7a.<\/em><\/p>\n<p>Benef\u00edcio devido a pessoa que se afasta de sua atividade, por motivo de nascimento de filho, aborto n\u00e3o criminoso, ado\u00e7\u00e3o ou guarda judicial para fins de ado\u00e7\u00e3o.<\/p>\n<p>Aten\u00e7\u00e3o! <span style=\"text-decoration: underline;\">Sal\u00e1rio-Maternidade<\/span> da segurada empregada em empresa deve ser solicitado diretamente ao empregador<\/p>\n<p>O atendimento deste servi\u00e7o ser\u00e1 realizado \u00e0 dist\u00e2ncia, n\u00e3o sendo necess\u00e1rio o comparecimento presencial nas unidades do INSS, a n\u00e3o ser quando solicitado para comprova\u00e7\u00e3o.<\/p>\n<p>O <em>Sal\u00e1rio maternidade Rural<\/em> dever\u00e1 ser agendado.<\/p>\n<p>O <em>sal\u00e1rio-maternidade do empregado do microempreendedor individual<\/em> deve ser requerido diretamente no INSS (\u00a7 3\u00ba do artigo 72 da Lei n\u00ba 8.213\/1991).<\/p>\n<h3>INSS Manaus Agendamento<\/h3>\n<p>O <span style=\"text-decoration: underline;\">agendamento<\/span> tem por finalidade viabilizar um atendimento mais c\u00f4modo e resolutivo para voc\u00ea, al\u00e9m de permitir \u00e0s ag\u00eancias do INSS se planejarem para o atendimento de acordo com a for\u00e7a de trabalho de cada unidade. O agendamento \u00e9 um protocolo v\u00e1lido e garante todos os seus direitos. Depois de agendar, lembre-se de conferir, na p\u00e1gina do pr\u00f3prio servi\u00e7o, a documenta\u00e7\u00e3o que voc\u00ea deve levar no dia do seu atendimento.<\/p>\n<p>Aten\u00e7\u00e3o<\/p>\n<p>Se voc\u00ea \u00e9 trabalhador urbano, dever\u00e1 fazer seu requerimento do Sal\u00e1rio-Maternidade ou Aposentadoria por Idade no novo modelo de atendimento, ou seja, diretamente pelo telefone 135 ou por meio de login e senha no Meu INSS, sem necessidade de agendamento e de ir ao INSS para levar documentos e formalizar o pedido. Nesses casos, o segurado s\u00f3 vai a ag\u00eancia se for chamado.<\/p>\n<h3>Agendamento Per\u00edcia INSS<\/h3>\n<p>Devido ao segurado que comprove estar temporariamente incapaz para o trabalho.<br \/>\nO <span style=\"text-decoration: underline;\">Aux\u00edlio-Doen\u00e7a<\/span> \u00e9 um benef\u00edcio por incapacidade devido ao segurado do INSS que comprove, em per\u00edcia m\u00e9dica, estar temporariamente incapaz para o trabalho em decorr\u00eancia de doen\u00e7a ou acidente.<\/p>\n<p>Caso o segurado n\u00e3o possa comparecer \u00e0 per\u00edcia m\u00e9dica no dia e hora agendados, ele pode solicitar a remarca\u00e7\u00e3o, uma \u00fanica vez, at\u00e9 tr\u00eas dias antes da data agendada, pela Central 135 ou comparecendo diretamente \u00e0 Ag\u00eancia da Previd\u00eancia Social.<\/p>\n<p>Em casos de interna\u00e7\u00e3o hospitalar ou restri\u00e7\u00e3o ao leito (acamado), o prazo para remarca\u00e7\u00e3o \u00e9 de sete dias antes ou at\u00e9 a data agendada, sendo necess\u00e1rio o comparecimento do representante legal \u00e0 Ag\u00eancia do INSS.<\/p>\n<p>Se o segurado n\u00e3o comparecer na data agendada ou n\u00e3o efetivar a remarca\u00e7\u00e3o da per\u00edcia m\u00e9dica ou solicitar o cancelamento do requerimento, ficar\u00e1 impossibilitado de requerer novamente benef\u00edcio pelos pr\u00f3ximos 30 dias.<\/p>\n<p>Nos \u00faltimos 15 dias do aux\u00edlio-doen\u00e7a, caso julgue que o prazo inicialmente concedido para a recupera\u00e7\u00e3o se revelou insuficiente para retorno ao trabalho, o segurado poder\u00e1 solicitar a prorroga\u00e7\u00e3o do benef\u00edcio pela Central 135, internet ou comparecendo em uma ag\u00eancia do INSS.<\/p>\n<p>Caso n\u00e3o concorde com o indeferimento ou a cessa\u00e7\u00e3o do benef\u00edcio e n\u00e3o seja mais poss\u00edvel solicitar prorroga\u00e7\u00e3o, o segurado pode entrar com recurso \u00e0 Junta de Recursos, em at\u00e9 30 dias contados a partir da data em que tomar ci\u00eancia da decis\u00e3o do INSS (Portaria MDSA n\u00ba 152, de 25\/08\/2016).<\/p>\n<p>Documentos originais e formul\u00e1rios necess\u00e1rios:<\/p>\n<ul>\n<li>Documento de identifica\u00e7\u00e3o oficial com foto, que permita o reconhecimento do requerente;<\/li>\n<li>N\u00famero do CPF;<\/li>\n<li>Carteira de trabalho, carn\u00eas de contribui\u00e7\u00e3o e outros documentos que comprovem pagamento ao INSS;<\/li>\n<li>Documentos m\u00e9dicos decorrentes de seu tratamento, como atestados, exames, relat\u00f3rios, etc, para serem analisados no dia da per\u00edcia m\u00e9dica do INSS;<\/li>\n<li>Para o empregado: declara\u00e7\u00e3o carimbada e assinada do empregador, informando a data do \u00faltimo dia trabalhado (se precisar, imprima o requerimento);<\/li>\n<li>Comunica\u00e7\u00e3o de acidente de trabalho (CAT), se for o caso;<\/li>\n<li>Para o segurado especial (trabalhador rural, lavrador, pescador): documentos que comprovem esta situa\u00e7\u00e3o, como declara\u00e7\u00e3o de sindicato, contratos de arrendamento, entre outros.<\/li>\n<\/ul>\n<h3>INSS Manaus Aposentadoria<\/h3>\n<p><em>Benef\u00edcio devido ao cidad\u00e3o que comprovar o tempo total de 35 anos de contribui\u00e7\u00e3o, se homem, ou 30 anos de contribui\u00e7\u00e3o, se mulher.<\/em><\/p>\n<p>Quem pode utilizar esse servi\u00e7o?<\/p>\n<p>Cidad\u00e3o que j\u00e1 possui tempo m\u00ednimo de contribui\u00e7\u00e3o exigido, conforme as regras abaixo:<br \/>\nExistem tr\u00eas regras para esse tipo de benef\u00edcio:<\/p>\n<p>Regra 1: 85\/95 progressiva<br \/>\nN\u00e3o h\u00e1 idade m\u00ednima<br \/>\nPara a concess\u00e3o da aposentadoria integral a soma da idade e o tempo de contribui\u00e7\u00e3o do cidad\u00e3o dever\u00e1 atingir a quantidade de pontos exigidos:<\/p>\n<p style=\"padding-left: 60px;\">&#8211;\u00a0Para homem: 95 pontos, sendo no m\u00ednimo 35 anos de contribui\u00e7\u00e3o + idade.<br \/>\n&#8211;\u00a0Para mulher: 85 pontos, sendo no m\u00ednimo 30 anos de contribui\u00e7\u00e3o + soma idade. Aten\u00e7\u00e3o! A partir de 31 de dezembro de 2018 o total de pontos ser\u00e1 progressivo at\u00e9 2026. A cada dois anos, ser\u00e1 acrescido um ponto, at\u00e9 a soma de 90 pontos para mulheres e 100 pontos para homens.<br \/>\n&#8211;\u00a0Pessoa com tempo m\u00ednimo de 180 meses efetivamente trabalhados<br \/>\n&#8211;\u00a0A aplica\u00e7\u00e3o do fator previdenci\u00e1rio para o c\u00e1lculo desse benef\u00edcio \u00e9 opcional.<\/p>\n<p>Regra 2: com 30\/35 anos de contribui\u00e7\u00e3o<\/p>\n<p style=\"padding-left: 60px;\">\u00a0&#8211; N\u00e3o h\u00e1 idade m\u00ednima<br \/>\n&#8211; Tempo total de contribui\u00e7\u00e3o<br \/>\n&#8211; 35 anos de contribui\u00e7\u00e3o (homem)<br \/>\n&#8211; 30 anos de contribui\u00e7\u00e3o (mulher)<br \/>\n&#8211; Pessoa com tempo m\u00ednimo de 180 meses efetivamente trabalhados<br \/>\n&#8211; A aplica\u00e7\u00e3o do fator previdenci\u00e1rio para o c\u00e1lculo desse benef\u00edcio \u00e9 opcional.<\/p>\n<p>Regra 3: para aposentadoria proporcional<\/p>\n<p style=\"padding-left: 60px;\">&#8211;\u00a0Cidad\u00e3o com idade m\u00ednima de 48 anos (mulher) e 53 anos (homem)<br \/>\n&#8211;\u00a0Tempo total de contribui\u00e7\u00e3o<br \/>\n&#8211;\u00a025 anos de contribui\u00e7\u00e3o + o tempo adicional (mulher)<br \/>\n&#8211;\u00a030 anos de contribui\u00e7\u00e3o + o tempo adicional (homem)<br \/>\n&#8211;\u00a0180 meses efetivamente trabalhados,<br \/>\n&#8211;\u00a0Tem aplica\u00e7\u00e3o do fator previdenci\u00e1rio para o c\u00e1lculo deste benef\u00edcio<\/p>\n<p>At\u00e9 16\/12\/1998 havia a Aposentadoria Proporcional. Contudo, desde essa data, n\u00e3o existe mais essa regra. Mas para aqueles que j\u00e1 eram inscritos at\u00e9 16\/12\/1998 \u00e9 poss\u00edvel pedir o benef\u00edcio, desde que complete o tempo necess\u00e1rio segundo a regra de transi\u00e7\u00e3o criada para atender estes casos.<\/p>\n<p>Em outra palavras: o adicional de tempo citado nessa regra, corresponde a 40% do tempo que faltava para o cidad\u00e3o atingir o tempo m\u00ednimo da proporcional que era exigido em 16\/12\/1998 (30 anos para homem e 25 para mulher). Exemplo: um homem que tinha 20 anos de contribui\u00e7\u00e3o nessa data, precisava de 10 para se aposentar pela proporcional. Logo, para aposentar-se pela proporcional hoje, dever\u00e1 comprovar 34 anos (30 anos + 40% de 10 anos);<\/p>\n<h3>Hor\u00e1rio de Funcionamento Instituto Nacional do Seguro Social Manaus<\/h3>\n<ul>\n<li>Segunda a sexta das 7h \u00e0s 16h<\/li>\n<\/ul>\n<h3>Onde Fica, Endere\u00e7o e Telefone INSS Manaus<\/h3>\n<ul>\n<li><strong>Cachoeirinha:<\/strong> Av. Codaj\u00e1s, 26 &#8211; Cachoeirinha &#8211; Telefone: (92) 3611-2855<\/li>\n<li><strong>Cidade Nova:<\/strong> Av. Noel Nutels, 1100 &#8211; Cidade Nova &#8211; Telefone: (92) 3645-3535<\/li>\n<li><strong>Centro:<\/strong> Av. Sete de Setembro, 280 &#8211; Centro &#8211; Telefone: (92) 3621-7199<\/li>\n<li><strong>Compensa:<\/strong> R. Izaurina Braga, 1099 &#8211; Compensa &#8211; Telefone: (92) 3625-2545<\/li>\n<li><strong>Centro:<\/strong> R. da Instala\u00e7\u00e3o, 149 &#8211; Centro &#8211; Telefone: (92) 3633-3685<\/li>\n<li><strong>Aleixo:<\/strong> Av. Andr\u00e9 Ara\u00fajo, 2553 &#8211; Aleixo &#8211; Telefone: (92) 3663-1033<\/li>\n<\/ul>\n<h4>Outras informa\u00e7\u00f5es e site<\/h4>\n<ul>\n<li>Mais informa\u00e7\u00f5es: <a href=\"http:\/\/www.consultainss.com\" target=\"_blank\" rel=\"noopener noreferrer\">http:\/\/www.consultainss.com<\/a><\/li>\n<\/ul>\n<h4>Mapa de localiza\u00e7\u00e3o Cachoeirinha<\/h4>\n<a class=\"wp-colorbox-iframe\" href=\"https:\/\/www.google.com\/maps\/embed?pb=!1m14!1m8!1m3!1d15935.63148020901!2d-60.0014823!3d-3.119069!3m2!1i1024!2i768!4f13.1!3m3!1m2!1s0x00xe30de5cd25d2a66c!2sINSS-Instituto+Nacional+do+Seguro+Social!5e0!3m2!1spt-BR!2sbr!4v1543507617832\"><img decoding=\"async\" src=\"http:\/\/www.encontrabelohorizonte.com.br\/imgs\/maps-post.png\"><\/a>\n\n<div style=\"font-size: 0px; height: 0px; line-height: 0px; margin: 0; padding: 0; clear: both;\"><\/div>","protected":false},"excerpt":{"rendered":"<p>Instituto Nacional do Seguro Social (INSS Manaus) \u00e9 uma autarquia do Governo do Brasil vinculada ao Minist\u00e9rio do Desenvolvimento Social que recebe as contribui\u00e7\u00f5es para a manuten\u00e7\u00e3o do Regime Geral da previd\u00eancia social. Respons\u00e1vel pelo pagamento da aposentadoria, pens\u00e3o por morte, aux\u00edlio-doen\u00e7a, aux\u00edlio-acidente e outros benef\u00edcios para aqueles que adquirirem o direito a estes benef\u00edcios segundo o previsto pela lei. O INSS trabalha junto \u00e0 Dataprev, empresa de tecnologia que faz o processamento de todos os dados da Previd\u00eancia. Al\u00e9m do regime geral, os estados e munic\u00edpios podem instituir os seus regimes pr\u00f3prios financiados por contribui\u00e7\u00f5es espec\u00edficas. INSS Manaus Sal\u00e1rio <\/p>\n","protected":false},"author":1,"featured_media":0,"parent":0,"menu_order":0,"comment_status":"closed","ping_status":"closed","template":"","meta":{"footnotes":""},"class_list":["post-2683","page","type-page","status-publish","hentry"],"aioseo_notices":[],"_links":{"self":[{"href":"https:\/\/www.encontramanausam.com.br\/sobre\/wp-json\/wp\/v2\/pages\/2683","targetHints":{"allow":["GET"]}}],"collection":[{"href":"https:\/\/www.encontramanausam.com.br\/sobre\/wp-json\/wp\/v2\/pages"}],"about":[{"href":"https:\/\/www.encontramanausam.com.br\/sobre\/wp-json\/wp\/v2\/types\/page"}],"author":[{"embeddable":true,"href":"https:\/\/www.encontramanausam.com.br\/sobre\/wp-json\/wp\/v2\/users\/1"}],"replies":[{"embeddable":true,"href":"https:\/\/www.encontramanausam.com.br\/sobre\/wp-json\/wp\/v2\/comments?post=2683"}],"version-history":[{"count":5,"href":"https:\/\/www.encontramanausam.com.br\/sobre\/wp-json\/wp\/v2\/pages\/2683\/revisions"}],"predecessor-version":[{"id":3246,"href":"https:\/\/www.encontramanausam.com.br\/sobre\/wp-json\/wp\/v2\/pages\/2683\/revisions\/3246"}],"wp:attachment":[{"href":"https:\/\/www.encontramanausam.com.br\/sobre\/wp-json\/wp\/v2\/media?parent=2683"}],"curies":[{"name":"wp","href":"https:\/\/api.w.org\/{rel}","templated":true}]}}