{"id":2678,"date":"2018-11-29T16:10:05","date_gmt":"2018-11-29T19:10:05","guid":{"rendered":"http:\/\/www.encontramanausam.com.br\/sobre\/?page_id=2678"},"modified":"2018-12-03T18:22:08","modified_gmt":"2018-12-03T21:22:08","slug":"aeroporto-de-manaus","status":"publish","type":"page","link":"https:\/\/www.encontramanausam.com.br\/sobre\/aeroporto-de-manaus\/","title":{"rendered":"Aeroporto de Manaus"},"content":{"rendered":"<div class=\"882fdd0d88065009358e99f1a9406c55\" data-index=\"1\" style=\"float: none; margin:0px;\">\n<script async src=\"https:\/\/pagead2.googlesyndication.com\/pagead\/js\/adsbygoogle.js?client=ca-pub-8585364105181520\"\r\n     crossorigin=\"anonymous\"><\/script>\r\n<!-- Anuncio display - global -->\r\n<ins class=\"adsbygoogle\"\r\n     style=\"display:block\"\r\n     data-ad-client=\"ca-pub-8585364105181520\"\r\n     data-ad-slot=\"8789329856\"\r\n     data-ad-format=\"auto\"\r\n     data-full-width-responsive=\"true\"><\/ins>\r\n<script>\r\n     (adsbygoogle = window.adsbygoogle || []).push({});\r\n<\/script>\n<\/div>\n<p>O <strong>Aeroporto Internacional de Manaus \u2013 Eduardo Gome<\/strong>s \u00e9 o maior aeroporto da Regi\u00e3o Norte do Brasil com capacidade anual para 13,5 milh\u00f5es de passageiros e o mais movimentado da rede Infraero no transporte de mercadorias, respondendo por 22,75% de todo o movimento de cargas gerenciadas pela estatal no pa\u00eds.<\/p>\n<p>Em 2017 movimentou cerca de 2,6 milh\u00f5es de passageiros, sendo o d\u00e9cimo oitavo aeroporto mais movimentado do pa\u00eds.<\/p>\n<p><img loading=\"lazy\" decoding=\"async\" class=\"aligncenter wp-image-2680 size-full\" title=\"Aeroporto de Manaus\" src=\"http:\/\/www.encontramanausam.com.br\/sobre\/wp-content\/uploads\/2018\/11\/aeroporto-de-manaus.jpg\" alt=\"Aeroporto de Manaus\" width=\"680\" height=\"189\" srcset=\"https:\/\/www.encontramanausam.com.br\/sobre\/wp-content\/uploads\/2018\/11\/aeroporto-de-manaus.jpg 680w, https:\/\/www.encontramanausam.com.br\/sobre\/wp-content\/uploads\/2018\/11\/aeroporto-de-manaus-300x83.jpg 300w\" sizes=\"auto, (max-width: 680px) 100vw, 680px\" \/><\/p>\n<p>Atualmente, oito companhias a\u00e9reas operam no aeroporto, ligando Manaus \u00e0 cidades dos continentes da Am\u00e9rica do Norte, Central e do Sul, al\u00e9m das rotas dom\u00e9sticas. Est\u00e1 localizado na zona oeste da cidade de Manaus, mais precisamente no bairro Tarum\u00e3, distante 14 km do Centro.<\/p>\n<p>Inaugurado em 26 de mar\u00e7o de 1976, foi o primeiro aeroporto da rede Infraero a ter pontes de embarque e todo sistema automatizado, fazendo com que se tornasse o mais moderno do pa\u00eds na \u00e9poca.Com uma \u00e1rea de 14 quil\u00f4metros quadrados, o complexo aeroportu\u00e1rio conta com dois terminais de passageiros, um para atender a avia\u00e7\u00e3o regular e outro, a avia\u00e7\u00e3o regional. Tamb\u00e9m disp\u00f5e de um complexo de log\u00edstica de carga, que foi implantado em tr\u00eas etapas, sendo o Terminal de Log\u00edstica 1, inaugurado em 1976, o Terminal de Log\u00edstica 2, em 1980 e o Terminal de Log\u00edstica 3, em 2004.<\/p>\n<p>Seu nome \u00e9 uma homenagem a Eduardo Gomes, marechal-do-ar e patrono da For\u00e7a A\u00e9rea Brasileira. Em 2012, uma portaria da Ag\u00eancia Nacional de Avia\u00e7\u00e3o Civil &#8211; ANAC alterou e renovou a inscri\u00e7\u00e3o do aer\u00f3dromo em seu cadastro. A partir de ent\u00e3o, passou a denominar-se Aeroporto Internacional de Manaus \u2013 Eduardo Gomes.Em janeiro de 2015, a Infraero concluiu a obra de reforma e amplia\u00e7\u00e3o do terminal de passageiros, que aumentou a \u00e1rea do terminal de 39,4 mil m\u00b2 para 97,2 mil m\u00b2. O complexo aeroportu\u00e1rio passou a contar tamb\u00e9m com um novo estacionamento de ve\u00edculos com 100 mil m\u00b2, em dois n\u00edveis, passando de 776 para 2670 vagas. O n\u00famero de balc\u00f5es de check-in tamb\u00e9m foi ampliado para 89 posi\u00e7\u00f5es; o n\u00famero de esteiras de restitui\u00e7\u00e3o passou de 4 para 11, as esteiras de check-in, de 2 para 4, al\u00e9m de novos elevadores, escadas rolantes e pontes de embarque. O terminal manauara est\u00e1 preparado para atender a demanda da regi\u00e3o durante os pr\u00f3ximos anos.<\/p>\n<p>No ano de 2017, o aeroporto passou a contar com um voo semanal direto para Buenos Aires, operado pela Gol Linhas A\u00e9reas.A nova rota somou \u00e0 lista de roteiros internacionais dispon\u00edveis a partir do terminal manauara, como Barcelona, Cidade do Panam\u00e1, Cura\u00e7ao e Miami, operados pelas empresas Avior, Copa Airlines, Insel Air, American Airlines e LATAM Airlines. Em 2018, a Amazonastur anunciou que est\u00e1 negociando com a companhia a\u00e9rea espanhola Iberia um voo direto entre Manaus e Madrid. De acordo com a estatal, existe uma possibilidade muito grande do aeroporto ganhar essa liga\u00e7\u00e3o direta para a Europa.No mesmo ano, aeroporto foi eleito o segundo melhor do pa\u00eds no quesito \u201csatisfa\u00e7\u00e3o geral do passageiro\u201d. Essa \u00e9 a avalia\u00e7\u00e3o dos usu\u00e1rios ouvidos na Pesquisa de Satisfa\u00e7\u00e3o do Passageiro, realizada pela Secretaria Nacional de Avia\u00e7\u00e3o Civil do Minist\u00e9rio dos Transportes, Portos e Avia\u00e7\u00e3o Civil (MTPA).<\/p>\n<h2>Aeroporto de Manaus Tem Guarda Volume<\/h2>\n<p>Possui <span style=\"text-decoration: underline;\">Guarda Volumes<\/span>, o valor cobrado \u00e9 por di\u00e1ria.<\/p>\n<h3>Aeroporto de Manaus Sala Vip<\/h3>\n<p>O <em>espa\u00e7o<\/em> comporta at\u00e9 60 pessoas, e pode ser utilizado por qualquer passageiro que esteja aguardando rotas nacionais.<\/p>\n<p>Batizado de &#8216;<span style=\"text-decoration: underline;\">Harmony Lounge<\/span>&#8216;, o espa\u00e7o \u00e9 gerenciado pela empresa TravelCorp.<\/p>\n<h3>Aeroporto de Manaus Lojas<\/h3>\n<ul>\n<li>Bob\u00b4s<\/li>\n<li>Casa do P\u00e3o de Queijo<\/li>\n<li>Gula Guloso \/ Fast Temaki \/ Rei do Mate<\/li>\n<li>Tapiocas da Amaz\u00f4nia<\/li>\n<li>Drogaria Flexfarma<\/li>\n<li>Malex do Brasil<\/li>\n<li>True Star<\/li>\n<li>Brasil Gems<\/li>\n<li>Top Internacional<\/li>\n<li>Amazon Explorers<\/li>\n<li>Trevo Turismo<\/li>\n<li>Tucunar\u00e9 Turismo<\/li>\n<li>Auto Posto Gaspetro<\/li>\n<li>Banco do Brasil<\/li>\n<li>Pol\u00edcia Federal<\/li>\n<li>Receita Federal<\/li>\n<li>ANVISA<\/li>\n<li>Pol\u00edcia Civil<\/li>\n<li>Barbaran Bomboniere<\/li>\n<li>Harmony Lounge<\/li>\n<li>Subway<\/li>\n<li>Uni\u00e3o Alternativa de C\u00e2mbio<\/li>\n<li>DFA &#8211; Duty Free Americas<\/li>\n<li>Lanchonete 14 Bis<\/li>\n<li>Giraffas<\/li>\n<li>Amaz\u00f4nia Eco Shop<\/li>\n<li>Ant\u00f4nio\u2019s Conveni\u00eancias<\/li>\n<li>Mais Pipocas<\/li>\n<li>Esal Flores<\/li>\n<li>Caf\u00e9 Gourmet<\/li>\n<li>Top Frozen<\/li>\n<li>Massagem Express<\/li>\n<li>Divinos Sabores<\/li>\n<li>Travel ATM<\/li>\n<li>Gira Kids<\/li>\n<li>Gimabar<\/li>\n<li>Artetupiniquim<\/li>\n<li>The Cheff<\/li>\n<\/ul>\n<h3>Aeroporto de Manaus Trabalhe Conosco<\/h3>\n<p>Para aqueles que almejam <em>trabalhar<\/em> em uma empresa que preza por realizar servi\u00e7os da mais alta qualidade, e que zela por seus colaboradores e profissionalismo sempre, estes profissionais devem <em>trabalhar<\/em> na Aeroporto de Manaus, acesse o site para enviar seu <span style=\"text-decoration: underline;\">curr\u00edculo<\/span>.<\/p>\n<h3>Hor\u00e1rio de Funcionamento Aeroporto Eduardo Gomes<\/h3>\n<ul>\n<li>Aberto 24 horas<\/li>\n<\/ul>\n<h3>Onde Fica, Endere\u00e7o e Telefone Aeroporto de Manaus<\/h3>\n<ul>\n<li>Av. Santos Dumont, 1350 &#8211; Tarum\u00e3, Manaus &#8211; AM<\/li>\n<li>Telefone: (92) 3652-1210<\/li>\n<\/ul>\n<h4>Outras informa\u00e7\u00f5es e site<\/h4>\n<ul>\n<li>Site: <a href=\"http:\/\/www.aeroportosbrasil.com.br\/aeroporto-eduardo-gomes\" target=\"_blank\" rel=\"noopener noreferrer\">www.aeroportosbrasil.com.br\/aeroporto-eduardo-gomes<\/a><\/li>\n<li>Infraero: <a href=\"http:\/\/www4.infraero.gov.br\/aeroportos\/aeroporto-internacional-de-manaus-eduardo-gomes\/contato\/\" target=\"_blank\" rel=\"noopener noreferrer\">http:\/\/www4.infraero.gov.br<\/a><\/li>\n<\/ul>\n<h4>Mapa de localiza\u00e7\u00e3o<\/h4>\n<a class=\"wp-colorbox-iframe\" href=\"https:\/\/www.google.com\/maps\/embed?pb=!1m14!1m8!1m3!1d15936.875958119796!2d-60.0463249!3d-3.0358474!3m2!1i1024!2i768!4f13.1!3m3!1m2!1s0x00x63e9173e40353697!2sAeroporto+Internacional+Manaus+AM+Eduardo+Gomes!5e0!3m2!1spt-BR!2sbr!4v1543502048875\"><img decoding=\"async\" src=\"http:\/\/www.encontrabelohorizonte.com.br\/imgs\/maps-post.png\"><\/a>\n\n<div style=\"font-size: 0px; height: 0px; line-height: 0px; margin: 0; padding: 0; clear: both;\"><\/div>","protected":false},"excerpt":{"rendered":"<p>O Aeroporto Internacional de Manaus \u2013 Eduardo Gomes \u00e9 o maior aeroporto da Regi\u00e3o Norte do Brasil com capacidade anual para 13,5 milh\u00f5es de passageiros e o mais movimentado da rede Infraero no transporte de mercadorias, respondendo por 22,75% de todo o movimento de cargas gerenciadas pela estatal no pa\u00eds. Em 2017 movimentou cerca de 2,6 milh\u00f5es de passageiros, sendo o d\u00e9cimo oitavo aeroporto mais movimentado do pa\u00eds. Atualmente, oito companhias a\u00e9reas operam no aeroporto, ligando Manaus \u00e0 cidades dos continentes da Am\u00e9rica do Norte, Central e do Sul, al\u00e9m das rotas dom\u00e9sticas. Est\u00e1 localizado na zona oeste da cidade <\/p>\n","protected":false},"author":1,"featured_media":0,"parent":0,"menu_order":0,"comment_status":"closed","ping_status":"closed","template":"","meta":{"footnotes":""},"class_list":["post-2678","page","type-page","status-publish","hentry"],"aioseo_notices":[],"_links":{"self":[{"href":"https:\/\/www.encontramanausam.com.br\/sobre\/wp-json\/wp\/v2\/pages\/2678","targetHints":{"allow":["GET"]}}],"collection":[{"href":"https:\/\/www.encontramanausam.com.br\/sobre\/wp-json\/wp\/v2\/pages"}],"about":[{"href":"https:\/\/www.encontramanausam.com.br\/sobre\/wp-json\/wp\/v2\/types\/page"}],"author":[{"embeddable":true,"href":"https:\/\/www.encontramanausam.com.br\/sobre\/wp-json\/wp\/v2\/users\/1"}],"replies":[{"embeddable":true,"href":"https:\/\/www.encontramanausam.com.br\/sobre\/wp-json\/wp\/v2\/comments?post=2678"}],"version-history":[{"count":4,"href":"https:\/\/www.encontramanausam.com.br\/sobre\/wp-json\/wp\/v2\/pages\/2678\/revisions"}],"predecessor-version":[{"id":2708,"href":"https:\/\/www.encontramanausam.com.br\/sobre\/wp-json\/wp\/v2\/pages\/2678\/revisions\/2708"}],"wp:attachment":[{"href":"https:\/\/www.encontramanausam.com.br\/sobre\/wp-json\/wp\/v2\/media?parent=2678"}],"curies":[{"name":"wp","href":"https:\/\/api.w.org\/{rel}","templated":true}]}}