{"id":2650,"date":"2018-11-29T15:35:57","date_gmt":"2018-11-29T18:35:57","guid":{"rendered":"http:\/\/www.encontramanausam.com.br\/sobre\/?page_id=2650"},"modified":"2018-11-29T15:37:36","modified_gmt":"2018-11-29T18:37:36","slug":"cartorio-6-oficio-manaus","status":"publish","type":"page","link":"https:\/\/www.encontramanausam.com.br\/sobre\/cartorio-6-oficio-manaus\/","title":{"rendered":"Cart\u00f3rio 6 Oficio Manaus"},"content":{"rendered":"<div class=\"882fdd0d88065009358e99f1a9406c55\" data-index=\"1\" style=\"float: none; margin:0px;\">\n<script async src=\"https:\/\/pagead2.googlesyndication.com\/pagead\/js\/adsbygoogle.js?client=ca-pub-8585364105181520\"\r\n     crossorigin=\"anonymous\"><\/script>\r\n<!-- Anuncio display - global -->\r\n<ins class=\"adsbygoogle\"\r\n     style=\"display:block\"\r\n     data-ad-client=\"ca-pub-8585364105181520\"\r\n     data-ad-slot=\"8789329856\"\r\n     data-ad-format=\"auto\"\r\n     data-full-width-responsive=\"true\"><\/ins>\r\n<script>\r\n     (adsbygoogle = window.adsbygoogle || []).push({});\r\n<\/script>\n<\/div>\n<p>Em raz\u00e3o do acelerado crescimento da popula\u00e7\u00e3o e do parque industrial de Manaus, a Lei de Organiza\u00e7\u00e3o e Divis\u00e3o Judici\u00e1ria do Estado do Amazonas, Lei Complementar Estadual n\u00ba 17, de 23 de janeiro de 1997, determinou a cria\u00e7\u00e3o, na capital do Amazonas, de tr\u00eas novos Tabelionatos de Notas.<\/p>\n<p>Dois Registros de Im\u00f3veis, um Tabelionato e Registro de Contratos Mar\u00edtimos, dois Tabelionatos de Protestos e 4 Registros Civis de Pessoas Naturais.<\/p>\n<p><img loading=\"lazy\" decoding=\"async\" class=\"aligncenter wp-image-2653 size-full\" title=\"Cart\u00f3rio 6 Oficio Manaus\" src=\"http:\/\/www.encontramanausam.com.br\/sobre\/wp-content\/uploads\/2018\/11\/cartorio-6-oficio-manaus.jpg\" alt=\"Cart\u00f3rio 6 Oficio Manaus\" width=\"680\" height=\"189\" srcset=\"https:\/\/www.encontramanausam.com.br\/sobre\/wp-content\/uploads\/2018\/11\/cartorio-6-oficio-manaus.jpg 680w, https:\/\/www.encontramanausam.com.br\/sobre\/wp-content\/uploads\/2018\/11\/cartorio-6-oficio-manaus-300x83.jpg 300w\" sizes=\"auto, (max-width: 680px) 100vw, 680px\" \/><\/p>\n<p>A popula\u00e7\u00e3o manauara contava, at\u00e9 ent\u00e3o, com 6 Tabelionatos de Notas, 4 Registros de Im\u00f3veis, 4 Tabelionatos de Protestos e 8 Registros Civis de Pessoas Naturais e um Registro Civil das Pessoas Jur\u00eddicas e Registro de T\u00edtulos e Documentos.<\/p>\n<p>Todavia, a instala\u00e7\u00e3o das novas serventias extrajudiciais se deu ap\u00f3s a realiza\u00e7\u00e3o do Concurso P\u00fablico de Provas e T\u00edtulos para Ingresso na Titularidade dos Servi\u00e7os Notariais e de Registro, realizado pelo Tribunal de Justi\u00e7a do Amazonas, no ano de 2005, que seguiu a regra constitucional estabelecida na Constitui\u00e7\u00e3o Federal de 1988, em seu artigo 236, \u00a7 3\u00ba que: \u201cO ingresso na atividade notarial e de registro depende de concurso p\u00fablico de provas e t\u00edtulos, n\u00e3o se permitindo que qualquer serventia fique vaga, sem abertura de concurso de provimento ou de remo\u00e7\u00e3o, por mais de seis meses.\u201d<\/p>\n<p>O Registro de Im\u00f3veis \u00e9 o reposit\u00f3rio legal de informa\u00e7\u00f5es sobre as situa\u00e7\u00f5es jur\u00eddicas relativas a bens im\u00f3veis.<\/p>\n<p>Pelo registro se constituem, se alteram e se extinguem os direitos reais sobre im\u00f3veis.<\/p>\n<p>A miss\u00e3o essencial do Registro de Im\u00f3veis \u00e9 garantir a seguran\u00e7a jur\u00eddica. O sistema registral prov\u00ea a publicidade de todas as informa\u00e7\u00f5es essenciais concernentes \u00e0 propriedade im\u00f3vel, revestindo-as com o car\u00e1ter de autenticidade, oficialidade e efic\u00e1cia para produzir todos os efeitos legais.<\/p>\n<p>O Registro retrata, com seguran\u00e7a e autenticidade, a situa\u00e7\u00e3o jur\u00eddica de cada im\u00f3vel. Por essa raz\u00e3o, deve ser sempre consultado quando se trate de realizar qualquer transa\u00e7\u00e3o imobili\u00e1ria.<\/p>\n<p>Al\u00e9m de estabelecer o direito de propriedade, retrata o hist\u00f3rico completo de cada im\u00f3vel, dando pleno conhecimento, a tantos quantos solicitarem, informa\u00e7\u00f5es sobre a titularidade e os \u00f4nus que pesam sobre o bem.<\/p>\n<h2>Cart\u00f3rio 6 Oficio de Protesto Manaus<\/h2>\n<p>Muito utilizada para comprova\u00e7\u00e3o de inadimpl\u00eancia ou da inexist\u00eancia de d\u00e9bitos no nome, a Certid\u00e3o de <em>Protesto<\/em> pode ter car\u00e1ter positivo ou negativo, e \u00e9 muito utilizado para processos de compra e venda de im\u00f3veis, abertura de contas banc\u00e1rias, solicita\u00e7\u00e3o de empr\u00e9stimos, etc.<\/p>\n<p>Dessa forma, quando uma pessoa pesquisa seu nome (ou o da empresa), e encontra um t\u00edtulo protestado, o documento a ser emitido \u00e9 o positivo.<\/p>\n<h3>Cart\u00f3rio 6 Oficio Im\u00f3veis Manaus<\/h3>\n<p>Of\u00edcio de Registro de <span style=\"text-decoration: underline;\">Im\u00f3veis<\/span> no Brasil e registo predial em Portugal \u00e9 o \u00f3rg\u00e3o de delega\u00e7\u00e3o estatal em que \u00e9 feito o registro da propriedade im\u00f3vel.<br \/>\nO registro de<span style=\"text-decoration: underline;\"> im\u00f3veis<\/span> \u00e9 uma institui\u00e7\u00e3o que prov\u00ea publicidade das muta\u00e7\u00f5es jur\u00eddicas que a propriedade sofre. Por ele se v\u00ea o status jur\u00eddico dos im\u00f3veis (casas, pr\u00e9dios, terrenos rurais etc.) e garantir a lisura e seguran\u00e7a das trocas imobili\u00e1rias (compra, venda, hipoteca, da\u00e7\u00e3o em pagamento etc.), ou a publicidade de constri\u00e7\u00f5es judiciais (penhora, arresto etc).<\/p>\n<h3>Hor\u00e1rio de Funcionamento Cart\u00f3rio 6 Oficio Manaus<\/h3>\n<ul>\n<li>Segunda a sexta das 9h \u00e0s 15h<\/li>\n<\/ul>\n<h3>Onde Fica, Endere\u00e7o e Telefone Cart\u00f3rio 6 Oficio Manaus<\/h3>\n<ul>\n<li>Avenida Djalma Batista, 1719, sala 1303 &#8211; Chapada &#8211; Manaus &#8211; AM<\/li>\n<li>Telefone: (92) 3236-7881<\/li>\n<\/ul>\n<h4>Outras informa\u00e7\u00f5es e site<\/h4>\n<ul>\n<li>Mais informa\u00e7\u00f5es: <a href=\"http:\/\/6rimanaus.com.br\" target=\"_blank\" rel=\"noopener noreferrer\">www.6rimanaus.com.br<\/a><\/li>\n<\/ul>\n<h4>Mapa de localiza\u00e7\u00e3o<\/h4>\n<a class=\"wp-colorbox-iframe\" href=\"https:\/\/www.google.com\/maps\/embed?pb=!1m18!1m12!1m3!1d3983.977667475702!2d-60.026670985893745!3d-3.1005929977421776!2m3!1f0!2f0!3f0!3m2!1i1024!2i768!4f13.1!3m3!1m2!1s0x926c055aee7ac5d10x1f419fc0770a8ed0!2sCartrio+de+6+Ofcio+de+Registro+de+Imveis+de+Manaus!5e0!3m2!1spt-BR!2sbr!4v1543501237475\"><img decoding=\"async\" src=\"http:\/\/www.encontrabelohorizonte.com.br\/imgs\/maps-post.png\"><\/a>\n\n<div style=\"font-size: 0px; height: 0px; line-height: 0px; margin: 0; padding: 0; clear: both;\"><\/div>","protected":false},"excerpt":{"rendered":"<p>Em raz\u00e3o do acelerado crescimento da popula\u00e7\u00e3o e do parque industrial de Manaus, a Lei de Organiza\u00e7\u00e3o e Divis\u00e3o Judici\u00e1ria do Estado do Amazonas, Lei Complementar Estadual n\u00ba 17, de 23 de janeiro de 1997, determinou a cria\u00e7\u00e3o, na capital do Amazonas, de tr\u00eas novos Tabelionatos de Notas. Dois Registros de Im\u00f3veis, um Tabelionato e Registro de Contratos Mar\u00edtimos, dois Tabelionatos de Protestos e 4 Registros Civis de Pessoas Naturais. A popula\u00e7\u00e3o manauara contava, at\u00e9 ent\u00e3o, com 6 Tabelionatos de Notas, 4 Registros de Im\u00f3veis, 4 Tabelionatos de Protestos e 8 Registros Civis de Pessoas Naturais e um Registro Civil <\/p>\n","protected":false},"author":1,"featured_media":0,"parent":0,"menu_order":0,"comment_status":"closed","ping_status":"closed","template":"","meta":{"footnotes":""},"class_list":["post-2650","page","type-page","status-publish","hentry"],"aioseo_notices":[],"_links":{"self":[{"href":"https:\/\/www.encontramanausam.com.br\/sobre\/wp-json\/wp\/v2\/pages\/2650","targetHints":{"allow":["GET"]}}],"collection":[{"href":"https:\/\/www.encontramanausam.com.br\/sobre\/wp-json\/wp\/v2\/pages"}],"about":[{"href":"https:\/\/www.encontramanausam.com.br\/sobre\/wp-json\/wp\/v2\/types\/page"}],"author":[{"embeddable":true,"href":"https:\/\/www.encontramanausam.com.br\/sobre\/wp-json\/wp\/v2\/users\/1"}],"replies":[{"embeddable":true,"href":"https:\/\/www.encontramanausam.com.br\/sobre\/wp-json\/wp\/v2\/comments?post=2650"}],"version-history":[{"count":2,"href":"https:\/\/www.encontramanausam.com.br\/sobre\/wp-json\/wp\/v2\/pages\/2650\/revisions"}],"predecessor-version":[{"id":2654,"href":"https:\/\/www.encontramanausam.com.br\/sobre\/wp-json\/wp\/v2\/pages\/2650\/revisions\/2654"}],"wp:attachment":[{"href":"https:\/\/www.encontramanausam.com.br\/sobre\/wp-json\/wp\/v2\/media?parent=2650"}],"curies":[{"name":"wp","href":"https:\/\/api.w.org\/{rel}","templated":true}]}}