{"id":2622,"date":"2018-11-29T15:08:34","date_gmt":"2018-11-29T18:08:34","guid":{"rendered":"http:\/\/www.encontramanausam.com.br\/sobre\/?page_id=2622"},"modified":"2018-11-29T15:57:09","modified_gmt":"2018-11-29T18:57:09","slug":"ponte-rio-negro-manaus","status":"publish","type":"page","link":"https:\/\/www.encontramanausam.com.br\/sobre\/ponte-rio-negro-manaus\/","title":{"rendered":"Ponte Rio Negro Manaus"},"content":{"rendered":"<div class=\"882fdd0d88065009358e99f1a9406c55\" data-index=\"1\" style=\"float: none; margin:0px;\">\n<script async src=\"https:\/\/pagead2.googlesyndication.com\/pagead\/js\/adsbygoogle.js?client=ca-pub-8585364105181520\"\r\n     crossorigin=\"anonymous\"><\/script>\r\n<!-- Anuncio display - global -->\r\n<ins class=\"adsbygoogle\"\r\n     style=\"display:block\"\r\n     data-ad-client=\"ca-pub-8585364105181520\"\r\n     data-ad-slot=\"8789329856\"\r\n     data-ad-format=\"auto\"\r\n     data-full-width-responsive=\"true\"><\/ins>\r\n<script>\r\n     (adsbygoogle = window.adsbygoogle || []).push({});\r\n<\/script>\n<\/div>\n<p>Ponte Jornalista Phelippe Daou, popularmente conhecida como <strong>Ponte Rio Negro Manaus<\/strong>, \u00e9 uma ponte estaiada que atravessa o Rio Negro, no estado do Amazonas, no Brasil.<\/p>\n<p>Ela conecta os munic\u00edpios de Manaus e Iranduba, fazendo parte da Rodovia Manoel Urbano (AM-070), que por sua vez d\u00e1 acesso tamb\u00e9m aos munic\u00edpios de Manacapuru e Novo Air\u00e3o (esse \u00faltimo atrav\u00e9s da rodovia AM-352), ambos na Regi\u00e3o Metropolitana de Manaus.<\/p>\n<p><img loading=\"lazy\" decoding=\"async\" class=\"aligncenter wp-image-2624 size-full\" title=\"Ponte Rio Negro Manaus\" src=\"http:\/\/www.encontramanausam.com.br\/sobre\/wp-content\/uploads\/2018\/11\/ponte-rio-negro-manaus.jpg\" alt=\"Ponte Rio Negro Manaus\" width=\"680\" height=\"189\" srcset=\"https:\/\/www.encontramanausam.com.br\/sobre\/wp-content\/uploads\/2018\/11\/ponte-rio-negro-manaus.jpg 680w, https:\/\/www.encontramanausam.com.br\/sobre\/wp-content\/uploads\/2018\/11\/ponte-rio-negro-manaus-300x83.jpg 300w\" sizes=\"auto, (max-width: 680px) 100vw, 680px\" \/><\/p>\n<p>Inaugurada em 24 de outubro de 2011, \u00e9 a \u00fanica ponte que atravessa o trecho brasileiro do Rio Negro. Com 11 km de extens\u00e3o total, sendo 3,6 km sobre o Rio Negro, 2 km na margem esquerda e 5,5 km na margem direita.<\/p>\n<p>\u00c9 a maior ponte estaiada em \u00e1guas fluviais do Brasil por conta dos seus 400 metros de se\u00e7\u00e3o suspensa por cabos.<\/p>\n<p>A ponte come\u00e7ou a ser constru\u00edda em 2008. Foram usados a\u00e7o e cimento em quantidade suficiente para erguer tr\u00eas est\u00e1dios do Maracan\u00e3. Devido ao grau de acidez das \u00e1guas do Rio Negro, adicionou-se pozolana (material silicioso anticorrosivo) ao concreto empregado nas estacas e no tabuleiro.<\/p>\n<p>Em 24 de outubro de 2011, anivers\u00e1rio de 342 anos da capital do Amazonas, a mesma foi inaugurada pela ex-presidente da rep\u00fablica, Dilma Roussef, que fez uma promessa: a extens\u00e3o da Zona Franca de Manaus por mais 50 anos e a extens\u00e3o dos benef\u00edcios para toda a regi\u00e3o metropolitana, possibilitando um maior desenvolvimento e o in\u00edcio de uma conurba\u00e7\u00e3o urbana entre quatro munic\u00edpios vizinhos.<\/p>\n<p>Em 21 de fevereiro de 2017, o Governo do Estado do Amazonas anunciou que a Ponte Rio Negro passaria a se chamar Ponte Jornalista Phelippe Daou, mediante o decreto estadual n\u00ba 37.646, de 21 de fevereiro de 2017, assinado pelo ex-governador do amazonas Jos\u00e9 Melo; a justificativa para a renomea\u00e7\u00e3o, segundo o decreto, \u00e9 que &#8220;o Estado tem o dever de homenagear os cidad\u00e3os que atuaram na contribui\u00e7\u00e3o para o Desenvolvimento do Amazonas&#8221;.<\/p>\n<h2>Ponte de Manaus a Mais Cara do Mundo<\/h2>\n<p>Seu custo total foi de R$ 1,099 bilh\u00e3o (R$ 586 milh\u00f5es do BNDES e R$ 513 milh\u00f5es do Governo do Estado do Amazonas).<br \/>\nQuem \u00e9 cr\u00edtico da obra gosta de compar\u00e1-la \u00e0 maior ponte do mundo, constru\u00edda na China. A irm\u00e3 chinesa possui 42 quil\u00f4metros de extens\u00e3o e custou apenas R$ 2,3 bilh\u00f5es. Sem falar que possui at\u00e9 t\u00fanel submarino, al\u00e9m de quatro pistas.<\/p>\n<h3>Ponte Rio Negro Manaus Estrutura<\/h3>\n<p>A Ponte Jornalista Phelippe Daou, uma das maiores pontes desta esp\u00e9cie, com 400 metros (se\u00e7\u00e3o suspensa por cabos) de Manaus para o rio, \u00e9 uma das maiores pontes no mundo devido a sua extens\u00e3o.<\/p>\n<p>Sua largura total \u00e9 de 20,70 metros no trecho convencional e 22,70 metros na parte estaiada. Sua via cont\u00e9m quatro faixas de tr\u00e1fego, duas em cada sentido, al\u00e9m da faixa de passeio para pedestres nos dois lados. O mastro central apoia dois v\u00e3os de 200 metros para cada lado.<\/p>\n<p>A estrutura, em forma de losango, \u00e9 dividida em tr\u00eas partes: um cone de ponta-cabe\u00e7a abaixo do tabuleiro, um cone acima do tabuleiro e o topo do mastro. O formato aerodin\u00e2mico foi adotado para diminuir o atrito com o vento de forma a evitar resson\u00e2ncia ondulat\u00f3ria tal como o caso da ponte de Tacoma.<\/p>\n<p>Ao lado do Teatro Amazonas, a ponte vem sendo considerada um dos maiores e mais importantes monumentos da arquitetura da Amaz\u00f4nia, o que representa um marco na integra\u00e7\u00e3o da Regi\u00e3o Metropolitana de Manaus (RMM), fundada em 2007, com treze munic\u00edpios e cerca de 2,6 milh\u00f5es de habitantes.<\/p>\n<h3>Onde Fica, Endere\u00e7o Ponte Rio Negro Manaus<\/h3>\n<ul>\n<li>Rodovia AM-070, s\/n &#8211; Manaus &#8211; AM<\/li>\n<\/ul>\n<h3>Ponte Rio Negro Manaus Fotos<\/h3>\n<p><img loading=\"lazy\" decoding=\"async\" class=\"aligncenter wp-image-2625 size-full\" title=\"Ponte Rio Negro Manaus Fotos\" src=\"http:\/\/www.encontramanausam.com.br\/sobre\/wp-content\/uploads\/2018\/11\/ponte-rio-negro-manaus-fotos.jpg\" alt=\"Ponte Rio Negro Manaus Fotos\" width=\"748\" height=\"465\" srcset=\"https:\/\/www.encontramanausam.com.br\/sobre\/wp-content\/uploads\/2018\/11\/ponte-rio-negro-manaus-fotos.jpg 748w, https:\/\/www.encontramanausam.com.br\/sobre\/wp-content\/uploads\/2018\/11\/ponte-rio-negro-manaus-fotos-300x186.jpg 300w\" sizes=\"auto, (max-width: 748px) 100vw, 748px\" \/><\/p>\n<h4>Mapa Ponte Rio Negro Manaus<\/h4>\n<a class=\"wp-colorbox-iframe\" href=\"https:\/\/www.google.com\/maps\/embed?pb=!1m18!1m12!1m3!1d3983.9086729110754!2d-60.08064448589367!3d-3.118857097728926!2m3!1f0!2f0!3f0!3m2!1i1024!2i768!4f13.1!3m3!1m2!1s0x926c0e45e342a89b0xc692cc759f532881!2sPonte+Jornalista+Phelippe+Daou!5e0!3m2!1spt-BR!2sbr!4v1543494640595\"><img decoding=\"async\" src=\"http:\/\/www.encontrabelohorizonte.com.br\/imgs\/maps-post.png\"><\/a>\n\n<div style=\"font-size: 0px; height: 0px; line-height: 0px; margin: 0; padding: 0; clear: both;\"><\/div>","protected":false},"excerpt":{"rendered":"<p>Ponte Jornalista Phelippe Daou, popularmente conhecida como Ponte Rio Negro Manaus, \u00e9 uma ponte estaiada que atravessa o Rio Negro, no estado do Amazonas, no Brasil. Ela conecta os munic\u00edpios de Manaus e Iranduba, fazendo parte da Rodovia Manoel Urbano (AM-070), que por sua vez d\u00e1 acesso tamb\u00e9m aos munic\u00edpios de Manacapuru e Novo Air\u00e3o (esse \u00faltimo atrav\u00e9s da rodovia AM-352), ambos na Regi\u00e3o Metropolitana de Manaus. Inaugurada em 24 de outubro de 2011, \u00e9 a \u00fanica ponte que atravessa o trecho brasileiro do Rio Negro. Com 11 km de extens\u00e3o total, sendo 3,6 km sobre o Rio Negro, 2 <\/p>\n","protected":false},"author":1,"featured_media":0,"parent":0,"menu_order":0,"comment_status":"closed","ping_status":"closed","template":"","meta":{"footnotes":""},"class_list":["post-2622","page","type-page","status-publish","hentry"],"aioseo_notices":[],"_links":{"self":[{"href":"https:\/\/www.encontramanausam.com.br\/sobre\/wp-json\/wp\/v2\/pages\/2622","targetHints":{"allow":["GET"]}}],"collection":[{"href":"https:\/\/www.encontramanausam.com.br\/sobre\/wp-json\/wp\/v2\/pages"}],"about":[{"href":"https:\/\/www.encontramanausam.com.br\/sobre\/wp-json\/wp\/v2\/types\/page"}],"author":[{"embeddable":true,"href":"https:\/\/www.encontramanausam.com.br\/sobre\/wp-json\/wp\/v2\/users\/1"}],"replies":[{"embeddable":true,"href":"https:\/\/www.encontramanausam.com.br\/sobre\/wp-json\/wp\/v2\/comments?post=2622"}],"version-history":[{"count":2,"href":"https:\/\/www.encontramanausam.com.br\/sobre\/wp-json\/wp\/v2\/pages\/2622\/revisions"}],"predecessor-version":[{"id":2662,"href":"https:\/\/www.encontramanausam.com.br\/sobre\/wp-json\/wp\/v2\/pages\/2622\/revisions\/2662"}],"wp:attachment":[{"href":"https:\/\/www.encontramanausam.com.br\/sobre\/wp-json\/wp\/v2\/media?parent=2622"}],"curies":[{"name":"wp","href":"https:\/\/api.w.org\/{rel}","templated":true}]}}