{"id":2568,"date":"2018-11-28T16:47:16","date_gmt":"2018-11-28T19:47:16","guid":{"rendered":"http:\/\/www.encontramanausam.com.br\/sobre\/?page_id=2568"},"modified":"2018-11-28T17:47:52","modified_gmt":"2018-11-28T20:47:52","slug":"studio-5-manaus","status":"publish","type":"page","link":"https:\/\/www.encontramanausam.com.br\/sobre\/studio-5-manaus\/","title":{"rendered":"Studio 5 Manaus"},"content":{"rendered":"<div class=\"882fdd0d88065009358e99f1a9406c55\" data-index=\"1\" style=\"float: none; margin:0px;\">\n<script async src=\"https:\/\/pagead2.googlesyndication.com\/pagead\/js\/adsbygoogle.js?client=ca-pub-8585364105181520\"\r\n     crossorigin=\"anonymous\"><\/script>\r\n<!-- Anuncio display - global -->\r\n<ins class=\"adsbygoogle\"\r\n     style=\"display:block\"\r\n     data-ad-client=\"ca-pub-8585364105181520\"\r\n     data-ad-slot=\"8789329856\"\r\n     data-ad-format=\"auto\"\r\n     data-full-width-responsive=\"true\"><\/ins>\r\n<script>\r\n     (adsbygoogle = window.adsbygoogle || []).push({});\r\n<\/script>\n<\/div>\n<p><strong>Studio 5 Manaus<\/strong>\u00a0faz parte do maior Grupo de Comunica\u00e7\u00e3o do Norte do Pa\u00eds, a Rede Amaz\u00f4nica de R\u00e1dio e Televis\u00e3o, com 45 anos no mercado com a nobre e \u00e1rdua miss\u00e3o de integrar a Amaz\u00f4nia ao resto do mundo.<\/p>\n<p>Com mais de 20 anos de atua\u00e7\u00e3o acompanhando as tend\u00eancias e mudan\u00e7as de mercado, o Studio 5 Centro de Conven\u00e7\u00f5es foi pioneiro e \u00e9 referencia na realiza\u00e7\u00e3o de eventos em Manaus.<\/p>\n<p><img loading=\"lazy\" decoding=\"async\" class=\"aligncenter wp-image-2567 size-full\" title=\"Studio 5 Manaus\" src=\"http:\/\/www.encontramanausam.com.br\/sobre\/wp-content\/uploads\/2018\/11\/studio-5-manaus.jpg\" alt=\"Studio 5 Manaus\" width=\"680\" height=\"189\" srcset=\"https:\/\/www.encontramanausam.com.br\/sobre\/wp-content\/uploads\/2018\/11\/studio-5-manaus.jpg 680w, https:\/\/www.encontramanausam.com.br\/sobre\/wp-content\/uploads\/2018\/11\/studio-5-manaus-300x83.jpg 300w\" sizes=\"auto, (max-width: 680px) 100vw, 680px\" \/><\/p>\n<p>Um espa\u00e7o multifuncional que agrega diversos formatos em um complexo multiuso com uma infraestrutura completa de funcionalidade, seguran\u00e7a e conforto para os mais diversos tipos de eventos.<\/p>\n<p>O Studio 5 Shopping \u00e9 um dos mais tradicionais de Manaus, oferecendo compras, alimenta\u00e7\u00e3o e lazer com tranquilidade e seguran\u00e7a.<\/p>\n<h2>Studio 5 Manaus Lojas<\/h2>\n<ul>\n<li><span style=\"text-decoration: underline;\">Bemol<\/span><br \/>\nA Bemol \u00e9 uma rede de lojas de departamento fundada na cidade de Manaus em 1942. Atua nos estados do Acre, Amazonas, Rond\u00f4nia e Roraima com 20 lojas f\u00edsicas e 3 centros de distribui\u00e7\u00e3o localizados em Manaus, Porto Velho e Rio Branco. S\u00e3o cerca de 2.100 funcion\u00e1rios.<\/li>\n<li><span style=\"text-decoration: underline;\">Info Store<\/span><br \/>\nA Info Store nasceu em 1998 com o prop\u00f3sito de comercializar um grande mix de tecnologia na cidade de manaus. Hoje, possui um portf\u00f3lio diversificado, que compreende telefonia, games e consoles, eletroeletr\u00f4nicos, ar-condicionado, som automotivo, inform\u00e1tica e acess\u00f3rios.<\/li>\n<li><span style=\"text-decoration: underline;\">Ramsons<\/span><br \/>\nCrescer e perpetuar s\u00e3o tarefas \u00e1rduas, que exigem esfor\u00e7o, dedica\u00e7\u00e3o e, principalmente, amor para superar os obst\u00e1culos e prosperar. Entre as maiores varejistas de com\u00e9rcio eletr\u00f4nico de Manaus, a Ramsons \u00e9 o exemplo de que, para ter sucesso, \u00e9 preciso possuir uma qualidade \u00fanica: ser vision\u00e1ria.<\/li>\n<li><span style=\"text-decoration: underline;\">Sapatinho de Luxo<\/span><br \/>\nConsolidada no Amazonas e em Roraima h\u00e1 mais de 20 anos, com 11 lojas pr\u00f3prias de alto padr\u00e3o, uma flagship em Boa Vista, Roraima, e com forte presen\u00e7a na cabe\u00e7a e no closet de suas fi\u00e9is consumidoras, j\u00e1 est\u00e1 na hora da Sapatinho de Luxo ampliar seus horizontes. Rio de Janeiro, Bras\u00edlia, Bel\u00e9m e Salvador.<\/li>\n<li><span style=\"text-decoration: underline;\">Academia Athletica<\/span><br \/>\nA Cia Athletica est\u00e1 presente em Manaus desde 2005. \u00c9 a \u00fanica academia a ter qualidade 9001:2008, a certifica\u00e7\u00e3o MFA e funcionar 363 dias por ano!<\/li>\n<li><span style=\"text-decoration: underline;\">Amazon Bowling<\/span><br \/>\nNo Amazon Bowling a divers\u00e3o \u00e9 garantida para todas as idades. Equipado com modernas pistas de boliche, mesas de sinuca e ainda tem op\u00e7\u00e3o de Air Game, Pebolim(tot\u00f3), xadrez e domin\u00f3. A estrutura com ambiente moderno e arrojado, com servi\u00e7o completo de Petiscaria, Bar e Lanchonete.<\/li>\n<li><span style=\"text-decoration: underline;\">Banco do Brasil<\/span><br \/>\nH\u00e1 mais de 200 anos acontecia fato in\u00e9dito na hist\u00f3ria mundial: uma col\u00f4nia se transformou em imp\u00e9rio. O Brasil passou a ser a sede da Coroa Portuguesa. Havia apenas tr\u00eas bancos emissores no mundo \u2013 na Su\u00e9cia, na Fran\u00e7a e na Inglaterra -, quando o pr\u00edncipe D. Jo\u00e3o, rec\u00e9m-chegado ao Brasil, obrigado a deixar repentinamente.<\/li>\n<li><span style=\"text-decoration: underline;\">B\u00e1sico do Brasil<\/span><br \/>\nLocalizada no Shopping Studio 5. Uma loja de marcas variadas, onde voc\u00ea encontrar\u00e1 tudo para homem, mulher e crian\u00e7a.<\/li>\n<li><span style=\"text-decoration: underline;\">100% Bijoux<\/span><br \/>\nBijuterias, an\u00e9is, brincos, colares, pulseiras, bolsas, tudo com a qualidade que voc\u00ea merece.<\/li>\n<li><span style=\"text-decoration: underline;\">Bob\u00b4s<\/span><br \/>\nPioneirismo, criatividade e qualidade. Estas caracter\u00edsticas marcaram o Bob\u2019s desde sua funda\u00e7\u00e3o, em 1952, pelo americano Robert Falkenburg, campe\u00e3o de t\u00eanis no torneio de Wimbledon em 1948 e 1949. O conceito de fast-food ainda nem existia no pa\u00eds, quando o jovem tenista vislumbrou a possibilidade de fazer sucesso no Rio de Janeiro.<\/li>\n<\/ul>\n<h3>Studio 5 Manaus Capacidade<\/h3>\n<p><span style=\"text-decoration: underline;\">ESTRUTURA<\/span><\/p>\n<ul>\n<li><em>Atende eventos de 70 a 18.000 pessoas.<\/em><\/li>\n<li>Recep\u00e7\u00e3o com balc\u00f5es m\u00f3veis;<\/li>\n<li>7 salas com capacidade de 70 \u00e0 160 pessoas e p\u00e9 direito de 3,8 metros;<\/li>\n<li>Sal\u00e3o Nobre com capacidade de 400 pessoas e p\u00e9 direito m\u00e9dio de 5 metros \u2013 pode ser utilizado como audit\u00f3rio ou para banquetes e coquet\u00e9is;<\/li>\n<li>Audit\u00f3rio com confort\u00e1veis poltronas e capacidade para at\u00e9 100 pessoas;<\/li>\n<li>Restaurante com capacidade de 150 pessoas;<\/li>\n<li>Sala de Vidros;<\/li>\n<li>Sala de Imprensa com capacidade para at\u00e9 100 pessoas;<\/li>\n<li>Plen\u00e1ria (2.500m\u00b2 \/ p\u00e9 direito de 12m) comporta 3.000 pessoas sentadas e 4.900 em p\u00e9 com apoio de bares, banheiros, camarins e sistema de ar-condicionados;<\/li>\n<li>Pavilh\u00e3o climatizado com ventila\u00e7\u00e3o for\u00e7ada (7.000m\u00b2 \/ p\u00e9 direito de 14m), comporta at\u00e9 12.000 pessoas em p\u00e9 ou 6.000 pessoas sentadas em formato de audit\u00f3rio com apoio de bares, banheiros e camarins.<\/li>\n<li>Hall para coffee breaks e coquet\u00e9is<\/li>\n<li>Escrit\u00f3rios Virtuais e Copas<\/li>\n<li>Estacionamento com 1.500 vagas rotativas e servi\u00e7o de manobrista.<\/li>\n<li>A infraestrutura conta com facilidades na instala\u00e7\u00e3o de equipamentos multim\u00eddia, videoconfer\u00eancia, cabine de tradu\u00e7\u00e3o simult\u00e2nea, acesso \u00e0 internet e transmiss\u00e3o por fibra \u00f3tica, acessibilidade para portadores de necessidades especiais, elevadores, ambientes refrigerados, enfermaria em funcionamento durante a realiza\u00e7\u00e3o dos eventos e gerador de energia para suporte \u00e0 toda a estrutura.<\/li>\n<\/ul>\n<h3>Studio 5 Manaus Eventos<\/h3>\n<p>Solidez e confiabilidade para seu <span style=\"text-decoration: underline;\">evento.<\/span><\/p>\n<p>Estando presente no mercado de eventos em Manaus desde 1991 \u00e9 uma empresa da Rede Amaz\u00f4nica de R\u00e1dio e Televis\u00e3o, fundada h\u00e1 mais de 40 anos e afiliada da Rede Globo \u2013 presente nos estados do Amazonas, Rond\u00f4nia, Acre, Amap\u00e1 e sucursal em Bras\u00edlia.<\/p>\n<p>Tradi\u00e7\u00e3o, transpar\u00eancia, seguran\u00e7a, solidez e seriedade s\u00e3o valores desde grupo, que ser\u00e3o agregados ao seu evento!<\/p>\n<p>Ocupando uma \u00e1rea de mais de 14.000m\u00b2 no bairro Distrito Industrial em Manaus, o Studio 5 Centro de Conven\u00e7\u00f5es oferece a promotores, expositores, visitantes e p\u00fablico em geral o conforto e a seguran\u00e7a de estar integrado a um complexo com mais de 80 opera\u00e7\u00f5es, que corresponde ao Studio 5 Shopping \u2013 com pra\u00e7a de alimenta\u00e7\u00e3o, bancos, correios, loteria, ag\u00eancia de viagem e um complexo Cinemark com oito salas de cinema. Conta com um amplo estacionamento de 1.150 vagas fixas e uma moderna academia de gin\u00e1stica, a Cia Athletica, com 5.000m2.<\/p>\n<p>O complexo conta ainda com dois hot\u00e9is de bandeiras internacionais \u2013 Sleep Inn, da rede Atl\u00e2ntica, e o Holliday Inn, da rede Intercontinental Hotel Groups, totalizando 400 apartamentos. Complementando a infraestrutura do espa\u00e7o \u00e9 importante destacar que no entorno localizam-se mais de 900 unidades habitacionais em hot\u00e9is de cadeias internacionais.<\/p>\n<p>Apoio e consultoria de equipe especializada nas \u00e1reas Comercial, Marketing, Administrativo, Bilheteria, Seguran\u00e7a, Operacional e Limpeza em todas as fases de planejamento \u00e0 realiza\u00e7\u00e3o dos mais diversificados eventos.<\/p>\n<h3>Studio 5 Manaus Boliche<\/h3>\n<p>No <span style=\"text-decoration: underline;\">Amazon Bowling<\/span> a divers\u00e3o \u00e9 garantida para todas as idades. Equipado com modernas pistas de <em>boliche<\/em>, mesas de sinuca e ainda tem op\u00e7\u00e3o de Air Game, Pebolim(tot\u00f3), xadrez e domin\u00f3.<\/p>\n<p>A estrutura com ambiente moderno e arrojado, com servi\u00e7o completo de Petiscaria, Bar e Lanchonete.<\/p>\n<h3>Hor\u00e1rio de Funcionamento Studio 5 Manaus<\/h3>\n<ul>\n<li>Segunda a s\u00e1bado das 10h \u00e0s 22h \/ Domingo das 12h \u00e0s 21h<\/li>\n<\/ul>\n<h3>Onde Fica, Endere\u00e7o e Telefone Studio 5 Manaus<\/h3>\n<ul>\n<li>Av. Rodrigo Ot\u00e1vio, 3555 &#8211; Distrito Industrial, Manaus &#8211; AM<\/li>\n<li>Telefone: (92) 3216-3520<\/li>\n<\/ul>\n<h4>Outras informa\u00e7\u00f5es e site<\/h4>\n<ul>\n<li>Mais informa\u00e7\u00f5es:<a href=\"http:\/\/www.studio5shopping.com.br\" target=\"_blank\" rel=\"noopener noreferrer\"> www.studio5shopping.com.br<\/a><\/li>\n<\/ul>\n<h4>Mapa de localiza\u00e7\u00e3o<\/h4>\n<a class=\"wp-colorbox-iframe\" href=\"https:\/\/www.google.com\/maps\/embed?pb=!1m14!1m8!1m3!1d15935.53612114307!2d-59.9829134!3d-3.1253546!3m2!1i1024!2i768!4f13.1!3m3!1m2!1s0x00x53d97e6f366399c9!2sStudio+5+Shopping!5e0!3m2!1spt-BR!2sbr!4v1543418259220\"><img decoding=\"async\" src=\"http:\/\/www.encontrabelohorizonte.com.br\/imgs\/maps-post.png\"><\/a>\n\n<div style=\"font-size: 0px; height: 0px; line-height: 0px; margin: 0; padding: 0; clear: both;\"><\/div>","protected":false},"excerpt":{"rendered":"<p>Studio 5 Manaus\u00a0faz parte do maior Grupo de Comunica\u00e7\u00e3o do Norte do Pa\u00eds, a Rede Amaz\u00f4nica de R\u00e1dio e Televis\u00e3o, com 45 anos no mercado com a nobre e \u00e1rdua miss\u00e3o de integrar a Amaz\u00f4nia ao resto do mundo. Com mais de 20 anos de atua\u00e7\u00e3o acompanhando as tend\u00eancias e mudan\u00e7as de mercado, o Studio 5 Centro de Conven\u00e7\u00f5es foi pioneiro e \u00e9 referencia na realiza\u00e7\u00e3o de eventos em Manaus. Um espa\u00e7o multifuncional que agrega diversos formatos em um complexo multiuso com uma infraestrutura completa de funcionalidade, seguran\u00e7a e conforto para os mais diversos tipos de eventos. O Studio 5 <\/p>\n","protected":false},"author":1,"featured_media":0,"parent":0,"menu_order":0,"comment_status":"closed","ping_status":"closed","template":"","meta":{"footnotes":""},"class_list":["post-2568","page","type-page","status-publish","hentry"],"aioseo_notices":[],"_links":{"self":[{"href":"https:\/\/www.encontramanausam.com.br\/sobre\/wp-json\/wp\/v2\/pages\/2568","targetHints":{"allow":["GET"]}}],"collection":[{"href":"https:\/\/www.encontramanausam.com.br\/sobre\/wp-json\/wp\/v2\/pages"}],"about":[{"href":"https:\/\/www.encontramanausam.com.br\/sobre\/wp-json\/wp\/v2\/types\/page"}],"author":[{"embeddable":true,"href":"https:\/\/www.encontramanausam.com.br\/sobre\/wp-json\/wp\/v2\/users\/1"}],"replies":[{"embeddable":true,"href":"https:\/\/www.encontramanausam.com.br\/sobre\/wp-json\/wp\/v2\/comments?post=2568"}],"version-history":[{"count":3,"href":"https:\/\/www.encontramanausam.com.br\/sobre\/wp-json\/wp\/v2\/pages\/2568\/revisions"}],"predecessor-version":[{"id":2581,"href":"https:\/\/www.encontramanausam.com.br\/sobre\/wp-json\/wp\/v2\/pages\/2568\/revisions\/2581"}],"wp:attachment":[{"href":"https:\/\/www.encontramanausam.com.br\/sobre\/wp-json\/wp\/v2\/media?parent=2568"}],"curies":[{"name":"wp","href":"https:\/\/api.w.org\/{rel}","templated":true}]}}