{"id":2557,"date":"2018-11-28T16:38:43","date_gmt":"2018-11-28T19:38:43","guid":{"rendered":"http:\/\/www.encontramanausam.com.br\/sobre\/?page_id=2557"},"modified":"2018-11-29T09:04:37","modified_gmt":"2018-11-29T12:04:37","slug":"praca-do-congresso-manaus","status":"publish","type":"page","link":"https:\/\/www.encontramanausam.com.br\/sobre\/praca-do-congresso-manaus\/","title":{"rendered":"Pra\u00e7a do Congresso Manaus"},"content":{"rendered":"<div class=\"882fdd0d88065009358e99f1a9406c55\" data-index=\"1\" style=\"float: none; margin:0px;\">\n<script async src=\"https:\/\/pagead2.googlesyndication.com\/pagead\/js\/adsbygoogle.js?client=ca-pub-8585364105181520\"\r\n     crossorigin=\"anonymous\"><\/script>\r\n<!-- Anuncio display - global -->\r\n<ins class=\"adsbygoogle\"\r\n     style=\"display:block\"\r\n     data-ad-client=\"ca-pub-8585364105181520\"\r\n     data-ad-slot=\"8789329856\"\r\n     data-ad-format=\"auto\"\r\n     data-full-width-responsive=\"true\"><\/ins>\r\n<script>\r\n     (adsbygoogle = window.adsbygoogle || []).push({});\r\n<\/script>\n<\/div>\n<p>A <strong>Pra\u00e7a do Congresso Manaus<\/strong> foi projetada no per\u00edodo \u00e1ureo da borracha, chamava-se Pra\u00e7a Ant\u00f4nio Bittencourt, em homenagem ao homem que governou o Estado do Amazonas, no per\u00edodo de 1908-1912.<\/p>\n<p>Depois, passou a chamar-se Pra\u00e7a do Congresso, em decorr\u00eancia da realiza\u00e7\u00e3o do 1\u00ba Congresso Eucar\u00edstico da Igreja Cat\u00f3lica, realizado no ano de 1942, ocasi\u00e3o em que foi erguido o monumento a Nossa Senhora da Concei\u00e7\u00e3o.<\/p>\n<p><img loading=\"lazy\" decoding=\"async\" class=\"aligncenter wp-image-2559 size-full\" title=\"Pra\u00e7a do Congresso Manaus\" src=\"http:\/\/www.encontramanausam.com.br\/sobre\/wp-content\/uploads\/2018\/11\/praca-do-congresso-manaus.jpg\" alt=\"Pra\u00e7a do Congresso Manaus\" width=\"680\" height=\"189\" srcset=\"https:\/\/www.encontramanausam.com.br\/sobre\/wp-content\/uploads\/2018\/11\/praca-do-congresso-manaus.jpg 680w, https:\/\/www.encontramanausam.com.br\/sobre\/wp-content\/uploads\/2018\/11\/praca-do-congresso-manaus-300x83.jpg 300w\" sizes=\"auto, (max-width: 680px) 100vw, 680px\" \/><\/p>\n<p>Foi a mais famosa e bonita de Manaus, pois foi exatamente naquele local em que o governador Eduardo Ribeiro, iniciou a constru\u00e7\u00e3o de uma das mais belas edifica\u00e7\u00f5es de Manaus, a futura sede governo estadual, o sucessor mandou derrubar e projetou um novo pr\u00e9dio, n\u00e3o conseguiu ir em frente, depois, fizerem um mais simples, onde funciona, atualmente, o Instituto de Educa\u00e7\u00e3o do Amazonas (IEA).<\/p>\n<p>Existia tamb\u00e9m o Palacete Miranda Corr\u00eaa (atual edif\u00edcio Maximino Corr\u00eaa) e o Pr\u00e9dio da Sa\u00fade (atual loja dos Correios), al\u00e9m de outro palacete, hoje ainda de p\u00e9, onde abriga a Biblioteca Municipal Jo\u00e3o Bosco Pantoja Evangelista.<\/p>\n<p>No seu entorno fica o Ideal Clube, local onde a nata da sociedade manauense se encontrava para memor\u00e1veis bailes, al\u00e9m da Boite Moranquinho, onde somente os bacanas entravam. Existia tamb\u00e9m um bela casa, pertencia ao empres\u00e1rio Mois\u00e9s Sab\u00e1, foi derrubada e no local foi construido o Hotel Go Inn.<\/p>\n<p>A pra\u00e7a em si n\u00e3o era t\u00e3o bonita, n\u00e3o chegava aos p\u00e9s da Pra\u00e7a da Saudade e da Pra\u00e7a Heliodoro Balbi, por\u00e9m, todos os maravilhosos pr\u00e9dios em seu redor, formando um belo conjunto, dava um charme todo especial \u00e0 Pra\u00e7a do Congresso, al\u00e9m dela ficar bem na cabeceira da famosa Avenida Eduardo Ribeiro, onde tudo de bom e de melhor acontecia.<\/p>\n<p>Esta Pra\u00e7a faz parte da minha inf\u00e2ncia, adolesc\u00eancia e adulta. Estudei no Col\u00e9gio Estadual Divina Provid\u00eancia, atual Faculdade da Uninorte; da janela da sala de aula presenciei a demoli\u00e7\u00e3o do Palacete do empres\u00e1rio Miranda Corr\u00eaa, para constru\u00e7\u00e3o de um espig\u00e3o feio; segundo relatos da minha saudosa m\u00e3e, o meu bisav\u00f4 trabalhou como carpinteiro na confec\u00e7\u00e3o das portas do Palacete.<\/p>\n<p>Acompanhei tamb\u00e9m a demoli\u00e7\u00e3o do Pr\u00e9dio da Sa\u00fade, constru\u00edram outro de mau gosto, para abrigar uma ag\u00eancia dos Correios. Alguns anos depois, fui estudar no Col\u00e9gio Benjamim Constant, come\u00e7aram as paqueras na pra\u00e7a e as rodadas de sorvetes na Lanchonete Pinguim; posteriormente fui estudar no Instituto de Educa\u00e7\u00e3o do Amazonas, comecei a frequentar o Bar Pinguim, nesta altura do campeonato, j\u00e1 rolavam umas cervejas.<\/p>\n<p>Fiz o terceiro grau na Faculdade de Estudos Sociais, ficava pr\u00f3xima a pra\u00e7a, todo santo dia passava por l\u00e1. Tive o privil\u00e9gio de participar do com\u00edcio em prol das elei\u00e7\u00f5es diretas para Presidente da Rep\u00fablica, em 1984, este movimento ficou conhecido nacionalmente como \u201cDIRETAS J\u00c1\u201d, no comando do Deputado Federal Ulysses Guimar\u00e3es.<\/p>\n<p>Tudo para mim girava no entorno daquela pra\u00e7a: nasci no Hospital da Santa Casa de Miseric\u00f3rdia; estudei em col\u00e9gios e faculdade pr\u00f3xima da pra\u00e7a; divertia-me no Luso Sporting Club e no Clube Juvenil; bebericava e paquerava na pra\u00e7a; babava das festas promovidas pelos bacanas no Ideal Club; presenciava os desfiles de Carnaval, Sete de Setembro e Pelad\u00e3o; a minha formatura foi no Teatro Amazonas e casei na Igreja de S\u00e3o Sebasti\u00e3o.<\/p>\n<p>A Pra\u00e7a do Congresso encontra-se, atualmente, abandonada, descacterizada, pichada pelos v\u00e2ndalos, quebrada, as sa\u00favas tomaram conta dos canteiros, serve de dormit\u00f3rios para mendigos, desocupados e de usu\u00e1rios de drogas. Mesmo com todo esse abandono, por parte da Prefeitura de Manaus, ela ainda \u00e9 frequentada pelos estudantes secundaristas; nos finais de semana o pessoal do \u201cheavy rock\u201d toma conta do peda\u00e7o, al\u00e9m da turma destruidora do Skate e do Grafite; ainda existem barracas de vendas de comidas da culin\u00e1ria baiana e amazonense, al\u00e9m de ser o local preferido para manifesta\u00e7\u00f5es e discursos de pol\u00edticos. Aos domingos, um grupo de pessoas do bem, ligados o espiritismo, levam grandes panelas de Sopa de Legumes, distribuem para os moradores de ruas, levam tamb\u00e9m o conforto espiritual para os mais necessitados.<\/p>\n<p>N\u00e3o d\u00e1 para entender o porqu\u00ea do seu abandono, ela \u00e9 hist\u00f3rica, est\u00e1 inserida no nosso cotidiano, \u00e9 lament\u00e1vel a omiss\u00e3o do atual Prefeito de Manaus. Era a Pra\u00e7a mais bela de Manaus, hoje, est\u00e1 feia, esquecida e abandonada!<\/p>\n<h2>Onde Fica a Pra\u00e7a do Congresso em Manaus<\/h2>\n<p>A pra\u00e7a do congresso <em>fica situada no centro da cidade<\/em> em frente \u00e0 tradicional escola IEA.<\/p>\n<h3>Pra\u00e7a do Congresso Manaus Hist\u00f3ria<\/h3>\n<p>Ainda no <em>tempo do Imp\u00e9rio do Brasil (1822-1889<\/em>),tudo come\u00e7ou no espa\u00e7o chamado de Largo do Pai\u00e7andu &#8211; homenagem ao territ\u00f3rio uruguaio tomado em 1865.Desapareceu com o aterro do Igarap\u00e9 do Esp\u00edrito Santo e a abertura de ruas e loteamentos,formando na parte final da regi\u00e3o,o jardim do Pal\u00e1cio Novo.<\/p>\n<p>Uma comiss\u00e3o de Saneamento do Estado prop\u00f4s a bifurca\u00e7\u00e3o da Avenida Eduardo Ribeiro,em frente ao Pal\u00e1cio do Governo,para facilitar o tr\u00e2nsito de ve\u00edculos,e para este fim,desapropriou \u00e1reas,iniciando-se o movimento de terras.As obras passaram a ser realizadas em derredor do Pal\u00e1cio e essa ampla esplanada,anos depois,foi sendo reduzida por cess\u00e3o de terras p\u00fablicas para edifica\u00e7\u00f5es particulares,resultando na sua forma\u00e7\u00e3o atual.J\u00e1 designada Pra\u00e7a 5 de setembro &#8211; em homenagem \u00e0 eleva\u00e7\u00e3o do Amazonas \u00e0 categoria de Prov\u00edncia,o jardim foi completamente reformado,na administra\u00e7\u00e3o municipal do professor Gilberto Mestrinho,sendo o desenho art\u00edstico elaborado pelo Dr.Areolino de Azevedo.<\/p>\n<p>Constituiu-se inicialmente como Largo do Pai\u00e7andu.A denomina\u00e7\u00e3o seguinte foi Pra\u00e7a 5 de setembro.Recebeu o nome de Pra\u00e7a Ant\u00f4nio Bittencourt em homenagem ao pol\u00edtico renomado da \u00e9poca &#8211; Ant\u00f4nio Clemente Ribeiro Bittencourt.Popularmente foi chamada de Pra\u00e7a da Sa\u00fade,em raz\u00e3o do edif\u00edcio sede da Reparti\u00e7\u00e3o de Sa\u00fade P\u00fablica,ali existente por muitos anos.<\/p>\n<p>A denomina\u00e7\u00e3o popular que mais se fixou na mem\u00f3ria coletiva foi Pra\u00e7a do Congresso,refer\u00eancia direta ao 1\u00b0Congresso Eucar\u00edstico Diocesano de Manaus e \u00e0 comemora\u00e7\u00e3o dos 50 anos de cria\u00e7\u00e3o do Bispado do Amazonas,realizado naquele logradouro em junho de 1942.<\/p>\n<h3>Pra\u00e7a do Congresso Manaus Fotos<\/h3>\n<p><img loading=\"lazy\" decoding=\"async\" class=\"aligncenter wp-image-2604 size-full\" title=\"Pra\u00e7a do Congresso Manaus Fotos\" src=\"http:\/\/www.encontramanausam.com.br\/sobre\/wp-content\/uploads\/2018\/11\/praca-do-congresso-manaus-fotos.jpg\" alt=\"Pra\u00e7a do Congresso Manaus Fotos\" width=\"748\" height=\"465\" srcset=\"https:\/\/www.encontramanausam.com.br\/sobre\/wp-content\/uploads\/2018\/11\/praca-do-congresso-manaus-fotos.jpg 748w, https:\/\/www.encontramanausam.com.br\/sobre\/wp-content\/uploads\/2018\/11\/praca-do-congresso-manaus-fotos-300x186.jpg 300w\" sizes=\"auto, (max-width: 748px) 100vw, 748px\" \/><\/p>\n<h3>Hor\u00e1rio de Funcionamento Pra\u00e7a do Congresso Manaus<\/h3>\n<ul>\n<li>Aberto 24 horas<\/li>\n<\/ul>\n<h3>Onde Fica e Endere\u00e7o Pra\u00e7a do Congresso Manaus<\/h3>\n<ul>\n<li>Av. Ramos Ferreira, s\/n &#8211; Centro, Manaus &#8211; AM<\/li>\n<\/ul>\n<h4>Mapa de localiza\u00e7\u00e3o<\/h4>\n<a class=\"wp-colorbox-iframe\" href=\"https:\/\/www.google.com\/maps\/embed?pb=!1m18!1m12!1m3!1d3983.8720101526465!2d-60.026257935242654!3d-3.12851904772194!2m3!1f0!2f0!3f0!3m2!1i1024!2i768!4f13.1!3m3!1m2!1s0x926c0562eeb572d10xfbcf1ff01c39c7fb!2sPraa+do+Congresso+-+Av.+Ramos+Ferreira+sn+-+Centro+Manaus+-+AM+69010-120!5e0!3m2!1spt-BR!2sbr!4v1543426454037\"><img decoding=\"async\" src=\"http:\/\/www.encontrabelohorizonte.com.br\/imgs\/maps-post.png\"><\/a>\n\n<div style=\"font-size: 0px; height: 0px; line-height: 0px; margin: 0; padding: 0; clear: both;\"><\/div>","protected":false},"excerpt":{"rendered":"<p>A Pra\u00e7a do Congresso Manaus foi projetada no per\u00edodo \u00e1ureo da borracha, chamava-se Pra\u00e7a Ant\u00f4nio Bittencourt, em homenagem ao homem que governou o Estado do Amazonas, no per\u00edodo de 1908-1912. Depois, passou a chamar-se Pra\u00e7a do Congresso, em decorr\u00eancia da realiza\u00e7\u00e3o do 1\u00ba Congresso Eucar\u00edstico da Igreja Cat\u00f3lica, realizado no ano de 1942, ocasi\u00e3o em que foi erguido o monumento a Nossa Senhora da Concei\u00e7\u00e3o. Foi a mais famosa e bonita de Manaus, pois foi exatamente naquele local em que o governador Eduardo Ribeiro, iniciou a constru\u00e7\u00e3o de uma das mais belas edifica\u00e7\u00f5es de Manaus, a futura sede governo estadual, <\/p>\n","protected":false},"author":1,"featured_media":0,"parent":0,"menu_order":0,"comment_status":"closed","ping_status":"closed","template":"","meta":{"footnotes":""},"class_list":["post-2557","page","type-page","status-publish","hentry"],"aioseo_notices":[],"_links":{"self":[{"href":"https:\/\/www.encontramanausam.com.br\/sobre\/wp-json\/wp\/v2\/pages\/2557","targetHints":{"allow":["GET"]}}],"collection":[{"href":"https:\/\/www.encontramanausam.com.br\/sobre\/wp-json\/wp\/v2\/pages"}],"about":[{"href":"https:\/\/www.encontramanausam.com.br\/sobre\/wp-json\/wp\/v2\/types\/page"}],"author":[{"embeddable":true,"href":"https:\/\/www.encontramanausam.com.br\/sobre\/wp-json\/wp\/v2\/users\/1"}],"replies":[{"embeddable":true,"href":"https:\/\/www.encontramanausam.com.br\/sobre\/wp-json\/wp\/v2\/comments?post=2557"}],"version-history":[{"count":4,"href":"https:\/\/www.encontramanausam.com.br\/sobre\/wp-json\/wp\/v2\/pages\/2557\/revisions"}],"predecessor-version":[{"id":2606,"href":"https:\/\/www.encontramanausam.com.br\/sobre\/wp-json\/wp\/v2\/pages\/2557\/revisions\/2606"}],"wp:attachment":[{"href":"https:\/\/www.encontramanausam.com.br\/sobre\/wp-json\/wp\/v2\/media?parent=2557"}],"curies":[{"name":"wp","href":"https:\/\/api.w.org\/{rel}","templated":true}]}}