{"id":2553,"date":"2018-11-28T16:33:36","date_gmt":"2018-11-28T19:33:36","guid":{"rendered":"http:\/\/www.encontramanausam.com.br\/sobre\/?page_id=2553"},"modified":"2018-11-28T17:49:20","modified_gmt":"2018-11-28T20:49:20","slug":"manaus-ambiental","status":"publish","type":"page","link":"https:\/\/www.encontramanausam.com.br\/sobre\/manaus-ambiental\/","title":{"rendered":"Manaus Ambiental"},"content":{"rendered":"<div class=\"882fdd0d88065009358e99f1a9406c55\" data-index=\"1\" style=\"float: none; margin:0px;\">\n<script async src=\"https:\/\/pagead2.googlesyndication.com\/pagead\/js\/adsbygoogle.js?client=ca-pub-8585364105181520\"\r\n     crossorigin=\"anonymous\"><\/script>\r\n<!-- Anuncio display - global -->\r\n<ins class=\"adsbygoogle\"\r\n     style=\"display:block\"\r\n     data-ad-client=\"ca-pub-8585364105181520\"\r\n     data-ad-slot=\"8789329856\"\r\n     data-ad-format=\"auto\"\r\n     data-full-width-responsive=\"true\"><\/ins>\r\n<script>\r\n     (adsbygoogle = window.adsbygoogle || []).push({});\r\n<\/script>\n<\/div>\n<p>A <strong>Manus Ambiental<\/strong> agora \u00e9 \u00c1guas de Manaus.<\/p>\n<p>Respons\u00e1vel pelos servi\u00e7os de abastecimento de \u00e1gua, coleta e tratamento de esgoto na capital amazonense, a \u00c1guas de Manaus \u00e9 uma empresa da Aegea Saneamento, maior companhia privada do setor no pa\u00eds.<\/p>\n<p>Em Manaus, ap\u00f3s aquisi\u00e7\u00e3o da concession\u00e1ria pelo grupo, os trabalhos come\u00e7aram em junho de 2018. O investimento para os cinco primeiros anos \u00e9 de R$ 880 milh\u00f5es.<\/p>\n<p><img loading=\"lazy\" decoding=\"async\" class=\"aligncenter wp-image-2555 size-full\" title=\"Manaus Ambiental\" src=\"http:\/\/www.encontramanausam.com.br\/sobre\/wp-content\/uploads\/2018\/11\/manaus-ambiental.jpg\" alt=\"Manaus Ambiental\" width=\"680\" height=\"189\" srcset=\"https:\/\/www.encontramanausam.com.br\/sobre\/wp-content\/uploads\/2018\/11\/manaus-ambiental.jpg 680w, https:\/\/www.encontramanausam.com.br\/sobre\/wp-content\/uploads\/2018\/11\/manaus-ambiental-300x83.jpg 300w\" sizes=\"auto, (max-width: 680px) 100vw, 680px\" \/><\/p>\n<p>O objetivo \u00e9 universalizar o abastecimento de \u00e1gua, al\u00e9m de ampliar o acesso ao esgotamento sanit\u00e1rio, dos atuais 35% para 80%, at\u00e9 2030.<\/p>\n<p>Para a \u00c1guas de Manaus, esses n\u00fameros representam um passo importante rumo \u00e0 preserva\u00e7\u00e3o do meio ambiente na Amaz\u00f4nia e s\u00e3o frutos da experi\u00eancia em saneamento, gest\u00e3o, efici\u00eancia operacional e compromisso com a sustentabilidade, atrav\u00e9s de uma atua\u00e7\u00e3o pautada pelo respeito a sociedade, ao meio ambiente e aos princ\u00edpios \u00e9ticos.<\/p>\n<p>Tem um jeito \u00fanico de atuar, um modo que nos diferencia de todas as outras empresas. Tem um papel fundamental em fornecer elementos vitais para a qualidade de vida de milh\u00f5es de pessoas.<br \/>\nA atua\u00e7\u00e3o \u00e9 pautada pelo respeito a sociedade, ao meio ambiente e aos princ\u00edpios \u00e9ticos.<\/p>\n<p>A \u00c1guas de Manaus busca garantir o mais alto n\u00edvel de transpar\u00eancia e \u00e9tica em suas atividades. Para divulgar e apoiar todas as iniciativas da empresa, estabelece um Programa de Compliance que promove uma cultura de integridade com base nos valores e no C\u00f3digo de Conduta da Aegea.<br \/>\nO Programa de Compliance \u00e9 conduzido pela Ger\u00eancia de Integridade e conta com o apoio de um Grupo de Gest\u00e3o de \u00c9tica. Com a responsabilidade de avaliar e acompanhar as eventuais investiga\u00e7\u00f5es, este grupo assume a tarefa de garantir a idoneidade de todo o processo realizado pelo Grupo Apurador.<\/p>\n<p>Por meio de uma atua\u00e7\u00e3o pautada pela imparcialidade, o Grupo de Gest\u00e3o de \u00c9tica tamb\u00e9m tem como objetivo assegurar o sigilo absoluto antes, durante e depois da conclus\u00e3o das investiga\u00e7\u00f5es, n\u00e3o permitindo que o denunciante sofra qualquer tipo retalia\u00e7\u00e3o.<\/p>\n<p>A \u00c1guas de Manaus trabalha o Compliance baseado em tr\u00eas pilares que norteiam o sistema e promovem atitudes \u00e9ticas e \u00edntegras em nossa rotina.<\/p>\n<h2>Manaus Ambiental Segunda Via<\/h2>\n<p>Acessando o site voc\u00ea pode <em>consultar d\u00e9bitos, verificar hist\u00f3rico de consumo e fazer pagamento online<\/em>.<\/p>\n<h3>Manaus Ambiental Aegea<\/h3>\n<p>Criada em 2010, a <em>Aegea<\/em> \u00e9 a maior empresa de saneamento do segmento privado no pa\u00eds. Em cada munic\u00edpio onde atua, leva mais sa\u00fade e qualidade de vida para a popula\u00e7\u00e3o, respeitando sempre o meio ambiente e a cultura local. Hoje, s\u00e3o mais de 7 milh\u00f5es de pessoas atendidas em 49 cidades, de norte a sul do Brasil. A companhia atua no gerenciamento dos servi\u00e7os de saneamento por meio de concess\u00f5es plenas ou parciais e parcerias p\u00fablico-privadas (PPPs), atuando em todo processo do ciclo integral da \u00e1gua \u2013 abastecimento, coleta e tratamento de esgoto.<\/p>\n<h3>Manaus Ambiental Pedido de Liga\u00e7\u00e3o<\/h3>\n<p>Procure uma unidade de atendimento mais pr\u00f3xima de sua resid\u00eancia ou ligue para o atendimento SAC (Local) e demais localidades: 0800-092-0195.<br \/>\nE-mail: <a href=\"mailto:faleconosco@aguasdemanaus.com.br\" target=\"_blank\" rel=\"noopener noreferrer\">faleconosco@aguasdemanaus.com.br<\/a><\/p>\n<h3>Hor\u00e1rio de Funcionamento Manaus Ambiental<\/h3>\n<ul>\n<li>Segunda a Sexta das 7h \u00e0s 17h \/ S\u00e1bado: 8h \u00e0s 13h<\/li>\n<\/ul>\n<h3>Onde Fica, Endere\u00e7o e Telefone Manaus Ambiental<\/h3>\n<ul>\n<li>Rua Leonardo Malcher, 1237 &#8211; Centro &#8211; Manaus &#8211; AM<\/li>\n<li>Telefone: 0800-092-0195<\/li>\n<\/ul>\n<h4>Outras informa\u00e7\u00f5es e site<\/h4>\n<ul>\n<li>Mais informa\u00e7\u00f5es:<a href=\"http:\/\/www.aguasdemanaus.com.br\/\" target=\"_blank\" rel=\"noopener noreferrer\"> www.aguasdemanaus.com.br\/<\/a><\/li>\n<li>CNPJ: 03.264.927\/0001-27<\/li>\n<\/ul>\n<h4>Mapa de localiza\u00e7\u00e3o<\/h4>\n<a class=\"wp-colorbox-iframe\" href=\"https:\/\/www.google.com\/maps\/embed?pb=!1m18!1m12!1m3!1d3983.882482330712!2d-60.02346058524279!3d-3.125762297723936!2m3!1f0!2f0!3f0!3m2!1i1024!2i768!4f13.1!3m3!1m2!1s0x926c0563e8ce29e10x84bf58af69f4fdbd!2sAv.+Leonardo+Malcher+1237+-+Centro+Manaus+-+AM+69010-170!5e0!3m2!1spt-BR!2sbr!4v1543415927377\"><img decoding=\"async\" src=\"http:\/\/www.encontrabelohorizonte.com.br\/imgs\/maps-post.png\"><\/a>\n\n<div style=\"font-size: 0px; height: 0px; line-height: 0px; margin: 0; padding: 0; clear: both;\"><\/div>","protected":false},"excerpt":{"rendered":"<p>A Manus Ambiental agora \u00e9 \u00c1guas de Manaus. Respons\u00e1vel pelos servi\u00e7os de abastecimento de \u00e1gua, coleta e tratamento de esgoto na capital amazonense, a \u00c1guas de Manaus \u00e9 uma empresa da Aegea Saneamento, maior companhia privada do setor no pa\u00eds. Em Manaus, ap\u00f3s aquisi\u00e7\u00e3o da concession\u00e1ria pelo grupo, os trabalhos come\u00e7aram em junho de 2018. O investimento para os cinco primeiros anos \u00e9 de R$ 880 milh\u00f5es. O objetivo \u00e9 universalizar o abastecimento de \u00e1gua, al\u00e9m de ampliar o acesso ao esgotamento sanit\u00e1rio, dos atuais 35% para 80%, at\u00e9 2030. Para a \u00c1guas de Manaus, esses n\u00fameros representam um passo <\/p>\n","protected":false},"author":1,"featured_media":0,"parent":0,"menu_order":0,"comment_status":"closed","ping_status":"closed","template":"","meta":{"footnotes":""},"class_list":["post-2553","page","type-page","status-publish","hentry"],"aioseo_notices":[],"_links":{"self":[{"href":"https:\/\/www.encontramanausam.com.br\/sobre\/wp-json\/wp\/v2\/pages\/2553","targetHints":{"allow":["GET"]}}],"collection":[{"href":"https:\/\/www.encontramanausam.com.br\/sobre\/wp-json\/wp\/v2\/pages"}],"about":[{"href":"https:\/\/www.encontramanausam.com.br\/sobre\/wp-json\/wp\/v2\/types\/page"}],"author":[{"embeddable":true,"href":"https:\/\/www.encontramanausam.com.br\/sobre\/wp-json\/wp\/v2\/users\/1"}],"replies":[{"embeddable":true,"href":"https:\/\/www.encontramanausam.com.br\/sobre\/wp-json\/wp\/v2\/comments?post=2553"}],"version-history":[{"count":2,"href":"https:\/\/www.encontramanausam.com.br\/sobre\/wp-json\/wp\/v2\/pages\/2553\/revisions"}],"predecessor-version":[{"id":2583,"href":"https:\/\/www.encontramanausam.com.br\/sobre\/wp-json\/wp\/v2\/pages\/2553\/revisions\/2583"}],"wp:attachment":[{"href":"https:\/\/www.encontramanausam.com.br\/sobre\/wp-json\/wp\/v2\/media?parent=2553"}],"curies":[{"name":"wp","href":"https:\/\/api.w.org\/{rel}","templated":true}]}}