{"id":2530,"date":"2018-11-28T16:02:02","date_gmt":"2018-11-28T19:02:02","guid":{"rendered":"http:\/\/www.encontramanausam.com.br\/sobre\/?page_id=2530"},"modified":"2018-11-28T17:56:55","modified_gmt":"2018-11-28T20:56:55","slug":"zona-franca-de-manaus","status":"publish","type":"page","link":"https:\/\/www.encontramanausam.com.br\/sobre\/zona-franca-de-manaus\/","title":{"rendered":"Zona Franca de Manaus"},"content":{"rendered":"<div class=\"882fdd0d88065009358e99f1a9406c55\" data-index=\"1\" style=\"float: none; margin:0px;\">\n<script async src=\"https:\/\/pagead2.googlesyndication.com\/pagead\/js\/adsbygoogle.js?client=ca-pub-8585364105181520\"\r\n     crossorigin=\"anonymous\"><\/script>\r\n<!-- Anuncio display - global -->\r\n<ins class=\"adsbygoogle\"\r\n     style=\"display:block\"\r\n     data-ad-client=\"ca-pub-8585364105181520\"\r\n     data-ad-slot=\"8789329856\"\r\n     data-ad-format=\"auto\"\r\n     data-full-width-responsive=\"true\"><\/ins>\r\n<script>\r\n     (adsbygoogle = window.adsbygoogle || []).push({});\r\n<\/script>\n<\/div>\n<p>A <strong>Zona Franca de Manaus<\/strong> ou Polo Industrial de Manaus \u00e9 uma zona industrial na cidade de Manaus, no Brasil.<\/p>\n<p>Foi criada pelo decreto-lei n\u00famero 3.173 de 6 de junho de 1957 e aprimorada dez anos depois, pelo decreto-lei 288 de 28 de fevereiro de 1967, com o prop\u00f3sito de impulsionar o desenvolvimento econ\u00f4mico da Amaz\u00f4nia Ocidental.<\/p>\n<p><img loading=\"lazy\" decoding=\"async\" class=\"aligncenter wp-image-2532 size-full\" title=\"Zona Franca de Manaus\" src=\"http:\/\/www.encontramanausam.com.br\/sobre\/wp-content\/uploads\/2018\/11\/zona-franca-de-manaus.jpg\" alt=\"Zona Franca de Manaus\" width=\"680\" height=\"189\" srcset=\"https:\/\/www.encontramanausam.com.br\/sobre\/wp-content\/uploads\/2018\/11\/zona-franca-de-manaus.jpg 680w, https:\/\/www.encontramanausam.com.br\/sobre\/wp-content\/uploads\/2018\/11\/zona-franca-de-manaus-300x83.jpg 300w\" sizes=\"auto, (max-width: 680px) 100vw, 680px\" \/><\/p>\n<p>Administrado pela Superintend\u00eancia da Zona Franca de Manaus (SUFRAMA), o polo industrial abriga na atualidade cerca de 600 ind\u00fastrias, especialmente concentradas nos setores de televis\u00e3o, inform\u00e1tica e motocicletas. Nos \u00faltimos anos, o p\u00f3lo recebeu um novo impulso com os incentivos fiscais para a implanta\u00e7\u00e3o da tecnologia de televis\u00e3o digital no Brasil.<\/p>\n<p>A ZFM compreende tr\u00eas p\u00f3los econ\u00f4micos: comercial, industrial e agropecu\u00e1rio. O primeiro teve maior ascens\u00e3o at\u00e9 o final da d\u00e9cada de 80, quando o Brasil adotava o regime de economia fechada.<\/p>\n<p>A ind\u00fastria \u00e9 considerada a base de sustenta\u00e7\u00e3o da ZFM. O p\u00f3lo Industrial de Manaus possui aproximadamente 600 ind\u00fastrias de alta tecnologia gerando mais de meio milh\u00e3o de empregos, diretos e indiretos, principalmente nos segmentos de eletroeletr\u00f4nicos, duas rodas e qu\u00edmico.<\/p>\n<p>Entre os produtos fabricados destacam-se: aparelhos celulares de \u00e1udio e v\u00eddeo, televisores, motocicletas, concentrados para refrigerantes, entre outros. O p\u00f3lo agropecu\u00e1rio abriga projetos voltados \u00e0 atividades de produ\u00e7\u00e3o de alimentos, agroind\u00fastria, piscicultura, turismo, beleza, beneficiamento de madeira, entre outras.<\/p>\n<p>Os indicadores de faturamento e produ\u00e7\u00e3o do parque incentivado de Manaus s\u00e3o crescentes a cada ano, tendo faturado em 2012 valores superiores a US$ 37 bilh\u00f5es. A produ\u00e7\u00e3o do PIM \u00e9 direcionada majoritariamente para o mercado brasileiro, mas h\u00e1 uma pequena parcela (cerca de 5% anualmente) que \u00e9 exportada para mercados da Am\u00e9rica Latina, Europa e Estados Unidos.<\/p>\n<h2>Zona Franca de Manaus Estados<\/h2>\n<p>Atualmente, as \u00c1reas de Livre Com\u00e9rcio contempladas no per\u00edmetro do modelo Zona Franca de Manaus s\u00e3o as seguintes: Boa Vista e Bonfim, no Estado de Roraima; Guajar\u00e1-Mirim, no Estado de Rond\u00f4nia; Brasil\u00e9ia, com extens\u00e3o a Epitaciol\u00e2ndia, e Cruzeiro do Sul, no Estado do Acre; Tabatinga, no Estado do Amazonas; e Macap\u00e1 e Santana, no Estado do Amap\u00e1.<\/p>\n<h3>Zona Franca de Manaus Empresas<\/h3>\n<p>Os maiores fabricantes de eletr\u00f4nicos da Zona Franca de Manaus incluem algumas das <em>empresas<\/em> nacionais e internacionais mais conhecidas do mercado.<\/p>\n<ul>\n<li>Cal-Comp<\/li>\n<li>CCE<\/li>\n<li>Digitron<\/li>\n<li>Flex Industries<\/li>\n<li>GBR Componentes<\/li>\n<li>Terra Amaz\u00f4nia<\/li>\n<li>LG<\/li>\n<li>Microsoft<\/li>\n<li>Panasonic<\/li>\n<li>Philco<\/li>\n<li>Pioneer<\/li>\n<li>Samsung<\/li>\n<li>Semp Toshiba<\/li>\n<li>Sony<\/li>\n<li>Philips<\/li>\n<\/ul>\n<h3>Zona Franca de Manaus Impostos<\/h3>\n<p>As ind\u00fastrias instaladas no polo de Manaus t\u00eam redu\u00e7\u00e3o de at\u00e9 88% no <span style=\"text-decoration: underline;\">Imposto<\/span> de Importa\u00e7\u00e3o, s\u00e3o isentas do Imposto sobre Produtos Industrializados (IPI), da contribui\u00e7\u00e3o para o PIS\/Pasep e da Cofins e t\u00eam corte de 75% no Imposto de Renda de Pessoa Jur\u00eddica.<\/p>\n<h3>Zona Franca de Manaus Compras<\/h3>\n<p>Para informa\u00e7\u00f5es sobre <em>compras<\/em>, entre em contato com a Superinted\u00eancia da Zona Franca de Manaus, telefone (92) 3321-7000<\/p>\n\n<div style=\"font-size: 0px; height: 0px; line-height: 0px; margin: 0; padding: 0; clear: both;\"><\/div>","protected":false},"excerpt":{"rendered":"<p>A Zona Franca de Manaus ou Polo Industrial de Manaus \u00e9 uma zona industrial na cidade de Manaus, no Brasil. Foi criada pelo decreto-lei n\u00famero 3.173 de 6 de junho de 1957 e aprimorada dez anos depois, pelo decreto-lei 288 de 28 de fevereiro de 1967, com o prop\u00f3sito de impulsionar o desenvolvimento econ\u00f4mico da Amaz\u00f4nia Ocidental. Administrado pela Superintend\u00eancia da Zona Franca de Manaus (SUFRAMA), o polo industrial abriga na atualidade cerca de 600 ind\u00fastrias, especialmente concentradas nos setores de televis\u00e3o, inform\u00e1tica e motocicletas. Nos \u00faltimos anos, o p\u00f3lo recebeu um novo impulso com os incentivos fiscais para a <\/p>\n","protected":false},"author":1,"featured_media":0,"parent":0,"menu_order":0,"comment_status":"closed","ping_status":"closed","template":"","meta":{"footnotes":""},"class_list":["post-2530","page","type-page","status-publish","hentry"],"aioseo_notices":[],"_links":{"self":[{"href":"https:\/\/www.encontramanausam.com.br\/sobre\/wp-json\/wp\/v2\/pages\/2530","targetHints":{"allow":["GET"]}}],"collection":[{"href":"https:\/\/www.encontramanausam.com.br\/sobre\/wp-json\/wp\/v2\/pages"}],"about":[{"href":"https:\/\/www.encontramanausam.com.br\/sobre\/wp-json\/wp\/v2\/types\/page"}],"author":[{"embeddable":true,"href":"https:\/\/www.encontramanausam.com.br\/sobre\/wp-json\/wp\/v2\/users\/1"}],"replies":[{"embeddable":true,"href":"https:\/\/www.encontramanausam.com.br\/sobre\/wp-json\/wp\/v2\/comments?post=2530"}],"version-history":[{"count":1,"href":"https:\/\/www.encontramanausam.com.br\/sobre\/wp-json\/wp\/v2\/pages\/2530\/revisions"}],"predecessor-version":[{"id":2533,"href":"https:\/\/www.encontramanausam.com.br\/sobre\/wp-json\/wp\/v2\/pages\/2530\/revisions\/2533"}],"wp:attachment":[{"href":"https:\/\/www.encontramanausam.com.br\/sobre\/wp-json\/wp\/v2\/media?parent=2530"}],"curies":[{"name":"wp","href":"https:\/\/api.w.org\/{rel}","templated":true}]}}