{"id":2526,"date":"2018-11-28T15:58:43","date_gmt":"2018-11-28T18:58:43","guid":{"rendered":"http:\/\/www.encontramanausam.com.br\/sobre\/?page_id=2526"},"modified":"2019-01-24T14:29:24","modified_gmt":"2019-01-24T17:29:24","slug":"ministerio-do-trabalho-manaus","status":"publish","type":"page","link":"https:\/\/www.encontramanausam.com.br\/sobre\/ministerio-do-trabalho-manaus\/","title":{"rendered":"Minist\u00e9rio do Trabalho Manaus"},"content":{"rendered":"<div class=\"882fdd0d88065009358e99f1a9406c55\" data-index=\"1\" style=\"float: none; margin:0px;\">\n<script async src=\"https:\/\/pagead2.googlesyndication.com\/pagead\/js\/adsbygoogle.js?client=ca-pub-8585364105181520\"\r\n     crossorigin=\"anonymous\"><\/script>\r\n<!-- Anuncio display - global -->\r\n<ins class=\"adsbygoogle\"\r\n     style=\"display:block\"\r\n     data-ad-client=\"ca-pub-8585364105181520\"\r\n     data-ad-slot=\"8789329856\"\r\n     data-ad-format=\"auto\"\r\n     data-full-width-responsive=\"true\"><\/ins>\r\n<script>\r\n     (adsbygoogle = window.adsbygoogle || []).push({});\r\n<\/script>\n<\/div>\n<p><strong>Minist\u00e9rio do Trabalho<\/strong> \u00e9 um minist\u00e9rio do governo do Brasil. Foi reestruturado pelo presidente Michel Temer por meio da medida provis\u00f3ria n\u00ba 726, de 2016 convertida na lei n\u00ba 13.341, de 29 de setembro de 2016.<\/p>\n<p>Sua compet\u00eancia abrange os seguintes assuntos: pol\u00edtica e diretrizes para a gera\u00e7\u00e3o de emprego e renda e de apoio ao trabalhador.<\/p>\n<p><img loading=\"lazy\" decoding=\"async\" class=\"aligncenter wp-image-2528 size-full\" title=\"Minist\u00e9rio do Trabalho Manaus\" src=\"http:\/\/www.encontramanausam.com.br\/sobre\/wp-content\/uploads\/2018\/11\/ministerio-do-trabalho-manaus.jpg\" alt=\"Minist\u00e9rio do Trabalho Manaus\" width=\"680\" height=\"189\" srcset=\"https:\/\/www.encontramanausam.com.br\/sobre\/wp-content\/uploads\/2018\/11\/ministerio-do-trabalho-manaus.jpg 680w, https:\/\/www.encontramanausam.com.br\/sobre\/wp-content\/uploads\/2018\/11\/ministerio-do-trabalho-manaus-300x83.jpg 300w\" sizes=\"auto, (max-width: 680px) 100vw, 680px\" \/><\/p>\n<p>Pol\u00edtica e diretrizes para a moderniza\u00e7\u00e3o das rela\u00e7\u00f5es do trabalho; fiscaliza\u00e7\u00e3o em seguran\u00e7a e sa\u00fade no trabalho; fiscaliza\u00e7\u00e3o do trabalho, inclusive do trabalho portu\u00e1rio, bem como aplica\u00e7\u00e3o das san\u00e7\u00f5es previstas em normas legais ou coletivas; pol\u00edtica salarial; forma\u00e7\u00e3o e desenvolvimento profissional; pol\u00edtica de imigra\u00e7\u00e3o; e cooperativismo e associativismo urbanos. Publica, anualmente, a Rela\u00e7\u00e3o Anual de Informa\u00e7\u00f5es Sociais (RAIS) informada obrigatoriamente pelas empresas brasileiras.<\/p>\n<p>A atual ministro, desde 9 de julho de 2018, \u00e9 Caio Luiz de Almeida Vieira de Mello.<\/p>\n<h2>Minist\u00e9rio do Trabalho Manaus Den\u00fancia<\/h2>\n<p>O MPT tem a miss\u00e3o de defender os direitos coletivos dos trabalhadores. Desse modo, a institui\u00e7\u00e3o n\u00e3o presta servi\u00e7os de consultoria nem atua em defesa de direitos meramente individuais.<br \/>\nAcesse o site para fazer a sua <em>den\u00fancia.<\/em><\/p>\n<h3>Minist\u00e9rio do Trabalho Manaus Agendamento<\/h3>\n<p>Para <em>agendar<\/em> algum servi\u00e7o no Minist\u00e9rio do Trabalho <a href=\"http:\/\/saaweb.mte.gov.br\/inter\/saa\/pages\/agendamento\/main.seam\" target=\"_blank\" rel=\"noopener noreferrer\"><strong>clique aqui<\/strong><\/a><\/p>\n<h3>Minist\u00e9rio do Trabalho Manaus Carteira de Trabalho<\/h3>\n<p>A <span style=\"text-decoration: underline;\">Carteira de Trabalho<\/span> e Previd\u00eancia Social (CTPS) \u00e9 o documento obrigat\u00f3rio para toda pessoa que venha a prestar algum tipo de servi\u00e7o, seja na ind\u00fastria, no com\u00e9rcio, na agricultura, na pecu\u00e1ria ou mesmo de natureza dom\u00e9stica.<\/p>\n<p>Desde sua cria\u00e7\u00e3o, a carteira de trabalho sofreu v\u00e1rias modifica\u00e7\u00f5es. O primeiro documento foi denominado Carteira de Trabalhador Agr\u00edcola, institu\u00edda por decretos assinados nos anos de 1904 a 1906. Em seguida, com a publica\u00e7\u00e3o do Decreto n\u00ba 21.175, de 21 de mar\u00e7o de 1932, posteriormente regulamentado pelo Decreto n\u00ba. 22.035, de 29 de outubro de 1932, institui-se a Carteira Profissional.<\/p>\n<h3>Hor\u00e1rio de Funcionamento Minist\u00e9rio do Trabalho Manaus<\/h3>\n<ul>\n<li>Segunda a sexta das 8h \u00e1s 17h<\/li>\n<\/ul>\n<h3>Onde Fica, Endere\u00e7o e Telefone Minist\u00e9rio do Trabalho Manaus<\/h3>\n<ul>\n<li>Av. Andr\u00e9 Ara\u00fajo, 140 &#8211; Aleixo &#8211; Manaus &#8211; AM<\/li>\n<li>Telefone: (92) 3216-9254<\/li>\n<\/ul>\n<h4>Outras informa\u00e7\u00f5es e site<\/h4>\n<ul>\n<li>Mais informa\u00e7\u00f5es: <a href=\"https:\/\/www.ministeriodotrabalho.org\/\" target=\"_blank\" rel=\"noopener noreferrer\">www.ministeriodotrabalho.org\/<\/a><\/li>\n<\/ul>\n<h4>Mapa de localiza\u00e7\u00e3o<\/h4>\n<a class=\"wp-colorbox-iframe\" href=\"https:\/\/www.google.com\/maps\/embed?pb=!1m18!1m12!1m3!1d3983.9496351198404!2d-60.01030878589361!3d-3.108026597736792!2m3!1f0!2f0!3f0!3m2!1i1024!2i768!4f13.1!3m3!1m2!1s0x926c1ad06cc0981f0x3dfcb83179d86b2e!2sMinistrio+do+Trabalho!5e0!3m2!1spt-BR!2sbr!4v1543424583251\"><img decoding=\"async\" src=\"http:\/\/www.encontrabelohorizonte.com.br\/imgs\/maps-post.png\"><\/a>\n\n<div style=\"font-size: 0px; height: 0px; line-height: 0px; margin: 0; padding: 0; clear: both;\"><\/div>","protected":false},"excerpt":{"rendered":"<p>Minist\u00e9rio do Trabalho \u00e9 um minist\u00e9rio do governo do Brasil. Foi reestruturado pelo presidente Michel Temer por meio da medida provis\u00f3ria n\u00ba 726, de 2016 convertida na lei n\u00ba 13.341, de 29 de setembro de 2016. Sua compet\u00eancia abrange os seguintes assuntos: pol\u00edtica e diretrizes para a gera\u00e7\u00e3o de emprego e renda e de apoio ao trabalhador. Pol\u00edtica e diretrizes para a moderniza\u00e7\u00e3o das rela\u00e7\u00f5es do trabalho; fiscaliza\u00e7\u00e3o em seguran\u00e7a e sa\u00fade no trabalho; fiscaliza\u00e7\u00e3o do trabalho, inclusive do trabalho portu\u00e1rio, bem como aplica\u00e7\u00e3o das san\u00e7\u00f5es previstas em normas legais ou coletivas; pol\u00edtica salarial; forma\u00e7\u00e3o e desenvolvimento profissional; pol\u00edtica de <\/p>\n","protected":false},"author":1,"featured_media":0,"parent":0,"menu_order":0,"comment_status":"closed","ping_status":"closed","template":"","meta":{"footnotes":""},"class_list":["post-2526","page","type-page","status-publish","hentry"],"aioseo_notices":[],"_links":{"self":[{"href":"https:\/\/www.encontramanausam.com.br\/sobre\/wp-json\/wp\/v2\/pages\/2526","targetHints":{"allow":["GET"]}}],"collection":[{"href":"https:\/\/www.encontramanausam.com.br\/sobre\/wp-json\/wp\/v2\/pages"}],"about":[{"href":"https:\/\/www.encontramanausam.com.br\/sobre\/wp-json\/wp\/v2\/types\/page"}],"author":[{"embeddable":true,"href":"https:\/\/www.encontramanausam.com.br\/sobre\/wp-json\/wp\/v2\/users\/1"}],"replies":[{"embeddable":true,"href":"https:\/\/www.encontramanausam.com.br\/sobre\/wp-json\/wp\/v2\/comments?post=2526"}],"version-history":[{"count":3,"href":"https:\/\/www.encontramanausam.com.br\/sobre\/wp-json\/wp\/v2\/pages\/2526\/revisions"}],"predecessor-version":[{"id":3232,"href":"https:\/\/www.encontramanausam.com.br\/sobre\/wp-json\/wp\/v2\/pages\/2526\/revisions\/3232"}],"wp:attachment":[{"href":"https:\/\/www.encontramanausam.com.br\/sobre\/wp-json\/wp\/v2\/media?parent=2526"}],"curies":[{"name":"wp","href":"https:\/\/api.w.org\/{rel}","templated":true}]}}