{"id":2513,"date":"2018-11-28T15:45:10","date_gmt":"2018-11-28T18:45:10","guid":{"rendered":"http:\/\/www.encontramanausam.com.br\/sobre\/?page_id=2513"},"modified":"2018-11-28T18:02:37","modified_gmt":"2018-11-28T21:02:37","slug":"cigs-manaus","status":"publish","type":"page","link":"https:\/\/www.encontramanausam.com.br\/sobre\/cigs-manaus\/","title":{"rendered":"CIGS Manaus"},"content":{"rendered":"<div class=\"882fdd0d88065009358e99f1a9406c55\" data-index=\"1\" style=\"float: none; margin:0px;\">\n<script async src=\"https:\/\/pagead2.googlesyndication.com\/pagead\/js\/adsbygoogle.js?client=ca-pub-8585364105181520\"\r\n     crossorigin=\"anonymous\"><\/script>\r\n<!-- Anuncio display - global -->\r\n<ins class=\"adsbygoogle\"\r\n     style=\"display:block\"\r\n     data-ad-client=\"ca-pub-8585364105181520\"\r\n     data-ad-slot=\"8789329856\"\r\n     data-ad-format=\"auto\"\r\n     data-full-width-responsive=\"true\"><\/ins>\r\n<script>\r\n     (adsbygoogle = window.adsbygoogle || []).push({});\r\n<\/script>\n<\/div>\n<p>O Centro de Instru\u00e7\u00e3o de Guerra na Selva, <strong>CIGS Manaus<\/strong> foi criado em 02 de mar\u00e7o de 1964, pelo decreto Nr 53649, tendo como seu primeiro Comandante o ent\u00e3o Major de Artilharia Jorge Teixeira de Oliveira, o TEIXEIR\u00c3O.<\/p>\n<p>At\u00e9 junho de 1969, o CIGS foi subordinado ao Grupamento de Elementos de Fronteira. Em fevereiro de 1970, passou a ser subordinado \u00e0 Diretoria de Especializa\u00e7\u00e3o e Extens\u00e3o (DEE).<\/p>\n<p><img loading=\"lazy\" decoding=\"async\" class=\"aligncenter wp-image-2515 size-full\" title=\"CIGS Manaus\" src=\"http:\/\/www.encontramanausam.com.br\/sobre\/wp-content\/uploads\/2018\/11\/cigs-manaus.jpg\" alt=\"CIGS Manaus\" width=\"680\" height=\"189\" srcset=\"https:\/\/www.encontramanausam.com.br\/sobre\/wp-content\/uploads\/2018\/11\/cigs-manaus.jpg 680w, https:\/\/www.encontramanausam.com.br\/sobre\/wp-content\/uploads\/2018\/11\/cigs-manaus-300x83.jpg 300w\" sizes=\"auto, (max-width: 680px) 100vw, 680px\" \/><\/p>\n<p>Em Outubro de 1970, passou a designar-se Centro de Opera\u00e7\u00f5es na Selva e A\u00e7\u00f5es de Comandos (COSAC), com a miss\u00e3o de ministrar al\u00e9m dos cursos de Opera\u00e7\u00f5es na Selva e de A\u00e7\u00f5es de Comandos.<\/p>\n<p>Em 1978, retornou \u00e0 sua antiga designa\u00e7\u00e3o, deixando de ministrar o curso de A\u00e7\u00f5es de Comandos. Em setembro de 1982, o CIGS passou \u00e0 subordina\u00e7\u00e3o do Comando Militar da Amaz\u00f4nia, permanecendo vinculado tecnicamente \u00e0 DEE, Atual DETMil.<\/p>\n<p>O primeiro curso de Guerra na Selva funcionou no ano de 1966, os cursos eram ministrados em duas categorias, uma para oficiais e outra para subtenentes e sargentos.<\/p>\n<p>\u00c0 partir de outubro de 1969, passou a ser de tr\u00eas categorias: \u201cA\u201d para oficiais superiores, \u201cB\u201d para Capit\u00e3es e Tenentes e \u201cC\u201d para Sub Tenentes e Sargentos.<\/p>\n<p>Ao longo de seus 53 anos de exist\u00eancia, o CIGS especializou 6.165 combatentes de selva, sendo 519 de na\u00e7\u00f5es amigas (at\u00e9 10 Jul 2017).<\/p>\n<p>Devido ao trabalho daqueles que antecederam a atual gera\u00e7\u00e3o, este Centro tem o status e a responsabilidade de especializar o melhor combatente de selva do mundo.<\/p>\n<p>CIGS, orgulho do Ex\u00e9rcito Brasileiro, patrim\u00f4nio do Brasil.<\/p>\n<h2>CIGS Manaus Curso<\/h2>\n<p>O CIGS de tempos em tempos inicia treinamento com turmas para o <em>Curso de Opera\u00e7\u00f5es na Selva<\/em>, fique atento ao site para participar.<\/p>\n<h3>CIGS Manaus Valor<\/h3>\n<p>Para <span style=\"text-decoration: underline;\">valores<\/span> para entrar no zool\u00f3gico do CIGS, acesse o site.<\/p>\n<h3>CIGS Manaus Animais<\/h3>\n<p>O <span style=\"text-decoration: underline;\">zool\u00f3gico do Centro de Instru\u00e7\u00e3o de Guerra na Selva (Cigs)<\/span>, que abriga mais de 200 <em>animais<\/em> da fauna amaz\u00f4nica, ganhou novas atra\u00e7\u00f5es este ano: o Aqu\u00e1rio Amaz\u00f4nico, a Oca do Conhecimento e o Memorial Coronel Jorge Teixeira.<\/p>\n<p>Situado no bairro S\u00e3o Jorge, na Zona Oeste de Manaus, o zool\u00f3gico re\u00fane exemplares da on\u00e7a pintada, arara azul, gavi\u00e3o real, macaco prego e pantera negra, entre outros.<\/p>\n<h3>\u00d4nibus que passa no Cigs Manaus<\/h3>\n<p>Para chegar ao CIGS, voc\u00ea tem 6 op\u00e7\u00f5es<span style=\"text-decoration: underline;\"> \u00f4nibus<\/span>, s\u00e3o eles:<\/p>\n<ul>\n<li>120<\/li>\n<li>121<\/li>\n<li>122<\/li>\n<li>211<\/li>\n<li>216<\/li>\n<li>221<\/li>\n<\/ul>\n<h3>Hor\u00e1rio de Funcionamento CIGS manaus<\/h3>\n<ul>\n<li>Segunda \u00e0 quinta das 9h30 \u00e0s 16h20 \/ Sexta das 8h \u00e0s 12h<\/li>\n<\/ul>\n<h3>Onde Fica, Endere\u00e7o e Telefone CIGS manaus<\/h3>\n<ul>\n<li>Av. S\u00e3o Jorge, 750 &#8211; S\u00e3o Jorge &#8211; Manaus &#8211; AM<\/li>\n<li>Telefone: (92) 2125-6405<\/li>\n<\/ul>\n<h4>Outras informa\u00e7\u00f5es e site<\/h4>\n<ul>\n<li>Mais informa\u00e7\u00f5es: <a href=\"http:\/\/www.cigs.eb.mil.br\/index.php\/o-cigs\" target=\"_blank\" rel=\"noopener noreferrer\">www.cigs.eb.mil.br<\/a><\/li>\n<\/ul>\n<h4>Mapa de localiza\u00e7\u00e3o<\/h4>\n<a class=\"wp-colorbox-iframe\" href=\"https:\/\/www.google.com\/maps\/embed?pb=!1m18!1m12!1m3!1d3983.9706217673365!2d-60.0469236858937!3d-3.1024630477408275!2m3!1f0!2f0!3f0!3m2!1i1024!2i768!4f13.1!3m3!1m2!1s0x926c1037aaaaaaab0x1f4033eda7b2fefb!2sCentro+de+Instruo+de+Guerra+Na+Selva!5e0!3m2!1spt-BR!2sbr!4v1543411437340\"><img decoding=\"async\" src=\"http:\/\/www.encontrabelohorizonte.com.br\/imgs\/maps-post.png\"><\/a>\n\n<div style=\"font-size: 0px; height: 0px; line-height: 0px; margin: 0; padding: 0; clear: both;\"><\/div>","protected":false},"excerpt":{"rendered":"<p>O Centro de Instru\u00e7\u00e3o de Guerra na Selva, CIGS Manaus foi criado em 02 de mar\u00e7o de 1964, pelo decreto Nr 53649, tendo como seu primeiro Comandante o ent\u00e3o Major de Artilharia Jorge Teixeira de Oliveira, o TEIXEIR\u00c3O. At\u00e9 junho de 1969, o CIGS foi subordinado ao Grupamento de Elementos de Fronteira. Em fevereiro de 1970, passou a ser subordinado \u00e0 Diretoria de Especializa\u00e7\u00e3o e Extens\u00e3o (DEE). Em Outubro de 1970, passou a designar-se Centro de Opera\u00e7\u00f5es na Selva e A\u00e7\u00f5es de Comandos (COSAC), com a miss\u00e3o de ministrar al\u00e9m dos cursos de Opera\u00e7\u00f5es na Selva e de A\u00e7\u00f5es de <\/p>\n","protected":false},"author":1,"featured_media":0,"parent":0,"menu_order":0,"comment_status":"closed","ping_status":"closed","template":"","meta":{"footnotes":""},"class_list":["post-2513","page","type-page","status-publish","hentry"],"aioseo_notices":[],"_links":{"self":[{"href":"https:\/\/www.encontramanausam.com.br\/sobre\/wp-json\/wp\/v2\/pages\/2513","targetHints":{"allow":["GET"]}}],"collection":[{"href":"https:\/\/www.encontramanausam.com.br\/sobre\/wp-json\/wp\/v2\/pages"}],"about":[{"href":"https:\/\/www.encontramanausam.com.br\/sobre\/wp-json\/wp\/v2\/types\/page"}],"author":[{"embeddable":true,"href":"https:\/\/www.encontramanausam.com.br\/sobre\/wp-json\/wp\/v2\/users\/1"}],"replies":[{"embeddable":true,"href":"https:\/\/www.encontramanausam.com.br\/sobre\/wp-json\/wp\/v2\/comments?post=2513"}],"version-history":[{"count":2,"href":"https:\/\/www.encontramanausam.com.br\/sobre\/wp-json\/wp\/v2\/pages\/2513\/revisions"}],"predecessor-version":[{"id":2592,"href":"https:\/\/www.encontramanausam.com.br\/sobre\/wp-json\/wp\/v2\/pages\/2513\/revisions\/2592"}],"wp:attachment":[{"href":"https:\/\/www.encontramanausam.com.br\/sobre\/wp-json\/wp\/v2\/media?parent=2513"}],"curies":[{"name":"wp","href":"https:\/\/api.w.org\/{rel}","templated":true}]}}