{"id":2468,"date":"2018-08-31T16:17:17","date_gmt":"2018-08-31T19:17:17","guid":{"rendered":"http:\/\/www.encontramanausam.com.br\/sobre\/?page_id=2468"},"modified":"2019-04-18T14:19:41","modified_gmt":"2019-04-18T17:19:41","slug":"mirage-park-manaus","status":"publish","type":"page","link":"https:\/\/www.encontramanausam.com.br\/sobre\/mirage-park-manaus\/","title":{"rendered":"Mirage Park Manaus"},"content":{"rendered":"<div class=\"882fdd0d88065009358e99f1a9406c55\" data-index=\"1\" style=\"float: none; margin:0px;\">\n<script async src=\"https:\/\/pagead2.googlesyndication.com\/pagead\/js\/adsbygoogle.js?client=ca-pub-8585364105181520\"\r\n     crossorigin=\"anonymous\"><\/script>\r\n<!-- Anuncio display - global -->\r\n<ins class=\"adsbygoogle\"\r\n     style=\"display:block\"\r\n     data-ad-client=\"ca-pub-8585364105181520\"\r\n     data-ad-slot=\"8789329856\"\r\n     data-ad-format=\"auto\"\r\n     data-full-width-responsive=\"true\"><\/ins>\r\n<script>\r\n     (adsbygoogle = window.adsbygoogle || []).push({});\r\n<\/script>\n<\/div>\n<p>Divers\u00e3o para crian\u00e7as e adultos, o <strong>Mirage Park Manaus<\/strong> \u00e9 um parque repleto de atra\u00e7\u00f5es para toda fam\u00edlia.<\/p>\n<p>V\u00e1rios brinquedos que giram, avi\u00e3o, helic\u00f3ptero, carrinhos. O carrossel do Mirage Park \u00e9 lindo, tem dois andares e \u00e9 bem espa\u00e7oso.<\/p>\n<p><img loading=\"lazy\" decoding=\"async\" class=\"aligncenter wp-image-2470 size-full\" title=\"Mirage Park Manaus\" src=\"http:\/\/www.encontramanausam.com.br\/sobre\/wp-content\/uploads\/2018\/08\/mirage-park-manaus.jpg\" alt=\"Mirage Park Manaus\" width=\"680\" height=\"189\" srcset=\"https:\/\/www.encontramanausam.com.br\/sobre\/wp-content\/uploads\/2018\/08\/mirage-park-manaus.jpg 680w, https:\/\/www.encontramanausam.com.br\/sobre\/wp-content\/uploads\/2018\/08\/mirage-park-manaus-300x83.jpg 300w\" sizes=\"auto, (max-width: 680px) 100vw, 680px\" \/><\/p>\n<p>H\u00e1 22 anos fazendo a divers\u00e3o de todos, o Mirage Park tem diversos brinquedos que atendem a crian\u00e7as e adultos. O parque tem a estrutura completa para todo mundo se divertir com muito conforto, contando tamb\u00e9m com lanchonetes e banheiros. O espa\u00e7o ainda conta com sistema de seguran\u00e7a, e todos os brinquedos tem um monitor para orientar sobre a forma correta de usar o equipamento.<\/p>\n<p>\u00c9 o lugar ideal para curtir grandes emo\u00e7\u00f5es e alegrias ao lado da fam\u00edlia toda. Afinal, no Mirage Park a divers\u00e3o n\u00e3o tem idade!<\/p>\n<h2>Mirage Park Manaus Pre\u00e7os e Ingresso<\/h2>\n<p>Voc\u00ea s\u00f3 paga uma vez e se diverte a vontade! Entre em contato para informa\u00e7\u00f5es sobre <em>valores<\/em>!<\/p>\n<h3>Mirage Park Manaus Cataclisma<\/h3>\n<p>O <em>cataclisma<\/em> \u00e9 um brinquedo legal por que suas pernas ficam livres e voc\u00ea v\u00ea a cara das pessoas que ficam na sua frente.<\/p>\n<h3>Mirage Park Manaus Brinquedos<\/h3>\n<p>Tem v\u00e1rias <em>op\u00e7\u00f5es para crian\u00e7as pequenas<\/em>, carrinhos, trenzinho, carrossel, etc.<\/p>\n<p>Duas grandes <em>atra\u00e7\u00f5es do parque<\/em> foram trazidas do Beto Carrero World, o <em>Tapete M\u00e1gico e o Trem Fantasma<\/em>.<\/p>\n<h3>Hor\u00e1rio de Funcionamento Mirage Park Manaus<\/h3>\n<ul>\n<li>Ter\u00e7a a sexta as 17h \u00e0s 22h \/ S\u00e1bado e Domingo das 16h \u00e0s 22h<\/li>\n<\/ul>\n<h3>Onde Fica,\u00a0Endere\u00e7o e Telefone Mirage Park Manaus<\/h3>\n<ul>\n<li>Av. M\u00e1rio Ypiranga &#8211; Adrian\u00f3polis, Manaus &#8211; AM<\/li>\n<li>Telefone: (92) 8184-1680<\/li>\n<\/ul>\n<h4>Outras informa\u00e7\u00f5es e site<\/h4>\n<ul>\n<li>Mais informa\u00e7\u00f5es: <a href=\"http:\/\/www.facebook.com\/MirageParkManaus\/\" target=\"_blank\" rel=\"noopener noreferrer\">www.facebook.com\/MirageParkManaus\/<\/a><\/li>\n<\/ul>\n<h4>Mapa de localiza\u00e7\u00e3o<\/h4>\n<a class=\"wp-colorbox-iframe\" href=\"https:\/\/www.google.com\/maps\/embed?pb=!1m14!1m8!1m3!1d15936.166291256615!2d-60.0230701!3d-3.0835797!3m2!1i1024!2i768!4f13.1!3m3!1m2!1s0x00xa1f13350c2f3fb02!2sMirage+Park!5e0!3m2!1spt-BR!2sbr!4v1535735010932\"><img decoding=\"async\" src=\"http:\/\/www.encontrabelohorizonte.com.br\/imgs\/maps-post.png\"><\/a>\n\n<div style=\"font-size: 0px; height: 0px; line-height: 0px; margin: 0; padding: 0; clear: both;\"><\/div>","protected":false},"excerpt":{"rendered":"<p>Divers\u00e3o para crian\u00e7as e adultos, o Mirage Park Manaus \u00e9 um parque repleto de atra\u00e7\u00f5es para toda fam\u00edlia. V\u00e1rios brinquedos que giram, avi\u00e3o, helic\u00f3ptero, carrinhos. O carrossel do Mirage Park \u00e9 lindo, tem dois andares e \u00e9 bem espa\u00e7oso. H\u00e1 22 anos fazendo a divers\u00e3o de todos, o Mirage Park tem diversos brinquedos que atendem a crian\u00e7as e adultos. O parque tem a estrutura completa para todo mundo se divertir com muito conforto, contando tamb\u00e9m com lanchonetes e banheiros. O espa\u00e7o ainda conta com sistema de seguran\u00e7a, e todos os brinquedos tem um monitor para orientar sobre a forma correta <\/p>\n","protected":false},"author":1,"featured_media":0,"parent":0,"menu_order":0,"comment_status":"closed","ping_status":"closed","template":"","meta":{"footnotes":""},"class_list":["post-2468","page","type-page","status-publish","hentry"],"aioseo_notices":[],"_links":{"self":[{"href":"https:\/\/www.encontramanausam.com.br\/sobre\/wp-json\/wp\/v2\/pages\/2468","targetHints":{"allow":["GET"]}}],"collection":[{"href":"https:\/\/www.encontramanausam.com.br\/sobre\/wp-json\/wp\/v2\/pages"}],"about":[{"href":"https:\/\/www.encontramanausam.com.br\/sobre\/wp-json\/wp\/v2\/types\/page"}],"author":[{"embeddable":true,"href":"https:\/\/www.encontramanausam.com.br\/sobre\/wp-json\/wp\/v2\/users\/1"}],"replies":[{"embeddable":true,"href":"https:\/\/www.encontramanausam.com.br\/sobre\/wp-json\/wp\/v2\/comments?post=2468"}],"version-history":[{"count":3,"href":"https:\/\/www.encontramanausam.com.br\/sobre\/wp-json\/wp\/v2\/pages\/2468\/revisions"}],"predecessor-version":[{"id":4374,"href":"https:\/\/www.encontramanausam.com.br\/sobre\/wp-json\/wp\/v2\/pages\/2468\/revisions\/4374"}],"wp:attachment":[{"href":"https:\/\/www.encontramanausam.com.br\/sobre\/wp-json\/wp\/v2\/media?parent=2468"}],"curies":[{"name":"wp","href":"https:\/\/api.w.org\/{rel}","templated":true}]}}