{"id":2464,"date":"2018-08-31T16:13:46","date_gmt":"2018-08-31T19:13:46","guid":{"rendered":"http:\/\/www.encontramanausam.com.br\/sobre\/?page_id=2464"},"modified":"2019-04-18T14:21:44","modified_gmt":"2019-04-18T17:21:44","slug":"unisol-manaus","status":"publish","type":"page","link":"https:\/\/www.encontramanausam.com.br\/sobre\/unisol-manaus\/","title":{"rendered":"Unisol Manaus"},"content":{"rendered":"<div class=\"882fdd0d88065009358e99f1a9406c55\" data-index=\"1\" style=\"float: none; margin:0px;\">\n<script async src=\"https:\/\/pagead2.googlesyndication.com\/pagead\/js\/adsbygoogle.js?client=ca-pub-8585364105181520\"\r\n     crossorigin=\"anonymous\"><\/script>\r\n<!-- Anuncio display - global -->\r\n<ins class=\"adsbygoogle\"\r\n     style=\"display:block\"\r\n     data-ad-client=\"ca-pub-8585364105181520\"\r\n     data-ad-slot=\"8789329856\"\r\n     data-ad-format=\"auto\"\r\n     data-full-width-responsive=\"true\"><\/ins>\r\n<script>\r\n     (adsbygoogle = window.adsbygoogle || []).push({});\r\n<\/script>\n<\/div>\n<p>A Funda\u00e7\u00e3o de Apoio Institucional Rio Solim\u00f5es (<strong>Unisol Manaus<\/strong>), entidade jur\u00eddica de direito privado, sm fins lucrativos, foi criada em 13 outubro de 1998 por um grupo de professores da Universidade Federal do amazonas &#8211; UFAM e autoridades civis do Estado do Amazonas, com o objetivo de apoiar a UFAM em suas atividades de pesquisa, ensino, extens\u00e3o e desenvolvimento institucional.<\/p>\n<p><img loading=\"lazy\" decoding=\"async\" class=\"aligncenter wp-image-2466 size-full\" title=\"Unisol Manaus\" src=\"http:\/\/www.encontramanausam.com.br\/sobre\/wp-content\/uploads\/2018\/08\/unisol-manaus.jpg\" alt=\"Unisol Manaus\" width=\"680\" height=\"189\" srcset=\"https:\/\/www.encontramanausam.com.br\/sobre\/wp-content\/uploads\/2018\/08\/unisol-manaus.jpg 680w, https:\/\/www.encontramanausam.com.br\/sobre\/wp-content\/uploads\/2018\/08\/unisol-manaus-300x83.jpg 300w\" sizes=\"auto, (max-width: 680px) 100vw, 680px\" \/><\/p>\n<p>As atividades da UNISOL tiveram in\u00edcio em duas salas do pr\u00e9dio da Prefeitura do Campus Universit\u00e1rio. Em 1999, passou a ocupar parte do 1\u00ba andar do pr\u00e9dio, situado na rua Jos\u00e9 Paranagu\u00e1, 200, altos do Arquivo Geral da UFAM; em 2003, com aumento de suas atividades, ocupou, por aluguel, todo o 1\u00ba andar do referido pr\u00e9dio. Desde de dezembro de 2004 est\u00e1 funcionando em sua sede pr\u00f3pria, na avenida Tef\u00e9, 3285, bairro do Japiim.<\/p>\n<p>Desde 24 de fevereiro de 1999 \u00e9 registrada e credenciada no Minist\u00e9rio da Educa\u00e7\u00e3o e no Minist\u00e9rio da Ci\u00eancia e Tecnologia, sob o n\u00ba 98, livro I, fl. 33, para os benef\u00edcios da Lei n\u00ba 8.958, de 20.12.1994, que disp\u00f5e sobre as rela\u00e7\u00f5es entre as institui\u00e7\u00f5es federais de ensino superior e de pesquisa cient\u00edfica e tecnol\u00f3gica e as funda\u00e7\u00f5es de apoio e mais, recentemente, com as exig\u00eancias delineadas pelo Decreto n\u00ba 7.423, de 31.12.2010.<\/p>\n<p>Foi credenciada pelo Conselho Nacional de Desenvolvimento Cient\u00edfico e Tecnol\u00f3gico &#8211; CNPq sob o n\u00ba 900.0867\/2002, para proceder \u00e0s importa\u00e7\u00f5es de bens destinados \u00e0 pesquisa cient\u00edfica e tecnol\u00f3gica, com os benef\u00edcios previstos na Lei n\u00ba 8.010, se 29.03.1990. Em 05.11.2004, atrav\u00e9s da Lei n\u00ba 2.924, do Governo do Estado do Amazonas, a UNISOL foi considerada institui\u00e7\u00e3o de utilidade p\u00fablica do Estado do Amazonas. Al\u00e9m da UFAM, a UNISOL tamb\u00e9m firmou parcerias com diversas outras entidades de pesquisa ou de incentivo \u00e0 pesquisa, como a SUFRAMA, EMBRAPA, INPA, FINEP, CNPq, IBAMA, INCRA, PETROBRAS, Amazonas Energia, The Ford Fundation, Governo do Estado do Amazonas, Prefeitura de Manaus, Governo Federal por meio de seus minist\u00e9rios e v\u00e1rios outros.<\/p>\n<p>S\u00e3o os seguintes os fundadores da UNI-SOL: \u00c1derson Pereira Dutra, Afonso Celso Maranh\u00e3o Nina, Alfredo Ferreira Pedras, Antonio Jos\u00e9 Cardoso de Mattos Areosa, Hildeberto Corr\u00eaa Dias, Jauary Guimar\u00e3es de Souza Marinho, Jos\u00e9 Carlos Reston, Jos\u00e9 Liberato da Silva, Jos\u00e9 Nasser, Jos\u00e9 Roque Nunes Marques, J\u00falio Rufino Torres, Leny Nascimento Mota Passos, Luiz Aur\u00e9lio Castro Costa, Manoel Jesus Pinheiro Coelho, Marcus Luiz Barroso Barros, Maria de F\u00e1tima Silva Monteiro, Moys\u00e9s Benarr\u00f3s Israel, Nelson Abrahim Fraiji, Roberto Gesta de Melo, Samuel Isaac Benchimol, Sitr\u00f4nio Pereira Cunha, Tancredo Castro Soares, Varcily Queiroz Barroso, Wilson Colares da Costa e Wilson Duarte Alecrim.<\/p>\n<h2>Unisol Manaus Contracheque<\/h2>\n<p>Para realizar o acesso voc\u00ea deve ter em m\u00e3os ou o n\u00famero da sua matr\u00edcula ou o n\u00famero do seu CPF.<br \/>\nVoc\u00ea ter\u00e1 acesso online \u00e0s informa\u00e7\u00f5es funcionais, como:<\/p>\n<ul>\n<li>Comprovante de rendimentos pagos;<\/li>\n<li>Holerites;<\/li>\n<li>Comprovante de imposto sobre renda retido na fonte.<\/li>\n<\/ul>\n<h3>Hor\u00e1rio de Funcionamento Cooperativa Unisol Manaus<\/h3>\n<ul>\n<li>Segunda a quinta das 8h \u00e0s 17h \/ Sexta das 8h \u00e0s 12h<\/li>\n<\/ul>\n<h3>Onde Fica,\u00a0Endere\u00e7o e Telefone Unisol Manaus<\/h3>\n<ul>\n<li>Av. Tef\u00e9, 3285 &#8211; Japiim, Manaus &#8211; AM<\/li>\n<li>Telefone: (92) 2123-8354<\/li>\n<\/ul>\n<h4>Outras informa\u00e7\u00f5es e site<\/h4>\n<ul>\n<li>Mais informa\u00e7\u00f5es: <a href=\"http:\/\/www.riosolimoes.org.br\" target=\"_blank\" rel=\"noopener noreferrer\">www.riosolimoes.org.br<\/a><\/li>\n<\/ul>\n<h4>Mapa de localiza\u00e7\u00e3o<\/h4>\n<a class=\"wp-colorbox-iframe\" href=\"https:\/\/www.google.com\/maps\/embed?pb=!1m14!1m8!1m3!1d15935.554828489232!2d-59.9878742!3d-3.1241225!3m2!1i1024!2i768!4f13.1!3m3!1m2!1s0x00x6bb26f684c9a5924!2sUnisol!5e0!3m2!1spt-BR!2sbr!4v1535726704734\"><img decoding=\"async\" src=\"http:\/\/www.encontrabelohorizonte.com.br\/imgs\/maps-post.png\"><\/a>\n\n<div style=\"font-size: 0px; height: 0px; line-height: 0px; margin: 0; padding: 0; clear: both;\"><\/div>","protected":false},"excerpt":{"rendered":"<p>A Funda\u00e7\u00e3o de Apoio Institucional Rio Solim\u00f5es (Unisol Manaus), entidade jur\u00eddica de direito privado, sm fins lucrativos, foi criada em 13 outubro de 1998 por um grupo de professores da Universidade Federal do amazonas &#8211; UFAM e autoridades civis do Estado do Amazonas, com o objetivo de apoiar a UFAM em suas atividades de pesquisa, ensino, extens\u00e3o e desenvolvimento institucional. As atividades da UNISOL tiveram in\u00edcio em duas salas do pr\u00e9dio da Prefeitura do Campus Universit\u00e1rio. Em 1999, passou a ocupar parte do 1\u00ba andar do pr\u00e9dio, situado na rua Jos\u00e9 Paranagu\u00e1, 200, altos do Arquivo Geral da UFAM; em <\/p>\n","protected":false},"author":1,"featured_media":0,"parent":0,"menu_order":0,"comment_status":"closed","ping_status":"closed","template":"","meta":{"footnotes":""},"class_list":["post-2464","page","type-page","status-publish","hentry"],"aioseo_notices":[],"_links":{"self":[{"href":"https:\/\/www.encontramanausam.com.br\/sobre\/wp-json\/wp\/v2\/pages\/2464","targetHints":{"allow":["GET"]}}],"collection":[{"href":"https:\/\/www.encontramanausam.com.br\/sobre\/wp-json\/wp\/v2\/pages"}],"about":[{"href":"https:\/\/www.encontramanausam.com.br\/sobre\/wp-json\/wp\/v2\/types\/page"}],"author":[{"embeddable":true,"href":"https:\/\/www.encontramanausam.com.br\/sobre\/wp-json\/wp\/v2\/users\/1"}],"replies":[{"embeddable":true,"href":"https:\/\/www.encontramanausam.com.br\/sobre\/wp-json\/wp\/v2\/comments?post=2464"}],"version-history":[{"count":4,"href":"https:\/\/www.encontramanausam.com.br\/sobre\/wp-json\/wp\/v2\/pages\/2464\/revisions"}],"predecessor-version":[{"id":4375,"href":"https:\/\/www.encontramanausam.com.br\/sobre\/wp-json\/wp\/v2\/pages\/2464\/revisions\/4375"}],"wp:attachment":[{"href":"https:\/\/www.encontramanausam.com.br\/sobre\/wp-json\/wp\/v2\/media?parent=2464"}],"curies":[{"name":"wp","href":"https:\/\/api.w.org\/{rel}","templated":true}]}}