{"id":2451,"date":"2018-08-31T16:01:53","date_gmt":"2018-08-31T19:01:53","guid":{"rendered":"http:\/\/www.encontramanausam.com.br\/sobre\/?page_id=2451"},"modified":"2019-04-18T14:00:42","modified_gmt":"2019-04-18T17:00:42","slug":"delegacia-interativa-manaus","status":"publish","type":"page","link":"https:\/\/www.encontramanausam.com.br\/sobre\/delegacia-interativa-manaus\/","title":{"rendered":"Delegacia Interativa Manaus"},"content":{"rendered":"<div class=\"882fdd0d88065009358e99f1a9406c55\" data-index=\"1\" style=\"float: none; margin:0px;\">\n<script async src=\"https:\/\/pagead2.googlesyndication.com\/pagead\/js\/adsbygoogle.js?client=ca-pub-8585364105181520\"\r\n     crossorigin=\"anonymous\"><\/script>\r\n<!-- Anuncio display - global -->\r\n<ins class=\"adsbygoogle\"\r\n     style=\"display:block\"\r\n     data-ad-client=\"ca-pub-8585364105181520\"\r\n     data-ad-slot=\"8789329856\"\r\n     data-ad-format=\"auto\"\r\n     data-full-width-responsive=\"true\"><\/ins>\r\n<script>\r\n     (adsbygoogle = window.adsbygoogle || []).push({});\r\n<\/script>\n<\/div>\n<p>Se voc\u00ea foi v\u00edtima de furto ou teve seus documentos e\/ou objetos extraviados ou perdidos, voc\u00ea pode registrar, consultar e imprimir um boletim de ocorr\u00eancia atrav\u00e9s da\u00a0<b>Delegacia Interativa<\/b>, totalmente online, com muita facilidade!<\/p>\n<p>Na <strong>Delegacia Interativa Manaus<\/strong> \u00e9 poss\u00edvel registrar Boletim de Ocorr\u00eancias das seguintes natureza de ocorr\u00eancia: Abandono de Lar, Acidente de Tr\u00e2nsito, Amea\u00e7a \/ Cal\u00fania \/ Inj\u00faria \/ Difama\u00e7\u00e3o, Crimes Contra a Pessoa dom Defici\u00eancia, Outras Ocorr\u00eancias n\u00e3o Criminais, Perda \/ Extravio, Perturba\u00e7\u00e3o da Tranquilidade e Roubo\/Furto.<\/p>\n<p><img loading=\"lazy\" decoding=\"async\" class=\"aligncenter wp-image-2453 size-full\" title=\"Delegacia Interativa Manaus\" src=\"http:\/\/www.encontramanausam.com.br\/sobre\/wp-content\/uploads\/2018\/08\/delegacia-interativa-manaus.jpg\" alt=\"Delegacia Interativa Manaus\" width=\"680\" height=\"189\" srcset=\"https:\/\/www.encontramanausam.com.br\/sobre\/wp-content\/uploads\/2018\/08\/delegacia-interativa-manaus.jpg 680w, https:\/\/www.encontramanausam.com.br\/sobre\/wp-content\/uploads\/2018\/08\/delegacia-interativa-manaus-300x83.jpg 300w\" sizes=\"auto, (max-width: 680px) 100vw, 680px\" \/><\/p>\n<h3>Delegacia Interativa Manaus Perguntas Frequentes<\/h3>\n<p>No Boletim de Ocorr\u00eancia convencional h\u00e1 assinatura do Delegado, do escriv\u00e3o e do agente, e nesse?<br \/>\nApesar de n\u00e3o constar a assinatura dos policiais, B.O. da Delegacia Interativa, possui validade. Podendo inclusive ser verificado pelo site a qualquer momento.<\/p>\n<p><strong>\u00c9 necess\u00e1rio colocar o e-mail?<\/strong><br \/>\nSim \u00e9 obrigat\u00f3rio.<\/p>\n<p><strong>Em quanto tempo estar\u00e1 pronto o meu Boletim de Ocorr\u00eancia?<\/strong><br \/>\nSeu Boletim de Ocorr\u00eancia estar\u00e1 finalizado depois de averiguada todas as informa\u00e7\u00f5es descritas.<\/p>\n<p><strong>Que tipo de crimes poderei registrar para obter o Boletim de Ocorr\u00eancia da Delegacia Interativa?<\/strong><br \/>\nVoc\u00ea poder\u00e1 registrar extravio (perda) e o furto (subtra\u00e7\u00e3o sem viol\u00eancia) de documentos pessoais, objetos e celulares.<\/p>\n<p><strong>O que \u00e9 a Delegacia Interativa?<\/strong><br \/>\n\u00c9 uma nova Delegacia de Pol\u00edcia especializada no registro de ocorr\u00eancias \u201cB.O\u201ds pela Internet.<\/p>\n<p><strong>Conclu\u00ed o Boletim de Ocorr\u00eancia e esqueci de registrar alguns dados, posso alter\u00e1-lo?<\/strong><br \/>\nN\u00e3o, uma vez conclu\u00eddo e enviado por n\u00f3s, sua ocorr\u00eancia n\u00e3o mais poder\u00e1 ser alterado. Mas, voc\u00ea poder\u00e1 elaborar um novo B.O. para substituir o anterior.<\/p>\n<p><strong>Como registrar uma ocorr\u00eancia na Delegacia Interativa?<\/strong><br \/>\nVoc\u00ea far\u00e1 seu registro da ocorr\u00eancia atrav\u00e9s do link Registrar Ocorr\u00eancia e responder aos question\u00e1rios solicitados pelo sistema.<\/p>\n<p><strong>O Boletim de Ocorr\u00eancia da Delegacia Interativa tem o mesmo valor que o convencional?<\/strong><br \/>\nSim, ele poder\u00e1 ser apresentado nas diversas institui\u00e7\u00f5es competente de acordo com sua necessidade.<\/p>\n<p><strong>Como saberei quem foi o Delegado, Escriv\u00e3o e o Agente respons\u00e1veis pelo meu Boletim de Ocorr\u00eancia?<\/strong><br \/>\nNo seu Boletim de Ocorr\u00eancia estar\u00e1 expresso o nome, a fun\u00e7\u00e3o e a matr\u00edcula de cada um deles.<\/p>\n<p><strong>Ao finalizar o registro, posso imprimir o Boletim de Ocorr\u00eancia?<\/strong><br \/>\nN\u00e3o imediatamente, pois os agentes interativos ainda ir\u00e3o averiguar os dados e validar o B.O. Depois dessa sequ\u00eancia, uma vez dispon\u00edvel no site ou enviado para seu e-mail, voc\u00ea poder\u00e1 imprimi-lo.<\/p>\n<h2>Hor\u00e1rio de Funcionamento Delegacia Interativa Manaus<\/h2>\n<ul>\n<li>Atendimento 24 horas<\/li>\n<\/ul>\n<h3>Onde Fica, Endere\u00e7o e Telefone Delegacia Interativa Manaus<\/h3>\n<ul>\n<li>Av. M\u00e1rio Ypiranga, 513 &#8211; Flores, Manaus &#8211; AM<\/li>\n<li>Telefone: (92) 3214-2235<\/li>\n<\/ul>\n<h4>Outras informa\u00e7\u00f5es e site<\/h4>\n<ul>\n<li>Mais informa\u00e7\u00f5es: <a href=\"http:\/\/www.delegaciainterativa.am.gov.br\" target=\"_blank\" rel=\"noopener noreferrer\">www.delegaciainterativa.am.gov.br<\/a><\/li>\n<\/ul>\n<h4>Mapa de localiza\u00e7\u00e3o<\/h4>\n<a class=\"wp-colorbox-iframe\" href=\"https:\/\/www.google.com\/maps\/embed?pb=!1m14!1m8!1m3!1d15936.27308245781!2d-60.0259637!3d-3.0764442!3m2!1i1024!2i768!4f13.1!3m3!1m2!1s0x00x3640d9af3a58563a!2sInterativa!5e0!3m2!1spt-BR!2sbr!4v1535719078788\"><img decoding=\"async\" src=\"http:\/\/www.encontrabelohorizonte.com.br\/imgs\/maps-post.png\"><\/a>\n\n<div style=\"font-size: 0px; height: 0px; line-height: 0px; margin: 0; padding: 0; clear: both;\"><\/div>","protected":false},"excerpt":{"rendered":"<p>Se voc\u00ea foi v\u00edtima de furto ou teve seus documentos e\/ou objetos extraviados ou perdidos, voc\u00ea pode registrar, consultar e imprimir um boletim de ocorr\u00eancia atrav\u00e9s da\u00a0Delegacia Interativa, totalmente online, com muita facilidade! Na Delegacia Interativa Manaus \u00e9 poss\u00edvel registrar Boletim de Ocorr\u00eancias das seguintes natureza de ocorr\u00eancia: Abandono de Lar, Acidente de Tr\u00e2nsito, Amea\u00e7a \/ Cal\u00fania \/ Inj\u00faria \/ Difama\u00e7\u00e3o, Crimes Contra a Pessoa dom Defici\u00eancia, Outras Ocorr\u00eancias n\u00e3o Criminais, Perda \/ Extravio, Perturba\u00e7\u00e3o da Tranquilidade e Roubo\/Furto. Delegacia Interativa Manaus Perguntas Frequentes No Boletim de Ocorr\u00eancia convencional h\u00e1 assinatura do Delegado, do escriv\u00e3o e do agente, e nesse? <\/p>\n","protected":false},"author":1,"featured_media":0,"parent":0,"menu_order":0,"comment_status":"closed","ping_status":"closed","template":"","meta":{"footnotes":""},"class_list":["post-2451","page","type-page","status-publish","hentry"],"aioseo_notices":[],"_links":{"self":[{"href":"https:\/\/www.encontramanausam.com.br\/sobre\/wp-json\/wp\/v2\/pages\/2451","targetHints":{"allow":["GET"]}}],"collection":[{"href":"https:\/\/www.encontramanausam.com.br\/sobre\/wp-json\/wp\/v2\/pages"}],"about":[{"href":"https:\/\/www.encontramanausam.com.br\/sobre\/wp-json\/wp\/v2\/types\/page"}],"author":[{"embeddable":true,"href":"https:\/\/www.encontramanausam.com.br\/sobre\/wp-json\/wp\/v2\/users\/1"}],"replies":[{"embeddable":true,"href":"https:\/\/www.encontramanausam.com.br\/sobre\/wp-json\/wp\/v2\/comments?post=2451"}],"version-history":[{"count":3,"href":"https:\/\/www.encontramanausam.com.br\/sobre\/wp-json\/wp\/v2\/pages\/2451\/revisions"}],"predecessor-version":[{"id":4368,"href":"https:\/\/www.encontramanausam.com.br\/sobre\/wp-json\/wp\/v2\/pages\/2451\/revisions\/4368"}],"wp:attachment":[{"href":"https:\/\/www.encontramanausam.com.br\/sobre\/wp-json\/wp\/v2\/media?parent=2451"}],"curies":[{"name":"wp","href":"https:\/\/api.w.org\/{rel}","templated":true}]}}