{"id":2429,"date":"2018-08-31T15:50:26","date_gmt":"2018-08-31T18:50:26","guid":{"rendered":"http:\/\/www.encontramanausam.com.br\/sobre\/?page_id=2429"},"modified":"2019-04-18T15:59:37","modified_gmt":"2019-04-18T18:59:37","slug":"fazenda-da-esperanca-manaus","status":"publish","type":"page","link":"https:\/\/www.encontramanausam.com.br\/sobre\/fazenda-da-esperanca-manaus\/","title":{"rendered":"Fazenda da Esperan\u00e7a Manaus"},"content":{"rendered":"<div class=\"882fdd0d88065009358e99f1a9406c55\" data-index=\"1\" style=\"float: none; margin:0px;\">\n<script async src=\"https:\/\/pagead2.googlesyndication.com\/pagead\/js\/adsbygoogle.js?client=ca-pub-8585364105181520\"\r\n     crossorigin=\"anonymous\"><\/script>\r\n<!-- Anuncio display - global -->\r\n<ins class=\"adsbygoogle\"\r\n     style=\"display:block\"\r\n     data-ad-client=\"ca-pub-8585364105181520\"\r\n     data-ad-slot=\"8789329856\"\r\n     data-ad-format=\"auto\"\r\n     data-full-width-responsive=\"true\"><\/ins>\r\n<script>\r\n     (adsbygoogle = window.adsbygoogle || []).push({});\r\n<\/script>\n<\/div>\n<p>Com 35 anos de experi\u00eancia na recupera\u00e7\u00e3o de dependentes qu\u00edmicos, a <strong>Fazenda da Esperan\u00e7a Manaus<\/strong> \u00e9 uma comunidade terap\u00eautica, a maior obra da Am\u00e9rica Latina, que regenera vidas e fam\u00edlias.<\/p>\n<p>Ao todo, s\u00e3o 130 unidades espalhadas pelo mundo. Desse montante, 86 est\u00e3o distribu\u00eddas pelo Brasil, enquanto as outras est\u00e3o espalhadas em 22 pa\u00edses do mundo.<\/p>\n<p><img loading=\"lazy\" decoding=\"async\" class=\"aligncenter wp-image-2431 size-full\" title=\"Fazenda da Esperan\u00e7a Manaus\" src=\"http:\/\/www.encontramanausam.com.br\/sobre\/wp-content\/uploads\/2018\/08\/fazenda-da-esperanca-manaus.jpg\" alt=\"Fazenda da Esperan\u00e7a Manaus\" width=\"680\" height=\"189\" srcset=\"https:\/\/www.encontramanausam.com.br\/sobre\/wp-content\/uploads\/2018\/08\/fazenda-da-esperanca-manaus.jpg 680w, https:\/\/www.encontramanausam.com.br\/sobre\/wp-content\/uploads\/2018\/08\/fazenda-da-esperanca-manaus-300x83.jpg 300w\" sizes=\"auto, (max-width: 680px) 100vw, 680px\" \/><\/p>\n<p>O sucesso da Fazenda da Esperan\u00e7a, se deve ao programa de recupera\u00e7\u00e3o, o qual se baseia em processos pedag\u00f3gicos que elevam a autoestima e resgatam a dignidade dos seus acolhidos, que em 2017 assistiu em m\u00e9dia tr\u00eas mil jovens e suas fam\u00edlias. Esse programa de recupera\u00e7\u00e3o \u00e9 baseado em um trip\u00e9 que consiste basicamente no trabalho, na espiritualidade e na conviv\u00eancia. Tanto que todos os acolhidos vivem numa irmandade que de t\u00e3o unida \u00e9 capaz de devolver aos acolhidos o real sentido da vida, do amor a si e ao pr\u00f3ximo, bem como da import\u00e2ncia da comunh\u00e3o.<\/p>\n<p>Al\u00e9m disso, a Fazenda da Esperan\u00e7a tamb\u00e9m trabalha junto \u00e0 fam\u00edlia, pois ela \u00e9 uma das pe\u00e7as fundamentais para o sucesso da recupera\u00e7\u00e3o do jovem acolhido, atrav\u00e9s do Grupo Esperan\u00e7a Viva (GEV). O objetivo da a\u00e7\u00e3o \u00e9 estruturar a fam\u00edlia, mas mesmo quando ela n\u00e3o atende a esse convite \u2013 que n\u00e3o tem car\u00e1ter obrigat\u00f3rio &#8211; o tratamento continua e o jovem recuperado tem a oportunidade de amar a sua gente como ela \u00e9.<\/p>\n<p>Como resultado, a Fazenda da Esperan\u00e7a \u00e9 respons\u00e1vel pela recupera\u00e7\u00e3o de centenas de milhares de pessoas, que em sua grande maioria se voluntariam para ajudar outros que necessitem de ajuda. A verdade \u00e9 que a Fazenda da Esperan\u00e7a \u00e9 maior do que si mesma, tanto que em 2007, durante uma visita a sede em Guaratinguet\u00e1-SP, o ent\u00e3o Papa Bento XVI destacou a import\u00e2ncia e a miss\u00e3o das Fazendas da Esperan\u00e7a \u2013 Levar a esperan\u00e7a, que \u00e9 Jesus Cristo, ao maior n\u00famero de pessoas poss\u00edvel.<\/p>\n<h2>Fazenda Esperan\u00e7a Manaus Fotos<\/h2>\n<p><img loading=\"lazy\" decoding=\"async\" class=\"aligncenter wp-image-2448 size-full\" title=\"Fazenda Esperan\u00e7a Manaus Fotos\" src=\"http:\/\/www.encontramanausam.com.br\/sobre\/wp-content\/uploads\/2018\/08\/fazenda-da-esperanca-manaus-fotos.jpg\" alt=\"Fazenda Esperan\u00e7a Manaus Fotos\" width=\"680\" height=\"189\" srcset=\"https:\/\/www.encontramanausam.com.br\/sobre\/wp-content\/uploads\/2018\/08\/fazenda-da-esperanca-manaus-fotos.jpg 680w, https:\/\/www.encontramanausam.com.br\/sobre\/wp-content\/uploads\/2018\/08\/fazenda-da-esperanca-manaus-fotos-300x83.jpg 300w\" sizes=\"auto, (max-width: 680px) 100vw, 680px\" \/><\/p>\n<h3>Hor\u00e1rio de Funcionamento Fazenda da Esperan\u00e7a Manaus<\/h3>\n<ul>\n<li>Segunda a sexta das 8h \u00e1s 13h30<\/li>\n<\/ul>\n<h3>Onde Fica,\u00a0Endere\u00e7o e Telefone Fazenda da Esperan\u00e7a Manaus<\/h3>\n<ul>\n<li>Rodovia BR 174 KM 15, s\/n &#8211; Cl\u00e1udio Mesquita &#8211; Manaus &#8211; AM<\/li>\n<li>Telefone: (92) 3877-5179<\/li>\n<\/ul>\n<h4>Outras informa\u00e7\u00f5es e site<\/h4>\n<ul>\n<li>Mais informa\u00e7\u00f5es: <a href=\"http:\/\/www.fazenda.org.br\/\" target=\"_blank\" rel=\"noopener noreferrer\">www.fazenda.org.br<\/a><\/li>\n<\/ul>\n<h4>Mapa de localiza\u00e7\u00e3o<\/h4>\n<a class=\"wp-colorbox-iframe\" href=\"https:\/\/www.google.com\/maps\/embed?pb=!1m18!1m12!1m3!1d254996.619780052!2d-60.192566034556116!3d-3.0077357922716317!2m3!1f0!2f0!3f0!3m2!1i1024!2i768!4f13.1!3m3!1m2!1s0x926c3d56951d42d10xa54d1855c95efe03!2sFazenda+da+Esperana!5e0!3m2!1spt-BR!2sbr!4v1535730196499\"><img decoding=\"async\" src=\"http:\/\/www.encontrabelohorizonte.com.br\/imgs\/maps-post.png\"><\/a>\n\n<div style=\"font-size: 0px; height: 0px; line-height: 0px; margin: 0; padding: 0; clear: both;\"><\/div>","protected":false},"excerpt":{"rendered":"<p>Com 35 anos de experi\u00eancia na recupera\u00e7\u00e3o de dependentes qu\u00edmicos, a Fazenda da Esperan\u00e7a Manaus \u00e9 uma comunidade terap\u00eautica, a maior obra da Am\u00e9rica Latina, que regenera vidas e fam\u00edlias. Ao todo, s\u00e3o 130 unidades espalhadas pelo mundo. Desse montante, 86 est\u00e3o distribu\u00eddas pelo Brasil, enquanto as outras est\u00e3o espalhadas em 22 pa\u00edses do mundo. O sucesso da Fazenda da Esperan\u00e7a, se deve ao programa de recupera\u00e7\u00e3o, o qual se baseia em processos pedag\u00f3gicos que elevam a autoestima e resgatam a dignidade dos seus acolhidos, que em 2017 assistiu em m\u00e9dia tr\u00eas mil jovens e suas fam\u00edlias. Esse programa de <\/p>\n","protected":false},"author":1,"featured_media":0,"parent":0,"menu_order":0,"comment_status":"closed","ping_status":"closed","template":"","meta":{"footnotes":""},"class_list":["post-2429","page","type-page","status-publish","hentry"],"aioseo_notices":[],"_links":{"self":[{"href":"https:\/\/www.encontramanausam.com.br\/sobre\/wp-json\/wp\/v2\/pages\/2429","targetHints":{"allow":["GET"]}}],"collection":[{"href":"https:\/\/www.encontramanausam.com.br\/sobre\/wp-json\/wp\/v2\/pages"}],"about":[{"href":"https:\/\/www.encontramanausam.com.br\/sobre\/wp-json\/wp\/v2\/types\/page"}],"author":[{"embeddable":true,"href":"https:\/\/www.encontramanausam.com.br\/sobre\/wp-json\/wp\/v2\/users\/1"}],"replies":[{"embeddable":true,"href":"https:\/\/www.encontramanausam.com.br\/sobre\/wp-json\/wp\/v2\/comments?post=2429"}],"version-history":[{"count":5,"href":"https:\/\/www.encontramanausam.com.br\/sobre\/wp-json\/wp\/v2\/pages\/2429\/revisions"}],"predecessor-version":[{"id":4404,"href":"https:\/\/www.encontramanausam.com.br\/sobre\/wp-json\/wp\/v2\/pages\/2429\/revisions\/4404"}],"wp:attachment":[{"href":"https:\/\/www.encontramanausam.com.br\/sobre\/wp-json\/wp\/v2\/media?parent=2429"}],"curies":[{"name":"wp","href":"https:\/\/api.w.org\/{rel}","templated":true}]}}