{"id":2410,"date":"2018-08-31T15:44:12","date_gmt":"2018-08-31T18:44:12","guid":{"rendered":"http:\/\/www.encontramanausam.com.br\/sobre\/?page_id=2410"},"modified":"2019-04-18T16:09:18","modified_gmt":"2019-04-18T19:09:18","slug":"bosque-da-ciencia-manaus","status":"publish","type":"page","link":"https:\/\/www.encontramanausam.com.br\/sobre\/bosque-da-ciencia-manaus\/","title":{"rendered":"Bosque da Ci\u00eancia Manaus"},"content":{"rendered":"<div class=\"882fdd0d88065009358e99f1a9406c55\" data-index=\"1\" style=\"float: none; margin:0px;\">\n<script async src=\"https:\/\/pagead2.googlesyndication.com\/pagead\/js\/adsbygoogle.js?client=ca-pub-8585364105181520\"\r\n     crossorigin=\"anonymous\"><\/script>\r\n<!-- Anuncio display - global -->\r\n<ins class=\"adsbygoogle\"\r\n     style=\"display:block\"\r\n     data-ad-client=\"ca-pub-8585364105181520\"\r\n     data-ad-slot=\"8789329856\"\r\n     data-ad-format=\"auto\"\r\n     data-full-width-responsive=\"true\"><\/ins>\r\n<script>\r\n     (adsbygoogle = window.adsbygoogle || []).push({});\r\n<\/script>\n<\/div>\n<p>Inaugurado em 1\u00ba de abril de 1995, como parte das comemora\u00e7\u00f5es do 40\u00ba anivers\u00e1rio do Instituto Nacional de Pesquisas da Amaz\u00f4nia &#8211; INPA.<\/p>\n<p>O <strong>Bosque da Ci\u00eancia Manaus<\/strong> que \u00e9 uma \u00e1rea de aproximadamente 13 (treze) hectares, localizado no per\u00edmetro urbano da cidade de Manaus na Zona Central &#8211; Leste.<\/p>\n<p><img loading=\"lazy\" decoding=\"async\" class=\"aligncenter wp-image-2412 size-full\" title=\"Bosque da Ci\u00eancia Manaus \" src=\"http:\/\/www.encontramanausam.com.br\/sobre\/wp-content\/uploads\/2018\/08\/bosque-da-ciencia-manaus.jpg\" alt=\"Bosque da Ci\u00eancia Manaus \" width=\"680\" height=\"189\" srcset=\"https:\/\/www.encontramanausam.com.br\/sobre\/wp-content\/uploads\/2018\/08\/bosque-da-ciencia-manaus.jpg 680w, https:\/\/www.encontramanausam.com.br\/sobre\/wp-content\/uploads\/2018\/08\/bosque-da-ciencia-manaus-300x83.jpg 300w\" sizes=\"auto, (max-width: 680px) 100vw, 680px\" \/><\/p>\n<p>Projetado e estruturado para fomentar e promover o desenvolvimento do programa de difus\u00e3o cient\u00edfica e de educa\u00e7\u00e3o ambiental do INPA, ao mesmo tempo preservando os aspectos da biodiversidade existente no local.<\/p>\n<p><strong>Objetivos<\/strong><\/p>\n<ul>\n<li>Desenvolver e promover o programa do INPA para difus\u00e3o tecnol\u00f3gica, cient\u00edfica e de inova\u00e7\u00e3o;<\/li>\n<li>Oferecer \u00e0 popula\u00e7\u00e3o local, uma op\u00e7\u00e3o de lazer que possa contribuir para sua educa\u00e7\u00e3o cultural e ambiental.<\/li>\n<\/ul>\n<h3>Visita\u00e7\u00e3o\u00a0Bosque da Ci\u00eancia Manaus<\/h3>\n<ul>\n<li>P\u00fablico em geral: R$ 5,00<\/li>\n<li>A entrada \u00e9 gratuita para crian\u00e7as at\u00e9 10 anos e pessoas a partir de 60 anos.<\/li>\n<li>O Bosque da Ci\u00eancia est\u00e1 aberto para visita\u00e7\u00e3o, de ter\u00e7a \u00e0 Sexta-feira, das 9 \u00e0s 12 horas e das 14 \u00e0s 16 horas. S\u00e1bados, domingos e feriados de 9 \u00e0s 16 horas.<\/li>\n<li>Visitas de grupos escolares s\u00e3o marcadas com anteced\u00eancia.<\/li>\n<\/ul>\n<h3>Trilhas\u00a0Bosque da Ci\u00eancia Manaus<\/h3>\n<p>O Bosque da Ci\u00eancia,possui uma \u00e1rea de aproximadamente 130.000 m\u00b2, para viabilizar seu percurso, foram criadas as trilhas de acesso aos atrativos que comp\u00f5e o Bosque, viabilizando ao visitante informa\u00e7\u00f5es em rela\u00e7\u00e3o a fauna, flora e aos ecossistemas Amaz\u00f4nicos existentes.<\/p>\n<p>Algumas trilhas apresentam acessos com certo grau de dificuldade por apresentar uma topografia um pouco irregular, impossibilitando o acesso de cadeiras de roda. Estudos est\u00e3o sendo feitos visando adequar futuramente os acessos para contemplar as pessoas portadoras de necessidades especiais, assim como as sinaliza\u00e7\u00f5es e informa\u00e7\u00f5es mais eficazes as expectativas dos visitantes em geral.<\/p>\n<p>Para viabilizar as visitas o Bosque da Ci\u00eancia conta com o apoio do LAPSEA (Laborat\u00f3rio de Psicolgia em Educa\u00e7\u00e3o Ambiental), atrav\u00e9s do Projeto Pequenos Guias, atuam no Bosque, de ter\u00e7a-feira a sexta-feira, realizando visitas monitoradas.<\/p>\n<h3>Casa da Ci\u00eancia\u00a0Bosque da Ci\u00eancia Manaus<\/h3>\n<p>A <span style=\"text-decoration: underline;\">Casa da Ci\u00eanci<\/span>a foi oficialmente inaugurada em 20 de maio de 1993, dois anos antes de se iniciarem as atividades no Bosque da Ci\u00eancia. Antes de ser um centro de exposi\u00e7\u00e3o, o local era utilizado como resid\u00eancia oficial do Diretor do INPA.<\/p>\n<p>A proposta \u00e9 a cria\u00e7\u00e3o de um espa\u00e7o que permita uma vis\u00e3o l\u00f3gica que, de forma interativa, possa transmitir aos visitantes as atividades realizadas pelo INPA por meio de projetos e programas, e como os resultados das pesquisas podem interferir diretamente no dia a dia das pessoas. A concep\u00e7\u00e3o museol\u00f3gica \u00e9 mostrar a Amaz\u00f4nia de forma transdisciplinar, e de que maneira podemos compatibilizar o desenvolvimento humano com aquele econ\u00f4mico e com responsabilidade ambiental na preserva\u00e7\u00e3o da natureza para as futuras gera\u00e7\u00f5es.<\/p>\n<p>O conte\u00fado museogr\u00e1fico utilizado ser\u00e1 composto por pain\u00e9is informativos, gaveteiros com informa\u00e7\u00f5es impressas interagindo com material da fauna e da flora amaz\u00f4nicas, maquetes, aqu\u00e1rios, amostras de produtos tecnol\u00f3gicos, implanta\u00e7\u00e3o de um ambiente interativo com conte\u00fados digitais diversificados, atrav\u00e9s de jogos l\u00fadicos, uso de tecnologia de comunica\u00e7\u00e3o e inform\u00e1tica e recursos multim\u00eddia, al\u00e9m de exposi\u00e7\u00f5es digitalizadas.A implementa\u00e7\u00e3o do Museu do Petr\u00f3leo e G\u00e1s dever\u00e1 mostrar, de forma clara, l\u00f3gica e l\u00fadica as atividades de parceria do INPA com a Petrobr\u00e1s na Amaz\u00f4nia e os resultados no aproveitamento desse recurso natural de forma adequada, com responsabilidades social e ambiental.<\/p>\n<p>Com a recente restaura\u00e7\u00e3o e amplia\u00e7\u00e3o, por meio da parceria INPA \/ Petrobr\u00e1s \/ Prefeitura \/ Governo do Estado, e apoio da Funda\u00e7\u00e3o Djalma Batista, a Casa da Ci\u00eancia dispor\u00e1 de Sal\u00e3o de Exposi\u00e7\u00f5es, Sala para Oficina, Videoteca, Audit\u00f3rio para cinq\u00fcenta pessoas e estruturas para apoio log\u00edstico.<\/p>\n<h3>Hor\u00e1rio de Funcionamento Bosque da Ci\u00eancia Manaus<\/h3>\n<ul>\n<li>Ter\u00e7a a sexta das 8h \u00e1s 17h \/ S\u00e1bado das 8h \u00e1s 16h<\/li>\n<\/ul>\n<h3>Onde Fica,\u00a0Endere\u00e7o e Telefone Bosque da Ci\u00eancia Manaus<\/h3>\n<ul>\n<li>Av. Bem Te VI, 1 &#8211; Petr\u00f3polis &#8211; Manaus &#8211; AM<\/li>\n<li>Telefone: (92) 3643-3192<\/li>\n<\/ul>\n<h4>Outras informa\u00e7\u00f5es e site<\/h4>\n<ul>\n<li>Mais informa\u00e7\u00f5es: <a href=\"http:\/\/bosque.inpa.gov.br\/\" target=\"_blank\" rel=\"noopener noreferrer\">www.bosque.inpa.gov.br\/<\/a><\/li>\n<\/ul>\n<h4>Mapa de localiza\u00e7\u00e3o<\/h4>\n<a class=\"wp-colorbox-iframe\" href=\"https:\/\/www.google.com\/maps\/embed?pb=!1m14!1m8!1m3!1d15935.958146117304!2d-59.9878116!3d-3.0974402!3m2!1i1024!2i768!4f13.1!3m3!1m2!1s0x00xc1853bbcf636aeb4!2sBosque+da+Cincia+-+INPA+-+Instituto+Nacional+de+Pesquisas+da+Amaznia!5e0!3m2!1spt-BR!2sbr!4v1535726624592\"><img decoding=\"async\" src=\"http:\/\/www.encontrabelohorizonte.com.br\/imgs\/maps-post.png\"><\/a>\n\n<div style=\"font-size: 0px; height: 0px; line-height: 0px; margin: 0; padding: 0; clear: both;\"><\/div>","protected":false},"excerpt":{"rendered":"<p>Inaugurado em 1\u00ba de abril de 1995, como parte das comemora\u00e7\u00f5es do 40\u00ba anivers\u00e1rio do Instituto Nacional de Pesquisas da Amaz\u00f4nia &#8211; INPA. O Bosque da Ci\u00eancia Manaus que \u00e9 uma \u00e1rea de aproximadamente 13 (treze) hectares, localizado no per\u00edmetro urbano da cidade de Manaus na Zona Central &#8211; Leste. Projetado e estruturado para fomentar e promover o desenvolvimento do programa de difus\u00e3o cient\u00edfica e de educa\u00e7\u00e3o ambiental do INPA, ao mesmo tempo preservando os aspectos da biodiversidade existente no local. Objetivos Desenvolver e promover o programa do INPA para difus\u00e3o tecnol\u00f3gica, cient\u00edfica e de inova\u00e7\u00e3o; Oferecer \u00e0 popula\u00e7\u00e3o local, <\/p>\n","protected":false},"author":1,"featured_media":0,"parent":0,"menu_order":0,"comment_status":"closed","ping_status":"closed","template":"","meta":{"footnotes":""},"class_list":["post-2410","page","type-page","status-publish","hentry"],"aioseo_notices":[],"_links":{"self":[{"href":"https:\/\/www.encontramanausam.com.br\/sobre\/wp-json\/wp\/v2\/pages\/2410","targetHints":{"allow":["GET"]}}],"collection":[{"href":"https:\/\/www.encontramanausam.com.br\/sobre\/wp-json\/wp\/v2\/pages"}],"about":[{"href":"https:\/\/www.encontramanausam.com.br\/sobre\/wp-json\/wp\/v2\/types\/page"}],"author":[{"embeddable":true,"href":"https:\/\/www.encontramanausam.com.br\/sobre\/wp-json\/wp\/v2\/users\/1"}],"replies":[{"embeddable":true,"href":"https:\/\/www.encontramanausam.com.br\/sobre\/wp-json\/wp\/v2\/comments?post=2410"}],"version-history":[{"count":7,"href":"https:\/\/www.encontramanausam.com.br\/sobre\/wp-json\/wp\/v2\/pages\/2410\/revisions"}],"predecessor-version":[{"id":4408,"href":"https:\/\/www.encontramanausam.com.br\/sobre\/wp-json\/wp\/v2\/pages\/2410\/revisions\/4408"}],"wp:attachment":[{"href":"https:\/\/www.encontramanausam.com.br\/sobre\/wp-json\/wp\/v2\/media?parent=2410"}],"curies":[{"name":"wp","href":"https:\/\/api.w.org\/{rel}","templated":true}]}}