{"id":2300,"date":"2018-08-27T10:05:00","date_gmt":"2018-08-27T13:05:00","guid":{"rendered":"http:\/\/www.encontramanausam.com.br\/sobre\/?page_id=2300"},"modified":"2019-04-17T16:10:21","modified_gmt":"2019-04-17T19:10:21","slug":"susam-manaus","status":"publish","type":"page","link":"https:\/\/www.encontramanausam.com.br\/sobre\/susam-manaus\/","title":{"rendered":"SUSAM Manaus"},"content":{"rendered":"<div class=\"882fdd0d88065009358e99f1a9406c55\" data-index=\"1\" style=\"float: none; margin:0px;\">\n<script async src=\"https:\/\/pagead2.googlesyndication.com\/pagead\/js\/adsbygoogle.js?client=ca-pub-8585364105181520\"\r\n     crossorigin=\"anonymous\"><\/script>\r\n<!-- Anuncio display - global -->\r\n<ins class=\"adsbygoogle\"\r\n     style=\"display:block\"\r\n     data-ad-client=\"ca-pub-8585364105181520\"\r\n     data-ad-slot=\"8789329856\"\r\n     data-ad-format=\"auto\"\r\n     data-full-width-responsive=\"true\"><\/ins>\r\n<script>\r\n     (adsbygoogle = window.adsbygoogle || []).push({});\r\n<\/script>\n<\/div>\n<p>Como todo \u00f3rg\u00e3o institucional a Secretaria de Estado de Sa\u00fade (<strong>SUSAM Manaus<\/strong>) foi criada dentro de um contexto e realidade inicial e precisou acompanhar o processo de mudan\u00e7as das a\u00e7\u00f5es de sa\u00fade e acompanhar os preceitos federais.<\/p>\n<p>A institui\u00e7\u00e3o foi se adequando dentro da realidade do Estado, passando por v\u00e1rios processos de reestrutura\u00e7\u00e3o do seu organograma a partir de 1955.<\/p>\n<p><img loading=\"lazy\" decoding=\"async\" class=\"aligncenter wp-image-2303 size-full\" title=\"SUSAM Manaus\" src=\"http:\/\/www.encontramanausam.com.br\/sobre\/wp-content\/uploads\/2018\/08\/susam-manaus.jpg\" alt=\"SUSAM Manaus\" width=\"680\" height=\"189\" srcset=\"https:\/\/www.encontramanausam.com.br\/sobre\/wp-content\/uploads\/2018\/08\/susam-manaus.jpg 680w, https:\/\/www.encontramanausam.com.br\/sobre\/wp-content\/uploads\/2018\/08\/susam-manaus-300x83.jpg 300w\" sizes=\"auto, (max-width: 680px) 100vw, 680px\" \/><\/p>\n<p><strong>Compet\u00eancias<\/strong><\/p>\n<p>Sendo um \u00f3rg\u00e3o integrante do Sistema Nacional de Sa\u00fade, tem por finalidade o estudo, o planejamento, a execu\u00e7\u00e3o e o controle dos assuntos relativos \u00e0 sa\u00fade p\u00fablica no Estado do Amazonas, competindo-lhe especialmente:<\/p>\n<p style=\"padding-left: 30px;\">I- Avaliar os n\u00edveis de sa\u00fade da popula\u00e7\u00e3o;<br \/>\nII- Formular a Pol\u00edtica Estadual de Sa\u00fade, observadas as diretrizes nacionais do setor;<br \/>\nIII- Elaborar e executar programas integrados de Sa\u00fade;<br \/>\nIV- Elaborar, executar e ou coordenar a execu\u00e7\u00e3o de Planos, Programas de Assist\u00eancia m\u00e9dico-sanit\u00e1ria e hospitalar \u00e0 popula\u00e7\u00e3o;<br \/>\nV- Coordenar todas as a\u00e7\u00f5es de sa\u00fade desenvolvidas no Estado pelas entidades Federais, Estaduais, Municipais e Aut\u00e1rquicas, de car\u00e1ter p\u00fablico e particular;<br \/>\nVI- Coordenar,supervisionar e executar as a\u00e7\u00f5es de vigil\u00e2ncia epidemiol\u00f3gica no Estado;<br \/>\nVII- Coordenar supervisionar ou executar as a\u00e7\u00f5es relacionadas com o sistema de Informa\u00e7\u00f5es de Sa\u00fade;<br \/>\nVIII- Estabelecer normas t\u00e9cnico-cient\u00edficas relativas \u00e0s a\u00e7\u00f5es de promo\u00e7\u00e3o, prote\u00e7\u00e3o e recupera\u00e7\u00e3o de Sa\u00fade e fiscalizar seu cumprimento;<br \/>\nIX- Assistir t\u00e9cnica e financeiramente os Munic\u00edpios visando a implanta\u00e7\u00e3o e opera\u00e7\u00e3o dos servi\u00e7os b\u00e1sicos de sa\u00fade \u00e0 popula\u00e7\u00e3o local.<\/p>\n<p><strong>Hist\u00f3ria<\/strong><\/p>\n<ul>\n<li>Lei n\u00ba 12 de 09\/05\/1952, publicada em Di\u00e1rio Oficial de 09\/05\/1953: Cria a Secretaria de Educa\u00e7\u00e3o, Cultura e Sa\u00fade.<\/li>\n<li>Lei n\u00ba 108 de 23\/12\/1955: Desmembra a Sa\u00fade da Educa\u00e7\u00e3o e cria a Secretaria de Assist\u00eancia e Sa\u00fade &#8211; SAS.<\/li>\n<li>Lei n\u00ba 233, de 18 de Junho de 1965: Estabelece nova estrutura administrativa da Secretaria.<\/li>\n<li>Lei n\u00ba 1336 de 13\/07\/1979: Cria a Secretaria de Estado de Sa\u00fade &#8211; SESAU.<\/li>\n<li>Decreto n\u00ba 8049 de 19 de Julho de 1984: Reformula estrutura da Secretaria.<\/li>\n<\/ul>\n<p><strong>ESTRUTURA\u00c7\u00c3O<\/strong><\/p>\n<p>Como todo \u00f3rg\u00e3o institucional a Secretaria de Estado de Sa\u00fade foi criada dentro de um contexto e realidade inicial e precisou acompanhar o processo de mudan\u00e7as das a\u00e7\u00f5es de sa\u00fade e acompanhar os preceitos federais. A institui\u00e7\u00e3o foi se adequando dentro da realidade do Estado, passando por v\u00e1rios processos de reestrutura\u00e7\u00e3o do seu organograma a partir de 1955. Os anos de reorganiza\u00e7\u00e3o estrutural foram: 1955 \/ 1965 \/ 1967 \/ 1971 \/ 1981 \/ 1984 \/ 1990 \/ 1991.<\/p>\n<h3>SUSAM Manaus Portal do Servidor<\/h3>\n<p>O <span style=\"text-decoration: underline;\">Portal<\/span> \u00e9 para voc\u00ea executar consultas e servi\u00e7os do seu interesse.<br \/>\nO acesso \u00e9 feito atrav\u00e9s de seu CPF e da sua Senha<\/p>\n<p>Oferece os servi\u00e7os:<\/p>\n<ul>\n<li>SIDES \u2013 Sistema de Controle de Desenvolvimento de Servidores<\/li>\n<li>AFI \u2013 Administra\u00e7\u00e3o Financeira Integrada<\/li>\n<li>Calend\u00e1rio de pagamento do Servidor P\u00fablico Estadual 2016<\/li>\n<\/ul>\n<h3>Hor\u00e1rio de Funcionamento SUSAM Manaus<\/h3>\n<ul>\n<li>Segunda a sexta das 8h \u00e0s 14h<\/li>\n<\/ul>\n<h3>Onde Fica, Endere\u00e7o e Telefone SUSAM Manaus<\/h3>\n<ul>\n<li>Av. Andr\u00e9 Ara\u00fajo, 701 &#8211; Aleixo, Manaus &#8211; AM<\/li>\n<li>Telefone: (92) 3643-6300<\/li>\n<\/ul>\n<h4>Outras informa\u00e7\u00f5es: Site e CNPJ<\/h4>\n<ul>\n<li>Mais informa\u00e7\u00f5es: <a href=\"http:\/\/www.saude.am.gov.br\" target=\"_blank\" rel=\"noopener noreferrer\">www.saude.am.gov.br<\/a><\/li>\n<li>CNPJ: 00.697.295\/0001-05<\/li>\n<\/ul>\n<h4>Mapa de localiza\u00e7\u00e3o<\/h4>\n<a class=\"wp-colorbox-iframe\" href=\"https:\/\/www.google.com\/maps\/embed?pb=!1m14!1m8!1m3!1d15935.905081521347!2d-59.9955278!3d-3.1009639!3m2!1i1024!2i768!4f13.1!3m3!1m2!1s0x00xb4b7c9a3576f1ce2!2sSecretaria+de+Estado+de+Sade+do+Amazonas+-+SUSAM!5e0!3m2!1spt-BR!2sbr!4v1534859561846\"><img decoding=\"async\" src=\"http:\/\/www.encontrabelohorizonte.com.br\/imgs\/maps-post.png\"><\/a>\n\n<div style=\"font-size: 0px; height: 0px; line-height: 0px; margin: 0; padding: 0; clear: both;\"><\/div>","protected":false},"excerpt":{"rendered":"<p>Como todo \u00f3rg\u00e3o institucional a Secretaria de Estado de Sa\u00fade (SUSAM Manaus) foi criada dentro de um contexto e realidade inicial e precisou acompanhar o processo de mudan\u00e7as das a\u00e7\u00f5es de sa\u00fade e acompanhar os preceitos federais. A institui\u00e7\u00e3o foi se adequando dentro da realidade do Estado, passando por v\u00e1rios processos de reestrutura\u00e7\u00e3o do seu organograma a partir de 1955. Compet\u00eancias Sendo um \u00f3rg\u00e3o integrante do Sistema Nacional de Sa\u00fade, tem por finalidade o estudo, o planejamento, a execu\u00e7\u00e3o e o controle dos assuntos relativos \u00e0 sa\u00fade p\u00fablica no Estado do Amazonas, competindo-lhe especialmente: I- Avaliar os n\u00edveis de sa\u00fade <\/p>\n","protected":false},"author":1,"featured_media":0,"parent":0,"menu_order":0,"comment_status":"closed","ping_status":"closed","template":"","meta":{"footnotes":""},"class_list":["post-2300","page","type-page","status-publish","hentry"],"aioseo_notices":[],"_links":{"self":[{"href":"https:\/\/www.encontramanausam.com.br\/sobre\/wp-json\/wp\/v2\/pages\/2300","targetHints":{"allow":["GET"]}}],"collection":[{"href":"https:\/\/www.encontramanausam.com.br\/sobre\/wp-json\/wp\/v2\/pages"}],"about":[{"href":"https:\/\/www.encontramanausam.com.br\/sobre\/wp-json\/wp\/v2\/types\/page"}],"author":[{"embeddable":true,"href":"https:\/\/www.encontramanausam.com.br\/sobre\/wp-json\/wp\/v2\/users\/1"}],"replies":[{"embeddable":true,"href":"https:\/\/www.encontramanausam.com.br\/sobre\/wp-json\/wp\/v2\/comments?post=2300"}],"version-history":[{"count":3,"href":"https:\/\/www.encontramanausam.com.br\/sobre\/wp-json\/wp\/v2\/pages\/2300\/revisions"}],"predecessor-version":[{"id":4300,"href":"https:\/\/www.encontramanausam.com.br\/sobre\/wp-json\/wp\/v2\/pages\/2300\/revisions\/4300"}],"wp:attachment":[{"href":"https:\/\/www.encontramanausam.com.br\/sobre\/wp-json\/wp\/v2\/media?parent=2300"}],"curies":[{"name":"wp","href":"https:\/\/api.w.org\/{rel}","templated":true}]}}