{"id":2287,"date":"2018-08-27T09:59:53","date_gmt":"2018-08-27T12:59:53","guid":{"rendered":"http:\/\/www.encontramanausam.com.br\/sobre\/?page_id=2287"},"modified":"2019-04-17T16:17:40","modified_gmt":"2019-04-17T19:17:40","slug":"setrab-manaus","status":"publish","type":"page","link":"https:\/\/www.encontramanausam.com.br\/sobre\/setrab-manaus\/","title":{"rendered":"SETRAB Manaus"},"content":{"rendered":"<div class=\"882fdd0d88065009358e99f1a9406c55\" data-index=\"1\" style=\"float: none; margin:0px;\">\n<script async src=\"https:\/\/pagead2.googlesyndication.com\/pagead\/js\/adsbygoogle.js?client=ca-pub-8585364105181520\"\r\n     crossorigin=\"anonymous\"><\/script>\r\n<!-- Anuncio display - global -->\r\n<ins class=\"adsbygoogle\"\r\n     style=\"display:block\"\r\n     data-ad-client=\"ca-pub-8585364105181520\"\r\n     data-ad-slot=\"8789329856\"\r\n     data-ad-format=\"auto\"\r\n     data-full-width-responsive=\"true\"><\/ins>\r\n<script>\r\n     (adsbygoogle = window.adsbygoogle || []).push({});\r\n<\/script>\n<\/div>\n<p>A Secretaria de Estado de Trabalho e Renda (<strong>SETRAB Manaus<\/strong>) tem como principal miss\u00e3o executar pol\u00edticas p\u00fablicas do Governo do Amazonas voltadas \u00e0 promo\u00e7\u00e3o de emprego e renda, bem como de novas oportunidades de trabalho.<\/p>\n<p>As a\u00e7\u00f5es do \u00f3rg\u00e3o visam aproximar o trabalhador do mercado formal e de novas possibilidades de trabalho e renda, fomentando a cultura do empreendedorismo e valorizando os saberes e conhecimentos populares como forma de crescimento sustent\u00e1vel e solid\u00e1rio.<\/p>\n<p><img loading=\"lazy\" decoding=\"async\" class=\"aligncenter wp-image-2290 size-full\" title=\"SETRAB Manaus\" src=\"http:\/\/www.encontramanausam.com.br\/sobre\/wp-content\/uploads\/2018\/08\/setrab-manaus.jpg\" alt=\"SETRAB Manaus\" width=\"680\" height=\"189\" srcset=\"https:\/\/www.encontramanausam.com.br\/sobre\/wp-content\/uploads\/2018\/08\/setrab-manaus.jpg 680w, https:\/\/www.encontramanausam.com.br\/sobre\/wp-content\/uploads\/2018\/08\/setrab-manaus-300x83.jpg 300w\" sizes=\"auto, (max-width: 680px) 100vw, 680px\" \/><\/p>\n<p>Em conjunto com outros \u00f3rg\u00e3os governamentais e da sociedade civil, busca promover a\u00e7\u00f5es integradas com o objetivo de cumprir sua miss\u00e3o.<\/p>\n<h3>SETRAB Manaus N\u00facleo de Apoio ao Empreendedor<\/h3>\n<p>No NAE est\u00e3o reunidos todos os \u00f3rg\u00e3os necess\u00e1rios para abertura de uma empresa em um curto espa\u00e7o de tempo, como:<\/p>\n<ul>\n<li>SEBRAE: presta servi\u00e7o de orienta\u00e7\u00e3o empresarial e consultoria;<\/li>\n<li>IMPLURB: que viabiliza o uso da atividade local;<\/li>\n<li>JUCEA: faz o registro da empresa e emite; o CNPJ;<\/li>\n<li>SEMEF: faz a inscri\u00e7\u00e3o municipal e emite o Alvar\u00e1 de funcionamento;<\/li>\n<li>SEFAZ: emite a Inscri\u00e7\u00e3o Estadual;<\/li>\n<li>DVISA presta orienta\u00e7\u00e3o do processo administrativo para a emiss\u00e3o da Licen\u00e7a Sanit\u00e1ria, e com isso permitir ao empreendedor elaborar de forma completa e eficiente o registro de sua empresa.<\/li>\n<\/ul>\n<h3>Hor\u00e1rio de Funcionamento SETRAB Manaus<\/h3>\n<ul>\n<li>Segunda a sexta das 8h \u00e1s 14h<\/li>\n<\/ul>\n<h3>Onde Fica, Endere\u00e7o e Telefone SETRAB Manaus<\/h3>\n<ul>\n<li>Av. Joaquim Nabuco, 931 &#8211; Centro &#8211; Manaus &#8211; AM<\/li>\n<li>Telefone: (92) 3621-2232<\/li>\n<\/ul>\n<h4>Outras informa\u00e7\u00f5es e site<\/h4>\n<ul>\n<li>Mais informa\u00e7\u00f5es: <a href=\"http:\/\/www.amazonas.am.gov.br\/entidade\/setrab\/\" target=\"_blank\" rel=\"noopener noreferrer\">www.amazonas.am.gov.br<\/a><\/li>\n<\/ul>\n<h4>Mapa de localiza\u00e7\u00e3o<\/h4>\n<a class=\"wp-colorbox-iframe\" href=\"https:\/\/www.google.com\/maps\/embed?pb=!1m14!1m8!1m3!1d15935.405651693947!2d-60.0192846!3d-3.1339341!3m2!1i1024!2i768!4f13.1!3m3!1m2!1s0x00xbc5b879517f84736!2sSETRAB+-+Secretaria+de+Estado+do+Trabalho!5e0!3m2!1spt-BR!2sbr!4v1534940919254\"><img decoding=\"async\" src=\"http:\/\/www.encontrabelohorizonte.com.br\/imgs\/maps-post.png\"><\/a>\n\n<div style=\"font-size: 0px; height: 0px; line-height: 0px; margin: 0; padding: 0; clear: both;\"><\/div>","protected":false},"excerpt":{"rendered":"<p>A Secretaria de Estado de Trabalho e Renda (SETRAB Manaus) tem como principal miss\u00e3o executar pol\u00edticas p\u00fablicas do Governo do Amazonas voltadas \u00e0 promo\u00e7\u00e3o de emprego e renda, bem como de novas oportunidades de trabalho. As a\u00e7\u00f5es do \u00f3rg\u00e3o visam aproximar o trabalhador do mercado formal e de novas possibilidades de trabalho e renda, fomentando a cultura do empreendedorismo e valorizando os saberes e conhecimentos populares como forma de crescimento sustent\u00e1vel e solid\u00e1rio. Em conjunto com outros \u00f3rg\u00e3os governamentais e da sociedade civil, busca promover a\u00e7\u00f5es integradas com o objetivo de cumprir sua miss\u00e3o. SETRAB Manaus N\u00facleo de Apoio ao <\/p>\n","protected":false},"author":1,"featured_media":0,"parent":0,"menu_order":0,"comment_status":"closed","ping_status":"closed","template":"","meta":{"footnotes":""},"class_list":["post-2287","page","type-page","status-publish","hentry"],"aioseo_notices":[],"_links":{"self":[{"href":"https:\/\/www.encontramanausam.com.br\/sobre\/wp-json\/wp\/v2\/pages\/2287","targetHints":{"allow":["GET"]}}],"collection":[{"href":"https:\/\/www.encontramanausam.com.br\/sobre\/wp-json\/wp\/v2\/pages"}],"about":[{"href":"https:\/\/www.encontramanausam.com.br\/sobre\/wp-json\/wp\/v2\/types\/page"}],"author":[{"embeddable":true,"href":"https:\/\/www.encontramanausam.com.br\/sobre\/wp-json\/wp\/v2\/users\/1"}],"replies":[{"embeddable":true,"href":"https:\/\/www.encontramanausam.com.br\/sobre\/wp-json\/wp\/v2\/comments?post=2287"}],"version-history":[{"count":3,"href":"https:\/\/www.encontramanausam.com.br\/sobre\/wp-json\/wp\/v2\/pages\/2287\/revisions"}],"predecessor-version":[{"id":4308,"href":"https:\/\/www.encontramanausam.com.br\/sobre\/wp-json\/wp\/v2\/pages\/2287\/revisions\/4308"}],"wp:attachment":[{"href":"https:\/\/www.encontramanausam.com.br\/sobre\/wp-json\/wp\/v2\/media?parent=2287"}],"curies":[{"name":"wp","href":"https:\/\/api.w.org\/{rel}","templated":true}]}}