{"id":2283,"date":"2018-08-27T09:58:24","date_gmt":"2018-08-27T12:58:24","guid":{"rendered":"http:\/\/www.encontramanausam.com.br\/sobre\/?page_id=2283"},"modified":"2019-04-17T16:13:53","modified_gmt":"2019-04-17T19:13:53","slug":"sest-senat-manaus","status":"publish","type":"page","link":"https:\/\/www.encontramanausam.com.br\/sobre\/sest-senat-manaus\/","title":{"rendered":"Sest Senat Manaus"},"content":{"rendered":"<div class=\"882fdd0d88065009358e99f1a9406c55\" data-index=\"1\" style=\"float: none; margin:0px;\">\n<script async src=\"https:\/\/pagead2.googlesyndication.com\/pagead\/js\/adsbygoogle.js?client=ca-pub-8585364105181520\"\r\n     crossorigin=\"anonymous\"><\/script>\r\n<!-- Anuncio display - global -->\r\n<ins class=\"adsbygoogle\"\r\n     style=\"display:block\"\r\n     data-ad-client=\"ca-pub-8585364105181520\"\r\n     data-ad-slot=\"8789329856\"\r\n     data-ad-format=\"auto\"\r\n     data-full-width-responsive=\"true\"><\/ins>\r\n<script>\r\n     (adsbygoogle = window.adsbygoogle || []).push({});\r\n<\/script>\n<\/div>\n<p>O <strong>Sest Senat Manaus<\/strong> se dedica diariamente para que os trabalhadores do transporte tenham mais qualidade de vida e melhores oportunidades no mercado de trabalho.<\/p>\n<p>Por meio da promo\u00e7\u00e3o da qualidade de vida, dos cuidados com a sa\u00fade e da qualifica\u00e7\u00e3o profissional, o SEST SENAT cuida do que mais importa: voc\u00ea.<\/p>\n<p><img loading=\"lazy\" decoding=\"async\" class=\"aligncenter wp-image-2285 size-full\" title=\"Sest Senat Manaus\" src=\"http:\/\/www.encontramanausam.com.br\/sobre\/wp-content\/uploads\/2018\/08\/sest-senat-manaus.jpg\" alt=\"Sest Senat Manaus\" width=\"680\" height=\"189\" srcset=\"https:\/\/www.encontramanausam.com.br\/sobre\/wp-content\/uploads\/2018\/08\/sest-senat-manaus.jpg 680w, https:\/\/www.encontramanausam.com.br\/sobre\/wp-content\/uploads\/2018\/08\/sest-senat-manaus-300x83.jpg 300w\" sizes=\"auto, (max-width: 680px) 100vw, 680px\" \/><\/p>\n<h2>Sest Senat Manaus Curso Mopp<\/h2>\n<p>O <em>MOPP<\/em>, curso especializado para transporte de produtos perigosos, configura-se uma ferramenta para formar os condutores e conscientizar sobre o transporte de res\u00edduos perigosos.<\/p>\n<h3>Sest Senat Manaus Carteira de Motorista<\/h3>\n<p>O <span style=\"text-decoration: underline;\">projeto Primeira Habilita\u00e7\u00e3o para o Transporte \u2013 CNH Social<\/span> foi criado com a inten\u00e7\u00e3o de conceder a Carteira Nacional de Habilita\u00e7\u00e3o (CNH), categoria B, para jovens de baixa renda, ampliando a empregabilidade e qualificando-os em curso espec\u00edfico para ingresso no mercado de trabalho e atua\u00e7\u00e3o no setor de transporte. Esse projeto \u00e9 totalmente financiado pelo SEST SENAT, sem custos para os selecionados.<\/p>\n<h3>Sest Senat Manaus EAD<\/h3>\n<p><em>EaD SEST SENAT<\/em> oferece diversos tipos de cursos online, com objetivo de capacitar profissionais para o setor de transporte.<\/p>\n<h3>Sest Senat Manaus Trabalhe Conosco<\/h3>\n<p>Com Unidades Operacionais em todo o Brasil, o SEST SENAT \u00e9 refer\u00eancia no desenvolvimento profissional e na qualidade dos servi\u00e7os prestados nas \u00e1reas de odontologia, nutri\u00e7\u00e3o, psicologia e fisioterapia, al\u00e9m de oferecer atividades esportivas, culturais e de lazer.<\/p>\n<p>A institui\u00e7\u00e3o possibilita que os profissionais do setor de transporte e seus dependentes tenham atendimentos 100% gratuitos onde quer que estejam.<\/p>\n<p>Al\u00e9m dos trabalhadores do setor de transporte, os usu\u00e1rios da comunidade em geral e seus dependentes tamb\u00e9m podem utilizar os servi\u00e7os e cursos mediante alguns requisitos e com a apresenta\u00e7\u00e3o dos documentos informados no\u00a0site.<\/p>\n<h3>Hor\u00e1rio de Funcionamento Sest Senat Manaus<\/h3>\n<ul>\n<li>Segunda a sexta das 8h \u00e0s 21h \/ S\u00e1bado das 8h \u00e0s 12h<\/li>\n<\/ul>\n<h3>Onde Fica, Endere\u00e7o e Telefone Sest Senat Manaus<\/h3>\n<ul>\n<li>Av. Autaz Mirim, 10.118 &#8211; Jorge Teixeira, Manaus &#8211; AM<\/li>\n<li>Telefone: (92) 2123-4150<\/li>\n<\/ul>\n<h4>Outras informa\u00e7\u00f5es e site<\/h4>\n<ul>\n<li>Mais informa\u00e7\u00f5es: <a href=\"http:\/\/www.sestsenat.org.br\/\" target=\"_blank\" rel=\"noopener noreferrer\">www.sestsenat.org.br\/<\/a><\/li>\n<\/ul>\n<h4>Mapa de localiza\u00e7\u00e3o<\/h4>\n<a class=\"wp-colorbox-iframe\" href=\"https:\/\/www.google.com\/maps\/embed?pb=!1m14!1m8!1m3!1d15936.961776927958!2d-59.9363593!3d-3.0300243!3m2!1i1024!2i768!4f13.1!3m3!1m2!1s0x00x32be06ae5705173a!2sSEST+SENAT!5e0!3m2!1spt-BR!2sbr!4v1534858970580\"><img decoding=\"async\" src=\"http:\/\/www.encontrabelohorizonte.com.br\/imgs\/maps-post.png\"><\/a>\n\n<div style=\"font-size: 0px; height: 0px; line-height: 0px; margin: 0; padding: 0; clear: both;\"><\/div>","protected":false},"excerpt":{"rendered":"<p>O Sest Senat Manaus se dedica diariamente para que os trabalhadores do transporte tenham mais qualidade de vida e melhores oportunidades no mercado de trabalho. Por meio da promo\u00e7\u00e3o da qualidade de vida, dos cuidados com a sa\u00fade e da qualifica\u00e7\u00e3o profissional, o SEST SENAT cuida do que mais importa: voc\u00ea. Sest Senat Manaus Curso Mopp O MOPP, curso especializado para transporte de produtos perigosos, configura-se uma ferramenta para formar os condutores e conscientizar sobre o transporte de res\u00edduos perigosos. Sest Senat Manaus Carteira de Motorista O projeto Primeira Habilita\u00e7\u00e3o para o Transporte \u2013 CNH Social foi criado com a <\/p>\n","protected":false},"author":1,"featured_media":0,"parent":0,"menu_order":0,"comment_status":"closed","ping_status":"closed","template":"","meta":{"footnotes":""},"class_list":["post-2283","page","type-page","status-publish","hentry"],"aioseo_notices":[],"_links":{"self":[{"href":"https:\/\/www.encontramanausam.com.br\/sobre\/wp-json\/wp\/v2\/pages\/2283","targetHints":{"allow":["GET"]}}],"collection":[{"href":"https:\/\/www.encontramanausam.com.br\/sobre\/wp-json\/wp\/v2\/pages"}],"about":[{"href":"https:\/\/www.encontramanausam.com.br\/sobre\/wp-json\/wp\/v2\/types\/page"}],"author":[{"embeddable":true,"href":"https:\/\/www.encontramanausam.com.br\/sobre\/wp-json\/wp\/v2\/users\/1"}],"replies":[{"embeddable":true,"href":"https:\/\/www.encontramanausam.com.br\/sobre\/wp-json\/wp\/v2\/comments?post=2283"}],"version-history":[{"count":2,"href":"https:\/\/www.encontramanausam.com.br\/sobre\/wp-json\/wp\/v2\/pages\/2283\/revisions"}],"predecessor-version":[{"id":4296,"href":"https:\/\/www.encontramanausam.com.br\/sobre\/wp-json\/wp\/v2\/pages\/2283\/revisions\/4296"}],"wp:attachment":[{"href":"https:\/\/www.encontramanausam.com.br\/sobre\/wp-json\/wp\/v2\/media?parent=2283"}],"curies":[{"name":"wp","href":"https:\/\/api.w.org\/{rel}","templated":true}]}}