{"id":2277,"date":"2018-08-27T09:53:38","date_gmt":"2018-08-27T12:53:38","guid":{"rendered":"http:\/\/www.encontramanausam.com.br\/sobre\/?page_id=2277"},"modified":"2019-04-17T16:22:23","modified_gmt":"2019-04-17T19:22:23","slug":"sesi-saude-manaus","status":"publish","type":"page","link":"https:\/\/www.encontramanausam.com.br\/sobre\/sesi-saude-manaus\/","title":{"rendered":"SESI Sa\u00fade Manaus"},"content":{"rendered":"<div class=\"882fdd0d88065009358e99f1a9406c55\" data-index=\"1\" style=\"float: none; margin:0px;\">\n<script async src=\"https:\/\/pagead2.googlesyndication.com\/pagead\/js\/adsbygoogle.js?client=ca-pub-8585364105181520\"\r\n     crossorigin=\"anonymous\"><\/script>\r\n<!-- Anuncio display - global -->\r\n<ins class=\"adsbygoogle\"\r\n     style=\"display:block\"\r\n     data-ad-client=\"ca-pub-8585364105181520\"\r\n     data-ad-slot=\"8789329856\"\r\n     data-ad-format=\"auto\"\r\n     data-full-width-responsive=\"true\"><\/ins>\r\n<script>\r\n     (adsbygoogle = window.adsbygoogle || []).push({});\r\n<\/script>\n<\/div>\n<p>Com o objetivo de sempre oferecer os melhores servi\u00e7os para os industri\u00e1rios, seus dependentes e comunidade em geral, o Servi\u00e7o Social da Ind\u00fastria (SESI), conta em Manaus com o <strong>SESI Sa\u00fade Manaus<\/strong>, que \u00e9 um escopo de servi\u00e7os e atendimentos da institui\u00e7\u00e3o dentro do cumprimento de sua miss\u00e3o.<\/p>\n<p>Ao todo, s\u00e3o mais de 18 especialidades m\u00e9dicas, e 11 odontol\u00f3gicas, Al\u00e9m do atendimento odontol\u00f3gico em unidades m\u00f3veis nas empresas para realizar procedimentos com os trabalhadores.<\/p>\n<p><img loading=\"lazy\" decoding=\"async\" class=\"aligncenter wp-image-2280 size-full\" title=\"SESI Sa\u00fade Manaus\" src=\"http:\/\/www.encontramanausam.com.br\/sobre\/wp-content\/uploads\/2018\/08\/sesi-saude-manaus.jpg\" alt=\"SESI Sa\u00fade Manaus\" width=\"680\" height=\"189\" srcset=\"https:\/\/www.encontramanausam.com.br\/sobre\/wp-content\/uploads\/2018\/08\/sesi-saude-manaus.jpg 680w, https:\/\/www.encontramanausam.com.br\/sobre\/wp-content\/uploads\/2018\/08\/sesi-saude-manaus-300x83.jpg 300w\" sizes=\"auto, (max-width: 680px) 100vw, 680px\" \/><\/p>\n<h2>SESI Sa\u00fade Manaus Oftalmologista<\/h2>\n<p>\u00c9 a e<em>specialidade da medicina que estuda e trata as doen\u00e7as relacionadas \u00e0 vis\u00e3o, \u00e0 refra\u00e7\u00e3o, os olhos e seus anexos, e o estudo das patologias oculares<\/em>, com sua aplica\u00e7\u00e3o no diagn\u00f3stico e tratamento cl\u00ednico.<\/p>\n<p>Procedimentos realizados<\/p>\n<ul>\n<li>Curativo de oftalmologia;<\/li>\n<li>Fundoscopia sob medriases;<\/li>\n<li>Gonioscopia;<\/li>\n<li>Mapeamento de retina;<\/li>\n<li>Tonometria;<\/li>\n<li>Retirada de corpo estranho;<\/li>\n<li>Biomicroscopia de fundo;<\/li>\n<li>Avalia\u00e7\u00e3o \u00f3rbito-palpebral exoftalmia;<\/li>\n<li>Avalia\u00e7\u00e3o oftalmol\u00f3gica ocupacional.<\/li>\n<li>Sem restri\u00e7\u00e3o de Idade<\/li>\n<\/ul>\n<h3>SESI Sa\u00fade Manaus Ginecologista<\/h3>\n<p>\u00c9 a p<em>ratica da medicina que lida diretamente com a sa\u00fade do aparelho reprodutor feminino<\/em> (vagina, \u00fatero e ov\u00e1rios) e mamas. E ainda acompanhamento e tratamento na gesta\u00e7\u00e3o.<\/p>\n<p>Procedimentos realizados<\/p>\n<ul>\n<li>Bi\u00f3psia de colo;<\/li>\n<li>Bi\u00f3psia de vagina;<\/li>\n<li>Bi\u00f3psia de vulva;<\/li>\n<li>Cauteriza\u00e7\u00e3o qu\u00edmica;<\/li>\n<li>Coleta bacteriol\u00f3gica + cultura + antibiograma geral + fresco;<\/li>\n<li>Coleta citol\u00f3gica;<\/li>\n<li>Curativo de ginecologia;<\/li>\n<li>Eletrocauteriza\u00e7\u00e3o;<\/li>\n<li>Excis\u00e3o de cisto vaginal;<\/li>\n<li>Extra\u00e7\u00e3o de corpo estranho.<\/li>\n<li>Pr\u00e9-natal;<\/li>\n<li>Sem restri\u00e7\u00e3o de Idade<\/li>\n<\/ul>\n<h3>SESI Sa\u00fade Manaus Dermatologia<\/h3>\n<p>A <span style=\"text-decoration: underline;\">Dermatologia<\/span> \u00e9 uma especialidade m\u00e9dica cuja \u00e1rea de conhecimento se concentra no diagn\u00f3stico, preven\u00e7\u00e3o e tratamento de doen\u00e7as e afec\u00e7\u00f5es relacionadas \u00e0 pele, pelos, mucosas, cabelo e unhas.<\/p>\n<p>Procedimentos realizados:<\/p>\n<ul>\n<li>Coleta de bi\u00f3psia de pele e mucosa;<\/li>\n<li>Eletrocoagula\u00e7\u00e3o;<\/li>\n<li>Excis\u00e3o e sutura simples de CA;<\/li>\n<li>Excis\u00e3o\/sutura com rota\u00e7\u00e3o;<\/li>\n<li>Excis\u00e3o \/sutura unha encravada;<\/li>\n<li>Ex\u00e9rese les\u00e3o de pele;<\/li>\n<li>Infiltra\u00e7\u00e3o intralesional;<\/li>\n<li>Retirada de corpo estranho;<\/li>\n<li>Retirada de les\u00f5es.<\/li>\n<\/ul>\n<h3>SESI Sa\u00fade Manaus Trabalhe Conosco<\/h3>\n<p>PPara aqueles que almejam <em>trabalhar<\/em> em uma empresa que preza por realizar servi\u00e7os da mais alta qualidade, e que zela por seus colaboradores e profissionalismo sempre, estes profissionais devem <em>trabalhar<\/em> na SESI Sa\u00fade Manaus, acesse o site para enviar seu <span style=\"text-decoration: underline;\">curr\u00edculo<\/span>.<\/p>\n<h3>SESI Sa\u00fade Manaus Exames<\/h3>\n<p>Para informa\u00e7\u00f5es sobre <em>consultas, procedimentos m\u00e9dicos<\/em>, entre em contato pelo telefones: (92) 3186-6610\/6611<\/p>\n<h3>Hor\u00e1rio de Funcionamento SESI Sa\u00fade Manaus<\/h3>\n<ul>\n<li>Segunda a sexta das 6h \u00e1s 20h30 \/ S\u00e1bado das 7h30 \u00e1s 11h30<\/li>\n<\/ul>\n<h3>Onde Fica, Endere\u00e7o e Telefone SESI Sa\u00fade Manaus<\/h3>\n<ul>\n<li>Av. Get\u00falio Vargas, 1116 &#8211; Centro &#8211; Manaus &#8211; AM<\/li>\n<li>Telefone: (92) 3186-6610<\/li>\n<\/ul>\n<h4>Outras informa\u00e7\u00f5es Site e CNPJ<\/h4>\n<ul>\n<li>Mais informa\u00e7\u00f5es: <a href=\"http:\/\/www.fieam.org.br\/sesi\/sesi-clinica\/\" target=\"_blank\" rel=\"noopener noreferrer\">www.fieam.org.br<\/a><\/li>\n<li>CNPJ: 03.766.415\/0001-69<\/li>\n<\/ul>\n<h4>Mapa de localiza\u00e7\u00e3o<\/h4>\n<a class=\"wp-colorbox-iframe\" href=\"https:\/\/www.google.com\/maps\/embed?pb=!1m14!1m8!1m3!1d15935.535468128015!2d-60.0203731!3d-3.1253976!3m2!1i1024!2i768!4f13.1!3m3!1m2!1s0x00x35c772c60d0d0146!2sSesi+Sade!5e0!3m2!1spt-BR!2sbr!4v1534942919634\"><img decoding=\"async\" src=\"http:\/\/www.encontrabelohorizonte.com.br\/imgs\/maps-post.png\"><\/a>\n\n<div style=\"font-size: 0px; height: 0px; line-height: 0px; margin: 0; padding: 0; clear: both;\"><\/div>","protected":false},"excerpt":{"rendered":"<p>Com o objetivo de sempre oferecer os melhores servi\u00e7os para os industri\u00e1rios, seus dependentes e comunidade em geral, o Servi\u00e7o Social da Ind\u00fastria (SESI), conta em Manaus com o SESI Sa\u00fade Manaus, que \u00e9 um escopo de servi\u00e7os e atendimentos da institui\u00e7\u00e3o dentro do cumprimento de sua miss\u00e3o. Ao todo, s\u00e3o mais de 18 especialidades m\u00e9dicas, e 11 odontol\u00f3gicas, Al\u00e9m do atendimento odontol\u00f3gico em unidades m\u00f3veis nas empresas para realizar procedimentos com os trabalhadores. SESI Sa\u00fade Manaus Oftalmologista \u00c9 a especialidade da medicina que estuda e trata as doen\u00e7as relacionadas \u00e0 vis\u00e3o, \u00e0 refra\u00e7\u00e3o, os olhos e seus anexos, e <\/p>\n","protected":false},"author":1,"featured_media":0,"parent":0,"menu_order":0,"comment_status":"closed","ping_status":"closed","template":"","meta":{"footnotes":""},"class_list":["post-2277","page","type-page","status-publish","hentry"],"aioseo_notices":[],"_links":{"self":[{"href":"https:\/\/www.encontramanausam.com.br\/sobre\/wp-json\/wp\/v2\/pages\/2277","targetHints":{"allow":["GET"]}}],"collection":[{"href":"https:\/\/www.encontramanausam.com.br\/sobre\/wp-json\/wp\/v2\/pages"}],"about":[{"href":"https:\/\/www.encontramanausam.com.br\/sobre\/wp-json\/wp\/v2\/types\/page"}],"author":[{"embeddable":true,"href":"https:\/\/www.encontramanausam.com.br\/sobre\/wp-json\/wp\/v2\/users\/1"}],"replies":[{"embeddable":true,"href":"https:\/\/www.encontramanausam.com.br\/sobre\/wp-json\/wp\/v2\/comments?post=2277"}],"version-history":[{"count":4,"href":"https:\/\/www.encontramanausam.com.br\/sobre\/wp-json\/wp\/v2\/pages\/2277\/revisions"}],"predecessor-version":[{"id":4313,"href":"https:\/\/www.encontramanausam.com.br\/sobre\/wp-json\/wp\/v2\/pages\/2277\/revisions\/4313"}],"wp:attachment":[{"href":"https:\/\/www.encontramanausam.com.br\/sobre\/wp-json\/wp\/v2\/media?parent=2277"}],"curies":[{"name":"wp","href":"https:\/\/api.w.org\/{rel}","templated":true}]}}