{"id":2194,"date":"2018-08-24T17:34:34","date_gmt":"2018-08-24T20:34:34","guid":{"rendered":"http:\/\/www.encontramanausam.com.br\/sobre\/?page_id=2194"},"modified":"2019-04-17T16:07:56","modified_gmt":"2019-04-17T19:07:56","slug":"aades-manaus","status":"publish","type":"page","link":"https:\/\/www.encontramanausam.com.br\/sobre\/aades-manaus\/","title":{"rendered":"AADES Manaus"},"content":{"rendered":"<div class=\"882fdd0d88065009358e99f1a9406c55\" data-index=\"1\" style=\"float: none; margin:0px;\">\n<script async src=\"https:\/\/pagead2.googlesyndication.com\/pagead\/js\/adsbygoogle.js?client=ca-pub-8585364105181520\"\r\n     crossorigin=\"anonymous\"><\/script>\r\n<!-- Anuncio display - global -->\r\n<ins class=\"adsbygoogle\"\r\n     style=\"display:block\"\r\n     data-ad-client=\"ca-pub-8585364105181520\"\r\n     data-ad-slot=\"8789329856\"\r\n     data-ad-format=\"auto\"\r\n     data-full-width-responsive=\"true\"><\/ins>\r\n<script>\r\n     (adsbygoogle = window.adsbygoogle || []).push({});\r\n<\/script>\n<\/div>\n<p>A Ag\u00eancia Amazonense De Desenvolvimento Econ\u00f4mico E Social \u2013 <strong>AADES<\/strong> \u00e9 uma empresa de direito privado, sem fins lucrativos, de interesse coletivo e de utilidade p\u00fablica, institu\u00edda pelo decreto n\u00ba30.988, de 14 de fevereiro de 2011.<\/p>\n<p>A AADES observa e define metas promovendo o apoio \u00e0s pol\u00edticas de desenvolvimento econ\u00f4mico e social. atrav\u00e9s da execu\u00e7\u00e3o e administra\u00e7\u00e3o de projetos conforme as diretrizes do governo do estado do amazonas.<\/p>\n<p><img loading=\"lazy\" decoding=\"async\" class=\"aligncenter wp-image-2196 size-full\" title=\"AADES Manaus\" src=\"http:\/\/www.encontramanausam.com.br\/sobre\/wp-content\/uploads\/2018\/08\/aades-manaus.jpg\" alt=\"AADES Manaus\" width=\"680\" height=\"189\" srcset=\"https:\/\/www.encontramanausam.com.br\/sobre\/wp-content\/uploads\/2018\/08\/aades-manaus.jpg 680w, https:\/\/www.encontramanausam.com.br\/sobre\/wp-content\/uploads\/2018\/08\/aades-manaus-300x83.jpg 300w\" sizes=\"auto, (max-width: 680px) 100vw, 680px\" \/><\/p>\n<p>s\u00e3o 8 anos, moldando o campo de gerenciamento de projetos no estado do amazonas. hoje, usamos esses processos estabelecidos para planejar e executar iniciativas, com o intuito de ajudar as secretarias e empresas privadas a alcan\u00e7ar seus objetivos estrat\u00e9gicos.<\/p>\n<p>MISS\u00c3O<\/p>\n<p>ser reconhecida como centro de refer\u00eancia em gest\u00e3o de projetos que visam a qualidade da oferta de bens e servi\u00e7os p\u00fablicos de forma a contribuir na promo\u00e7\u00e3o do desenvolvimento econ\u00f4mico e social do estado do amazonas.<\/p>\n<p>VIS\u00c3O<\/p>\n<p>Atuar na gest\u00e3o de portf\u00f3lio de projetos do governo do estado do amazonas, atrav\u00e9s da difus\u00e3o da cultura de gerenciamento, capta\u00e7\u00e3o de recursos, capacita\u00e7\u00e3o e consultoria especializada em projetos,\u2019 visando a efetividade na destina\u00e7\u00e3o dos recursos p\u00fablicos.<\/p>\n<p>VALORES<\/p>\n<p>Excel\u00eancia, Comprometimento, Inova\u00e7\u00e3o, Efetividade e \u00c9tica.<\/p>\n<p>A AADES n\u00e3o somente executa e administra os projetos. n\u00f3s tamb\u00e9m articulamos com \u00f3rg\u00e3os p\u00fablicos e entidades privadas, nacionais e internacionais. para o cumprimento e execu\u00e7\u00e3o do plano desde o desenvolvimento at\u00e9 a entrega.<\/p>\n<p>a equipe aades sede, trabalha comprometida e em parceria com as secretarias ou empresas, eles se integram usando suas habilidades de:<\/p>\n<p>Lideran\u00e7a; Experi\u00eancia e Objetividade;<\/p>\n<p>Dessa forma identificam-se os riscos e garantem que os objetivos do projeto estejam alinhados com diretrizes do governo do estado do amazonas.<\/p>\n<p>PROJETOS<\/p>\n<p>Desde 2011, AADES\u00a0 fez parcerias com mais de 26 secretarias em v\u00e1rios setores, onde:<\/p>\n<p>identificou planejou e executou pol\u00edticas de desenvolvimento econ\u00f4mico e social \u2013 e em 2019, totalizam-se 37 projetos.<\/p>\n<p>A AADES t\u00eam transformando a maneira como os projetos s\u00e3o feitos.<\/p>\n<h2>Vagas Aades Manaus<\/h2>\n<p>A AADES Manaus, orienta aos candidatos que desejam efetuar as<em> inscri\u00e7\u00f5es<\/em> nos projetos oferecidos, que acompanhem o per\u00edodo de inscri\u00e7\u00e3o conforme o cronograma de atividades, assim como os requisitos obrigat\u00f3rios informados nos respectivos editais.<\/p>\n<p>Os <em>editais<\/em> est\u00e3o dispon\u00edveis no endere\u00e7o eletr\u00f4nico:\u00a0<a href=\"http:\/\/www.aades.am.gov.br\" target=\"_blank\" rel=\"noopener noreferrer\">www.aades.am.gov.br<\/a>.<\/p>\n<h3>Processo Seletivo AADES Manaus<\/h3>\n<p>De tempos em tempos a AADES Manaus promove <span style=\"text-decoration: underline;\">processos seletivos,<\/span> para saber quais\u00a0 est\u00e3o em aberto acesse o site<\/p>\n<h3>Hor\u00e1rio de Funcionamento AADES Manaus<\/h3>\n<ul>\n<li>Segunda a sexta das 8h \u00e0s 17h<\/li>\n<\/ul>\n<h3>Onde Fica, Endere\u00e7o AADES Manaus<\/h3>\n<ul>\n<li>R. Maj. Gabriel, 1721 &#8211; Centro, Manaus &#8211; AM<\/li>\n<\/ul>\n<h4>Outras informa\u00e7\u00f5es e site<\/h4>\n<ul>\n<li>Mais informa\u00e7\u00f5es: <a href=\"http:\/\/www.aades.am.gov.br\/\" target=\"_blank\" rel=\"noopener noreferrer\">www.aades.am.gov.br\/<\/a><\/li>\n<\/ul>\n<h4>Mapa de localiza\u00e7\u00e3o<\/h4>\n<a class=\"wp-colorbox-iframe\" href=\"https:\/\/www.google.com\/maps\/embed?pb=!1m14!1m8!1m3!1d15935.616444802501!2d-60.0168556!3d-3.1200609!3m2!1i1024!2i768!4f13.1!3m3!1m2!1s0x00xf1852e19c3f14865!2sAADES+-+Agncia+Amazonense+de+Desenvolvimento+Econmico+e+Social!5e0!3m2!1spt-BR!2sbr!4v1534870875732\"><img decoding=\"async\" src=\"http:\/\/www.encontrabelohorizonte.com.br\/imgs\/maps-post.png\"><\/a>\n\n<div style=\"font-size: 0px; height: 0px; line-height: 0px; margin: 0; padding: 0; clear: both;\"><\/div>","protected":false},"excerpt":{"rendered":"<p>A Ag\u00eancia Amazonense De Desenvolvimento Econ\u00f4mico E Social \u2013 AADES \u00e9 uma empresa de direito privado, sem fins lucrativos, de interesse coletivo e de utilidade p\u00fablica, institu\u00edda pelo decreto n\u00ba30.988, de 14 de fevereiro de 2011. A AADES observa e define metas promovendo o apoio \u00e0s pol\u00edticas de desenvolvimento econ\u00f4mico e social. atrav\u00e9s da execu\u00e7\u00e3o e administra\u00e7\u00e3o de projetos conforme as diretrizes do governo do estado do amazonas. s\u00e3o 8 anos, moldando o campo de gerenciamento de projetos no estado do amazonas. hoje, usamos esses processos estabelecidos para planejar e executar iniciativas, com o intuito de ajudar as secretarias e <\/p>\n","protected":false},"author":1,"featured_media":0,"parent":0,"menu_order":0,"comment_status":"closed","ping_status":"closed","template":"","meta":{"footnotes":""},"class_list":["post-2194","page","type-page","status-publish","hentry"],"aioseo_notices":[],"_links":{"self":[{"href":"https:\/\/www.encontramanausam.com.br\/sobre\/wp-json\/wp\/v2\/pages\/2194","targetHints":{"allow":["GET"]}}],"collection":[{"href":"https:\/\/www.encontramanausam.com.br\/sobre\/wp-json\/wp\/v2\/pages"}],"about":[{"href":"https:\/\/www.encontramanausam.com.br\/sobre\/wp-json\/wp\/v2\/types\/page"}],"author":[{"embeddable":true,"href":"https:\/\/www.encontramanausam.com.br\/sobre\/wp-json\/wp\/v2\/users\/1"}],"replies":[{"embeddable":true,"href":"https:\/\/www.encontramanausam.com.br\/sobre\/wp-json\/wp\/v2\/comments?post=2194"}],"version-history":[{"count":5,"href":"https:\/\/www.encontramanausam.com.br\/sobre\/wp-json\/wp\/v2\/pages\/2194\/revisions"}],"predecessor-version":[{"id":4299,"href":"https:\/\/www.encontramanausam.com.br\/sobre\/wp-json\/wp\/v2\/pages\/2194\/revisions\/4299"}],"wp:attachment":[{"href":"https:\/\/www.encontramanausam.com.br\/sobre\/wp-json\/wp\/v2\/media?parent=2194"}],"curies":[{"name":"wp","href":"https:\/\/api.w.org\/{rel}","templated":true}]}}