{"id":2058,"date":"2018-07-16T22:41:13","date_gmt":"2018-07-17T01:41:13","guid":{"rendered":"http:\/\/www.encontramanausam.com.br\/sobre\/?page_id=2058"},"modified":"2019-04-17T13:38:18","modified_gmt":"2019-04-17T16:38:18","slug":"teatro-municipal-de-manaus","status":"publish","type":"page","link":"https:\/\/www.encontramanausam.com.br\/sobre\/teatro-municipal-de-manaus\/","title":{"rendered":"Teatro Municipal de Manaus"},"content":{"rendered":"<div class=\"882fdd0d88065009358e99f1a9406c55\" data-index=\"1\" style=\"float: none; margin:0px;\">\n<script async src=\"https:\/\/pagead2.googlesyndication.com\/pagead\/js\/adsbygoogle.js?client=ca-pub-8585364105181520\"\r\n     crossorigin=\"anonymous\"><\/script>\r\n<!-- Anuncio display - global -->\r\n<ins class=\"adsbygoogle\"\r\n     style=\"display:block\"\r\n     data-ad-client=\"ca-pub-8585364105181520\"\r\n     data-ad-slot=\"8789329856\"\r\n     data-ad-format=\"auto\"\r\n     data-full-width-responsive=\"true\"><\/ins>\r\n<script>\r\n     (adsbygoogle = window.adsbygoogle || []).push({});\r\n<\/script>\n<\/div>\n<p>O Teatro Amazonas (<strong>Teatro Municipal de Manaus<\/strong>) \u00e9, por excel\u00eancia, o maior orgulho arquitet\u00f4nico e hist\u00f3rico de Manaus.<\/p>\n<p>Conhec\u00ea-lo \u00e9 obrigat\u00f3rio e, quando pisamos em seu interior, entendemos por que sua luxuosa decora\u00e7\u00e3o deslumbra at\u00e9 o mais rigoroso dos visitantes, do turista ao morador local.<\/p>\n<p><img loading=\"lazy\" decoding=\"async\" class=\"aligncenter wp-image-2060 size-full\" title=\"Teatro Municipal de Manaus\" src=\"http:\/\/www.encontramanausam.com.br\/sobre\/wp-content\/uploads\/2018\/07\/teatro-municipal-de-manaus.jpg\" alt=\"Teatro Municipal de Manaus\" width=\"680\" height=\"189\" srcset=\"https:\/\/www.encontramanausam.com.br\/sobre\/wp-content\/uploads\/2018\/07\/teatro-municipal-de-manaus.jpg 680w, https:\/\/www.encontramanausam.com.br\/sobre\/wp-content\/uploads\/2018\/07\/teatro-municipal-de-manaus-300x83.jpg 300w\" sizes=\"auto, (max-width: 680px) 100vw, 680px\" \/><\/p>\n<p>Se tiver oportunidade, visite mais de uma vez, porque h\u00e1 sempre um detalhe a mais para descobrir. E, o melhor, \u00e9 gr\u00e1tis para os amazonenses, bastando apresentar a Carteira de Identidade na bilheteria.<\/p>\n<p>O Teatro Amazonas \u00e9 um dos mais importantes teatros do Brasil e o principal cart\u00e3o postal da cidade de Manaus. Localizado no centro da cidade, no Largo de S\u00e3o Sebasti\u00e3o, foi inaugurado em 31 de dezembro de 1896 para atender ao desejo da alta sociedade amazonense da \u00e9poca, que queria que a cidade estivesse \u00e0 altura dos grandes centros culturais.<\/p>\n<p>De estilo renascentista entorno de sua estrutura externa com os detalhes \u00fanicos na sua c\u00fapula, tornou-se um dos monumentos mais conhecidos do Brasil e, consequentemente, o maior s\u00edmbolo cultural da cidade de Manaus. \u00c9 a express\u00e3o mais significativa da riqueza na cidade durante o Ciclo da Borracha, sendo tombado como Patrim\u00f4nio Hist\u00f3rico Nacional em 1966.<\/p>\n<p>Com uma decora\u00e7\u00e3o muito nobre, o Teatro Amazonas j\u00e1 foi palco n\u00e3o somente de grandes pe\u00e7as teatrais, mas tamb\u00e9m de shows internacionais como o da banda The White Stripes.[11] Desde 1997, o Festival Amazonas de \u00d3pera \u00e9 realizado no teatro. Em 2008, o teatro foi eleito uma das sete maravilhas brasileiras em dois concursos promovidos pela Revista Caras em parceria com o banco HSBC e outro pelo escrit\u00f3rio de design Goff.<\/p>\n<h3>Teatro Municipal de Manaus Hist\u00f3ria<\/h3>\n<p>A <em>hist\u00f3ria do teatro inicia em 1881<\/em>, quando o deputado provincial Ant\u00f4nio Jos\u00e9 Fernandes Junior, apresentou o projeto para a constru\u00e7\u00e3o de uma casa de \u00f3pera em alvenaria, na cidade de Manaus. A proposta foi aprovada pela Assembleia Provincial do Amazonas que iniciou as discuss\u00f5es sobre a constru\u00e7\u00e3o do edif\u00edcio.<\/p>\n<p>Manaus estava no auge do ciclo da borracha e era embalada pela riqueza provida da extra\u00e7\u00e3o do l\u00e1tex amaz\u00f4nico, altamente valorizado pelas ind\u00fastrias europeias e americanas. O projeto arquitet\u00f4nico foi escolhido pelo Instituto Portugu\u00eas de Engenharia e Arquitetura de Lisboa em 1883. No entanto, devido as discuss\u00f5es sobre o terreno para a constru\u00e7\u00e3o e os custos do trabalho, foi iniciado em 1884 com a pedra fundamental.<\/p>\n<p>O trabalho se desenrolava morosamente e somente durante o governo de Eduardo Ribeiro a edifica\u00e7\u00e3o do pr\u00e9dio tomou impulso. Foram trazidos arquitetos, construtores, pintores e escultores da Europa para realizar o trabalho. A decora\u00e7\u00e3o interna esteve ao encargo do decorador pernambucano, Crispim do Amaral, com exce\u00e7\u00e3o do corredor a \u00e1rea mais luxuosa do edif\u00edcio entregue ao artista italiano Domenico de Angelis. <em>O teatro foi finalmente inaugurado no dia 31 de dezembro de 1896.<\/em><\/p>\n<h3>Infraestrutura\u00a0Teatro Municipal de Manaus<\/h3>\n<p>A<em> sala de espet\u00e1culos do teatro tem capacidade para 701 pessoas<\/em>, distribu\u00eddas entre a plateia e os tr\u00eas andares dos camarotes, do corredor decorado com caracter\u00edsticas barrocas e a pintura do teto, chamado &#8220;a glorifica\u00e7\u00e3o das Bellas Artes da Amaz\u00f4nia&#8221;, de 1899, por Domenico de Angelis, o artista italiano que pintou tamb\u00e9m a c\u00e2mara de audi\u00e7\u00e3o.<\/p>\n<p>Os ornamentos sobre as colunas do piso t\u00e9rreo, com m\u00e1scaras em homenagem a famosos compositores cl\u00e1ssicos e dramaturgos, como o Aristophanes, Moli\u00e8re, Rossini, Mozart, Verdi e outros. Sobre o teto abobadado est\u00e3o apostas quatro telas pintadas em Paris pela Casa Carpezot a mais tradicional da \u00e9poca onde s\u00e3o retratadas alegorias \u00e0 m\u00fasica, dan\u00e7a, trag\u00e9dia e uma homenagem ao grande compositor brasileiro Carlos Gomes.<\/p>\n<p>No centro, prende-se um lustre dourado com cristais venezianos, que desce ao n\u00edvel das cadeiras para a realiza\u00e7\u00e3o de sua manuten\u00e7\u00e3o e limpeza.<\/p>\n<h3>Hor\u00e1rio de Funcionamento Teatro Municipal de Manaus<\/h3>\n<ul>\n<li>Ter\u00e7a a s\u00e1bado das 9h \u00e0s 17h \/ Domingo e segunda das 9h \u00e0s 14h<\/li>\n<\/ul>\n<h3>Onde Fica, Endere\u00e7o e Telefone Teatro Municipal de Manaus<\/h3>\n<ul>\n<li>Avenida Eduardo Ribeiro &#8211; Centro &#8211; Manaus &#8211; AM<\/li>\n<li>Telefone: (92) 3232-1768<\/li>\n<\/ul>\n<h4>Mapa de localiza\u00e7\u00e3o<\/h4>\n<a class=\"wp-colorbox-iframe\" href=\"https:\/\/www.google.com\/maps\/embed?pb=!1m14!1m8!1m3!1d15935.46112984836!2d-60.0234142!3d-3.1302888!3m2!1i1024!2i768!4f13.1!3m3!1m2!1s0x00xd707e6296ae8bc6!2sTeatro+Amazonas!5e0!3m2!1spt-BR!2sbr!4v1531764688989\"><img decoding=\"async\" src=\"http:\/\/www.encontrabelohorizonte.com.br\/imgs\/maps-post.png\"><\/a>\n\n<div style=\"font-size: 0px; height: 0px; line-height: 0px; margin: 0; padding: 0; clear: both;\"><\/div>","protected":false},"excerpt":{"rendered":"<p>O Teatro Amazonas (Teatro Municipal de Manaus) \u00e9, por excel\u00eancia, o maior orgulho arquitet\u00f4nico e hist\u00f3rico de Manaus. Conhec\u00ea-lo \u00e9 obrigat\u00f3rio e, quando pisamos em seu interior, entendemos por que sua luxuosa decora\u00e7\u00e3o deslumbra at\u00e9 o mais rigoroso dos visitantes, do turista ao morador local. Se tiver oportunidade, visite mais de uma vez, porque h\u00e1 sempre um detalhe a mais para descobrir. E, o melhor, \u00e9 gr\u00e1tis para os amazonenses, bastando apresentar a Carteira de Identidade na bilheteria. O Teatro Amazonas \u00e9 um dos mais importantes teatros do Brasil e o principal cart\u00e3o postal da cidade de Manaus. Localizado no <\/p>\n","protected":false},"author":1,"featured_media":0,"parent":0,"menu_order":0,"comment_status":"closed","ping_status":"closed","template":"","meta":{"footnotes":""},"class_list":["post-2058","page","type-page","status-publish","hentry"],"aioseo_notices":[],"_links":{"self":[{"href":"https:\/\/www.encontramanausam.com.br\/sobre\/wp-json\/wp\/v2\/pages\/2058","targetHints":{"allow":["GET"]}}],"collection":[{"href":"https:\/\/www.encontramanausam.com.br\/sobre\/wp-json\/wp\/v2\/pages"}],"about":[{"href":"https:\/\/www.encontramanausam.com.br\/sobre\/wp-json\/wp\/v2\/types\/page"}],"author":[{"embeddable":true,"href":"https:\/\/www.encontramanausam.com.br\/sobre\/wp-json\/wp\/v2\/users\/1"}],"replies":[{"embeddable":true,"href":"https:\/\/www.encontramanausam.com.br\/sobre\/wp-json\/wp\/v2\/comments?post=2058"}],"version-history":[{"count":4,"href":"https:\/\/www.encontramanausam.com.br\/sobre\/wp-json\/wp\/v2\/pages\/2058\/revisions"}],"predecessor-version":[{"id":4208,"href":"https:\/\/www.encontramanausam.com.br\/sobre\/wp-json\/wp\/v2\/pages\/2058\/revisions\/4208"}],"wp:attachment":[{"href":"https:\/\/www.encontramanausam.com.br\/sobre\/wp-json\/wp\/v2\/media?parent=2058"}],"curies":[{"name":"wp","href":"https:\/\/api.w.org\/{rel}","templated":true}]}}