{"id":1961,"date":"2018-06-28T19:10:27","date_gmt":"2018-06-28T22:10:27","guid":{"rendered":"http:\/\/www.encontramanausam.com.br\/sobre\/?page_id=1961"},"modified":"2019-04-16T15:26:26","modified_gmt":"2019-04-16T18:26:26","slug":"inpa-manaus","status":"publish","type":"page","link":"https:\/\/www.encontramanausam.com.br\/sobre\/inpa-manaus\/","title":{"rendered":"Inpa Manaus"},"content":{"rendered":"<div class=\"882fdd0d88065009358e99f1a9406c55\" data-index=\"1\" style=\"float: none; margin:0px;\">\n<script async src=\"https:\/\/pagead2.googlesyndication.com\/pagead\/js\/adsbygoogle.js?client=ca-pub-8585364105181520\"\r\n     crossorigin=\"anonymous\"><\/script>\r\n<!-- Anuncio display - global -->\r\n<ins class=\"adsbygoogle\"\r\n     style=\"display:block\"\r\n     data-ad-client=\"ca-pub-8585364105181520\"\r\n     data-ad-slot=\"8789329856\"\r\n     data-ad-format=\"auto\"\r\n     data-full-width-responsive=\"true\"><\/ins>\r\n<script>\r\n     (adsbygoogle = window.adsbygoogle || []).push({});\r\n<\/script>\n<\/div>\n<p>Criado em 1952 e implementado em 1954 &#8211; o Instituto Nacional de Pesquisas da Amaz\u00f4nia (<strong>Inpa Manaus<\/strong>) &#8211; ao longo dos anos, vem realizando estudos cient\u00edficos do meio f\u00edsico e das condi\u00e7\u00f5es de vida da regi\u00e3o amaz\u00f4nica para promover o bem-estar humano e o desenvolvimento s\u00f3cio-econ\u00f4mico regional.<\/p>\n<p>Atualmente, o INPA \u00e9 refer\u00eancia mundial em Biologia Tropical.<\/p>\n<p><img loading=\"lazy\" decoding=\"async\" class=\"aligncenter wp-image-1963 size-full\" title=\"Inpa Manaus\" src=\"http:\/\/www.encontramanausam.com.br\/sobre\/wp-content\/uploads\/2018\/06\/inpa-manaus.jpg\" alt=\"Inpa Manaus\" width=\"680\" height=\"189\" srcset=\"https:\/\/www.encontramanausam.com.br\/sobre\/wp-content\/uploads\/2018\/06\/inpa-manaus.jpg 680w, https:\/\/www.encontramanausam.com.br\/sobre\/wp-content\/uploads\/2018\/06\/inpa-manaus-300x83.jpg 300w\" sizes=\"auto, (max-width: 680px) 100vw, 680px\" \/><\/p>\n<p>Os primeiros anos do INPA foram caracterizados pela por pesquisas, levantamentos e invent\u00e1rios de fauna e de flora. Hoje, o desafio \u00e9 expandir de forma sustent\u00e1vel o uso dos recursos naturais da Amaz\u00f4nia.<\/p>\n<p>Para cumprir o desafio, o Instituto possui as coordena\u00e7\u00f5es gerais de Capacita\u00e7\u00e3o, Administra\u00e7\u00e3o, A\u00e7\u00f5es Estrat\u00e9gicas, Extens\u00e3o, e quatro Coordena\u00e7\u00f5es de Pesquisas atuando nos seguintes focos: Din\u00e2mica Ambiental;Sociedade, Ambiente e Sa\u00fade; Tecnologia e Inova\u00e7\u00e3o e Biodiversidade.<\/p>\n<h2>Inpa Manaus Visita\u00e7\u00e3o e Bosque da Ci\u00eancia<\/h2>\n<p>O <em>Bosque da Ci\u00eancia<\/em> est\u00e1 aberto para<em> visita\u00e7\u00e3o<\/em>, de ter\u00e7a \u00e0 Sexta-feira, das 9 \u00e0s 12 horas e das 14 \u00e0s 16 horas. S\u00e1bados, domingos e feriados de 9 \u00e0s 16 horas.<\/p>\n<p><span style=\"text-decoration: underline;\">Visitas de grupos escolares s\u00e3o marcadas com anteced\u00eancia.<\/span><\/p>\n<h3>Inpa Manaus Biblioteca<\/h3>\n<p>Localizada no Campus I, sede do INPA, a <span style=\"text-decoration: underline;\">Biblioteca<\/span> ocupa uma \u00e1rea de cerca de 1.000m2, composta por tr\u00eas pr\u00e9dios, sendo:<\/p>\n<ul>\n<li>a) no primeiro a Refer\u00eancia, onde funcionam recep\u00e7\u00e3o e atendimento ao usu\u00e1rio, Zona de circula\u00e7\u00e3o, laborat\u00f3rio com 12 computadores e acesso \u00e0 internet e sal\u00e3o de exposi\u00e7\u00e3o e sala de obras raras.<\/li>\n<li>b) o segundo, mantem o Acervo Geral de livros, peri\u00f3dicos, teses e disserta\u00e7\u00e3o e a cole\u00e7\u00e3o de obras sobre a Amaz\u00f4nia.<\/li>\n<li>c) o terceiro, conta com um Audit\u00f3rio com 70 lugares e os setores da Acta Amaz\u00f4nica, Setor de Peri\u00f3dicos, Setor de Divulga\u00e7\u00e3o e Treinamentos, Setor de Processamento T\u00e9cnico, al\u00e9m das salas de Inclus\u00e3o Digital e da Chefia.<\/li>\n<\/ul>\n<h3>Hor\u00e1rio de Funcionamento Inpa Manaus<\/h3>\n<ul>\n<li>Ter\u00e7a a domingo das 8h \u00e0s 18h<\/li>\n<\/ul>\n<h3>Onde Fica,\u00a0Endere\u00e7o e Telefone Inpa Manaus<\/h3>\n<ul>\n<li>Av. Andr\u00e9 Ara\u00fajo, 2.936 &#8211; Petr\u00f3polis &#8211; Manaus &#8211; AM<\/li>\n<li>Telefone: (92) 3643-3377<\/li>\n<\/ul>\n<h4>Outras informa\u00e7\u00f5es e site<\/h4>\n<ul>\n<li>Mais informa\u00e7\u00f5es: <a href=\"http:\/\/portal.inpa.gov.br\/\" target=\"_blank\" rel=\"noopener noreferrer\">www.portal.inpa.gov.br\/<\/a><\/li>\n<\/ul>\n<h4>Mapa de localiza\u00e7\u00e3o<\/h4>\n<a class=\"wp-colorbox-iframe\" href=\"https:\/\/www.google.com\/maps\/embed?pb=!1m18!1m12!1m3!1d127488.29720024829!2d-60.06298750989221!3d-3.092186594065755!2m3!1f0!2f0!3f0!3m2!1i1024!2i768!4f13.1!3m3!1m2!1s0x926c1ac514470f050x46891923df418628!2sINPA+-+Laboratrio+de+Manejo+Florestal+(LMF)!5e0!3m2!1spt-BR!2sbr!4v1530215133783\"><img decoding=\"async\" src=\"http:\/\/www.encontrabelohorizonte.com.br\/imgs\/maps-post.png\"><\/a>\n\n<div style=\"font-size: 0px; height: 0px; line-height: 0px; margin: 0; padding: 0; clear: both;\"><\/div>","protected":false},"excerpt":{"rendered":"<p>Criado em 1952 e implementado em 1954 &#8211; o Instituto Nacional de Pesquisas da Amaz\u00f4nia (Inpa Manaus) &#8211; ao longo dos anos, vem realizando estudos cient\u00edficos do meio f\u00edsico e das condi\u00e7\u00f5es de vida da regi\u00e3o amaz\u00f4nica para promover o bem-estar humano e o desenvolvimento s\u00f3cio-econ\u00f4mico regional. Atualmente, o INPA \u00e9 refer\u00eancia mundial em Biologia Tropical. Os primeiros anos do INPA foram caracterizados pela por pesquisas, levantamentos e invent\u00e1rios de fauna e de flora. Hoje, o desafio \u00e9 expandir de forma sustent\u00e1vel o uso dos recursos naturais da Amaz\u00f4nia. Para cumprir o desafio, o Instituto possui as coordena\u00e7\u00f5es gerais de <\/p>\n","protected":false},"author":1,"featured_media":0,"parent":0,"menu_order":0,"comment_status":"closed","ping_status":"closed","template":"","meta":{"footnotes":""},"class_list":["post-1961","page","type-page","status-publish","hentry"],"aioseo_notices":[],"_links":{"self":[{"href":"https:\/\/www.encontramanausam.com.br\/sobre\/wp-json\/wp\/v2\/pages\/1961","targetHints":{"allow":["GET"]}}],"collection":[{"href":"https:\/\/www.encontramanausam.com.br\/sobre\/wp-json\/wp\/v2\/pages"}],"about":[{"href":"https:\/\/www.encontramanausam.com.br\/sobre\/wp-json\/wp\/v2\/types\/page"}],"author":[{"embeddable":true,"href":"https:\/\/www.encontramanausam.com.br\/sobre\/wp-json\/wp\/v2\/users\/1"}],"replies":[{"embeddable":true,"href":"https:\/\/www.encontramanausam.com.br\/sobre\/wp-json\/wp\/v2\/comments?post=1961"}],"version-history":[{"count":6,"href":"https:\/\/www.encontramanausam.com.br\/sobre\/wp-json\/wp\/v2\/pages\/1961\/revisions"}],"predecessor-version":[{"id":4162,"href":"https:\/\/www.encontramanausam.com.br\/sobre\/wp-json\/wp\/v2\/pages\/1961\/revisions\/4162"}],"wp:attachment":[{"href":"https:\/\/www.encontramanausam.com.br\/sobre\/wp-json\/wp\/v2\/media?parent=1961"}],"curies":[{"name":"wp","href":"https:\/\/api.w.org\/{rel}","templated":true}]}}