{"id":185,"date":"2017-12-11T15:04:09","date_gmt":"2017-12-11T18:04:09","guid":{"rendered":"http:\/\/www.encontramanausam.com.br\/sobre\/?page_id=185"},"modified":"2019-04-01T22:18:24","modified_gmt":"2019-04-02T01:18:24","slug":"sine-manaus","status":"publish","type":"page","link":"https:\/\/www.encontramanausam.com.br\/sobre\/sine-manaus\/","title":{"rendered":"Sine Manaus"},"content":{"rendered":"<div class=\"882fdd0d88065009358e99f1a9406c55\" data-index=\"1\" style=\"float: none; margin:0px;\">\n<script async src=\"https:\/\/pagead2.googlesyndication.com\/pagead\/js\/adsbygoogle.js?client=ca-pub-8585364105181520\"\r\n     crossorigin=\"anonymous\"><\/script>\r\n<!-- Anuncio display - global -->\r\n<ins class=\"adsbygoogle\"\r\n     style=\"display:block\"\r\n     data-ad-client=\"ca-pub-8585364105181520\"\r\n     data-ad-slot=\"8789329856\"\r\n     data-ad-format=\"auto\"\r\n     data-full-width-responsive=\"true\"><\/ins>\r\n<script>\r\n     (adsbygoogle = window.adsbygoogle || []).push({});\r\n<\/script>\n<\/div>\n<p>O <strong>Sine Manaus<\/strong> proporciona servi\u00e7os gratuitos \u00e0 popula\u00e7\u00e3o, visando melhorar as condi\u00e7\u00f5es de coloca\u00e7\u00e3o, perman\u00eancia ou recoloca\u00e7\u00e3o do trabalhador ao mercado de trabalho.<\/p>\n<p>Na Capital, o SINE-MANAUS desempenha sua fun\u00e7\u00e3o nas seguintes \u00e1reas: Cadastro dos Trabalhadores; Orienta\u00e7\u00e3o aos Trabalhadores; Intermedia\u00e7\u00e3o de M\u00e3o-de-Obra; Pessoas com Defici\u00eancia; Qualifica\u00e7\u00e3o Profissional; Telecentro; Seguro-Desemprego Formal; Seguro-Desemprego do Pescador Artesanal e Emiss\u00e3o de CTPS.<\/p>\n<p><img loading=\"lazy\" decoding=\"async\" class=\"aligncenter wp-image-187 size-full\" title=\"Sine Manaus\" src=\"http:\/\/www.encontramanausam.com.br\/sobre\/wp-content\/uploads\/2017\/12\/sine-manaus.jpg\" alt=\"Sine Manaus\" width=\"680\" height=\"189\" srcset=\"https:\/\/www.encontramanausam.com.br\/sobre\/wp-content\/uploads\/2017\/12\/sine-manaus.jpg 680w, https:\/\/www.encontramanausam.com.br\/sobre\/wp-content\/uploads\/2017\/12\/sine-manaus-300x83.jpg 300w\" sizes=\"auto, (max-width: 680px) 100vw, 680px\" \/><\/p>\n<h2>Sine Manaus Vagas<\/h2>\n<p>Acesse o site cadastre seu curr\u00edculo, pesquise e encontre <em>vagas<\/em> de acordo com o seu perfil.<br \/>\nAo se candidatar, seu curr\u00edculo \u00e9 enviado diretamente ao empregador.<\/p>\n<h3>Sine Manaus Primeiro Emprego<\/h3>\n<p>O Sine oferece vagas trabalho para pessoas sem experi\u00eancia profissional ou que procuram o<span style=\"text-decoration: underline;\"> primeiro emprego.<\/span><\/p>\n<p>A n\u00e3o obrigatoriedade da experi\u00eancia profissional foi colocada pelos pr\u00f3prios empregadores, que t\u00eam parceria com a Setrab para dar oportunidade aos jovens que procuram o <span style=\"text-decoration: underline;\">primeiro emprego<\/span>.<\/p>\n<h3>Sine Manaus Carteira de Trabalho<\/h3>\n<p>Documentos necess\u00e1rios para emiss\u00e3o da <em>Carteira de Trabalho<\/em><\/p>\n<p>1\u00aa via<\/p>\n<ul>\n<li>CPF (ou espelho do CPF);<\/li>\n<li>Comprovante de resid\u00eancia;<\/li>\n<li>Carteira de Identidade; ou<\/li>\n<li>Certid\u00e3o de Nascimento; ou<\/li>\n<li>Certid\u00e3o de Casamento; ou<\/li>\n<li>Certificado de Reservista; ou<\/li>\n<li>Certificado de Dispensa de Incorpora\u00e7\u00e3o; ou<\/li>\n<li>Qualquer documento oficial de identifica\u00e7\u00e3o que contenha todos os dados necess\u00e1rios ao preenchimento da qualifica\u00e7\u00e3o civil na CTPS.<\/li>\n<li>N\u00e3o ser\u00e3o aceitos xerox de documentos.<\/li>\n<\/ul>\n<p>2\u00aa via<\/p>\n<ul>\n<li>CPF (ou espelho do CPF);<\/li>\n<li>Comprovante de resid\u00eancia;<\/li>\n<li>Documento de Identifica\u00e7\u00e3o (n\u00e3o ser\u00e3o aceitos xerox de documentos);<\/li>\n<li>CTPS anterior ou Ficha de Registro de Empregado ou Termo de Rescis\u00e3o Contratual ou Extrato do FGTS. (para comprova\u00e7\u00e3o do N\u00ba da CTPS anterior);<\/li>\n<li>No caso de perda, roubo ou extravio, apresentar Boletim de Ocorr\u00eancia Policial.<\/li>\n<\/ul>\n<h3>Sine Manaus Cadastro<\/h3>\n<p>Para concorrer \u00e0s vagas de emprego intermediadas pela Secretaria de Trabalho\/Sine \u00e9 necess\u00e1rio realizar o <span style=\"text-decoration: underline;\">cadastro<\/span> do trabalhador, que consiste na elabora\u00e7\u00e3o de um perfil de trabalhador baseado nas experi\u00eancias profissionais adquiridas, qualifica\u00e7\u00f5es j\u00e1 realizadas, al\u00e9m de informa\u00e7\u00f5es pessoais.<\/p>\n<p>O\u00a0 <span style=\"text-decoration: underline;\">cadastro<\/span> pode ser feito atrav\u00e9s da internet, mas \u00e9 necess\u00e1rio validar as informa\u00e7\u00f5es que foram prestadas pelo Trabalhador no sistema.<\/p>\n<p>Essa valida\u00e7\u00e3o poder\u00e1 ser feita em qualquer ag\u00eancia do Sine a qualquer momento, inclusive quando o Trabalhador for receber a carta de encaminhamento para a vaga a que pretende concorrer.<\/p>\n<p>Para a valida\u00e7\u00e3o das informa\u00e7\u00f5es do seu <span style=\"text-decoration: underline;\">cadastro<\/span> feito na internet, dirija-se ao Sine, munido dos seguintes documentos:<\/p>\n<ul>\n<li>Carteira de Trabalho;<\/li>\n<li>Identidade;<\/li>\n<li>CPF;<\/li>\n<li>Certificado de Escolaridade;<\/li>\n<li>Certificados de cursos de Qualifica\u00e7\u00e3o Profissional e\/ou Especializa\u00e7\u00f5es.<\/li>\n<li>Todos os documentos dever\u00e3o ser originais e n\u00e3o c\u00f3pias.<\/li>\n<\/ul>\n<h3>Hor\u00e1rio de Funcionamento Sine Manaus<\/h3>\n<ul>\n<li>Segunda a sexta das 8h \u00e0s 17h<\/li>\n<\/ul>\n<h3>Onde Fica, Endere\u00e7o e Telefone Sine Manaus<\/h3>\n<ul>\n<li>Av. Floriano Peixoto,\u00a0 34 &#8211; Centro &#8211; Manaus &#8211; AM<\/li>\n<li>Fone:(92) 3215-4720<\/li>\n<\/ul>\n<h4>Outras informa\u00e7\u00f5es e site<\/h4>\n<ul>\n<li>Mais informa\u00e7\u00f5es:\u00a0<a href=\"http:\/\/www.sine.com.br\" target=\"_blank\" rel=\"noopener noreferrer\"> www.sine.com.br<\/a><\/li>\n<\/ul>\n<h4>Mapa de localiza\u00e7\u00e3o<\/h4>\n<a class=\"wp-colorbox-iframe\" href=\"https:\/\/www.google.com\/maps\/embed?pb=!1m18!1m12!1m3!1d3983.8371472642157!2d-60.026078585242665!3d-3.1376790977152904!2m3!1f0!2f0!3f0!3m2!1i1024!2i768!4f13.1!3m3!1m2!1s0x926c057f9066a7c70x1fca0e2bdcccf9fc!2sAv.+Floriano+Peixoto+34+-+Centro+Manaus+-+AM+69005-070!5e0!3m2!1spt-BR!2sbr!4v1513014522971\"><img decoding=\"async\" src=\"http:\/\/www.encontrabelohorizonte.com.br\/imgs\/maps-post.png\"><\/a>\n\n<div style=\"font-size: 0px; height: 0px; line-height: 0px; margin: 0; padding: 0; clear: both;\"><\/div>","protected":false},"excerpt":{"rendered":"<p>O Sine Manaus proporciona servi\u00e7os gratuitos \u00e0 popula\u00e7\u00e3o, visando melhorar as condi\u00e7\u00f5es de coloca\u00e7\u00e3o, perman\u00eancia ou recoloca\u00e7\u00e3o do trabalhador ao mercado de trabalho. Na Capital, o SINE-MANAUS desempenha sua fun\u00e7\u00e3o nas seguintes \u00e1reas: Cadastro dos Trabalhadores; Orienta\u00e7\u00e3o aos Trabalhadores; Intermedia\u00e7\u00e3o de M\u00e3o-de-Obra; Pessoas com Defici\u00eancia; Qualifica\u00e7\u00e3o Profissional; Telecentro; Seguro-Desemprego Formal; Seguro-Desemprego do Pescador Artesanal e Emiss\u00e3o de CTPS. Sine Manaus Vagas Acesse o site cadastre seu curr\u00edculo, pesquise e encontre vagas de acordo com o seu perfil. Ao se candidatar, seu curr\u00edculo \u00e9 enviado diretamente ao empregador. Sine Manaus Primeiro Emprego O Sine oferece vagas trabalho para pessoas sem experi\u00eancia <\/p>\n","protected":false},"author":1,"featured_media":0,"parent":0,"menu_order":0,"comment_status":"closed","ping_status":"closed","template":"","meta":{"footnotes":""},"class_list":["post-185","page","type-page","status-publish","hentry"],"aioseo_notices":[],"_links":{"self":[{"href":"https:\/\/www.encontramanausam.com.br\/sobre\/wp-json\/wp\/v2\/pages\/185","targetHints":{"allow":["GET"]}}],"collection":[{"href":"https:\/\/www.encontramanausam.com.br\/sobre\/wp-json\/wp\/v2\/pages"}],"about":[{"href":"https:\/\/www.encontramanausam.com.br\/sobre\/wp-json\/wp\/v2\/types\/page"}],"author":[{"embeddable":true,"href":"https:\/\/www.encontramanausam.com.br\/sobre\/wp-json\/wp\/v2\/users\/1"}],"replies":[{"embeddable":true,"href":"https:\/\/www.encontramanausam.com.br\/sobre\/wp-json\/wp\/v2\/comments?post=185"}],"version-history":[{"count":5,"href":"https:\/\/www.encontramanausam.com.br\/sobre\/wp-json\/wp\/v2\/pages\/185\/revisions"}],"predecessor-version":[{"id":3438,"href":"https:\/\/www.encontramanausam.com.br\/sobre\/wp-json\/wp\/v2\/pages\/185\/revisions\/3438"}],"wp:attachment":[{"href":"https:\/\/www.encontramanausam.com.br\/sobre\/wp-json\/wp\/v2\/media?parent=185"}],"curies":[{"name":"wp","href":"https:\/\/api.w.org\/{rel}","templated":true}]}}