{"id":1816,"date":"2018-06-01T15:35:44","date_gmt":"2018-06-01T18:35:44","guid":{"rendered":"http:\/\/www.encontramanausam.com.br\/sobre\/?page_id=1816"},"modified":"2019-04-15T22:07:34","modified_gmt":"2019-04-16T01:07:34","slug":"cemiterio-sao-joao-batista-manaus","status":"publish","type":"page","link":"https:\/\/www.encontramanausam.com.br\/sobre\/cemiterio-sao-joao-batista-manaus\/","title":{"rendered":"Cemit\u00e9rio S\u00e3o Jo\u00e3o Batista Manaus"},"content":{"rendered":"<div class=\"882fdd0d88065009358e99f1a9406c55\" data-index=\"1\" style=\"float: none; margin:0px;\">\n<script async src=\"https:\/\/pagead2.googlesyndication.com\/pagead\/js\/adsbygoogle.js?client=ca-pub-8585364105181520\"\r\n     crossorigin=\"anonymous\"><\/script>\r\n<!-- Anuncio display - global -->\r\n<ins class=\"adsbygoogle\"\r\n     style=\"display:block\"\r\n     data-ad-client=\"ca-pub-8585364105181520\"\r\n     data-ad-slot=\"8789329856\"\r\n     data-ad-format=\"auto\"\r\n     data-full-width-responsive=\"true\"><\/ins>\r\n<script>\r\n     (adsbygoogle = window.adsbygoogle || []).push({});\r\n<\/script>\n<\/div>\n<p>O <strong>Cemit\u00e9rio S\u00e3o Jo\u00e3o Batista Manaus<\/strong> est\u00e1 deixando de ser apenas um local visitado pelas pessoas que perderam um ente querido.<\/p>\n<p>H\u00e1 uma import\u00e2ncia cultural e arquitet\u00f4nica, porque l\u00e1 est\u00e3o sepultadas figuras importantes da pol\u00edtica, das artes e da cultura de um lugar, assim como as constru\u00e7\u00f5es que identificam uma \u00e9poca.<\/p>\n<p><img loading=\"lazy\" decoding=\"async\" class=\"aligncenter wp-image-1818 size-full\" title=\"Cemit\u00e9rio S\u00e3o Jo\u00e3o Batista Manaus\" src=\"http:\/\/www.encontramanausam.com.br\/sobre\/wp-content\/uploads\/2018\/06\/cemiterio-sao-joao-batista-.jpg\" alt=\"Cemit\u00e9rio S\u00e3o Jo\u00e3o Batista Manaus\" width=\"680\" height=\"189\" srcset=\"https:\/\/www.encontramanausam.com.br\/sobre\/wp-content\/uploads\/2018\/06\/cemiterio-sao-joao-batista-.jpg 680w, https:\/\/www.encontramanausam.com.br\/sobre\/wp-content\/uploads\/2018\/06\/cemiterio-sao-joao-batista--300x83.jpg 300w\" sizes=\"auto, (max-width: 680px) 100vw, 680px\" \/><\/p>\n<p>O cemit\u00e9rio S\u00e3o Jo\u00e3o Batista, localiza-se no Boulevard Senador \u00c1lvaro Maia, bairro Nossa Senhora das Gra\u00e7as, zona Centro-Sul. Foi inaugurado em 05 de abril de 1891, na gest\u00e3o do Governador Eduardo Gon\u00e7alves Ribeiro que inaugurou o espa\u00e7o em sess\u00e3o solene, \u00e0s 16 horas do dia 05 de abril de 1891.<\/p>\n<p>Possui mais de 19 mil sepulturas, com cerca de 80 mil pessoas sepultadas. A imponente entrada pela Avenida Boulevard \u00c1lvaro Maia d\u00e1 acesso a um dos port\u00f5es de entrada em ferro com a cobertura em ab\u00f3bada de ber\u00e7o, com escamas de ferro fundido e vidro. Essa ab\u00f3bada foi instalada em 1905, na administra\u00e7\u00e3o de Adolpho Guilherme de Miranda Lisboa. Forma no todo um impressionante conjunto arquitet\u00f4nico feito pela fundi\u00e7\u00e3o de Walter MacFarlane &amp; Co., Glasgow, Esc\u00f3cia.<\/p>\n<h2>Cemit\u00e9rio S\u00e3o Jo\u00e3o Batista Manaus Floricultura<\/h2>\n<p>A <em>floricultura<\/em> se encontra muito pr\u00f3xima a este cemit\u00e9rio e faz entrega 24 horas, todos os dias.<br \/>\nEntre em contato pelo telefone 0800 777 1896<\/p>\n<h3>Hor\u00e1rio de Funcionamento Cemit\u00e9rio S\u00e3o Jo\u00e3o Batista Manaus<\/h3>\n<ul>\n<li>Segunda das 6h \u00e1s 19h30 \/ Ter\u00e7s a domingo das 6h \u00e1s 18h<\/li>\n<\/ul>\n<h3>Onde Fica, Endere\u00e7o e Telefone Cemit\u00e9rio S\u00e3o Jo\u00e3o Batista Manaus<\/h3>\n<ul>\n<li>Avenida Boulevard \u00c1lvaro Maia, s\/n &#8211; Nossa Sra. das Gracas &#8211; Manaus &#8211; AM<\/li>\n<li>Telefone: (92) 3215-2440<\/li>\n<\/ul>\n<h4>Outras informa\u00e7\u00f5es e site<\/h4>\n<ul>\n<li>Mais informa\u00e7\u00f5es:\u00a0 <a href=\"http:\/\/semulsp.manaus.am.gov.br\/cemiterios\/\" target=\"_blank\" rel=\"noopener noreferrer\">www.semulsp.manaus.am.gov.br\/cemiterios<\/a><\/li>\n<\/ul>\n<h4>Mapa de localiza\u00e7\u00e3o<\/h4>\n<a class=\"wp-colorbox-iframe\" href=\"https:\/\/www.google.com\/maps\/embed?pb=!1m14!1m8!1m3!1d15935.702702646755!2d-60.0188597!3d-3.1143661!3m2!1i1024!2i768!4f13.1!3m3!1m2!1s0x00x52a4b8d1fd398115!2zQ2VtaXTDqXJpbyBTw6NvIEpvw6NvIEJhdGlzdGE!5e0!3m2!1spt-BR!2sbr!4v1527876751544\"><img decoding=\"async\" src=\"http:\/\/www.encontrabelohorizonte.com.br\/imgs\/maps-post.png\"><\/a>\n\n<div style=\"font-size: 0px; height: 0px; line-height: 0px; margin: 0; padding: 0; clear: both;\"><\/div>","protected":false},"excerpt":{"rendered":"<p>O Cemit\u00e9rio S\u00e3o Jo\u00e3o Batista Manaus est\u00e1 deixando de ser apenas um local visitado pelas pessoas que perderam um ente querido. H\u00e1 uma import\u00e2ncia cultural e arquitet\u00f4nica, porque l\u00e1 est\u00e3o sepultadas figuras importantes da pol\u00edtica, das artes e da cultura de um lugar, assim como as constru\u00e7\u00f5es que identificam uma \u00e9poca. O cemit\u00e9rio S\u00e3o Jo\u00e3o Batista, localiza-se no Boulevard Senador \u00c1lvaro Maia, bairro Nossa Senhora das Gra\u00e7as, zona Centro-Sul. Foi inaugurado em 05 de abril de 1891, na gest\u00e3o do Governador Eduardo Gon\u00e7alves Ribeiro que inaugurou o espa\u00e7o em sess\u00e3o solene, \u00e0s 16 horas do dia 05 de abril de <\/p>\n","protected":false},"author":1,"featured_media":0,"parent":0,"menu_order":0,"comment_status":"closed","ping_status":"closed","template":"","meta":{"footnotes":""},"class_list":["post-1816","page","type-page","status-publish","hentry"],"aioseo_notices":[],"_links":{"self":[{"href":"https:\/\/www.encontramanausam.com.br\/sobre\/wp-json\/wp\/v2\/pages\/1816","targetHints":{"allow":["GET"]}}],"collection":[{"href":"https:\/\/www.encontramanausam.com.br\/sobre\/wp-json\/wp\/v2\/pages"}],"about":[{"href":"https:\/\/www.encontramanausam.com.br\/sobre\/wp-json\/wp\/v2\/types\/page"}],"author":[{"embeddable":true,"href":"https:\/\/www.encontramanausam.com.br\/sobre\/wp-json\/wp\/v2\/users\/1"}],"replies":[{"embeddable":true,"href":"https:\/\/www.encontramanausam.com.br\/sobre\/wp-json\/wp\/v2\/comments?post=1816"}],"version-history":[{"count":3,"href":"https:\/\/www.encontramanausam.com.br\/sobre\/wp-json\/wp\/v2\/pages\/1816\/revisions"}],"predecessor-version":[{"id":4082,"href":"https:\/\/www.encontramanausam.com.br\/sobre\/wp-json\/wp\/v2\/pages\/1816\/revisions\/4082"}],"wp:attachment":[{"href":"https:\/\/www.encontramanausam.com.br\/sobre\/wp-json\/wp\/v2\/media?parent=1816"}],"curies":[{"name":"wp","href":"https:\/\/api.w.org\/{rel}","templated":true}]}}