{"id":1799,"date":"2018-06-01T15:12:00","date_gmt":"2018-06-01T18:12:00","guid":{"rendered":"http:\/\/www.encontramanausam.com.br\/sobre\/?page_id=1799"},"modified":"2019-04-15T21:53:19","modified_gmt":"2019-04-16T00:53:19","slug":"igreja-da-matriz-manaus","status":"publish","type":"page","link":"https:\/\/www.encontramanausam.com.br\/sobre\/igreja-da-matriz-manaus\/","title":{"rendered":"Igreja da Matriz Manaus"},"content":{"rendered":"<div class=\"882fdd0d88065009358e99f1a9406c55\" data-index=\"1\" style=\"float: none; margin:0px;\">\n<script async src=\"https:\/\/pagead2.googlesyndication.com\/pagead\/js\/adsbygoogle.js?client=ca-pub-8585364105181520\"\r\n     crossorigin=\"anonymous\"><\/script>\r\n<!-- Anuncio display - global -->\r\n<ins class=\"adsbygoogle\"\r\n     style=\"display:block\"\r\n     data-ad-client=\"ca-pub-8585364105181520\"\r\n     data-ad-slot=\"8789329856\"\r\n     data-ad-format=\"auto\"\r\n     data-full-width-responsive=\"true\"><\/ins>\r\n<script>\r\n     (adsbygoogle = window.adsbygoogle || []).push({});\r\n<\/script>\n<\/div>\n<p>A <strong>Igreja da Matriz Manaus<\/strong> est\u00e1 situada na parte central da cidade, sobre uma eleva\u00e7\u00e3o entre os igarap\u00e9s do Esp\u00edrito Santo e da Ribeira (ambos aterrados), com sua fachada principal voltada para o rio Negro que at\u00e9 hoje \u00e9 o principal port\u00e3o de entrada da capital amazonense.<\/p>\n<p>Primeira igreja erguida ap\u00f3s a funda\u00e7\u00e3o de Manaus, a Matriz de N. S. da Concei\u00e7\u00e3o foi constru\u00edda em 1695 por mission\u00e1rios carmelitas.<\/p>\n<p><img loading=\"lazy\" decoding=\"async\" class=\"aligncenter size-full wp-image-1803\" src=\"http:\/\/www.encontramanausam.com.br\/sobre\/wp-content\/uploads\/2018\/06\/igreja-da-matriz-manaus.jpg\" alt=\"\" width=\"680\" height=\"189\" srcset=\"https:\/\/www.encontramanausam.com.br\/sobre\/wp-content\/uploads\/2018\/06\/igreja-da-matriz-manaus.jpg 680w, https:\/\/www.encontramanausam.com.br\/sobre\/wp-content\/uploads\/2018\/06\/igreja-da-matriz-manaus-300x83.jpg 300w\" sizes=\"auto, (max-width: 680px) 100vw, 680px\" \/><\/p>\n<p>A Diocese do Amazonas foi criada em 27 de abril de 1892 pela Bula Ad universas orbis Ecclesia do Papa Le\u00e3o XIII, desmembrada da ent\u00e3o Diocese de Bel\u00e9m do Gr\u00e3o-Par\u00e1 (hoje Arquidiocese de Bel\u00e9m-Par\u00e1), tinha apenas duas par\u00f3quias: Nossa Senhora da Concei\u00e7\u00e3o e Nossa Senhora dos Rem\u00e9dios.<\/p>\n<p>A 16 de fevereiro de 1952, pela Bula Ob illud do Papa Pio XII, foi elevada a Arquidiocese e sede metropolitana, passando a denominar-se Arquidiocese de Manaus. Atualmente, a Arquidiocese de Manaus congrega par\u00f3quias e \u00e1reas mission\u00e1rias distribu\u00eddas em 13 setores e tr\u00eas regi\u00f5es episcopais.<\/p>\n<p><strong>Fatos Importantes:<\/strong><\/p>\n<p><strong>1659<\/strong><\/p>\n<p>Chegada dos mission\u00e1rios carmelitas no local onde se iria construir a cidade de Manaus.<\/p>\n<p><strong>1695<\/strong><\/p>\n<p>\u00c9 criada a Par\u00f3quia de Nossa Senhora da Concei\u00e7\u00e3o.<\/p>\n<p><strong>1786<\/strong><\/p>\n<p>Constru\u00edda a futura Catedral de Manaus.<\/p>\n<p><strong>1848<\/strong><\/p>\n<p>Cria-se o Semin\u00e1rio S\u00e3o Jos\u00e9, em 14 de maio.<\/p>\n<p><strong>1873<\/strong><\/p>\n<p>Cria-se a Par\u00f3quia de Nossa Senhora dos Rem\u00e9dios, no dia 18 de abril.<\/p>\n<p><strong>1887<\/strong><\/p>\n<p>Instala-se a Sociedade de S\u00e3o Vicente de Paula, no dia 15 de agosto.<\/p>\n<p><strong>1892<\/strong><\/p>\n<p>Cria-se a Diocese do Amazonas, no dia 27 de abril.<\/p>\n<p><strong>1894<\/strong><\/p>\n<p>Toma posse, no dia 18 de junho, o primeiro Bispo Diocesano do Amazonas. Dom Jos\u00e9 Louren\u00e7o da Costa Aguiar. Na mesma data \u00e9 realizada a instala\u00e7\u00e3o definitiva da diocese.<\/p>\n<p><strong>1906<\/strong><\/p>\n<p>Cerra as portas do Semin\u00e1rio S\u00e3o Jos\u00e9.<\/p>\n<p><strong>1927<\/strong><\/p>\n<p>Manaus recebe a visita de membros da fam\u00edlia imperial brasileira e assistem a uma missa na igreja matriz.<\/p>\n<p><strong>1940<\/strong><\/p>\n<p>Cria-se a Prociss\u00e3o Fluvial de S\u00e3o Pedro, no dia 28 de junho.<\/p>\n<p><strong>1943<\/strong><\/p>\n<p>Reabre-se o Semin\u00e1rio S\u00e3o Jos\u00e9, no dia 19 de mar\u00e7o.<\/p>\n<p><strong>1946<\/strong><\/p>\n<p>Sagra\u00e7\u00e3o da igreja de N. Sra. da Concei\u00e7\u00e3o como Catedral, em 24 de mar\u00e7o.<\/p>\n<p><strong>1952<\/strong><\/p>\n<p>Cria-se a Arquidiocese de Manaus, no dia 10 de julho com seu primeiro arcebispo, Dom Alberto Gaud\u00eancio Ramos, aos 36 anos de idade.<\/p>\n<p><strong>1962<\/strong><\/p>\n<p>Integra-se ao servi\u00e7o da Arquidiocese de Manaus a R\u00e1dio Rio Mar.<\/p>\n<p><strong>1971<\/strong><\/p>\n<p>Instala-se o CENESC \u2013 Centro de Estudo do Comportamento Humano.<\/p>\n<p><strong>1980<\/strong><\/p>\n<p>O Papa Jo\u00e3o Paulo II visita Manaus no m\u00eas de julho.<\/p>\n<p><strong>1998<\/strong><\/p>\n<p>Cria-se a Funda\u00e7\u00e3o Rio Mar, em 14 de novembro.<\/p>\n<p><strong>2001 a 2003<\/strong><\/p>\n<p>Restaura\u00e7\u00e3o da Catedral Metropolitana.<\/p>\n<p><strong>2001<\/strong><\/p>\n<p>Inaugura\u00e7\u00e3o da Fazenda Esperan\u00e7a Dom Gino Malvestio (masculina), em 04\/08.<\/p>\n<p><strong>2005<\/strong><\/p>\n<p>O CENESCH muda de nome para ITEPES \u2013 Instituto de Teologia, Pastoral e Ensino Superior da Amaz\u00f4nia. No dia 8 de agosto, inaugura\u00e7\u00e3o da Fazenda Esperan\u00e7a Irm\u00e3 Cleusa Coelho (feminina).<\/p>\n<p><strong>2007<\/strong><\/p>\n<p>Eregido em Manaus o Santu\u00e1rio Nossa Senhora Aparecida, no dia 12 de outubro.<\/p>\n<p><strong>2008<\/strong><\/p>\n<p>Inaugura\u00e7\u00e3o do Audit\u00f3rio M\u00e3e Paula, no Centro de Forma\u00e7\u00e3o da Arquidiocese de Manaus \u2013 CEFAM.<\/p>\n<p><strong>2011<\/strong><\/p>\n<p>Eregido o Mosteiro de S\u00e3o Dami\u00e3o, em 28 de julho.<\/p>\n<p><strong>2015<\/strong><\/p>\n<p>Eregido em Manaus o Santu\u00e1rio de S\u00e3o Jos\u00e9, no dia 26 de abril.<\/p>\n<h2>Igreja da Matriz Manaus Missas<\/h2>\n<p>Para saber os hor\u00e1rios das <em>missas<\/em>\u00a0acesse o site.<\/p>\n<h3>Hor\u00e1rio de Funcionamento Igreja da Matriz Manaus<\/h3>\n<ul>\n<li>Seg. das 15h \u00e0s 18h \/\u00a0Ter. \u00e0 sexta das 9h \u00e0s 19h \/\u00a0S\u00e1b. das 8h \u00e0s 19h \/\u00a0Dom. das 7h30 \u00e0s 19h<\/li>\n<\/ul>\n<h3>Onde Fica, Endere\u00e7o e Telefone Igreja da Matriz Manaus<\/h3>\n<ul>\n<li>Pra\u00e7a Osvaldo Cruz &#8211; Centro &#8211; Manaus &#8211; AM<\/li>\n<li>Telefone: (92) 3234-7821<\/li>\n<\/ul>\n<h4>Outras informa\u00e7\u00f5es e site<\/h4>\n<ul>\n<li>Mais informa\u00e7\u00f5es: <a href=\"https:\/\/arquidiocesedemanaus.org.br\/paroquia\/catedral-metropolitana-de-manaus-nossa-senhora-da-conceicao\/\" target=\"_blank\" rel=\"noopener noreferrer\">www.arquidiocesedemanaus.org.br<\/a><\/li>\n<\/ul>\n<h4>Mapa de localiza\u00e7\u00e3o<\/h4>\n<a class=\"wp-colorbox-iframe\" href=\"https:\/\/www.google.com\/maps\/embed?pb=!1m18!1m12!1m3!1d3983.8462111022723!2d-60.02764523582093!3d-3.1353001913206415!2m3!1f0!2f0!3f0!3m2!1i1024!2i768!%204f13.1!3m3!1m2!1s0x926c0ff3223c9b490x758959ce95198716!2sCatedral+Nossa+Senhora+da+Conceio!5e0!3m2!1spt-BR!2sbr!4v1527872633840\"><img decoding=\"async\" src=\"http:\/\/www.encontrabelohorizonte.com.br\/imgs\/maps-post.png\"><\/a>\n\n<div style=\"font-size: 0px; height: 0px; line-height: 0px; margin: 0; padding: 0; clear: both;\"><\/div>","protected":false},"excerpt":{"rendered":"<p>A Igreja da Matriz Manaus est\u00e1 situada na parte central da cidade, sobre uma eleva\u00e7\u00e3o entre os igarap\u00e9s do Esp\u00edrito Santo e da Ribeira (ambos aterrados), com sua fachada principal voltada para o rio Negro que at\u00e9 hoje \u00e9 o principal port\u00e3o de entrada da capital amazonense. Primeira igreja erguida ap\u00f3s a funda\u00e7\u00e3o de Manaus, a Matriz de N. S. da Concei\u00e7\u00e3o foi constru\u00edda em 1695 por mission\u00e1rios carmelitas. A Diocese do Amazonas foi criada em 27 de abril de 1892 pela Bula Ad universas orbis Ecclesia do Papa Le\u00e3o XIII, desmembrada da ent\u00e3o Diocese de Bel\u00e9m do Gr\u00e3o-Par\u00e1 (hoje <\/p>\n","protected":false},"author":1,"featured_media":0,"parent":0,"menu_order":0,"comment_status":"closed","ping_status":"closed","template":"","meta":{"footnotes":""},"class_list":["post-1799","page","type-page","status-publish","hentry"],"aioseo_notices":[],"_links":{"self":[{"href":"https:\/\/www.encontramanausam.com.br\/sobre\/wp-json\/wp\/v2\/pages\/1799","targetHints":{"allow":["GET"]}}],"collection":[{"href":"https:\/\/www.encontramanausam.com.br\/sobre\/wp-json\/wp\/v2\/pages"}],"about":[{"href":"https:\/\/www.encontramanausam.com.br\/sobre\/wp-json\/wp\/v2\/types\/page"}],"author":[{"embeddable":true,"href":"https:\/\/www.encontramanausam.com.br\/sobre\/wp-json\/wp\/v2\/users\/1"}],"replies":[{"embeddable":true,"href":"https:\/\/www.encontramanausam.com.br\/sobre\/wp-json\/wp\/v2\/comments?post=1799"}],"version-history":[{"count":5,"href":"https:\/\/www.encontramanausam.com.br\/sobre\/wp-json\/wp\/v2\/pages\/1799\/revisions"}],"predecessor-version":[{"id":4076,"href":"https:\/\/www.encontramanausam.com.br\/sobre\/wp-json\/wp\/v2\/pages\/1799\/revisions\/4076"}],"wp:attachment":[{"href":"https:\/\/www.encontramanausam.com.br\/sobre\/wp-json\/wp\/v2\/media?parent=1799"}],"curies":[{"name":"wp","href":"https:\/\/api.w.org\/{rel}","templated":true}]}}