{"id":1726,"date":"2018-05-29T14:36:50","date_gmt":"2018-05-29T17:36:50","guid":{"rendered":"http:\/\/www.encontramanausam.com.br\/sobre\/?page_id=1726"},"modified":"2019-04-13T19:46:13","modified_gmt":"2019-04-13T22:46:13","slug":"semef-manaus","status":"publish","type":"page","link":"https:\/\/www.encontramanausam.com.br\/sobre\/semef-manaus\/","title":{"rendered":"Semef Manaus"},"content":{"rendered":"<div class=\"882fdd0d88065009358e99f1a9406c55\" data-index=\"1\" style=\"float: none; margin:0px;\">\n<script async src=\"https:\/\/pagead2.googlesyndication.com\/pagead\/js\/adsbygoogle.js?client=ca-pub-8585364105181520\"\r\n     crossorigin=\"anonymous\"><\/script>\r\n<!-- Anuncio display - global -->\r\n<ins class=\"adsbygoogle\"\r\n     style=\"display:block\"\r\n     data-ad-client=\"ca-pub-8585364105181520\"\r\n     data-ad-slot=\"8789329856\"\r\n     data-ad-format=\"auto\"\r\n     data-full-width-responsive=\"true\"><\/ins>\r\n<script>\r\n     (adsbygoogle = window.adsbygoogle || []).push({});\r\n<\/script>\n<\/div>\n<p>A Secretaria Municipal de Finan\u00e7as, Tecnologia da Informa\u00e7\u00e3o e Controle Interno (<strong>Semef Manaus<\/strong>) integra a Administra\u00e7\u00e3o Direta do Poder Executivo.<\/p>\n<p>Dirigida por um Secret\u00e1rio Municipal, com o aux\u00edlio de um Subsecret\u00e1rio de Gest\u00e3o, um Subsecret\u00e1rio de Or\u00e7amento e Projetos, um Subsecret\u00e1rio do Tesouro, um Subsecret\u00e1rio da Receita, um Subsecret\u00e1rio de Tecnologia da Informa\u00e7\u00e3o e um Subsecret\u00e1rio de Controle Interno.<\/p>\n<p><img loading=\"lazy\" decoding=\"async\" class=\"aligncenter wp-image-1728 size-full\" title=\"Semef Manaus\" src=\"http:\/\/www.encontramanausam.com.br\/sobre\/wp-content\/uploads\/2018\/05\/semef-manaus.jpg\" alt=\"Semef Manaus\" width=\"680\" height=\"189\" srcset=\"https:\/\/www.encontramanausam.com.br\/sobre\/wp-content\/uploads\/2018\/05\/semef-manaus.jpg 680w, https:\/\/www.encontramanausam.com.br\/sobre\/wp-content\/uploads\/2018\/05\/semef-manaus-300x83.jpg 300w\" sizes=\"auto, (max-width: 680px) 100vw, 680px\" \/><\/p>\n<h2>Semef Manaus Iptu<\/h2>\n<p>O <span style=\"text-decoration: underline;\">Imposto sobre a Propriedade Predial e Territorial Urbana ou Imposto Predial e Territorial Urbano (IPTU)<\/span> \u00e9 um imposto Brasileiro com previs\u00e3o na Constitui\u00e7\u00e3o Federal, de compet\u00eancia municipal e do Distrito Federal, cujos contribuintes s\u00e3o as pessoas f\u00edsicas ou jur\u00eddicas que mant\u00eam propriedade, o dom\u00ednio \u00fatil ou a posse de propriedade im\u00f3vel localizada em zona ou extens\u00e3o urbana. \u00c9 um tributo municipal, regulado por lei ordin\u00e1ria espec\u00edfica de cada Munic\u00edpio e por lei do Distrito Federal.<\/p>\n<p>Este imposto tem importante papel no or\u00e7amento municipal, figurando muitas vezes como principal fonte de receita dos munic\u00edpios, juntamente com o Imposto Sobre Servi\u00e7os de Qualquer Natureza.<\/p>\n<h3>Semef Manaus Nota Fiscal<\/h3>\n<p><em>Nota Fiscal de Servi\u00e7o.<\/em><br \/>\nAcesse o site para informa\u00e7\u00f5es de emiss\u00e3o, valida\u00e7\u00e3o, segunda via entre outros.<\/p>\n<h3>Semef Manaus Cnd<\/h3>\n<p>No Brasil, certid\u00e3o negativa \u00e9 um documento utilizado para comprovar a exist\u00eancia ou n\u00e3o de a\u00e7\u00e3o civil, criminal ou federal contra uma determinada pessoa.<\/p>\n<p>Al\u00e9m destas, tamb\u00e9m existe a certid\u00e3o negativa de d\u00e9bitos, como a de d\u00e9bitos previdenci\u00e1rios ou a de d\u00e9bitos trabalhistas, que s\u00e3o exigidas em v\u00e1rias situa\u00e7\u00f5es, como contratos com o Poder P\u00fablico, recebimento de incentivos fiscais, neg\u00f3cios imobili\u00e1rios ou no arquivamento ou baixa de sociedades.<\/p>\n<p>As <em>certid\u00f5es negativas tribut\u00e1rias<\/em> j\u00e1 eram previstas na legisla\u00e7\u00e3o brasileira pelo C\u00f3digo Tribut\u00e1rio Nacional.<\/p>\n<p>\u00c9 a emiss\u00e3o da<em> Certid\u00e3o Negativa de D\u00e9bitos (CND)<\/em> para o contribuinte quite com os tributos imobili\u00e1rios.<br \/>\nAcesse o site para informa\u00e7\u00f5es de emiss\u00e3o, valida\u00e7\u00e3o entre outros.<\/p>\n<h3>Semef Manaus Consulta de Processos<\/h3>\n<p>Consulte seu processo formalizado na SEMEF. Acesse o site.<\/p>\n<h3>Hor\u00e1rio de Funcionamento Semef Manaus<\/h3>\n<ul>\n<li>Segunda a sexta das 07h \u00e1s 17h<\/li>\n<\/ul>\n<h3>Onde Fica, Endere\u00e7o e Telefone Semef Manaus<\/h3>\n<ul>\n<li>Av. Japur\u00e1, 488 &#8211; Centro, Manaus &#8211; AM<\/li>\n<li>Telefone: (92) 3633-2384<\/li>\n<\/ul>\n<h4>Outras informa\u00e7\u00f5es e site<\/h4>\n<ul>\n<li>Mais informa\u00e7\u00f5es: <a href=\"https:\/\/semefatende.manaus.am.gov.br\/\" target=\"_blank\" rel=\"noopener noreferrer\">www.semefatende.manaus.am.gov.br\/<\/a><\/li>\n<\/ul>\n<h4>Mapa de localiza\u00e7\u00e3o<\/h4>\n<a class=\"wp-colorbox-iframe\" href=\"https:\/\/www.google.com\/maps\/embed?pb=!1m14!1m8!1m3!1d15935.584912400078!2d-60.0217235!3d-3.1221401!3m2!1i1024!2i768!4f13.1!3m3!1m2!1s0x00xf2cc421c979ae709!2sSEMEF+-+Manaus+Fcil!5e0!3m2!1spt-BR!2sbr!4v1527614191927\"><img decoding=\"async\" src=\"http:\/\/www.encontrabelohorizonte.com.br\/imgs\/maps-post.png\"><\/a>\n\n<div style=\"font-size: 0px; height: 0px; line-height: 0px; margin: 0; padding: 0; clear: both;\"><\/div>","protected":false},"excerpt":{"rendered":"<p>A Secretaria Municipal de Finan\u00e7as, Tecnologia da Informa\u00e7\u00e3o e Controle Interno (Semef Manaus) integra a Administra\u00e7\u00e3o Direta do Poder Executivo. Dirigida por um Secret\u00e1rio Municipal, com o aux\u00edlio de um Subsecret\u00e1rio de Gest\u00e3o, um Subsecret\u00e1rio de Or\u00e7amento e Projetos, um Subsecret\u00e1rio do Tesouro, um Subsecret\u00e1rio da Receita, um Subsecret\u00e1rio de Tecnologia da Informa\u00e7\u00e3o e um Subsecret\u00e1rio de Controle Interno. Semef Manaus Iptu O Imposto sobre a Propriedade Predial e Territorial Urbana ou Imposto Predial e Territorial Urbano (IPTU) \u00e9 um imposto Brasileiro com previs\u00e3o na Constitui\u00e7\u00e3o Federal, de compet\u00eancia municipal e do Distrito Federal, cujos contribuintes s\u00e3o as pessoas f\u00edsicas <\/p>\n","protected":false},"author":1,"featured_media":0,"parent":0,"menu_order":0,"comment_status":"closed","ping_status":"closed","template":"","meta":{"footnotes":""},"class_list":["post-1726","page","type-page","status-publish","hentry"],"aioseo_notices":[],"_links":{"self":[{"href":"https:\/\/www.encontramanausam.com.br\/sobre\/wp-json\/wp\/v2\/pages\/1726","targetHints":{"allow":["GET"]}}],"collection":[{"href":"https:\/\/www.encontramanausam.com.br\/sobre\/wp-json\/wp\/v2\/pages"}],"about":[{"href":"https:\/\/www.encontramanausam.com.br\/sobre\/wp-json\/wp\/v2\/types\/page"}],"author":[{"embeddable":true,"href":"https:\/\/www.encontramanausam.com.br\/sobre\/wp-json\/wp\/v2\/users\/1"}],"replies":[{"embeddable":true,"href":"https:\/\/www.encontramanausam.com.br\/sobre\/wp-json\/wp\/v2\/comments?post=1726"}],"version-history":[{"count":5,"href":"https:\/\/www.encontramanausam.com.br\/sobre\/wp-json\/wp\/v2\/pages\/1726\/revisions"}],"predecessor-version":[{"id":4014,"href":"https:\/\/www.encontramanausam.com.br\/sobre\/wp-json\/wp\/v2\/pages\/1726\/revisions\/4014"}],"wp:attachment":[{"href":"https:\/\/www.encontramanausam.com.br\/sobre\/wp-json\/wp\/v2\/media?parent=1726"}],"curies":[{"name":"wp","href":"https:\/\/api.w.org\/{rel}","templated":true}]}}