{"id":1708,"date":"2018-03-22T16:17:41","date_gmt":"2018-03-22T19:17:41","guid":{"rendered":"http:\/\/www.encontramanausam.com.br\/sobre\/?page_id=1708"},"modified":"2019-04-13T19:40:28","modified_gmt":"2019-04-13T22:40:28","slug":"paroquia-nossa-senhora-de-nazare-manaus","status":"publish","type":"page","link":"https:\/\/www.encontramanausam.com.br\/sobre\/paroquia-nossa-senhora-de-nazare-manaus\/","title":{"rendered":"Par\u00f3quia Nossa Senhora de Nazar\u00e9 Manaus"},"content":{"rendered":"<div class=\"882fdd0d88065009358e99f1a9406c55\" data-index=\"1\" style=\"float: none; margin:0px;\">\n<script async src=\"https:\/\/pagead2.googlesyndication.com\/pagead\/js\/adsbygoogle.js?client=ca-pub-8585364105181520\"\r\n     crossorigin=\"anonymous\"><\/script>\r\n<!-- Anuncio display - global -->\r\n<ins class=\"adsbygoogle\"\r\n     style=\"display:block\"\r\n     data-ad-client=\"ca-pub-8585364105181520\"\r\n     data-ad-slot=\"8789329856\"\r\n     data-ad-format=\"auto\"\r\n     data-full-width-responsive=\"true\"><\/ins>\r\n<script>\r\n     (adsbygoogle = window.adsbygoogle || []).push({});\r\n<\/script>\n<\/div>\n<p>A <strong>Par\u00f3quia Nossa Senhora de Nazar\u00e9 Manaus<\/strong> foi constru\u00edda pelos padres Capuchinhos, com esmolas do povo e dinheiro recebido em toda parte. O come\u00e7o de sua hist\u00f3ria, portanto, est\u00e1 \u00edntima e estreitamente ligado \u00e0 Par\u00f3quia de S\u00e3o Sebasti\u00e3o, respons\u00e1vel de toda \u00e1rea norte de Manaus.<\/p>\n<p>A primeira capela nasceu com o nome de S\u00e3o Saturnino, na ch\u00e1cara de Washington Saturnino da Cruz, paraense, conferente da alfandega, situada na atual avenida Umberto Calderaro Filho, antiga Para\u00edba.<\/p>\n<p><img loading=\"lazy\" decoding=\"async\" class=\"aligncenter wp-image-1709 size-full\" title=\"Par\u00f3quia Nossa Senhora de Nazar\u00e9 Manaus\" src=\"http:\/\/www.encontramanausam.com.br\/sobre\/wp-content\/uploads\/2018\/03\/paroquia-nossa-senhora-de-n.jpg\" alt=\"Par\u00f3quia Nossa Senhora de Nazar\u00e9 Manaus\" width=\"680\" height=\"189\" srcset=\"https:\/\/www.encontramanausam.com.br\/sobre\/wp-content\/uploads\/2018\/03\/paroquia-nossa-senhora-de-n.jpg 680w, https:\/\/www.encontramanausam.com.br\/sobre\/wp-content\/uploads\/2018\/03\/paroquia-nossa-senhora-de-n-300x83.jpg 300w\" sizes=\"auto, (max-width: 680px) 100vw, 680px\" \/><\/p>\n<p>Tudo come\u00e7ou pelos idos de 1912, quando o Sr. Washington Saturnino da Cruz, paraense, funcion\u00e1rio da Alf\u00e2ndega, resolveu comprar um terreno que estava \u00e0 venda na Vila Municipal, entre as ruas Natal e Fortaleza, de frente para a rua Para\u00edba, com cerca de 150 mil m2, por 25 contos de reis. Na \u00e9poca n\u00e3o havia quase nenhuma constru\u00e7\u00e3o no bairro, eram poucas as resid\u00eancias. A Vila Municipal era o ponto final da cidade e o fim da linha dos bondes que chegavam s\u00f3 at\u00e9 o Reservat\u00f3rio de \u00c1gua, sendo o resto do percurso efetuado de charrete ou a p\u00e9. Os caminhos para os igarap\u00e9s e para o Aleixo eram vias de dif\u00edcil acesso. S\u00f3 mesmo os mateiros se aventuravam a ir mais longe.<\/p>\n<p>Dentro de todo esse quadro verde, estava o terreno do Sr. Washington, que ele resolveu chamar de Ch\u00e1cara S\u00e3o Saturnino. Devido a dificuldade da sua m\u00e3e de se locomover todos os domingos at\u00e9 o centro da cidade, a fim de assistir missas na Igreja de S\u00e3o Sebasti\u00e3o, o Sr. Washington resolveu construir em sua pr\u00f3pria casa, com a autoriza\u00e7\u00e3o do Bispo Dom Frederico B. de Souza Costa, uma capelinha e a chamou tamb\u00e9m de S\u00e3o Saturnino.<\/p>\n<p>A primeira missa na nova capela foi celebrada pelo vig\u00e1rio da Par\u00f3quia de S\u00e3o Sebasti\u00e3o, Frei Jos\u00e9 de Leonissa, passando a frequent\u00e1-la regularmente uma vez por semana, aos domingos. E durante um ano, os cat\u00f3licos da Vila Municipal iam aos domingos \u00e0 Ch\u00e1cara S\u00e3o Saturnino assistir as missas.<\/p>\n<p>J\u00e1 naquela \u00e9poca, diante do crescente n\u00famero de fi\u00e9is e da dist\u00e2ncia da Par\u00f3quia de S\u00e3o Sebasti\u00e3o, existia a necessidade de criar uma nova igreja, capaz de atender \u00e0 Vila Municipal e seus arredores. Em um pequeno terreno doado, localizado pr\u00f3ximo \u00e0 pra\u00e7a do bairro, Frei Jos\u00e9 de Leonissa come\u00e7ou a construir a nova igreja. No dia 2 de agosto de 1914 aconteceu a ben\u00e7\u00e3o da primeira pedra da futura Igreja dedicada a Nossa Senhora de Nazar\u00e9 na cidade de Manaus, cuja constru\u00e7\u00e3o se iniciou no dia 19 de outubro do mesmo ano.<\/p>\n<h2>Par\u00f3quia Nossa Senhora de Nazar\u00e9 Manaus Hor\u00e1rio das Missas<\/h2>\n<p>Segunda a Sexta: 7h \u01c0 19h \/ S\u00e1bado: 7h \u01c0 18h \/ Domingo: 8h \u01c0 11h \u01c0 18h \u01c0 19h30<\/p>\n<h3>Onde Fica, Endere\u00e7o e Telefone Par\u00f3quia Nossa Senhora de Nazar\u00e9 Manaus<\/h3>\n<ul>\n<li>Av. M\u00e1rio Ypiranga, 700 &#8211; Adrian\u00f3polis &#8211; Manaus &#8211; AM<\/li>\n<li>Telefone: (92) 3622-1566<\/li>\n<\/ul>\n<h4>Outras informa\u00e7\u00f5es e site<\/h4>\n<ul>\n<li>Mais informa\u00e7\u00f5es:\u00a0<a href=\"http:\/\/www.pnsnazare.org.br\/\" target=\"_blank\" rel=\"noopener noreferrer\">www.pnsnazare.org.br\/<\/a><\/li>\n<\/ul>\n<h4>Mapa de localiza\u00e7\u00e3o<\/h4>\n<a class=\"wp-colorbox-iframe\" href=\"https:\/\/www.google.com\/maps\/embed?pb=!1m14!1m8!1m3!1d15935.76273918604!2d-60.0128808!3d-3.1103963!3m2!1i1024!2i768!4f13.1!3m3!1m2!1s0x00x2e3ab60ef854a5ce!2sParquia+Nossa+Senhora+de+Nazar!5e0!3m2!1spt-BR!2sbr!4v1521724626062\"><img decoding=\"async\" src=\"http:\/\/www.encontrabelohorizonte.com.br\/imgs\/maps-post.png\"><\/a>\n\n<div style=\"font-size: 0px; height: 0px; line-height: 0px; margin: 0; padding: 0; clear: both;\"><\/div>","protected":false},"excerpt":{"rendered":"<p>A Par\u00f3quia Nossa Senhora de Nazar\u00e9 Manaus foi constru\u00edda pelos padres Capuchinhos, com esmolas do povo e dinheiro recebido em toda parte. O come\u00e7o de sua hist\u00f3ria, portanto, est\u00e1 \u00edntima e estreitamente ligado \u00e0 Par\u00f3quia de S\u00e3o Sebasti\u00e3o, respons\u00e1vel de toda \u00e1rea norte de Manaus. A primeira capela nasceu com o nome de S\u00e3o Saturnino, na ch\u00e1cara de Washington Saturnino da Cruz, paraense, conferente da alfandega, situada na atual avenida Umberto Calderaro Filho, antiga Para\u00edba. Tudo come\u00e7ou pelos idos de 1912, quando o Sr. Washington Saturnino da Cruz, paraense, funcion\u00e1rio da Alf\u00e2ndega, resolveu comprar um terreno que estava \u00e0 venda <\/p>\n","protected":false},"author":1,"featured_media":0,"parent":0,"menu_order":0,"comment_status":"closed","ping_status":"closed","template":"","meta":{"footnotes":""},"class_list":["post-1708","page","type-page","status-publish","hentry"],"aioseo_notices":[],"_links":{"self":[{"href":"https:\/\/www.encontramanausam.com.br\/sobre\/wp-json\/wp\/v2\/pages\/1708","targetHints":{"allow":["GET"]}}],"collection":[{"href":"https:\/\/www.encontramanausam.com.br\/sobre\/wp-json\/wp\/v2\/pages"}],"about":[{"href":"https:\/\/www.encontramanausam.com.br\/sobre\/wp-json\/wp\/v2\/types\/page"}],"author":[{"embeddable":true,"href":"https:\/\/www.encontramanausam.com.br\/sobre\/wp-json\/wp\/v2\/users\/1"}],"replies":[{"embeddable":true,"href":"https:\/\/www.encontramanausam.com.br\/sobre\/wp-json\/wp\/v2\/comments?post=1708"}],"version-history":[{"count":4,"href":"https:\/\/www.encontramanausam.com.br\/sobre\/wp-json\/wp\/v2\/pages\/1708\/revisions"}],"predecessor-version":[{"id":4010,"href":"https:\/\/www.encontramanausam.com.br\/sobre\/wp-json\/wp\/v2\/pages\/1708\/revisions\/4010"}],"wp:attachment":[{"href":"https:\/\/www.encontramanausam.com.br\/sobre\/wp-json\/wp\/v2\/media?parent=1708"}],"curies":[{"name":"wp","href":"https:\/\/api.w.org\/{rel}","templated":true}]}}