{"id":154,"date":"2017-12-11T11:47:57","date_gmt":"2017-12-11T14:47:57","guid":{"rendered":"http:\/\/www.encontramanausam.com.br\/sobre\/?page_id=154"},"modified":"2019-04-01T22:07:12","modified_gmt":"2019-04-02T01:07:12","slug":"eletrobras-manaus","status":"publish","type":"page","link":"https:\/\/www.encontramanausam.com.br\/sobre\/eletrobras-manaus\/","title":{"rendered":"Eletrobras Manaus"},"content":{"rendered":"<div class=\"882fdd0d88065009358e99f1a9406c55\" data-index=\"1\" style=\"float: none; margin:0px;\">\n<script async src=\"https:\/\/pagead2.googlesyndication.com\/pagead\/js\/adsbygoogle.js?client=ca-pub-8585364105181520\"\r\n     crossorigin=\"anonymous\"><\/script>\r\n<!-- Anuncio display - global -->\r\n<ins class=\"adsbygoogle\"\r\n     style=\"display:block\"\r\n     data-ad-client=\"ca-pub-8585364105181520\"\r\n     data-ad-slot=\"8789329856\"\r\n     data-ad-format=\"auto\"\r\n     data-full-width-responsive=\"true\"><\/ins>\r\n<script>\r\n     (adsbygoogle = window.adsbygoogle || []).push({});\r\n<\/script>\n<\/div>\n<p><strong>Eletrobras Manaus<\/strong> \u00e9 uma grande empresa, respons\u00e1vel pela distribui\u00e7\u00e3o de energia el\u00e9trica no estado do Amazonas.<\/p>\n<p>Iniciou as suas atividades nos anos 90, atualmente, disponibiliza uma excelente equipe de colaboradores, treinados frequentemente para oferecer um atendimento de qualidade aos seus clientes.<\/p>\n<p><img loading=\"lazy\" decoding=\"async\" class=\"aligncenter wp-image-155 size-full\" title=\"Eletrobras Manaus\" src=\"http:\/\/www.encontramanausam.com.br\/sobre\/wp-content\/uploads\/2017\/12\/eletrobras-manaus.jpg\" alt=\"Eletrobras Manaus\" width=\"680\" height=\"189\" srcset=\"https:\/\/www.encontramanausam.com.br\/sobre\/wp-content\/uploads\/2017\/12\/eletrobras-manaus.jpg 680w, https:\/\/www.encontramanausam.com.br\/sobre\/wp-content\/uploads\/2017\/12\/eletrobras-manaus-300x83.jpg 300w\" sizes=\"auto, (max-width: 680px) 100vw, 680px\" \/><\/p>\n<p>Sua origem remonta a 1895, quando foi fundada a Manaus Eletric Lighting Company, incorporada pelo Governo do estado do Amazonas em 1898. Em 1908 foi arrendada pelo Eng. Antonio Lavandaira que repassou para The Manaos Tramways and Light Company em 1918. Em 1950 volta \u00e0s m\u00e3os do Governo Estadual com o nome de Centrais El\u00e9tricas de Manaus sendo que em 1962 a Eletrobras, rec\u00e9m-criada, passa a ser a maior acionista.<\/p>\n<p>De acordo com a pol\u00edtica do Governo Federal para o setor el\u00e9trico, que foi implantada gradativamente, cabia \u00e0s empresas federais, controladas pela Eletrobras, a gera\u00e7\u00e3o de energia el\u00e9trica. Para isso, a Eletrobras tinha sob seu controle cinco empresas federais, com \u00e1reas de atua\u00e7\u00e3o bem definidas. A parte de distribui\u00e7\u00e3o ficava a cargo das empresas estaduais associadas \u00e0 Eletrobras.<\/p>\n<p><strong>Compromisso com a \u00c9tica<\/strong><br \/>\n\u00c9tica e transpar\u00eancia s\u00e3o valores cultivados pela Eletrobras Distribui\u00e7\u00e3o Amazonas na sua miss\u00e3o de fornecer energia el\u00e9trica de forma integrada, rent\u00e1vel e sustent\u00e1vel aos piauienses. Assim, n\u00e3o abrimos m\u00e3o de ampliar a compreens\u00e3o de todos sobre os princ\u00edpios \u00e9ticos e compromissos de condutas estabelecidos no C\u00f3digo de \u00c9tica e de Conduta das Empresas Eletrobras, inteiramente alinhado com a nova legisla\u00e7\u00e3o brasileira envolvendo \u00c9tica e Integridade Corporativas.<\/p>\n<p><strong>Comiss\u00e3o de \u00c9tica<\/strong><br \/>\nDesignada atrav\u00e9s de Resolu\u00e7\u00e3o da Diretoria Executiva, a Comiss\u00e3o de \u00c9tica da Eletrobras Distribui\u00e7\u00e3o Amazonas tem como principal atribui\u00e7\u00e3o zelar pelo cumprimento do C\u00f3digo de \u00c9tica e de Conduta, garantindo que sejam considerados e respeitados seus princ\u00edpios e normas em todos os processos de neg\u00f3cios e atividades da Empresa. Para mais informa\u00e7\u00f5es, contate a Comiss\u00e3o de \u00c9tica por meio do e-mail comiss\u00e3o.etica@eletrobrasamazonas.com<\/p>\n<h2>Eletrobras Amazonas 2\u00aa Vias de Faturas e D\u00e9bitos<\/h2>\n<p>Atrav\u00e9s de um programa moderno a ELETROBRAS AMAZONAS, oferece a facilidade para que todos os seus clientes tenham acesso a quase todos os servi\u00e7os, em especial a solicita\u00e7\u00e3o da sua <em>2vias de fatura<\/em>, bem como outros servi\u00e7os atrav\u00e9s de um simples cadastro, confira abaixo o passo a passo, podendo tamb\u00e9m ser solicitados os servi\u00e7os por telefone, acesse ou ligue.<\/p>\n<ol>\n<li>Para solicitar a <span style=\"text-decoration: underline;\">2\u00aa Via<\/span> Fatura Manaus Energia, acesse o site.<\/li>\n<li>Feito isso no canto direito na p\u00e1gina inicial voc\u00ea vai ver o menu \u201cAcesso R\u00e1pido\u201d, abaixo haver\u00e1 a op\u00e7\u00e3o \u201c<em>Via de Pagamento<\/em>\u201d<\/li>\n<li>Ao clicar voc\u00ea vai poder consultar as <span style=\"text-decoration: underline;\">faturas<\/span> e selecionar a que deseja a <span style=\"text-decoration: underline;\">segunda via<\/span><\/li>\n<li>Para buscar sua conta \u00e9 preciso selecionar a busca por UC (C\u00f3digo \u00fanico) ou atrav\u00e9s do n\u00famero do CPF do titular.<\/li>\n<li>\u00c9 preciso informar tamb\u00e9m o c\u00f3digo de seguran\u00e7a que aparece abaixo para o seu acesso ser seguro.<\/li>\n<li>Depois disso \u00e9 s\u00f3 entrar e selecionar a conta que deseja a <em>segunda via<\/em> e a mesma ser\u00e1 gerada para o pagamento.<\/li>\n<li>Se voc\u00ea for realizar o pagamento online n\u00e3o \u00e9 preciso imprimir, com o n\u00famero da conta voc\u00ea consegue pagar.<\/li>\n<\/ol>\n<p>Documentos Necess\u00e1rios:<\/p>\n<ul>\n<li>Numero do CPF<\/li>\n<li>UC do Titular da Conta<\/li>\n<\/ul>\n<h3>Eletrobras Manaus Parcelamento<\/h3>\n<p>O cliente tamb\u00e9m pode <span style=\"text-decoration: underline;\">parcelar<\/span> seus d\u00e9bitos por meio da Central de Atendimento 0800 701 3001.<\/p>\n<p>\u00c9 necess\u00e1rio apenas que o titular da conta tenha em m\u00e3os a fatura de energia, identidade e CPF para facilitar e agilizar o atendimento e confirma\u00e7\u00e3o de alguns dados solicitados.<\/p>\n<p>As <em>negocia\u00e7\u00f5es dos d\u00e9bitos<\/em> tamb\u00e9m podem ser feitas em qualquer um dos seis pontos de atendimentos da Eletrobras Distribui\u00e7\u00e3o Amazonas na capital ou nas demais ag\u00eancias no interior do estado.<\/p>\n<p>Aderindo a essa oportunidade, o cliente evita transtornos como o corte no fornecimento de energia, negativa\u00e7\u00e3o e demais a\u00e7\u00f5es de cobran\u00e7a.<\/p>\n<h3>Hor\u00e1rio de Funcionamento Eletrobras Amazonas Energia Manaus<\/h3>\n<ul>\n<li>Segunda a sexta das 8h \u00e0s 18h<\/li>\n<\/ul>\n<h3>Onde Fica, Endere\u00e7o e Telefone Eletrobras Manaus<\/h3>\n<ul>\n<li>Av. Sete de Setembro, 2414 &#8211; Cachoeirinha &#8211; Manaus &#8211; AM<\/li>\n<li>Telefone: 0800 701 3001<\/li>\n<\/ul>\n<h4>Outras informa\u00e7\u00f5es e site<\/h4>\n<ul>\n<li>Mais informa\u00e7\u00f5es:\u00a0<a href=\"http:\/\/www.eletrobrasamazonas.com\" target=\"_blank\" rel=\"noopener noreferrer\">www.eletrobrasamazonas.com<\/a><\/li>\n<\/ul>\n<h4>Mapa de localiza\u00e7\u00e3o<\/h4>\n<a class=\"wp-colorbox-iframe\" href=\"https:\/\/www.google.com\/maps\/embed?pb=!1m18!1m12!1m3!1d3983.8503263693!2d-60.03230148524272!3d-3.134219497717789!2m3!1f0!2f0!3f0!3m2!1i1024!2i768!4f13.1!3m3!1m2!1s0x926c0f813520f4190x1a3b07f371cdae3!2sAv.+Sete+de+Setembro+2414+-+Cachoeirinha+Manaus+-+AM+69065-170!5e0!3m2!1spt-BR!2sbr!4v1513001873443\"><img decoding=\"async\" src=\"http:\/\/www.encontrabelohorizonte.com.br\/imgs\/maps-post.png\"><\/a>\n\n<div style=\"font-size: 0px; height: 0px; line-height: 0px; margin: 0; padding: 0; clear: both;\"><\/div>","protected":false},"excerpt":{"rendered":"<p>Eletrobras Manaus \u00e9 uma grande empresa, respons\u00e1vel pela distribui\u00e7\u00e3o de energia el\u00e9trica no estado do Amazonas. Iniciou as suas atividades nos anos 90, atualmente, disponibiliza uma excelente equipe de colaboradores, treinados frequentemente para oferecer um atendimento de qualidade aos seus clientes. Sua origem remonta a 1895, quando foi fundada a Manaus Eletric Lighting Company, incorporada pelo Governo do estado do Amazonas em 1898. Em 1908 foi arrendada pelo Eng. Antonio Lavandaira que repassou para The Manaos Tramways and Light Company em 1918. Em 1950 volta \u00e0s m\u00e3os do Governo Estadual com o nome de Centrais El\u00e9tricas de Manaus sendo que <\/p>\n","protected":false},"author":1,"featured_media":0,"parent":0,"menu_order":0,"comment_status":"closed","ping_status":"closed","template":"","meta":{"footnotes":""},"class_list":["post-154","page","type-page","status-publish","hentry"],"aioseo_notices":[],"_links":{"self":[{"href":"https:\/\/www.encontramanausam.com.br\/sobre\/wp-json\/wp\/v2\/pages\/154","targetHints":{"allow":["GET"]}}],"collection":[{"href":"https:\/\/www.encontramanausam.com.br\/sobre\/wp-json\/wp\/v2\/pages"}],"about":[{"href":"https:\/\/www.encontramanausam.com.br\/sobre\/wp-json\/wp\/v2\/types\/page"}],"author":[{"embeddable":true,"href":"https:\/\/www.encontramanausam.com.br\/sobre\/wp-json\/wp\/v2\/users\/1"}],"replies":[{"embeddable":true,"href":"https:\/\/www.encontramanausam.com.br\/sobre\/wp-json\/wp\/v2\/comments?post=154"}],"version-history":[{"count":7,"href":"https:\/\/www.encontramanausam.com.br\/sobre\/wp-json\/wp\/v2\/pages\/154\/revisions"}],"predecessor-version":[{"id":3428,"href":"https:\/\/www.encontramanausam.com.br\/sobre\/wp-json\/wp\/v2\/pages\/154\/revisions\/3428"}],"wp:attachment":[{"href":"https:\/\/www.encontramanausam.com.br\/sobre\/wp-json\/wp\/v2\/media?parent=154"}],"curies":[{"name":"wp","href":"https:\/\/api.w.org\/{rel}","templated":true}]}}