{"id":1499,"date":"2018-02-15T14:08:47","date_gmt":"2018-02-15T17:08:47","guid":{"rendered":"http:\/\/www.encontramanausam.com.br\/sobre\/?page_id=1499"},"modified":"2019-04-11T11:10:41","modified_gmt":"2019-04-11T14:10:41","slug":"cprm-manaus","status":"publish","type":"page","link":"https:\/\/www.encontramanausam.com.br\/sobre\/cprm-manaus\/","title":{"rendered":"CPRM Manaus"},"content":{"rendered":"<div class=\"882fdd0d88065009358e99f1a9406c55\" data-index=\"1\" style=\"float: none; margin:0px;\">\n<script async src=\"https:\/\/pagead2.googlesyndication.com\/pagead\/js\/adsbygoogle.js?client=ca-pub-8585364105181520\"\r\n     crossorigin=\"anonymous\"><\/script>\r\n<!-- Anuncio display - global -->\r\n<ins class=\"adsbygoogle\"\r\n     style=\"display:block\"\r\n     data-ad-client=\"ca-pub-8585364105181520\"\r\n     data-ad-slot=\"8789329856\"\r\n     data-ad-format=\"auto\"\r\n     data-full-width-responsive=\"true\"><\/ins>\r\n<script>\r\n     (adsbygoogle = window.adsbygoogle || []).push({});\r\n<\/script>\n<\/div>\n<p>A<strong> CPRM Manaus<\/strong> \u00e9 uma empresa de economia mista, vinculada ao Minist\u00e9rio de Minas e Energia, com a miss\u00e3o estrat\u00e9gica de organizar e sistematizar o conhecimento geol\u00f3gico do territ\u00f3rio brasileiro.<\/p>\n<p>Entendeu-se, ent\u00e3o, que esse lastro infraestrutural era indispens\u00e1vel para garantir o crescimento econ\u00f4mico projetado para as d\u00e9cadas seguintes, com o suprimento de insumos minerais nativos, em substitui\u00e7\u00e3o aos importados.<\/p>\n<p><img loading=\"lazy\" decoding=\"async\" class=\"aligncenter wp-image-1500 size-full\" title=\"CPRM Manaus \" src=\"http:\/\/www.encontramanausam.com.br\/sobre\/wp-content\/uploads\/2018\/02\/cprm-manaus.jpg\" alt=\"CPRM Manaus \" width=\"680\" height=\"189\" srcset=\"https:\/\/www.encontramanausam.com.br\/sobre\/wp-content\/uploads\/2018\/02\/cprm-manaus.jpg 680w, https:\/\/www.encontramanausam.com.br\/sobre\/wp-content\/uploads\/2018\/02\/cprm-manaus-300x83.jpg 300w\" sizes=\"auto, (max-width: 680px) 100vw, 680px\" \/><\/p>\n<p>Isso explica o boom mineral dos anos 70 e 80, \u00e9poca em que se descobriram in\u00fameras jazidas, muitas das quais, ainda hoje, abastecem a ind\u00fastria nacional. A empresa executava os programas do Departamento Nacional de Produ\u00e7\u00e3o Mineral \u2013 DNPM, do Departamento Nacional de \u00c1gua e Energia El\u00e9trica \u2013 DNAEE e ainda vendia no mercado servi\u00e7os de sondagens para \u00e1gua e pesquisa mineral.<\/p>\n<p>Circunst\u00e2ncias conjunturais dif\u00edceis, especialmente a partir da segunda metade dos anos 80, levaram a mudan\u00e7as institucionais profundas na vida da CPRM, culminando, em 1994, com a Lei 8.970, de 28 de dezembro de 1994, que alterou o regime jur\u00eddico vigente para empresa p\u00fablica. Do ponto de vista de atua\u00e7\u00e3o, essa data encerra o ciclo da empresa prestadora de servi\u00e7os e inicia a era do Servi\u00e7o Geol\u00f3gico propriamente dito. O foco institucional volta-se, drasticamente, para a geologia e a hidrologia b\u00e1sicas, com o desenvolvimento concomitante das \u00e1reas de aplica\u00e7\u00f5es, como geologia ambiental, hidrogeologia e riscos geol\u00f3gicos. Sai a atua\u00e7\u00e3o empresarial e fortalece-se a atua\u00e7\u00e3o em parcerias institucionais com outros \u00f3rg\u00e3os da administra\u00e7\u00e3o federal, estados e munic\u00edpios.<\/p>\n<p>O quadro de pessoal hoje \u00e9 de 1.700 funcion\u00e1rios celetistas, dos quais cerca de 500 s\u00e3o ge\u00f3logos, hidroge\u00f3logos, engenheiros hidr\u00f3logos e engenheiros de minas, sendo um ter\u00e7o portador de mestrado ou doutorado. Aqui reside um valoroso patrim\u00f4nio t\u00e9cnico do pa\u00eds, um quadro especializado de alta excel\u00eancia e de conhecimento \u00edmpar da geologia e da hidrologia brasileiras.<\/p>\n<p><strong>O que faz?<\/strong><br \/>\nO Servi\u00e7o Geol\u00f3gico \u00e9 o respons\u00e1vel pelo Programa Geologia do Brasil, do Governo Federal, inserido no Plano Plurianual 2004-2007, PPA 2004-2007. Dentro desse programa est\u00e3o definidas as A\u00e7\u00f5es final\u00edsticas que balizam o escopo da \u00e1rea de atua\u00e7\u00e3o institucional. Internamente, cada A\u00e7\u00e3o do PPA 2004-2007 \u00e9 desdobrada em projetos e atividades, cujo conjunto comp\u00f5e o Plano de Atividades T\u00e9cnicas \u2013 PAT, dispon\u00edvel na intranet corporativa. O PAT constitui instrumento b\u00e1sico de gest\u00e3o de projetos, encerrando cerca de 200 projetos aprovados, dos quais um ter\u00e7o j\u00e1 est\u00e1 em execu\u00e7\u00e3o. A seguir voc\u00ea encontra um resumo das A\u00e7\u00f5es final\u00edsticas do PPA.<\/p>\n<p><strong>Levantamentos Geol\u00f3gicos<\/strong><br \/>\nIncluem as atividades de mapeamentos geol\u00f3gicos e geoqu\u00edmicos, desde as escalas de integra\u00e7\u00e3o territorial at\u00e9 os levantamentos sistem\u00e1ticos nas escalas 1:250.000 e 1:100.000, podendo-se chegar a escalas maiores, dependendo de interesses espec\u00edficos de ordem econ\u00f4mico-social. Trata-se do chamado \u201ccarro-chefe\u201d da organiza\u00e7\u00e3o, sendo a A\u00e7\u00e3o que concentra os maiores or\u00e7amentos e ocupa a maior parte dos t\u00e9cnicos da Casa. Nela est\u00e3o abrigadas, ainda, atividades voltadas para as aplica\u00e7\u00f5es do conhecimento geol\u00f3gico para o meio ambiente e para a preven\u00e7\u00e3o de riscos geol\u00f3gicos, \u00e1reas em que tem tuado sempre em parcerias importantes com as v\u00e1rias esferas do poder p\u00fablico. Esta A\u00e7\u00e3o \u00e9 suportada por um sistema de bancos de dados, denominado GeoSGB, que engloba m\u00f3dulos relativos a toda a tem\u00e1tica geol\u00f3gica, como afloramentos, unidades litoestratigr\u00e1ficas, an\u00e1lises geoqu\u00edmicas, recursos minerais etc.<\/p>\n<p><strong>Levantamentos Geof\u00edsicos<\/strong><br \/>\nBasicamente, incluem os levantamentos aerogeof\u00edsicos do territ\u00f3rio, atividade que, por ser ferramenta auxiliar da geologia para orientar a pesquisa mineral, tem como foco as \u00e1reas de menor conhecimento e de maior car\u00eancia de desenvolvimento, como o Norte, o Nordeste e o Centro-Oeste. Devido \u00e0 sua natureza peculiar, as atividades de aquisi\u00e7\u00e3o de dados s\u00e3o contratadas no mercado mediante licita\u00e7\u00e3o p\u00fablica.<\/p>\n<p><strong>Avalia\u00e7\u00e3o dos Recursos Minerais do Brasil<\/strong><br \/>\nA\u00e7\u00e3o complementar e auxiliar dos levantamentos geol\u00f3gicos. Tem como objetivo disponibilizar o banco de dados dos recursos minerais do pa\u00eds e desenvolver pesquisa geol\u00f3gico-metalogen\u00e9tica em ambientes de reconhecida voca\u00e7\u00e3o mineral, como forma de atrair interesses e investimentos em pesquisa mineral por parte da iniciativa privada. Al\u00e9m dos recursos do continente, o Servi\u00e7o Geol\u00f3gico, em parceria com o Minist\u00e9rio da Defesa, atua na pesquisa dos recursos da plataforma continental jur\u00eddica brasileira. Presta-se, ainda, a fornecer subs\u00eddios para pol\u00edticas p\u00fablicas de arranjos produtivos locais e tem como foco principal de atua\u00e7\u00e3o, atualmente, os minerais n\u00e3o met\u00e1licos, especialmente insumos para a agricultura e materiais para constru\u00e7\u00e3o.<\/p>\n<p><strong>Levantamentos Hidrogeol\u00f3gicos<\/strong><br \/>\nEsta A\u00e7\u00e3o tem duas vertentes b\u00e1sicas, com atividades focadas em \u00e1guas subterr\u00e2neas, de um lado, e em \u00e1guas superficiais, de outro. No tocante \u00e0s \u00e1guas profundas, a CPRM disp\u00f5e do Sistema de Informa\u00e7\u00f5es sobre \u00c1guas Subterr\u00e2neas \u2013 SIAGAS, com cadastro de po\u00e7os e fontes desse bem mineral de todo o Brasil, e realiza levantamentos hidrogeol\u00f3gicos regionais em v\u00e1rias escalas. Al\u00e9m disso, a CPRM tem sido parceira em atividades sociais de perfura\u00e7\u00e3o e recupera\u00e7\u00e3o de po\u00e7os em \u00e1reas do semi\u00e1rido nordestino e do sul do pa\u00eds. Em se tratando de \u00e1guas superficiais, o Servi\u00e7o Geol\u00f3gico opera a Rede Hidrometeorol\u00f3gica Nacional, da Ag\u00eancia Nacional de \u00c1guas \u2013 ANA; desenvolve e opera sistemas de alerta contra cheias em \u00e1reas cr\u00edticas como, por exemplo, em Manaus (AM) e no Pantanal; al\u00e9m de produzir estudos em \u00e1reas espec\u00edficas. Atualmente h\u00e1 um grande esfor\u00e7o, em curso, no sentido de gerar a Carta de Disponibilidade H\u00eddrica do Brasil ao Milion\u00e9simo, a partir do dom\u00ednio de conhecimento geol\u00f3gico e hidrol\u00f3gico acumulado no Servi\u00e7o Geol\u00f3gico do Brasil.<\/p>\n<p><strong>Gest\u00e3o da Informa\u00e7\u00e3o Geol\u00f3gica<\/strong><br \/>\nSendo deposit\u00e1rio da mem\u00f3ria geol\u00f3gica do Brasil, a CPRM disp\u00f5e de imenso acervo de dados e informa\u00e7\u00f5es, em v\u00e1rios tipos de m\u00eddia, cujo gerenciamento e disponibiliza\u00e7\u00e3o constituem miss\u00e3o primordial da institui\u00e7\u00e3o. Nesse sentido, esta A\u00e7\u00e3o encerra atividades ligadas \u00e0 pesquisa, desenvolvimento e aquisi\u00e7\u00e3o de tecnologias que viabilizem e deem efici\u00eancia aos processos de suporte da informa\u00e7\u00e3o geol\u00f3gica. Aqui se incluem desde os processos de aquisi\u00e7\u00e3o de dados, passando por seu armazenamento e processamento, at\u00e9 a forma de disponibilizar os produtos finais \u00e0 sociedade.<\/p>\n<p><strong>An\u00e1lises Qu\u00edmicas e Minerais do Laborat\u00f3rio de An\u00e1lises Minerais<\/strong><br \/>\nPara desenvolver suas atividades t\u00e9cnicas, um dos suportes essenciais dos trabalhos de campo do Servi\u00e7o Geol\u00f3gico do Brasil s\u00e3o as an\u00e1lises laboratoriais efetuadas no LAMIN, seu laborat\u00f3rio oficial, localizado no Escrit\u00f3rio do Rio de Janeiro. Ali s\u00e3o feitas desde descri\u00e7\u00f5es petrogr\u00e1ficas e determina\u00e7\u00f5es qu\u00edmicas espec\u00edficas em rochas, solos e sedimentos de corrente, at\u00e9 estudos fossil\u00edferos, biol\u00f3gicos e de certifica\u00e7\u00e3o de \u00e1guas minerais. Esta A\u00e7\u00e3o visa a viabilizar os investimentos necess\u00e1rios \u00e0 manuten\u00e7\u00e3o e melhorias do laborat\u00f3rio. No dia 02 de agosto de 2006 foi inaugurado, como parte da rede de laborat\u00f3rios internos, o Centro de Controle da Polui\u00e7\u00e3o na Minera\u00e7\u00e3o \u2013 CECOPOMIN, localizado na Superintend\u00eancia Regional de S\u00e3o Paulo. Decorrente de conv\u00eanio com o DNPM, ele \u00e9 o \u00fanico laborat\u00f3rio p\u00fablico brasileiro em sua \u00e1rea de atua\u00e7\u00e3o. Os equipamentos desse laborat\u00f3rio foram cedidos ao governo brasileiro pela Ag\u00eancia de Coopera\u00e7\u00e3o Internacional do Jap\u00e3o.<\/p>\n<p><strong>Onde atua?<\/strong><br \/>\nA CPRM conta com infraestrutura operacional instalada em todo o pa\u00eds, somando oito Superintend\u00eancias Regionais: Manaus (AM), Bel\u00e9m (PA), Recife (PE), Goi\u00e2nia (GO), Salvador (BA), Belo Horizonte (MG), S\u00e3o Paulo (SP) e Porto Alegre (RS). S\u00e3o as unidades executoras dos projetos, onde se concentra o grosso da capacidade operacional da institui\u00e7\u00e3o. Al\u00e9m disso, tem tr\u00eas Resid\u00eancias, que s\u00e3o estruturas operacionais menores, localizadas em Porto Velho (RO), Teresina (PI) e Fortaleza (CE). Finalmente, conta com tr\u00eas N\u00facleos de Apoio, que s\u00e3o pequenos escrit\u00f3rios de representa\u00e7\u00e3o e apoio operacional, nas cidades de Natal (RN), Cuiab\u00e1 (MT) e Crici\u00fama (SC). A sede pol\u00edtica da empresa localiza-se em Bras\u00edlia (DF) e o escrit\u00f3rio central da Administra\u00e7\u00e3o e dos departamentos t\u00e9cnicos situa-se no Rio de Janeiro (RJ). Afora a rede de unidades operacionais, a CPRM tem tr\u00eas centros de treinamento, nas cidades de Apia\u00ed (SP), Morro do Chap\u00e9u (BA) e Ca\u00e7apava do Sul (RS).<\/p>\n<h2>Concurso CPRM Manaus<\/h2>\n<p>O Servi\u00e7o Geol\u00f3gico do Brasil &#8211; CPRM \u00e9 uma empresa p\u00fablica vinculada ao Governo Federal. O ingresso se d\u00e1 atrav\u00e9s de <em>concurso p\u00fablico<\/em>. H\u00e1 oportunidades tamb\u00e9m para estagi\u00e1rio, jovem aprendiz e prestador de servi\u00e7o.<\/p>\n<p>Os <em>concursos<\/em> s\u00e3o abertos de acordo com as necessidades do quadro funcional da empresa. <a href=\"http:\/\/www.cprm.gov.br\/publique\/Sobre-a-CPRM\/Gestao-de-Pessoas-163\" target=\"_blank\" rel=\"noopener noreferrer\">Aqui<\/a> \u00e9 poss\u00edvel obter informa\u00e7\u00f5es sobre <em>concursos anteriores<\/em> e ter acesso aos editais, provas e gabaritos anteriores.<\/p>\n<h3>Hor\u00e1rio de Funcionamento CPRM Manaus<\/h3>\n<ul>\n<li>Segunda a sexta das 8h \u00e0s 17h<\/li>\n<\/ul>\n<h3>Onde Fica,\u00a0Endere\u00e7o e Telefone CPRM Manaus<\/h3>\n<ul>\n<li>Av. Andr\u00e9 Ara\u00fajo, 2160 &#8211; Aleixo &#8211; Manaus &#8211; AM<\/li>\n<li>Telefone: (92) 2126-0300<\/li>\n<\/ul>\n<h4>Outras informa\u00e7\u00f5es: Site e CNPJ<\/h4>\n<ul>\n<li>Mais informa\u00e7\u00f5es:\u00a0<a href=\"http:\/\/www.cprm.gov.br\" target=\"_blank\" rel=\"noopener noreferrer\">www.cprm.gov.br<\/a><\/li>\n<li>CNPJ: 00.091.652\/0004-21<\/li>\n<\/ul>\n<h4>Mapa de localiza\u00e7\u00e3o<\/h4>\n<a class=\"wp-colorbox-iframe\" href=\"https:\/\/www.google.com\/maps\/embed?pb=!1m14!1m8!1m3!1d15935.923136904154!2d-59.9952799!3d-3.0997654!3m2!1i1024!2i768!4f13.1!3m3!1m2!1s0x00x70ee875abf92b657!2sCPRM+-+Servio+Geolgico+do+Brasil!5e0!3m2!1spt-BR!2sbr!4v1518713288964\"><img decoding=\"async\" src=\"http:\/\/www.encontrabelohorizonte.com.br\/imgs\/maps-post.png\"><\/a>\n\n<div style=\"font-size: 0px; height: 0px; line-height: 0px; margin: 0; padding: 0; clear: both;\"><\/div>","protected":false},"excerpt":{"rendered":"<p>A CPRM Manaus \u00e9 uma empresa de economia mista, vinculada ao Minist\u00e9rio de Minas e Energia, com a miss\u00e3o estrat\u00e9gica de organizar e sistematizar o conhecimento geol\u00f3gico do territ\u00f3rio brasileiro. Entendeu-se, ent\u00e3o, que esse lastro infraestrutural era indispens\u00e1vel para garantir o crescimento econ\u00f4mico projetado para as d\u00e9cadas seguintes, com o suprimento de insumos minerais nativos, em substitui\u00e7\u00e3o aos importados. Isso explica o boom mineral dos anos 70 e 80, \u00e9poca em que se descobriram in\u00fameras jazidas, muitas das quais, ainda hoje, abastecem a ind\u00fastria nacional. A empresa executava os programas do Departamento Nacional de Produ\u00e7\u00e3o Mineral \u2013 DNPM, do Departamento <\/p>\n","protected":false},"author":1,"featured_media":0,"parent":0,"menu_order":0,"comment_status":"closed","ping_status":"closed","template":"","meta":{"footnotes":""},"class_list":["post-1499","page","type-page","status-publish","hentry"],"aioseo_notices":[],"_links":{"self":[{"href":"https:\/\/www.encontramanausam.com.br\/sobre\/wp-json\/wp\/v2\/pages\/1499","targetHints":{"allow":["GET"]}}],"collection":[{"href":"https:\/\/www.encontramanausam.com.br\/sobre\/wp-json\/wp\/v2\/pages"}],"about":[{"href":"https:\/\/www.encontramanausam.com.br\/sobre\/wp-json\/wp\/v2\/types\/page"}],"author":[{"embeddable":true,"href":"https:\/\/www.encontramanausam.com.br\/sobre\/wp-json\/wp\/v2\/users\/1"}],"replies":[{"embeddable":true,"href":"https:\/\/www.encontramanausam.com.br\/sobre\/wp-json\/wp\/v2\/comments?post=1499"}],"version-history":[{"count":6,"href":"https:\/\/www.encontramanausam.com.br\/sobre\/wp-json\/wp\/v2\/pages\/1499\/revisions"}],"predecessor-version":[{"id":3906,"href":"https:\/\/www.encontramanausam.com.br\/sobre\/wp-json\/wp\/v2\/pages\/1499\/revisions\/3906"}],"wp:attachment":[{"href":"https:\/\/www.encontramanausam.com.br\/sobre\/wp-json\/wp\/v2\/media?parent=1499"}],"curies":[{"name":"wp","href":"https:\/\/api.w.org\/{rel}","templated":true}]}}