{"id":1496,"date":"2018-02-15T13:57:21","date_gmt":"2018-02-15T16:57:21","guid":{"rendered":"http:\/\/www.encontramanausam.com.br\/sobre\/?page_id=1496"},"modified":"2019-04-11T11:07:50","modified_gmt":"2019-04-11T14:07:50","slug":"csu-manaus","status":"publish","type":"page","link":"https:\/\/www.encontramanausam.com.br\/sobre\/csu-manaus\/","title":{"rendered":"Csu Manaus"},"content":{"rendered":"<div class=\"882fdd0d88065009358e99f1a9406c55\" data-index=\"1\" style=\"float: none; margin:0px;\">\n<script async src=\"https:\/\/pagead2.googlesyndication.com\/pagead\/js\/adsbygoogle.js?client=ca-pub-8585364105181520\"\r\n     crossorigin=\"anonymous\"><\/script>\r\n<!-- Anuncio display - global -->\r\n<ins class=\"adsbygoogle\"\r\n     style=\"display:block\"\r\n     data-ad-client=\"ca-pub-8585364105181520\"\r\n     data-ad-slot=\"8789329856\"\r\n     data-ad-format=\"auto\"\r\n     data-full-width-responsive=\"true\"><\/ins>\r\n<script>\r\n     (adsbygoogle = window.adsbygoogle || []).push({});\r\n<\/script>\n<\/div>\n<p>O <strong>Csu Manaus<\/strong> do Parque Dez foi inaugurado no dia 25 de julho de 1977, como um pedido da comunidade que sentia falta de entretenimento e servi\u00e7os do bairro<\/p>\n<p>O projeto possui 06 quadras poliesportivas, 02 campos de futebol, 02 piscinas, 01 anfiteatro, parquinho infantil, academia ao ar livre, \u00e1rea de caminhada, al\u00e9m de funcionar uma escola e uma delegacia no local.<\/p>\n<p><img loading=\"lazy\" decoding=\"async\" class=\"aligncenter wp-image-1497 size-full\" title=\"Csu Manaus\" src=\"http:\/\/www.encontramanausam.com.br\/sobre\/wp-content\/uploads\/2018\/02\/csu-manaus.jpg\" alt=\"Csu Manaus\" width=\"680\" height=\"189\" srcset=\"https:\/\/www.encontramanausam.com.br\/sobre\/wp-content\/uploads\/2018\/02\/csu-manaus.jpg 680w, https:\/\/www.encontramanausam.com.br\/sobre\/wp-content\/uploads\/2018\/02\/csu-manaus-300x83.jpg 300w\" sizes=\"auto, (max-width: 680px) 100vw, 680px\" \/><\/p>\n<h2>Arraial Csu Manaus<\/h2>\n<p>O <em>Arrraial do CSU<\/em>, que \u00e9 um dos mais requisitados da cidade, conta com apresenta\u00e7\u00f5es de quadrilhas, parque de divers\u00f5es e barracas de comidas t\u00edpicas, como tacac\u00e1, milho cozido e vatap\u00e1.<\/p>\n<h3>Festival Csu Manaus<\/h3>\n<p>Tradicional em Manaus, O <span style=\"text-decoration: underline;\">Festival<\/span> Folcl\u00f3rico do Centro Social Urbano (CSU) do Parque Dez, na Zona Centro-Sul de Manaus, re\u00fane fam\u00edlias.. O evento traz apresenta\u00e7\u00f5es de dan\u00e7a, m\u00fasicas da \u00e9poca, al\u00e9m de brincadeiras de quermesses e barracas com comidas t\u00edpicas. Mais de 160 dan\u00e7as se apresentar\u00e3o no festival folcl\u00f3rico.<\/p>\n<h3>Csu Manaus Boxe e Nata\u00e7\u00e3o<\/h3>\n<p>Desde que foi criado o Centro Social Urbano Presidente Humberto de Alencar Castelo Branco, o CSU do Parque 10, na Zona Centro Sul da capital, re\u00fane cerca de cinco a sete mil pessoas por dia para as atividades dispon\u00edveis no local. Entre elas <em>Boxe e Nata\u00e7\u00e3o.<\/em><\/p>\n<h3>Hor\u00e1rio de Funcionamento Csu Manaus<\/h3>\n<ul>\n<li>Domingo a segunda das 6h \u00e0s 22h<\/li>\n<\/ul>\n<h3>Onde Fica,\u00a0Endere\u00e7o e Telefone Csu Manaus<\/h3>\n<ul>\n<li>Avenida Perimetral, 22 &#8211; Parque Dez de Novembro &#8211; Manaus &#8211; AM<\/li>\n<li>Telefone: (92) 3236-8640<\/li>\n<\/ul>\n<h4>Outras informa\u00e7\u00f5es e site<\/h4>\n<ul>\n<li>Mais informa\u00e7\u00f5es:\u00a0<a href=\"http:\/\/manaus360.com.br\/loja\/csu\/\" target=\"_blank\" rel=\"noopener noreferrer\">www.manaus360.com.br\/<\/a><\/li>\n<\/ul>\n<h4>Mapa de localiza\u00e7\u00e3o<\/h4>\n<a class=\"wp-colorbox-iframe\" href=\"https:\/\/www.google.com\/maps\/embed?pb=!1m14!1m8!1m3!1d15936.179542265916!2d-60.0094535!3d-3.0826952!3m2!1i1024!2i768!4f13.1!3m3!1m2!1s0x00x6f6df11a31a5733d!2sCentro+Social+Urbano+-+Parque+Dez!5e0!3m2!1spt-BR!2sbr!4v1518712231865\"><img decoding=\"async\" src=\"http:\/\/www.encontrabelohorizonte.com.br\/imgs\/maps-post.png\"><\/a>\n\n<div style=\"font-size: 0px; height: 0px; line-height: 0px; margin: 0; padding: 0; clear: both;\"><\/div>","protected":false},"excerpt":{"rendered":"<p>O Csu Manaus do Parque Dez foi inaugurado no dia 25 de julho de 1977, como um pedido da comunidade que sentia falta de entretenimento e servi\u00e7os do bairro O projeto possui 06 quadras poliesportivas, 02 campos de futebol, 02 piscinas, 01 anfiteatro, parquinho infantil, academia ao ar livre, \u00e1rea de caminhada, al\u00e9m de funcionar uma escola e uma delegacia no local. Arraial Csu Manaus O Arrraial do CSU, que \u00e9 um dos mais requisitados da cidade, conta com apresenta\u00e7\u00f5es de quadrilhas, parque de divers\u00f5es e barracas de comidas t\u00edpicas, como tacac\u00e1, milho cozido e vatap\u00e1. Festival Csu Manaus Tradicional <\/p>\n","protected":false},"author":1,"featured_media":0,"parent":0,"menu_order":0,"comment_status":"closed","ping_status":"closed","template":"","meta":{"footnotes":""},"class_list":["post-1496","page","type-page","status-publish","hentry"],"aioseo_notices":[],"_links":{"self":[{"href":"https:\/\/www.encontramanausam.com.br\/sobre\/wp-json\/wp\/v2\/pages\/1496","targetHints":{"allow":["GET"]}}],"collection":[{"href":"https:\/\/www.encontramanausam.com.br\/sobre\/wp-json\/wp\/v2\/pages"}],"about":[{"href":"https:\/\/www.encontramanausam.com.br\/sobre\/wp-json\/wp\/v2\/types\/page"}],"author":[{"embeddable":true,"href":"https:\/\/www.encontramanausam.com.br\/sobre\/wp-json\/wp\/v2\/users\/1"}],"replies":[{"embeddable":true,"href":"https:\/\/www.encontramanausam.com.br\/sobre\/wp-json\/wp\/v2\/comments?post=1496"}],"version-history":[{"count":4,"href":"https:\/\/www.encontramanausam.com.br\/sobre\/wp-json\/wp\/v2\/pages\/1496\/revisions"}],"predecessor-version":[{"id":3904,"href":"https:\/\/www.encontramanausam.com.br\/sobre\/wp-json\/wp\/v2\/pages\/1496\/revisions\/3904"}],"wp:attachment":[{"href":"https:\/\/www.encontramanausam.com.br\/sobre\/wp-json\/wp\/v2\/media?parent=1496"}],"curies":[{"name":"wp","href":"https:\/\/api.w.org\/{rel}","templated":true}]}}