{"id":1485,"date":"2018-02-15T13:31:20","date_gmt":"2018-02-15T16:31:20","guid":{"rendered":"http:\/\/www.encontramanausam.com.br\/sobre\/?page_id=1485"},"modified":"2019-04-11T11:06:50","modified_gmt":"2019-04-11T14:06:50","slug":"cartorio-pinheiro-manaus","status":"publish","type":"page","link":"https:\/\/www.encontramanausam.com.br\/sobre\/cartorio-pinheiro-manaus\/","title":{"rendered":"Cart\u00f3rio Pinheiro Manaus"},"content":{"rendered":"<div class=\"882fdd0d88065009358e99f1a9406c55\" data-index=\"1\" style=\"float: none; margin:0px;\">\n<script async src=\"https:\/\/pagead2.googlesyndication.com\/pagead\/js\/adsbygoogle.js?client=ca-pub-8585364105181520\"\r\n     crossorigin=\"anonymous\"><\/script>\r\n<!-- Anuncio display - global -->\r\n<ins class=\"adsbygoogle\"\r\n     style=\"display:block\"\r\n     data-ad-client=\"ca-pub-8585364105181520\"\r\n     data-ad-slot=\"8789329856\"\r\n     data-ad-format=\"auto\"\r\n     data-full-width-responsive=\"true\"><\/ins>\r\n<script>\r\n     (adsbygoogle = window.adsbygoogle || []).push({});\r\n<\/script>\n<\/div>\n<p>O <strong>Cart\u00f3rio Pinheiro Manaus<\/strong> est\u00e1 localizado no Centro de Manaus e tem como titular Raymundo Lucimar Marques Pinheiro e substituto Lucas Marques Pinheiro Sobrinho.<\/p>\n<p>Servi\u00e7os oferecidos: Escrituras, Procura\u00e7\u00f5es, Autentica\u00e7\u00e3o. Inst.P\u00fablicos e Particulares, Testamentos, Contratos, Recibos, Reconhecimento de Firma, Div\u00f3rcios, Emancipa\u00e7\u00e3o e Pactos Antenupciais.<\/p>\n<p><img loading=\"lazy\" decoding=\"async\" class=\"aligncenter wp-image-1486 size-full\" title=\"Cart\u00f3rio Pinheiro Manaus\" src=\"http:\/\/www.encontramanausam.com.br\/sobre\/wp-content\/uploads\/2018\/02\/cartorio-pinheiro-manaus.jpg\" alt=\"Cart\u00f3rio Pinheiro Manaus\" width=\"680\" height=\"189\" srcset=\"https:\/\/www.encontramanausam.com.br\/sobre\/wp-content\/uploads\/2018\/02\/cartorio-pinheiro-manaus.jpg 680w, https:\/\/www.encontramanausam.com.br\/sobre\/wp-content\/uploads\/2018\/02\/cartorio-pinheiro-manaus-300x83.jpg 300w\" sizes=\"auto, (max-width: 680px) 100vw, 680px\" \/><\/p>\n<p>O trabalho \u00e9 guiado pela busca de uma sociedade mais justa e harmoniosa, pautado por conceitos como humaniza\u00e7\u00e3o e \u00e9tica e pelo atendimento sem distin\u00e7\u00f5es ou classifica\u00e7\u00f5es.<\/p>\n<p>O Instituto n\u00e3o mede esfor\u00e7os para propiciar melhorias em seu ambiente de trabalho e incrementar performances com o \u00fanico objetivo de proporcionar servi\u00e7os de grande qualidade aos que deles necessitam.<\/p>\n<h2>Hor\u00e1rio de Funcionamento Cart\u00f3rio Pinheiro Manaus<\/h2>\n<ul>\n<li>Segunda a sexta das 8h \u00e0s 16h.<\/li>\n<\/ul>\n<h3>Onde Fica,\u00a0Endere\u00e7o e Telefone Cart\u00f3rio Pinheiro Manaus<\/h3>\n<ul>\n<li>R. Jos\u00e9 Clemente, 336 &#8211; Centro &#8211; Manaus &#8211; AM<\/li>\n<li>Telefone: (92) 2123-7979<\/li>\n<\/ul>\n<h4>Outras informa\u00e7\u00f5es e site<\/h4>\n<ul>\n<li>Mais informa\u00e7\u00f5es:\u00a0<a href=\"http:\/\/guiabrasildecartorios.com.br\/cadastro\/cartorio-pinheiro\/\" target=\"_blank\" rel=\"noopener noreferrer\">www.guiabrasildecartorios.com.br<\/a><\/li>\n<\/ul>\n<h4>Mapa de localiza\u00e7\u00e3o<\/h4>\n<a class=\"wp-colorbox-iframe\" href=\"https:\/\/www.google.com\/maps\/embed?pb=!1m14!1m8!1m3!1d15935.454051996341!2d-60.0251666!3d-3.1307541!3m2!1i1024!2i768!4f13.1!3m3!1m2!1s0x00x554dcb00692d5894!2sCartrio+Pinheiro+3+Ofcio+de+Notas!5e0!3m2!1spt-BR!2sbr!4v1518710663767\"><img decoding=\"async\" src=\"http:\/\/www.encontrabelohorizonte.com.br\/imgs\/maps-post.png\"><\/a>\n\n<div style=\"font-size: 0px; height: 0px; line-height: 0px; margin: 0; padding: 0; clear: both;\"><\/div>","protected":false},"excerpt":{"rendered":"<p>O Cart\u00f3rio Pinheiro Manaus est\u00e1 localizado no Centro de Manaus e tem como titular Raymundo Lucimar Marques Pinheiro e substituto Lucas Marques Pinheiro Sobrinho. Servi\u00e7os oferecidos: Escrituras, Procura\u00e7\u00f5es, Autentica\u00e7\u00e3o. Inst.P\u00fablicos e Particulares, Testamentos, Contratos, Recibos, Reconhecimento de Firma, Div\u00f3rcios, Emancipa\u00e7\u00e3o e Pactos Antenupciais. O trabalho \u00e9 guiado pela busca de uma sociedade mais justa e harmoniosa, pautado por conceitos como humaniza\u00e7\u00e3o e \u00e9tica e pelo atendimento sem distin\u00e7\u00f5es ou classifica\u00e7\u00f5es. O Instituto n\u00e3o mede esfor\u00e7os para propiciar melhorias em seu ambiente de trabalho e incrementar performances com o \u00fanico objetivo de proporcionar servi\u00e7os de grande qualidade aos que deles necessitam. <\/p>\n","protected":false},"author":1,"featured_media":0,"parent":0,"menu_order":0,"comment_status":"closed","ping_status":"closed","template":"","meta":{"footnotes":""},"class_list":["post-1485","page","type-page","status-publish","hentry"],"aioseo_notices":[],"_links":{"self":[{"href":"https:\/\/www.encontramanausam.com.br\/sobre\/wp-json\/wp\/v2\/pages\/1485","targetHints":{"allow":["GET"]}}],"collection":[{"href":"https:\/\/www.encontramanausam.com.br\/sobre\/wp-json\/wp\/v2\/pages"}],"about":[{"href":"https:\/\/www.encontramanausam.com.br\/sobre\/wp-json\/wp\/v2\/types\/page"}],"author":[{"embeddable":true,"href":"https:\/\/www.encontramanausam.com.br\/sobre\/wp-json\/wp\/v2\/users\/1"}],"replies":[{"embeddable":true,"href":"https:\/\/www.encontramanausam.com.br\/sobre\/wp-json\/wp\/v2\/comments?post=1485"}],"version-history":[{"count":4,"href":"https:\/\/www.encontramanausam.com.br\/sobre\/wp-json\/wp\/v2\/pages\/1485\/revisions"}],"predecessor-version":[{"id":3902,"href":"https:\/\/www.encontramanausam.com.br\/sobre\/wp-json\/wp\/v2\/pages\/1485\/revisions\/3902"}],"wp:attachment":[{"href":"https:\/\/www.encontramanausam.com.br\/sobre\/wp-json\/wp\/v2\/media?parent=1485"}],"curies":[{"name":"wp","href":"https:\/\/api.w.org\/{rel}","templated":true}]}}