{"id":147,"date":"2017-12-11T11:17:06","date_gmt":"2017-12-11T14:17:06","guid":{"rendered":"http:\/\/www.encontramanausam.com.br\/sobre\/?page_id=147"},"modified":"2025-12-05T15:24:19","modified_gmt":"2025-12-05T18:24:19","slug":"prefeitura-de-manaus","status":"publish","type":"page","link":"https:\/\/www.encontramanausam.com.br\/sobre\/prefeitura-de-manaus\/","title":{"rendered":"Prefeitura de Manaus"},"content":{"rendered":"<div class=\"882fdd0d88065009358e99f1a9406c55\" data-index=\"1\" style=\"float: none; margin:0px;\">\n<script async src=\"https:\/\/pagead2.googlesyndication.com\/pagead\/js\/adsbygoogle.js?client=ca-pub-8585364105181520\"\r\n     crossorigin=\"anonymous\"><\/script>\r\n<!-- Anuncio display - global -->\r\n<ins class=\"adsbygoogle\"\r\n     style=\"display:block\"\r\n     data-ad-client=\"ca-pub-8585364105181520\"\r\n     data-ad-slot=\"8789329856\"\r\n     data-ad-format=\"auto\"\r\n     data-full-width-responsive=\"true\"><\/ins>\r\n<script>\r\n     (adsbygoogle = window.adsbygoogle || []).push({});\r\n<\/script>\n<\/div>\n<p>A <strong>Prefeitura de Manaus<\/strong> \u00e9 a sede do poder executivo do munic\u00edpio. A Prefeitura abriga secretarias da educa\u00e7\u00e3o, sa\u00fade, meio ambiente e v\u00e1rias outras.<\/p>\n<p>Na sede da Prefeitura de Manaus, est\u00e3o instalados o Gabinete do prefeito e do vice-prefeito, al\u00e9m de secretarias e \u00f3rg\u00e3os.<\/p>\n<p><img loading=\"lazy\" decoding=\"async\" class=\"aligncenter wp-image-148 size-full\" title=\"Prefeitura de Manaus\" src=\"http:\/\/www.encontramanausam.com.br\/sobre\/wp-content\/uploads\/2017\/12\/prefeitura-de-manaus.jpg\" alt=\"Prefeitura de Manaus\" width=\"680\" height=\"189\" srcset=\"https:\/\/www.encontramanausam.com.br\/sobre\/wp-content\/uploads\/2017\/12\/prefeitura-de-manaus.jpg 680w, https:\/\/www.encontramanausam.com.br\/sobre\/wp-content\/uploads\/2017\/12\/prefeitura-de-manaus-300x83.jpg 300w\" sizes=\"auto, (max-width: 680px) 100vw, 680px\" \/><\/p>\n<p>No local, o contribuinte tem acesso a servi\u00e7os como: Nota Fiscal Eletr\u00f4nica (Prefeitura de Manaus); Declara\u00e7\u00e3o de Servi\u00e7o; Emiss\u00e3o da 2\u00aa via do IPTU da Prefeitura Municipal; Consulta de Processos; Di\u00e1rio Oficial; entre outros.<\/p>\n<h2>Contracheque Prefeitura de Manaus<\/h2>\n<p>Se voc\u00ea \u00e9 um Servidor Municipal (ativo, inativo, aposentado ou pensionista) tem direito a consultar o Contra Cheque da Prefeitura de Manaus sempre que achar necess\u00e1rio.<\/p>\n<p>Para realizar o acesso voc\u00ea deve ter em m\u00e3os ou o n\u00famero da sua matr\u00edcula ou o n\u00famero do seu CPF.<br \/>\nVoc\u00ea ter\u00e1 acesso online \u00e0s informa\u00e7\u00f5es funcionais, como:<\/p>\n<ul>\n<li>Comprovante de rendimentos pagos;<\/li>\n<li>Holerites;<\/li>\n<li>Comprovante de imposto sobre renda retido na fonte.<\/li>\n<\/ul>\n<h3>Prefeitura de Manaus Iptu<\/h3>\n<p>Todos os anos os propriet\u00e1rios de um ou mais im\u00f3veis na cidade de Manaus devem pagar o <span style=\"text-decoration: underline;\">IPTU<\/span> (Imposto Predial e Territorial Urbano). Em alguns casos, o possuidor, mesmo n\u00e3o sendo o propriet\u00e1rio, \u00e9 o contribuinte do imposto.<\/p>\n<p>Na cidade de Manaus o contribuinte pode pagar o valor em cota \u00fanica (com desconto) ou em at\u00e9 dez cotas iguais. Voc\u00ea pode consultar e imprimir a segunda via do seu <span style=\"text-decoration: underline;\">IPTU<\/span> diretamente no site da Prefeitura de Manaus.<em><br \/>\n<\/em><\/p>\n<h3>Prefeitura de Manaus Semef<\/h3>\n<p>A Secretaria Municipal de Finan\u00e7as, Tecnologia da Informa\u00e7\u00e3o e Controle Interno (<em>Semef<\/em>) integra a Administra\u00e7\u00e3o Direta do Poder Executivo para cumprimento das seguintes finalidades:<\/p>\n<p>I \u2013 organizar, gerenciar e disciplinar os processos de arrecada\u00e7\u00e3o, or\u00e7amento, execu\u00e7\u00e3o financeira e contabilidade p\u00fablica;<br \/>\nII \u2013 elaborar o Balan\u00e7o Geral do Munic\u00edpio, com a proposi\u00e7\u00e3o de medidas objetivando a consolida\u00e7\u00e3o das informa\u00e7\u00f5es financeiras e cont\u00e1beis dos diversos setores do Poder Executivo;<br \/>\nIII \u2013 formular, desenvolver e implementar a Pol\u00edtica de Tecnologia de Informa\u00e7\u00f5es e Comunica\u00e7\u00f5es (TIC) no \u00e2mbito da Administra\u00e7\u00e3o Municipal, inclu\u00eddos os projetos e a\u00e7\u00f5es voltados ao geoprocessamento;<br \/>\nIV \u2013 gerir o Programa de PPP \u2013 Manaus, institu\u00eddo pela Lei n. 1.333, de 19 de maio de 2009;<br \/>\nV \u2013 guardar e zelar pelo cumprimento dos princ\u00edpios e normas que regem a Administra\u00e7\u00e3o P\u00fablica e o Controle Interno;<br \/>\nVI \u2013 coordenar, orientar, supervisionar e realizar as atividades inerentes ao Sistema de Controle Interno do Munic\u00edpio;<br \/>\nVII \u2013 implementar meios e condi\u00e7\u00f5es indispens\u00e1veis para o efetivo funcionamento do Sistema Integrado de Controle Interno do Poder Executivo e auxiliar o controle externo na sua miss\u00e3o institucional;<br \/>\nVIII \u2013 coordenar e orientar, t\u00e9cnica e normativamente, as atividades relacionadas \u00e0 Gest\u00e3o, no \u00e2mbito da <span style=\"text-decoration: underline;\">Semef<\/span>, e as demais atividades de suporte necess\u00e1rias ao cumprimento dos objetivos da pasta;<br \/>\nIX \u2013 expedir certid\u00e3o de endere\u00e7o e numera\u00e7\u00e3o;<br \/>\nX \u2013 gerir as compras realizadas pela Administra\u00e7\u00e3o P\u00fablica, instituir e gerenciar o Banco de Pre\u00e7os, o Registro de Pre\u00e7os, Padroniza\u00e7\u00e3o e Contratos, Padroniza\u00e7\u00e3o de Materiais e Servi\u00e7os, Estoque e Recebimento de Materiais e cadastro de fornecedores do munic\u00edpio de Manaus;<br \/>\nXI \u2013 realizar os concursos p\u00fablicos para provimento de cargos efetivos da <span style=\"text-decoration: underline;\">Semef<\/span>, incluindo os cargos do controle interno.<\/p>\n<h3>Prefeitura de Manaus Semed<\/h3>\n<p>A <span style=\"text-decoration: underline;\">Semed<\/span> gerencia a \u00e1rea educacional do munic\u00edpio, nos n\u00edveis de Educa\u00e7\u00e3o Infantil e Ensino Fundamental, executando todas as etapas da Pol\u00edtica Municipal de Educa\u00e7\u00e3o. Planeja, coordena, controla e executa atividades que garantem os recursos, m\u00e9todos e profissionais necess\u00e1rios para a presta\u00e7\u00e3o de servi\u00e7os educacionais de qualidade aos cidad\u00e3os.<\/p>\n<h3>Hor\u00e1rio de Funcionamento Prefeitura de Manaus<\/h3>\n<ul>\n<li>Segunda a sexta das 8h \u00e0s 17h.<\/li>\n<\/ul>\n<h3>Onde Fica, Endere\u00e7o e Telefone Prefeitura de Manaus<\/h3>\n<ul>\n<li>Av. Brasil, 2971 &#8211; Compensa &#8211; Manaus &#8211; AM<\/li>\n<li>Telefone: (92) 3673-2014<\/li>\n<\/ul>\n<h4>Outras informa\u00e7\u00f5es e site<\/h4>\n<ul>\n<li>Mais informa\u00e7\u00f5es:\u00a0<a href=\"https:\/\/manaus.prefeituras.org\/\" target=\"_blank\" rel=\"noopener noreferrer\">manaus.prefeituras.org<\/a><\/li>\n<\/ul>\n<h4>Mapa de localiza\u00e7\u00e3o<\/h4>\n<a class=\"wp-colorbox-iframe\" href=\"https:\/\/www.google.com\/maps\/embed?pb=!1m14!1m8!1m3!1d15935.780958222287!2d-60.0507505!3d-3.1091906!3m2!1i1024!2i768!4f13.1!3m3!1m2!1s0x00x7936133fa16674ba!2sPrefeitura+Municipal+de+Manaus!5e0!3m2!1spt-BR!2sbr!4v1512782904927\"><img decoding=\"async\" src=\"http:\/\/www.encontrabelohorizonte.com.br\/imgs\/maps-post.png\"><\/a>\n\n<div style=\"font-size: 0px; height: 0px; line-height: 0px; margin: 0; padding: 0; clear: both;\"><\/div>","protected":false},"excerpt":{"rendered":"<p>A Prefeitura de Manaus \u00e9 a sede do poder executivo do munic\u00edpio. A Prefeitura abriga secretarias da educa\u00e7\u00e3o, sa\u00fade, meio ambiente e v\u00e1rias outras. Na sede da Prefeitura de Manaus, est\u00e3o instalados o Gabinete do prefeito e do vice-prefeito, al\u00e9m de secretarias e \u00f3rg\u00e3os. No local, o contribuinte tem acesso a servi\u00e7os como: Nota Fiscal Eletr\u00f4nica (Prefeitura de Manaus); Declara\u00e7\u00e3o de Servi\u00e7o; Emiss\u00e3o da 2\u00aa via do IPTU da Prefeitura Municipal; Consulta de Processos; Di\u00e1rio Oficial; entre outros. Contracheque Prefeitura de Manaus Se voc\u00ea \u00e9 um Servidor Municipal (ativo, inativo, aposentado ou pensionista) tem direito a consultar o Contra Cheque <\/p>\n","protected":false},"author":1,"featured_media":0,"parent":0,"menu_order":0,"comment_status":"closed","ping_status":"closed","template":"","meta":{"footnotes":""},"class_list":["post-147","page","type-page","status-publish","hentry"],"aioseo_notices":[],"_links":{"self":[{"href":"https:\/\/www.encontramanausam.com.br\/sobre\/wp-json\/wp\/v2\/pages\/147","targetHints":{"allow":["GET"]}}],"collection":[{"href":"https:\/\/www.encontramanausam.com.br\/sobre\/wp-json\/wp\/v2\/pages"}],"about":[{"href":"https:\/\/www.encontramanausam.com.br\/sobre\/wp-json\/wp\/v2\/types\/page"}],"author":[{"embeddable":true,"href":"https:\/\/www.encontramanausam.com.br\/sobre\/wp-json\/wp\/v2\/users\/1"}],"replies":[{"embeddable":true,"href":"https:\/\/www.encontramanausam.com.br\/sobre\/wp-json\/wp\/v2\/comments?post=147"}],"version-history":[{"count":9,"href":"https:\/\/www.encontramanausam.com.br\/sobre\/wp-json\/wp\/v2\/pages\/147\/revisions"}],"predecessor-version":[{"id":4847,"href":"https:\/\/www.encontramanausam.com.br\/sobre\/wp-json\/wp\/v2\/pages\/147\/revisions\/4847"}],"wp:attachment":[{"href":"https:\/\/www.encontramanausam.com.br\/sobre\/wp-json\/wp\/v2\/media?parent=147"}],"curies":[{"name":"wp","href":"https:\/\/api.w.org\/{rel}","templated":true}]}}