{"id":1423,"date":"2018-02-15T09:45:15","date_gmt":"2018-02-15T12:45:15","guid":{"rendered":"http:\/\/www.encontramanausam.com.br\/sobre\/?page_id=1423"},"modified":"2019-04-10T22:52:38","modified_gmt":"2019-04-11T01:52:38","slug":"serasa-manaus","status":"publish","type":"page","link":"https:\/\/www.encontramanausam.com.br\/sobre\/serasa-manaus\/","title":{"rendered":"Serasa Manaus"},"content":{"rendered":"<div class=\"882fdd0d88065009358e99f1a9406c55\" data-index=\"1\" style=\"float: none; margin:0px;\">\n<script async src=\"https:\/\/pagead2.googlesyndication.com\/pagead\/js\/adsbygoogle.js?client=ca-pub-8585364105181520\"\r\n     crossorigin=\"anonymous\"><\/script>\r\n<!-- Anuncio display - global -->\r\n<ins class=\"adsbygoogle\"\r\n     style=\"display:block\"\r\n     data-ad-client=\"ca-pub-8585364105181520\"\r\n     data-ad-slot=\"8789329856\"\r\n     data-ad-format=\"auto\"\r\n     data-full-width-responsive=\"true\"><\/ins>\r\n<script>\r\n     (adsbygoogle = window.adsbygoogle || []).push({});\r\n<\/script>\n<\/div>\n<p>Presente h\u00e1 quase 50 anos no mercado brasileiro, a Serasa Experian \u00e9 respons\u00e1vel pela maior base de dados da Am\u00e9rica Latina e oferece os relat\u00f3rios mais precisos e eficazes do mercado.<\/p>\n<p>O <strong>Serasa Manaus<\/strong> apoia empresas e consumidores em suas decis\u00f5es de cr\u00e9dito e oferece solu\u00e7\u00f5es para gest\u00e3o de riscos, marketing e certifica\u00e7\u00e3o digital.<\/p>\n<p><img loading=\"lazy\" decoding=\"async\" class=\"aligncenter wp-image-1424 size-full\" title=\"Serasa Manaus\" src=\"http:\/\/www.encontramanausam.com.br\/sobre\/wp-content\/uploads\/2018\/02\/serasa-manaus.jpg\" alt=\"Serasa Manaus\" width=\"680\" height=\"189\" srcset=\"https:\/\/www.encontramanausam.com.br\/sobre\/wp-content\/uploads\/2018\/02\/serasa-manaus.jpg 680w, https:\/\/www.encontramanausam.com.br\/sobre\/wp-content\/uploads\/2018\/02\/serasa-manaus-300x83.jpg 300w\" sizes=\"auto, (max-width: 680px) 100vw, 680px\" \/><\/p>\n<p>Desde 2007 \u00e9 parte do grupo Experian, a maior refer\u00eancia mundial em servi\u00e7os de informa\u00e7\u00e3o. Por meio das solu\u00e7\u00f5es tecnol\u00f3gicas e inovadoras, amplia oportunidades para pessoas e empresas e trabalha para criar um amanh\u00e3 melhor.<\/p>\n<p>O Serasa denvolve as melhores solu\u00e7\u00f5es para reduzir riscos de cr\u00e9dito, evitar fraudes, vender a prazo com seguran\u00e7a, identificar parceiros, analisar fornecedores e renegociar ou recuperar d\u00edvidas.<\/p>\n<p>Para a Serasa Experian, n\u00e3o basta ser o maior banco de dados. \u00c9 fundamental garantirmos que todas as informa\u00e7\u00f5es estejam corretas, consistentes e continuamente atualizadas.<\/p>\n<p>No mundo, o Grupo Experian conta com os melhores profissionais de TI, an\u00e1lise de dados, cr\u00e9dito, analytics e demais \u00e1reas de apoio.<\/p>\n<p>O Serasa denvolve solu\u00e7\u00f5es inovadoras, traduzindo algoritmos e estudos complexos em solu\u00e7\u00f5es simples para os clientes.<\/p>\n<p>A lideran\u00e7a da Serasa Experian se amplia a cada ano porque n\u00e3o para de investir. Esta constantemente buscando novas informa\u00e7\u00f5es e realizando parcerias, para trazer o que de fato faz a diferen\u00e7a na hora de realizar um novo neg\u00f3cio.<\/p>\n<p>Tamb\u00e9m tem informa\u00e7\u00f5es dos hist\u00f3ricos dos Balan\u00e7os Patrimoniais das empresas no Brasil (cerca de 80 mil do \u00faltimo ano), o que permite realizar estudos setoriais, an\u00e1lises econ\u00f4micas e modelos de rating muito mais poderosos para agilizar o processo de an\u00e1lise de decis\u00e3o.<\/p>\n<h2>Serasa Manaus Limpa Nome<\/h2>\n<p>Negocie e <em>limpe seu nome<\/em> com tranquilidade e comodidade.<\/p>\n<p>Com o\u00a0Limpa Nome Online, agora voc\u00ea tem mais facilidade para negociar suas d\u00edvidas sem sair de casa, al\u00e9m de ter acesso a diversos canais de <span style=\"text-decoration: underline;\">negocia\u00e7\u00e3o<\/span>: e-mail, telefone e chat.<\/p>\n<h3>Serasa Manaus Certificado Digital<\/h3>\n<p>O que voc\u00ea ganha ao optar pela credibilidade da Serasa Experian:<\/p>\n<ul>\n<li>Emiss\u00e3o de <em>certificados<\/em> sem sair de casa ou do escrit\u00f3rio<\/li>\n<li>Compra em lotes com pre\u00e7os e condi\u00e7\u00f5es especiais<\/li>\n<li>Possibilidade de se tornar um parceiro da Serasa Experian<\/li>\n<\/ul>\n<h3>Serasa Manaus Consulta Gr\u00e1tis e Consulta CPF<\/h3>\n<p>Voc\u00ea pode\u00a0consultar\u00a0seu <span style=\"text-decoration: underline;\">CPF<\/span> de v\u00e1rias maneiras. Escolha a melhor op\u00e7\u00e3o para voc\u00ea.<\/p>\n<h3>Serasa\u00a0Manaus Score<\/h3>\n<p>O <span style=\"text-decoration: underline;\">Serasa\u00a0Score<\/span>\u00a0\u00e9 uma pontua\u00e7\u00e3o que vai de 0 a 1000, e indica qual a probabilidade de um grupo de pessoas que tem comportamento semelhante pagarem ou n\u00e3o suas contas em dia.<\/p>\n<p>Os bancos, lojas e empresas utilizam sistemas para saber quais s\u00e3o os melhores pagadores, e tamb\u00e9m aqueles que podem n\u00e3o pagar uma d\u00edvida.<\/p>\n<p>O <span style=\"text-decoration: underline;\">Serasa\u00a0Score<\/span>\u00a0\u00e9 um dos sistemas utilizados pelas empresas para saber quais as chances de voc\u00ea deixar de pagar alguma compra nos pr\u00f3ximos 12 meses.<br \/>\nVoc\u00ea pode acessar a sua pontua\u00e7\u00e3o e descobrir como melhorar o seu score, aumentando as chances de obter cr\u00e9dito.<\/p>\n<p>A an\u00e1lise de informa\u00e7\u00f5es existentes na base de dados da Serasa e relacionadas \u00e0s consultas realizadas pelos clientes da Serasa s\u00e3o combinadas e se transformam em uma pontua\u00e7\u00e3o.<\/p>\n<h3>Hor\u00e1rio de Funcionamento Serasa Manaus<\/h3>\n<ul>\n<li>Segunda a sexta das 9h \u00e0s 15h30<\/li>\n<\/ul>\n<h3>Onde Fica, Endere\u00e7o e Telefone Serasa Manaus<\/h3>\n<ul>\n<li>Rua 24 de Maio, 220 &#8211; Centro &#8211; Manaus &#8211; AM<\/li>\n<li>Telefone: (11) 3003-6300<\/li>\n<\/ul>\n<h4>Outras informa\u00e7\u00f5es e site<\/h4>\n<ul>\n<li>Mais informa\u00e7\u00f5es:\u00a0<a href=\"http:\/\/www.serasaexperian.com.br\/\" target=\"_blank\" rel=\"noopener noreferrer\">www.serasaexperian.com.br\/<\/a><\/li>\n<\/ul>\n<h4>Mapa de localiza\u00e7\u00e3o<\/h4>\n<a class=\"wp-colorbox-iframe\" href=\"https:\/\/www.google.com\/maps\/embed?pb=!1m14!1m8!1m3!1d15935.437499442129!2d-60.024706!3d-3.131842!3m2!1i1024!2i768!4f13.1!3m3!1m2!1s0x00x49d32676ebb54e3c!2sSerasa+Experian!5e0!3m2!1spt-BR!2sbr!4v1518693328959\"><img decoding=\"async\" src=\"http:\/\/www.encontrabelohorizonte.com.br\/imgs\/maps-post.png\"><\/a>\n\n<div style=\"font-size: 0px; height: 0px; line-height: 0px; margin: 0; padding: 0; clear: both;\"><\/div>","protected":false},"excerpt":{"rendered":"<p>Presente h\u00e1 quase 50 anos no mercado brasileiro, a Serasa Experian \u00e9 respons\u00e1vel pela maior base de dados da Am\u00e9rica Latina e oferece os relat\u00f3rios mais precisos e eficazes do mercado. O Serasa Manaus apoia empresas e consumidores em suas decis\u00f5es de cr\u00e9dito e oferece solu\u00e7\u00f5es para gest\u00e3o de riscos, marketing e certifica\u00e7\u00e3o digital. Desde 2007 \u00e9 parte do grupo Experian, a maior refer\u00eancia mundial em servi\u00e7os de informa\u00e7\u00e3o. Por meio das solu\u00e7\u00f5es tecnol\u00f3gicas e inovadoras, amplia oportunidades para pessoas e empresas e trabalha para criar um amanh\u00e3 melhor. O Serasa denvolve as melhores solu\u00e7\u00f5es para reduzir riscos de cr\u00e9dito, <\/p>\n","protected":false},"author":1,"featured_media":0,"parent":0,"menu_order":0,"comment_status":"closed","ping_status":"closed","template":"","meta":{"footnotes":""},"class_list":["post-1423","page","type-page","status-publish","hentry"],"aioseo_notices":[],"_links":{"self":[{"href":"https:\/\/www.encontramanausam.com.br\/sobre\/wp-json\/wp\/v2\/pages\/1423","targetHints":{"allow":["GET"]}}],"collection":[{"href":"https:\/\/www.encontramanausam.com.br\/sobre\/wp-json\/wp\/v2\/pages"}],"about":[{"href":"https:\/\/www.encontramanausam.com.br\/sobre\/wp-json\/wp\/v2\/types\/page"}],"author":[{"embeddable":true,"href":"https:\/\/www.encontramanausam.com.br\/sobre\/wp-json\/wp\/v2\/users\/1"}],"replies":[{"embeddable":true,"href":"https:\/\/www.encontramanausam.com.br\/sobre\/wp-json\/wp\/v2\/comments?post=1423"}],"version-history":[{"count":5,"href":"https:\/\/www.encontramanausam.com.br\/sobre\/wp-json\/wp\/v2\/pages\/1423\/revisions"}],"predecessor-version":[{"id":3881,"href":"https:\/\/www.encontramanausam.com.br\/sobre\/wp-json\/wp\/v2\/pages\/1423\/revisions\/3881"}],"wp:attachment":[{"href":"https:\/\/www.encontramanausam.com.br\/sobre\/wp-json\/wp\/v2\/media?parent=1423"}],"curies":[{"name":"wp","href":"https:\/\/api.w.org\/{rel}","templated":true}]}}