{"id":1408,"date":"2018-02-15T09:13:33","date_gmt":"2018-02-15T12:13:33","guid":{"rendered":"http:\/\/www.encontramanausam.com.br\/sobre\/?page_id=1408"},"modified":"2019-04-10T23:00:58","modified_gmt":"2019-04-11T02:00:58","slug":"tre-manaus","status":"publish","type":"page","link":"https:\/\/www.encontramanausam.com.br\/sobre\/tre-manaus\/","title":{"rendered":"Tre Manaus"},"content":{"rendered":"<div class=\"882fdd0d88065009358e99f1a9406c55\" data-index=\"1\" style=\"float: none; margin:0px;\">\n<script async src=\"https:\/\/pagead2.googlesyndication.com\/pagead\/js\/adsbygoogle.js?client=ca-pub-8585364105181520\"\r\n     crossorigin=\"anonymous\"><\/script>\r\n<!-- Anuncio display - global -->\r\n<ins class=\"adsbygoogle\"\r\n     style=\"display:block\"\r\n     data-ad-client=\"ca-pub-8585364105181520\"\r\n     data-ad-slot=\"8789329856\"\r\n     data-ad-format=\"auto\"\r\n     data-full-width-responsive=\"true\"><\/ins>\r\n<script>\r\n     (adsbygoogle = window.adsbygoogle || []).push({});\r\n<\/script>\n<\/div>\n<p><strong>Tre Manaus<\/strong> \u00e9 o \u00f3rg\u00e3o do Poder Judici\u00e1rio, no Brasil, encarregado do gerenciamento de elei\u00e7\u00f5es em \u00e2mbito estadual.<\/p>\n<p>Tem por \u00f3rg\u00e3o revisor de suas decis\u00f5es o Tribunal Superior Eleitoral.<\/p>\n<p>O TRE \u00e9 respons\u00e1vel pelo cadastro dos eleitores, pela constitui\u00e7\u00e3o de juntas e zonas eleitorais e pela apura\u00e7\u00e3o de resultados e diploma\u00e7\u00e3o dos eleitos em sufr\u00e1gios em n\u00edvel estadual.<\/p>\n<p><img loading=\"lazy\" decoding=\"async\" class=\"aligncenter wp-image-1409 size-full\" title=\"Tre Manaus\" src=\"http:\/\/www.encontramanausam.com.br\/sobre\/wp-content\/uploads\/2018\/02\/tre-manaus.jpg\" alt=\"Tre Manaus\" width=\"680\" height=\"189\" srcset=\"https:\/\/www.encontramanausam.com.br\/sobre\/wp-content\/uploads\/2018\/02\/tre-manaus.jpg 680w, https:\/\/www.encontramanausam.com.br\/sobre\/wp-content\/uploads\/2018\/02\/tre-manaus-300x83.jpg 300w\" sizes=\"auto, (max-width: 680px) 100vw, 680px\" \/><\/p>\n<h2>Tre Manaus T\u00edtulo de Eleitor<\/h2>\n<p>O <em>T\u00edtulo Eleitoral<\/em> \u00e9 essencial para garantir a cidadania do indiv\u00edduo, pois com o <em>t\u00edtulo de eleitor<\/em> voc\u00ea poder\u00e1 exercer o direito de escolha dos dirigentes pol\u00edticos do Pa\u00eds, bem como, ter acesso \u00e0s atividades profissionais, cargos p\u00fablicos e financiamento banc\u00e1rio. O <em>T\u00edtulo<\/em> \u00e9 requisito fundamental para se providenciar o CPF, bem como, o Passaporte.<\/p>\n<p>O <em>T\u00edtulo Eleitoral<\/em> \u00e9 facultativo para cidad\u00e3os que completarem 16 anos at\u00e9 a data da Elei\u00e7\u00e3o e 18 anos incompletos. Torna-se facultativo, para os cidad\u00e3os portadores de defici\u00eancias que o invalidem, analfabetos e aos que se encontram residindo fora do pa\u00eds.<\/p>\n<p>Na Capital: O <span style=\"text-decoration: underline;\">Eleitor<\/span> deve se dirigir \u00e0 sede do TRE-AM, na Av. Andr\u00e9 Ara\u00fajo s\/n, no CATE (Central de Atendimento de T\u00edtulo de Eleitor).<\/p>\n<p>No Interior: S\u00f3 ser\u00e1 poss\u00edvel atrav\u00e9s do comparecimento \u00e0s <span style=\"text-decoration: underline;\">Zonas Eleitorais<\/span> ou quando houver, nos postos de Atendimento ao Eleitor.<\/p>\n<h3>Tre Manaus Agendamento T\u00edtulo<\/h3>\n<p>O Sistema de <span style=\"text-decoration: underline;\">Agendamento<\/span> fica disponibilizado diariamente, de segunda a sexta-feira, a partir das 13:00 horas, at\u00e9 o preenchimento dos hor\u00e1rios dispon\u00edveis;<\/p>\n<p>O alistamento eleitoral ser\u00e1 permitido ao jovem menor de 16 anos, desde que complete 16 anos at\u00e9 a data da elei\u00e7\u00e3o.<\/p>\n<h3>Tre Manaus Concurso<\/h3>\n<p>Para informa\u00e7\u00f5es sobre concursos em aberto, vagas dispon\u00edveis, remunera\u00e7\u00f5es e datas de prova acesse o site.<\/p>\n<h3>Tre Manaus Transfer\u00eancia de T\u00edtulo<\/h3>\n<p>O Eleitor deve pedir <span style=\"text-decoration: underline;\">transfer\u00eancia de seu t\u00edtulo<\/span> quando houver <em>mudan\u00e7a de domic\u00edlio eleitoral,<\/em> ou seja, mesmo havendo mudan\u00e7a apenas de Bairro, deve-se providenciar a <span style=\"text-decoration: underline;\">transfer\u00eancia e atualiza\u00e7\u00e3o do t\u00edtulo eleitoral<\/span>.<br \/>\nCondi\u00e7\u00f5es:<\/p>\n<ul>\n<li>Apresenta\u00e7\u00e3o de documentos necess\u00e1rios;<\/li>\n<li>Estar quite com a Justi\u00e7a Eleitoral;<\/li>\n<li>Estar de posse a mais de 1 ano do t\u00edtulo a ser substitu\u00eddo;<\/li>\n<li>Resid\u00eancia de pelo menos 3 meses no novo domic\u00edlio, sob declara\u00e7\u00e3o do eleitor, estando sujeito as penas previstas em Lei;<\/li>\n<\/ul>\n<p>Obs: Os prazos acima descritos, n\u00e3o se aplicam aos servidores p\u00fablicos civis, militares e aut\u00e1rquicos ou membros de sua fam\u00edlia, quando houver <span style=\"text-decoration: underline;\">transfer\u00eancia ou remo\u00e7\u00e3o para outro domic\u00edlio.<\/span><\/p>\n<h3>Hor\u00e1rio de Funcionamento Tre Manaus<\/h3>\n<ul>\n<li>Segunda a sexta das 8h \u00e0s 14h<\/li>\n<\/ul>\n<h3>Onde Fica, Endere\u00e7o e Telefone Tre Manaus<\/h3>\n<ul>\n<li>Av. Andr\u00e9 Ara\u00fajo, 200 &#8211; Aleixo &#8211; Manaus &#8211; AM<\/li>\n<li>Telefone: (92) 3632-4400<\/li>\n<\/ul>\n<h4>Outras informa\u00e7\u00f5es e site<\/h4>\n<ul>\n<li>Mais informa\u00e7\u00f5es:\u00a0<a href=\"http:\/\/www.tre-am.jus.br\" target=\"_blank\" rel=\"noopener noreferrer\">www.tre-am.jus.br<\/a><\/li>\n<\/ul>\n<h4>Mapa de localiza\u00e7\u00e3o<\/h4>\n<a class=\"wp-colorbox-iframe\" href=\"https:\/\/www.google.com\/maps\/embed?pb=!1m14!1m8!1m3!1d15935.798078316286!2d-60.0084436!3d-3.1080572!3m2!1i1024!2i768!4f13.1!3m3!1m2!1s0x00xcc584b845c822728!2sTribunal+Regional+Eleitoral+do+Amazonas!5e0!3m2!1spt-BR!2sbr!4v1518654503082\"><img decoding=\"async\" src=\"http:\/\/www.encontrabelohorizonte.com.br\/imgs\/maps-post.png\"><\/a>\n\n<div style=\"font-size: 0px; height: 0px; line-height: 0px; margin: 0; padding: 0; clear: both;\"><\/div>","protected":false},"excerpt":{"rendered":"<p>Tre Manaus \u00e9 o \u00f3rg\u00e3o do Poder Judici\u00e1rio, no Brasil, encarregado do gerenciamento de elei\u00e7\u00f5es em \u00e2mbito estadual. Tem por \u00f3rg\u00e3o revisor de suas decis\u00f5es o Tribunal Superior Eleitoral. O TRE \u00e9 respons\u00e1vel pelo cadastro dos eleitores, pela constitui\u00e7\u00e3o de juntas e zonas eleitorais e pela apura\u00e7\u00e3o de resultados e diploma\u00e7\u00e3o dos eleitos em sufr\u00e1gios em n\u00edvel estadual. Tre Manaus T\u00edtulo de Eleitor O T\u00edtulo Eleitoral \u00e9 essencial para garantir a cidadania do indiv\u00edduo, pois com o t\u00edtulo de eleitor voc\u00ea poder\u00e1 exercer o direito de escolha dos dirigentes pol\u00edticos do Pa\u00eds, bem como, ter acesso \u00e0s atividades profissionais, cargos <\/p>\n","protected":false},"author":1,"featured_media":0,"parent":0,"menu_order":0,"comment_status":"closed","ping_status":"closed","template":"","meta":{"footnotes":""},"class_list":["post-1408","page","type-page","status-publish","hentry"],"aioseo_notices":[],"_links":{"self":[{"href":"https:\/\/www.encontramanausam.com.br\/sobre\/wp-json\/wp\/v2\/pages\/1408","targetHints":{"allow":["GET"]}}],"collection":[{"href":"https:\/\/www.encontramanausam.com.br\/sobre\/wp-json\/wp\/v2\/pages"}],"about":[{"href":"https:\/\/www.encontramanausam.com.br\/sobre\/wp-json\/wp\/v2\/types\/page"}],"author":[{"embeddable":true,"href":"https:\/\/www.encontramanausam.com.br\/sobre\/wp-json\/wp\/v2\/users\/1"}],"replies":[{"embeddable":true,"href":"https:\/\/www.encontramanausam.com.br\/sobre\/wp-json\/wp\/v2\/comments?post=1408"}],"version-history":[{"count":5,"href":"https:\/\/www.encontramanausam.com.br\/sobre\/wp-json\/wp\/v2\/pages\/1408\/revisions"}],"predecessor-version":[{"id":3887,"href":"https:\/\/www.encontramanausam.com.br\/sobre\/wp-json\/wp\/v2\/pages\/1408\/revisions\/3887"}],"wp:attachment":[{"href":"https:\/\/www.encontramanausam.com.br\/sobre\/wp-json\/wp\/v2\/media?parent=1408"}],"curies":[{"name":"wp","href":"https:\/\/api.w.org\/{rel}","templated":true}]}}