{"id":1401,"date":"2018-02-15T08:52:34","date_gmt":"2018-02-15T11:52:34","guid":{"rendered":"http:\/\/www.encontramanausam.com.br\/sobre\/?page_id=1401"},"modified":"2019-04-10T23:01:47","modified_gmt":"2019-04-11T02:01:47","slug":"smtu-manaus","status":"publish","type":"page","link":"https:\/\/www.encontramanausam.com.br\/sobre\/smtu-manaus\/","title":{"rendered":"Smtu Manaus"},"content":{"rendered":"<div class=\"882fdd0d88065009358e99f1a9406c55\" data-index=\"1\" style=\"float: none; margin:0px;\">\n<script async src=\"https:\/\/pagead2.googlesyndication.com\/pagead\/js\/adsbygoogle.js?client=ca-pub-8585364105181520\"\r\n     crossorigin=\"anonymous\"><\/script>\r\n<!-- Anuncio display - global -->\r\n<ins class=\"adsbygoogle\"\r\n     style=\"display:block\"\r\n     data-ad-client=\"ca-pub-8585364105181520\"\r\n     data-ad-slot=\"8789329856\"\r\n     data-ad-format=\"auto\"\r\n     data-full-width-responsive=\"true\"><\/ins>\r\n<script>\r\n     (adsbygoogle = window.adsbygoogle || []).push({});\r\n<\/script>\n<\/div>\n<p>A Superintend\u00eancia Municipal de Transportes Urbanos (SMTU) foi criada em 2010 com a miss\u00e3o de programar a\u00e7\u00f5es estrat\u00e9gicas de planejamento, opera\u00e7\u00e3o e fiscaliza\u00e7\u00e3o que envolvem os servi\u00e7os essenciais de transporte p\u00fablico. Aliada \u00e0s essas iniciativas, a <strong>Smtu Manaus<\/strong> prioriza a seguran\u00e7a dos usu\u00e1rios e a presta\u00e7\u00e3o de servi\u00e7os com qualidade e efici\u00eancia.<\/p>\n<p>Para vencer desafios inerentes ao segmento, a Prefeitura de Manaus , por meio da SMTU, tem adotado medidas de reorganiza\u00e7\u00e3o, moderniza\u00e7\u00e3o.<\/p>\n<p><img loading=\"lazy\" decoding=\"async\" class=\"aligncenter wp-image-1402 size-full\" title=\"Smtu Manaus\" src=\"http:\/\/www.encontramanausam.com.br\/sobre\/wp-content\/uploads\/2018\/02\/smtu-manaus.jpg\" alt=\"Smtu Manaus\" width=\"680\" height=\"189\" srcset=\"https:\/\/www.encontramanausam.com.br\/sobre\/wp-content\/uploads\/2018\/02\/smtu-manaus.jpg 680w, https:\/\/www.encontramanausam.com.br\/sobre\/wp-content\/uploads\/2018\/02\/smtu-manaus-300x83.jpg 300w\" sizes=\"auto, (max-width: 680px) 100vw, 680px\" \/><\/p>\n<h2>Smtu Manaus Multas<\/h2>\n<p>Para se regularizar junto \u00e0 SMTU, \u00e9 necess\u00e1rio realizar o licenciamento anual, com aprova\u00e7\u00e3o do ve\u00edculo pela vistoria da SMTU, devendo o condutor possuir CNH v\u00e1lida. Se o condutor possuir <em>multas<\/em>, a permiss\u00e3o ser\u00e1 cassada.<\/p>\n<h3>Smtu Manaus Passe Livre<\/h3>\n<p>A Superintend\u00eancia Municipal de Transportes Urbanos (SMTU) , por meio do Setor de Atendimento Social (SAS), coordena a expedi\u00e7\u00e3o do <span style=\"text-decoration: underline;\">Cart\u00e3o Gratuidade<\/span> para Pessoas com Defici\u00eancia, em cumprimento ao art. 261 da Lomam, que contempla com o beneficio pessoas com defici\u00eancia F\u00edsica Auditiva, Visual e Mental, portadores de Neoplasia Maligna, Insufici\u00eancia Renal Cr\u00f4nica, Hipertens\u00e3o Cr\u00f4nica, AIDS e Cardiopatia Cr\u00f4nica, sendo que esta \u00faltima patologia \u00e9 regulamentada pela Lei n\u00ba 124 de 30.11.2004.<\/p>\n<p>1.2 \u2013 Programa Transporta:<br \/>\n\u00c9 um servi\u00e7o de transporte gratuito na modalidade Porta a Porta, criado a partir do Decreto Municipal n\u00famero 8.488, de 30 de maio de 2006, destinado \u00e0s Pessoas com alto grau de mobilidade reduzida, impossibilitadas de utilizar os meios convencionais de transporte coletivo.<\/p>\n<p>Acesse o site\u00a0para baixar o formul\u00e1rio.<\/p>\n<p><strong>COMO SE CADASTRAR:<\/strong><br \/>\nPara ter acesso \u00e0 g<span style=\"text-decoration: underline;\">ratuidade<\/span>, o interessado ou representante deve dirigir-se ao setor de Atendimento Social do SMTU(Sede da Torquato Tapajos) e solicitar o formul\u00e1rio padr\u00e3o de Concess\u00e3o do Cart\u00e3o PassaF\u00e1cil Gratuidade que deve ser preenchido por m\u00e9dico especialista do Sistema \u00danico de Sa\u00fade (SUS) ou do servi\u00e7o m\u00e9dico municipal.<\/p>\n<p>Outras informa\u00e7\u00f5es (92) 3632 2385<\/p>\n<h3>Smtu Manaus T\u00e1xi<\/h3>\n<p>O servi\u00e7o de transporte individual de passageiros por <em>t\u00e1xi<\/em> \u00e9 regulamentado pela LEI MUNICIPAL 1.763 DE 02 DE SETEMBRO DE 2013 e pelo DECRETO N\u00ba 2.674, DE 18 DE DEZEMBRO DE 2013.<\/p>\n<p>Acesse o site\u00a0para ter acesso aos novos valores para o <span style=\"text-decoration: underline;\">servi\u00e7o de t\u00e1xi.<\/span><\/p>\n<h3>Hor\u00e1rio de Funcionamento Smtu Manaus<\/h3>\n<ul>\n<li>Segunda a sexta das 8h \u00e0s 14h<\/li>\n<\/ul>\n<h3>Onde Fica, Endere\u00e7o e Telefone Smtu Manaus<\/h3>\n<ul>\n<li>R. Bar\u00e3o de Indai\u00e1, 336 &#8211; Flores &#8211; Manaus &#8211; AM<\/li>\n<li>Telefone: (92) 3632-2755<\/li>\n<\/ul>\n<h4>Outras informa\u00e7\u00f5es e site<\/h4>\n<ul>\n<li>Mais informa\u00e7\u00f5es:\u00a0<a href=\"http:\/\/smtu.manaus.am.gov.br\" target=\"_blank\" rel=\"noopener noreferrer\">www.smtu.manaus.am.gov.br<\/a><\/li>\n<\/ul>\n<h4>Mapa de localiza\u00e7\u00e3o<\/h4>\n<a class=\"wp-colorbox-iframe\" href=\"https:\/\/www.google.com\/maps\/embed?pb=!1m14!1m8!1m3!1d15936.444022559006!2d-60.0155924!3d-3.0649879!3m2!1i1024!2i768!4f13.1!3m3!1m2!1s0x00x1d16c0719ec0a0df!2sSMTU!5e0!3m2!1spt-BR!2sbr!4v1518653688352\"><img decoding=\"async\" src=\"http:\/\/www.encontrabelohorizonte.com.br\/imgs\/maps-post.png\"><\/a>\n\n<div style=\"font-size: 0px; height: 0px; line-height: 0px; margin: 0; padding: 0; clear: both;\"><\/div>","protected":false},"excerpt":{"rendered":"<p>A Superintend\u00eancia Municipal de Transportes Urbanos (SMTU) foi criada em 2010 com a miss\u00e3o de programar a\u00e7\u00f5es estrat\u00e9gicas de planejamento, opera\u00e7\u00e3o e fiscaliza\u00e7\u00e3o que envolvem os servi\u00e7os essenciais de transporte p\u00fablico. Aliada \u00e0s essas iniciativas, a Smtu Manaus prioriza a seguran\u00e7a dos usu\u00e1rios e a presta\u00e7\u00e3o de servi\u00e7os com qualidade e efici\u00eancia. Para vencer desafios inerentes ao segmento, a Prefeitura de Manaus , por meio da SMTU, tem adotado medidas de reorganiza\u00e7\u00e3o, moderniza\u00e7\u00e3o. Smtu Manaus Multas Para se regularizar junto \u00e0 SMTU, \u00e9 necess\u00e1rio realizar o licenciamento anual, com aprova\u00e7\u00e3o do ve\u00edculo pela vistoria da SMTU, devendo o condutor possuir <\/p>\n","protected":false},"author":1,"featured_media":0,"parent":0,"menu_order":0,"comment_status":"closed","ping_status":"closed","template":"","meta":{"footnotes":""},"class_list":["post-1401","page","type-page","status-publish","hentry"],"aioseo_notices":[],"_links":{"self":[{"href":"https:\/\/www.encontramanausam.com.br\/sobre\/wp-json\/wp\/v2\/pages\/1401","targetHints":{"allow":["GET"]}}],"collection":[{"href":"https:\/\/www.encontramanausam.com.br\/sobre\/wp-json\/wp\/v2\/pages"}],"about":[{"href":"https:\/\/www.encontramanausam.com.br\/sobre\/wp-json\/wp\/v2\/types\/page"}],"author":[{"embeddable":true,"href":"https:\/\/www.encontramanausam.com.br\/sobre\/wp-json\/wp\/v2\/users\/1"}],"replies":[{"embeddable":true,"href":"https:\/\/www.encontramanausam.com.br\/sobre\/wp-json\/wp\/v2\/comments?post=1401"}],"version-history":[{"count":8,"href":"https:\/\/www.encontramanausam.com.br\/sobre\/wp-json\/wp\/v2\/pages\/1401\/revisions"}],"predecessor-version":[{"id":3888,"href":"https:\/\/www.encontramanausam.com.br\/sobre\/wp-json\/wp\/v2\/pages\/1401\/revisions\/3888"}],"wp:attachment":[{"href":"https:\/\/www.encontramanausam.com.br\/sobre\/wp-json\/wp\/v2\/media?parent=1401"}],"curies":[{"name":"wp","href":"https:\/\/api.w.org\/{rel}","templated":true}]}}