{"id":1391,"date":"2018-02-15T08:23:39","date_gmt":"2018-02-15T11:23:39","guid":{"rendered":"http:\/\/www.encontramanausam.com.br\/sobre\/?page_id=1391"},"modified":"2019-04-10T23:07:30","modified_gmt":"2019-04-11T02:07:30","slug":"seduc-manaus","status":"publish","type":"page","link":"https:\/\/www.encontramanausam.com.br\/sobre\/seduc-manaus\/","title":{"rendered":"Seduc Manaus"},"content":{"rendered":"<div class=\"882fdd0d88065009358e99f1a9406c55\" data-index=\"1\" style=\"float: none; margin:0px;\">\n<script async src=\"https:\/\/pagead2.googlesyndication.com\/pagead\/js\/adsbygoogle.js?client=ca-pub-8585364105181520\"\r\n     crossorigin=\"anonymous\"><\/script>\r\n<!-- Anuncio display - global -->\r\n<ins class=\"adsbygoogle\"\r\n     style=\"display:block\"\r\n     data-ad-client=\"ca-pub-8585364105181520\"\r\n     data-ad-slot=\"8789329856\"\r\n     data-ad-format=\"auto\"\r\n     data-full-width-responsive=\"true\"><\/ins>\r\n<script>\r\n     (adsbygoogle = window.adsbygoogle || []).push({});\r\n<\/script>\n<\/div>\n<p>A cria\u00e7\u00e3o da Secretaria de Estado de Educa\u00e7\u00e3o e Qualidade do Ensino <strong>(Seduc Manaus<\/strong>) ocorreu no ano de 1946, atrav\u00e9s da Lei 1.596, de 05\/01\/1946, com denomina\u00e7\u00e3o de Diretoria Geral do Departamento de Educa\u00e7\u00e3o e Cultura.<\/p>\n<p>Com a Lei 12, de 09\/05\/1953, sofreu a primeira altera\u00e7\u00e3o em sua nomenclatura, recebendo o nome de Secretaria de Educa\u00e7\u00e3o, Cultura e Sa\u00fade.<\/p>\n<p><img loading=\"lazy\" decoding=\"async\" class=\"aligncenter wp-image-1392 size-full\" title=\"Seduc Manaus\" src=\"http:\/\/www.encontramanausam.com.br\/sobre\/wp-content\/uploads\/2018\/02\/seduc-manaus.jpg\" alt=\"Seduc Manaus\" width=\"680\" height=\"189\" srcset=\"https:\/\/www.encontramanausam.com.br\/sobre\/wp-content\/uploads\/2018\/02\/seduc-manaus.jpg 680w, https:\/\/www.encontramanausam.com.br\/sobre\/wp-content\/uploads\/2018\/02\/seduc-manaus-300x83.jpg 300w\" sizes=\"auto, (max-width: 680px) 100vw, 680px\" \/><\/p>\n<p>Ainda no mesmo ano, com a Lei 65, de 21\/07\/1953, recebeu a denomina\u00e7\u00e3o de Secretaria de Educa\u00e7\u00e3o, Sa\u00fade e Assist\u00eancia Social.<\/p>\n<p>Ap\u00f3s dois anos, sob a Lei 108, de 23\/12\/1955, recebe o nome de Secretaria de Educa\u00e7\u00e3o e Cultura. Nova altera\u00e7\u00e3o s\u00f3 ocorreu 46 anos mais tarde, com a Lei 2.032, de 02\/05\/1991, quando recebe o nome de Secretaria de Estado da Educa\u00e7\u00e3o, Cultura e Desporto.<\/p>\n<p>A denomina\u00e7\u00e3o atual, de Secretaria de Estado de Educa\u00e7\u00e3o e Qualidade do Ensino (SEDUC), veio com a Lei 2.600, de 04\/02\/2000.<\/p>\n<p><strong>Compet\u00eancias<\/strong><\/p>\n<p>A Secretaria de Estado de Educa\u00e7\u00e3o e Qualidade do Ensino (SEDUC), \u00f3rg\u00e3o integrante da Administra\u00e7\u00e3o Direta do Poder Executivo, tem como finalidades:<\/p>\n<p style=\"padding-left: 30px;\">I \u2013 a formula\u00e7\u00e3o, a supervis\u00e3o, a coordena\u00e7\u00e3o, a execu\u00e7\u00e3o e a avalia\u00e7\u00e3o da Pol\u00edtica Estadual de Educa\u00e7\u00e3o;<\/p>\n<p style=\"padding-left: 30px;\">II \u2013 a execu\u00e7\u00e3o da Educa\u00e7\u00e3o B\u00e1sica: ensino fundamental e m\u00e9dio e modalidades de ensino;<\/p>\n<p style=\"padding-left: 30px;\">III \u2013 a assist\u00eancia, orienta\u00e7\u00e3o e acompanhamento das atividades dos estabelecimentos de ensino;<\/p>\n<p>Art. 2.\u00ba Para o cumprimento do disposto no artigo anterior, compete \u00e0 Secretaria de Estado da Educa\u00e7\u00e3o do Amazonas a formula\u00e7\u00e3o, a coordena\u00e7\u00e3o, o controle, a avalia\u00e7\u00e3o e a execu\u00e7\u00e3o das pol\u00edticas educacionais do Estado do Amazonas, zelando pelo cumprimento da legisla\u00e7\u00e3o espec\u00edfica, mediante a execu\u00e7\u00e3o de programas, a\u00e7\u00f5es e atividades relacionadas:<\/p>\n<p style=\"padding-left: 30px;\">I \u2013 \u00e0 coordena\u00e7\u00e3o do processo de defini\u00e7\u00e3o, implementa\u00e7\u00e3o e manuten\u00e7\u00e3o de pol\u00edticas p\u00fablicas para a educa\u00e7\u00e3o no Estado;<\/p>\n<p style=\"padding-left: 30px;\">II \u2013 \u00e0 provis\u00e3o de recursos necess\u00e1rios, m\u00e9todos e profissionais qualificados para o aprimoramento dos servi\u00e7os educacionais oferecidos \u00e0 sociedade;<\/p>\n<p style=\"padding-left: 30px;\">III \u2013 \u00e0 elabora\u00e7\u00e3o de planos, programas e projetos educacionais em conformidade com as diretrizes e metas governamentais;<\/p>\n<p style=\"padding-left: 30px;\">IV \u2013 ao assessoramento \u00e0s escolas estaduais na elabora\u00e7\u00e3o, execu\u00e7\u00e3o e avalia\u00e7\u00e3o de programas educacionais e implementa\u00e7\u00e3o de inova\u00e7\u00f5es pedag\u00f3gicas no ensino fundamental e m\u00e9dio e modalidades;<\/p>\n<p style=\"padding-left: 30px;\">V \u2013 \u00e0 manuten\u00e7\u00e3o de sistema permanente de informa\u00e7\u00f5es quantitativas e qualitativas, da popula\u00e7\u00e3o estudantil, da qualifica\u00e7\u00e3o dos profissionais da educa\u00e7\u00e3o e da infra-estrutura da rede escolar;<\/p>\n<p style=\"padding-left: 30px;\">VI \u2013 \u00e0 elabora\u00e7\u00e3o de estudos e pesquisa, defini\u00e7\u00e3o e avalia\u00e7\u00e3o de indicadores da qualidade e efetividade do sistema educacional;<\/p>\n<p style=\"padding-left: 30px;\">VII \u2013 ao oferecimento das condi\u00e7\u00f5es de operacionaliza\u00e7\u00e3o e manuten\u00e7\u00e3o do processo de municipaliza\u00e7\u00e3o da educa\u00e7\u00e3o, em parceria com os Munic\u00edpios;<\/p>\n<p style=\"padding-left: 30px;\">VIII \u2013 \u00e0 manuten\u00e7\u00e3o de interc\u00e2mbio sistem\u00e1tico com \u00f3rg\u00e3os p\u00fablicos, entidades privadas e organiza\u00e7\u00f5es comunit\u00e1rias, visando maior representa\u00e7\u00e3o da sociedade no processo educativo;<\/p>\n<p style=\"padding-left: 30px;\">IX \u2013 \u00e0 elabora\u00e7\u00e3o, controle e fiscaliza\u00e7\u00e3o de projetos necess\u00e1rios ao cumprimento das compet\u00eancias desta Secretaria;<\/p>\n<p style=\"padding-left: 30px;\">X \u2013 \u00e0 promo\u00e7\u00e3o de a\u00e7\u00f5es e programas de pol\u00edtica educacional, em articula\u00e7\u00e3o com as demais esferas de Governo, com o setor privado, as organiza\u00e7\u00f5es n\u00e3o-governamentais e a sociedade civil;<\/p>\n<p style=\"padding-left: 30px;\">XI \u2013 ao desenvolvimento de outras atividades atinentes \u00e0 sua natureza, oferecendo apoio, subs\u00eddios e meios para a execu\u00e7\u00e3o das pol\u00edticas educacionais e de desenvolvimento do ensino;<\/p>\n<p style=\"padding-left: 30px;\">XII \u2013 \u00e0 execu\u00e7\u00e3o de outras a\u00e7\u00f5es e atividades concernentes \u00e0 sua natureza ou determinadas pelo Chefe do Poder Executivo.<\/p>\n<p>&nbsp;<\/p>\n<h2>Concurso Seduc Manaus<\/h2>\n<p>O <em>concurso<\/em> da Secretaria de Estado da Educa\u00e7\u00e3o do Amazonas (<em>Concurso<\/em> SEDUC AM) ser\u00e1 divulgado em breve.<\/p>\n<p>Acesse o site do Seduc para mais informa\u00e7\u00f5es de vagas, sal\u00e1rio, prazo de inscri\u00e7\u00e3o etc.<\/p>\n<h3>Seduc Manaus Am Portal do Servidor e Contracheque<\/h3>\n<p>Caro Servidor, o acesso ao <span style=\"text-decoration: underline;\">contracheque<\/span> eletr\u00f4nico \u00e9 atrav\u00e9s do <span style=\"text-decoration: underline;\">Portal do Servidor<\/span>.<\/p>\n<p>Este Portal \u00e9 para voc\u00ea executar consultas e servi\u00e7os do seu interesse.<\/p>\n<p>O acesso \u00e9 feito atrav\u00e9s de seu CPF e da sua Senha<\/p>\n<h3>Seduc Manaus Supletivo<\/h3>\n<p>A Secretaria de Educa\u00e7\u00e3o do Estado do Amazonas torna p\u00fablica as inscri\u00e7\u00f5es para o Exame <em>Supletivo<\/em>, na modalidade de <span style=\"text-decoration: underline;\">Educa\u00e7\u00e3o de Jovens e Adultos em n\u00edvel de Ensino Fundamental e M\u00e9dio<\/span>.<br \/>\nAs inscri\u00e7\u00f5es e o agendamento das provas poder\u00e3o ser realizadas pelo pr\u00f3prio candidato via web.<\/p>\n<h3>Hor\u00e1rio de Funcionamento Seduc Manaus<\/h3>\n<ul>\n<li>Segunda a sexta das 8h \u00e0s 17h<\/li>\n<\/ul>\n<h3>Onde Fica, Endere\u00e7o e Telefone Seduc Manaus<\/h3>\n<ul>\n<li>R. Waldomiro Lustoza, 250 &#8211; Japiim II &#8211; Manaus &#8211; AM<\/li>\n<li>Telefone: (92) 3614-2323<\/li>\n<\/ul>\n<h4>Outras informa\u00e7\u00f5es e site<\/h4>\n<ul>\n<li>Mais informa\u00e7\u00f5es:\u00a0<a href=\"http:\/\/www.seduc.am.gov.br\/\" target=\"_blank\" rel=\"noopener noreferrer\">www.seduc.am.gov.br\/<\/a><\/li>\n<\/ul>\n<h4>Mapa de localiza\u00e7\u00e3o<\/h4>\n<a class=\"wp-colorbox-iframe\" href=\"https:\/\/www.google.com\/maps\/embed?pb=!1m14!1m8!1m3!1d15935.677588886507!2d-59.9746921!3d-3.1160252!3m2!1i1024!2i768!4f13.1!3m3!1m2!1s0x00xaab544f10256be72!2sSeduc!5e0!3m2!1spt-BR!2sbr!4v1518655394360\"><img decoding=\"async\" src=\"http:\/\/www.encontrabelohorizonte.com.br\/imgs\/maps-post.png\"><\/a>\n\n<div style=\"font-size: 0px; height: 0px; line-height: 0px; margin: 0; padding: 0; clear: both;\"><\/div>","protected":false},"excerpt":{"rendered":"<p>A cria\u00e7\u00e3o da Secretaria de Estado de Educa\u00e7\u00e3o e Qualidade do Ensino (Seduc Manaus) ocorreu no ano de 1946, atrav\u00e9s da Lei 1.596, de 05\/01\/1946, com denomina\u00e7\u00e3o de Diretoria Geral do Departamento de Educa\u00e7\u00e3o e Cultura. Com a Lei 12, de 09\/05\/1953, sofreu a primeira altera\u00e7\u00e3o em sua nomenclatura, recebendo o nome de Secretaria de Educa\u00e7\u00e3o, Cultura e Sa\u00fade. Ainda no mesmo ano, com a Lei 65, de 21\/07\/1953, recebeu a denomina\u00e7\u00e3o de Secretaria de Educa\u00e7\u00e3o, Sa\u00fade e Assist\u00eancia Social. Ap\u00f3s dois anos, sob a Lei 108, de 23\/12\/1955, recebe o nome de Secretaria de Educa\u00e7\u00e3o e Cultura. Nova altera\u00e7\u00e3o <\/p>\n","protected":false},"author":1,"featured_media":0,"parent":0,"menu_order":0,"comment_status":"closed","ping_status":"closed","template":"","meta":{"footnotes":""},"class_list":["post-1391","page","type-page","status-publish","hentry"],"aioseo_notices":[],"_links":{"self":[{"href":"https:\/\/www.encontramanausam.com.br\/sobre\/wp-json\/wp\/v2\/pages\/1391","targetHints":{"allow":["GET"]}}],"collection":[{"href":"https:\/\/www.encontramanausam.com.br\/sobre\/wp-json\/wp\/v2\/pages"}],"about":[{"href":"https:\/\/www.encontramanausam.com.br\/sobre\/wp-json\/wp\/v2\/types\/page"}],"author":[{"embeddable":true,"href":"https:\/\/www.encontramanausam.com.br\/sobre\/wp-json\/wp\/v2\/users\/1"}],"replies":[{"embeddable":true,"href":"https:\/\/www.encontramanausam.com.br\/sobre\/wp-json\/wp\/v2\/comments?post=1391"}],"version-history":[{"count":5,"href":"https:\/\/www.encontramanausam.com.br\/sobre\/wp-json\/wp\/v2\/pages\/1391\/revisions"}],"predecessor-version":[{"id":3891,"href":"https:\/\/www.encontramanausam.com.br\/sobre\/wp-json\/wp\/v2\/pages\/1391\/revisions\/3891"}],"wp:attachment":[{"href":"https:\/\/www.encontramanausam.com.br\/sobre\/wp-json\/wp\/v2\/media?parent=1391"}],"curies":[{"name":"wp","href":"https:\/\/api.w.org\/{rel}","templated":true}]}}